{"id":408,"date":"2022-05-06T14:49:07","date_gmt":"2022-05-06T14:49:07","guid":{"rendered":"http:\/\/cocosolis.com\/en\/?post_type=product&#038;p=408"},"modified":"2025-10-28T15:38:50","modified_gmt":"2025-10-28T14:38:50","slug":"hair-oil-mask-3in1","status":"publish","type":"product","link":"https:\/\/cocosolis.com\/dk\/product\/hair-oil-mask-3in1\/","title":{"rendered":"HAIR Oil Mask 3in1"},"content":{"rendered":"","protected":false},"excerpt":{"rendered":"","protected":false},"featured_media":1000004562,"template":"","meta":{"_acf_changed":false},"product_brand":[],"product_cat":[17],"product_tag":[],"product_template":[64],"class_list":{"0":"post-408","1":"product","2":"type-product","3":"status-publish","4":"has-post-thumbnail","6":"product_cat-hair","7":"product_template-v-2024-clean","9":"first","10":"instock","11":"shipping-taxable","12":"purchasable","13":"product-type-simple"},"acf":{"_v2024__listing_and_sharing_info__listing_category":"HAIR","_v2024__listing_and_sharing_info__product_type":"Oil Mask 3in1","_v2024__listing__and_sharing_info__listing_below_title_in_product_page":"Naturlig 3-i-1 oliemaske til intensivn\u00e6ring og reparation af h\u00e5ret","_v2024__listing_and_sharing_info__listing_description":"Naturlig 3-i-1 oliemaske til intensivn\u00e6ring og reparation af h\u00e5ret","_v2024__listing_and_sharing_info__image":1000000381,"_v2024__product_hero__hero_type":"carousel","_v2024__product_hero__product_slider_gallery":[{"_v2024__product_hero__product_slider_gallery__image":1000006601,"_v2024__product_hero__product_slider_gallery__video_link":""},{"_v2024__product_hero__product_slider_gallery__image":1000006602,"_v2024__product_hero__product_slider_gallery__video_link":""},{"_v2024__product_hero__product_slider_gallery__image":1000006603,"_v2024__product_hero__product_slider_gallery__video_link":""},{"_v2024__product_hero__product_slider_gallery__image":1000006604,"_v2024__product_hero__product_slider_gallery__video_link":""},{"_v2024__product_hero__product_slider_gallery__image":1000006605,"_v2024__product_hero__product_slider_gallery__video_link":""},{"_v2024__product_hero__product_slider_gallery__image":1000006606,"_v2024__product_hero__product_slider_gallery__video_link":""},{"_v2024__product_hero__product_slider_gallery__image":1000006608,"_v2024__product_hero__product_slider_gallery__video_link":"https:\/\/player.vimeo.com\/progressive_redirect\/playback\/1042810751\/rendition\/720p\/file.mp4?loc=external&amp;log_user=0&amp;signature=c952644605edc880c691b256168e8260deb7afde118780cb27c7091da0652ffc&amp;user_id=110095091"}],"_v2024__before_and_after_image":1000006531,"_v2024__before_and_after_image_mobile":1000006532,"_v2024__product_hero__quantity":"110 ML","_v2024__product_hero__product_disclamer":"","_v2024__why_use__should_show":"visible","_v2024__why_use__description_text":"Heler og genopbygger skadet h\u00e5r. Forhindrer krus, spaltede spidser og sammenfiltring. Giver glans og en silkebl\u00f8d f\u00f8lelse.","_v2024__why_use__text_content":"<ul>\r\n \t<li>rug ugentligt til dyb oliebehandling af hovedbunden og h\u00e5ret f\u00f8r vask for at hele og reparere intensivt<\/li>\r\n \t<li>Brug en dr\u00e5be efter brusebad til meget t\u00f8rre spidser<\/li>\r\n \t<li>P\u00e5 stranden forhindrer du h\u00e5ret i at t\u00f8rre ud og blive dehydreret, mens du plejer det<\/li>\r\n \t<li>Indeholder en s\u00e6rlig blanding af syv naturlige \u00f8kologiske olier beriget med naturligt E-vitamin<\/li>\r\n \t<li>En naturlig leverand\u00f8r af vitaminer, mineraler, bioaktive stoffer og antioxidanter<\/li>\r\n \t<li>Med en aroma af kokosm\u00e6lk<\/li>\r\n<\/ul>","_v2024__why_use__product_notes_and_remarks":"","_v2024__why_use__background_color":"#FBF1EB","_v2024__why_use__heading_color":"#816c65","_v2024__why_use__text_color":"#816c65","_v2024__why_use__image_desktop":1000006690,"_v2024__why_use__image_mobile":1000006691,"_v2024__stats_show":false,"_v2024__stats_repeater":null,"_v2024__stats_repeater_disclaimer":null,"_v2024__benefits__icons_repeater":[{"_v2024__benefit__icons_repeater_icon":1000006749,"_v2024__benefit__icons_repeater_text":"G\u00d8R H\u00c5RET SKINNENDE OG SILKEBL\u00d8DT"},{"_v2024__benefit__icons_repeater_icon":1000006740,"_v2024__benefit__icons_repeater_text":"N\u00c6RER INTENSIVT OG REPARERER"},{"_v2024__benefit__icons_repeater_icon":1000006746,"_v2024__benefit__icons_repeater_text":"\u00d8KOLOGISKE OG NATURLIGE INGREDIENSER"},{"_v2024__benefit__icons_repeater_icon":1000006734,"_v2024__benefit__icons_repeater_text":"BLID DUFT AF KOKOSN\u00d8D"}],"_v2024__image_ingreddients__intro_text":"En kombination af \u00f8kologiske olier, der supplerer deres egenskaber og giver h\u00e5ret en m\u00e6rkbar glans, bl\u00f8dhed og vitalitet lige fra f\u00f8rste brug.","_v2024__image_ingreddients__additional_description":"","_v2024__image_ingreddients__disclamer_inner":"","_v2024__image_ingredients__repeater":[{"_v2024__image_ingredients__ingredient_image":1000006710,"_v2024__image_ingredients__ingredient_title":"CAMELLIAOLIE","_v2024__image_ingredients__ingredient_description":"En n\u00e6rende olie, der let tr\u00e6nger ind i h\u00e5ret og giver volumen, bl\u00f8dhed og langvarig beskyttelse."},{"_v2024__image_ingredients__ingredient_image":1000006728,"_v2024__image_ingredients__ingredient_title":"TAMANUOILE","_v2024__image_ingredients__ingredient_description":"Lindrer irritationer i hovedbunden, absorberes hurtigt uden fedtede rester og g\u00f8r h\u00e5ret lettere at styre."},{"_v2024__image_ingredients__ingredient_image":1000006717,"_v2024__image_ingredients__ingredient_title":"JOJOBA OLIE","_v2024__image_ingredients__ingredient_description":"St\u00e6rkt regenererende og talgbalancerende egenskaber for en sund hovedbund og glansfuldt h\u00e5r."},{"_v2024__image_ingredients__ingredient_image":1000006707,"_v2024__image_ingredients__ingredient_title":"ARGANOLIE","_v2024__image_ingredients__ingredient_description":"Tilf\u00f8rer vitaminer og fedtsyrer til h\u00e5ret og hovedbunden og beskytter mod fra skader af sol og vind."},{"_v2024__image_ingredients__ingredient_image":1000006712,"_v2024__image_ingredients__ingredient_title":"KOKOSOLIE","_v2024__image_ingredients__ingredient_description":"Plejer og fugter, beskytter mod solskader og g\u00f8r h\u00e5ret silkebl\u00f8dt og sp\u00e6ndstigt."},{"_v2024__image_ingredients__ingredient_image":1000006724,"_v2024__image_ingredients__ingredient_title":"OLIVENOLIE","_v2024__image_ingredients__ingredient_description":"Fugter, styrker og n\u00e6rer h\u00e5ret. Beskytter mod solen og virkningerne af varmebehandlinger som udglatning og kr\u00f8lning."},{"_v2024__image_ingredients__ingredient_image":1000006706,"_v2024__image_ingredients__ingredient_title":"S\u00d8D MANDELOLIE","_v2024__image_ingredients__ingredient_description":"Fremmer h\u00e5rv\u00e6kst og reducerer h\u00e5rtab takket v\u00e6re sit rige indhold af vitaminer og essentielle fedtsyrer."},{"_v2024__image_ingredients__ingredient_image":1000006730,"_v2024__image_ingredients__ingredient_title":"NATURLIG E-VITAMIN","_v2024__image_ingredients__ingredient_description":"Kraftig antioxidant, der fremmer h\u00e5rv\u00e6ksten og hovedbundens helbred."}],"_v2024__image_ingredients__all_ingredients":"COCOS NUCIFERA OIL*, PRUNUS AMYGDALUS DULCIS OIL*, OLEA EUROPAEA FRUIT OIL*, SIMMONDSIA CHINENSIS SEED OIL*, CAMELLIA OLEIFERA SEED OIL*, ARGANIA SPINOSA KERNEL OIL*, CALOPHYLLUM INOPHYLLUM SEED OIL*, TOCOPHEROL, HELIANTHUS ANNUUS SEED OIL, PARFUM <strong>(COCONUT OIL*, SWEET ALMOND OIL*, OLIVE OIL*, JOJOBA OIL*, CAMELLIA OIL*, ARGAN OIL*, TAMANU OIL*, NATURAL VITAMIN E, SUNFLOWER SEED OIL, PARFUM)<\/strong>\r\n\r\n<em>*Organisk certificerede ingredienser<\/em>\r\n\r\n<em>Bem\u00e6rk venligst, at ingredienslisten kan variere lidt over tid p\u00e5 grund af produktforbedringer. Se indpakning for opdaterede information.<\/em>","_v2024__usage_content__left_content":"<h4>DYB OLIEBEHANDLING F\u00d8R VASK\/h4&gt;<\/h4>\r\n<ol>\r\n \t<li>P\u00e5f\u00f8r en gener\u00f8s m\u00e6ngde olie i h\u00e5ret og hovedbunden.<\/li>\r\n \t<li>Pak den ind i husholdningsfilm og l\u00e6g et varmt h\u00e5ndkl\u00e6de ovenp\u00e5.<\/li>\r\n \t<li>Vent i mindst 40 minutter eller natten over.<\/li>\r\n \t<li>Skyl med shampoo.<\/li>\r\n<\/ol>\r\n<h4>PLEJENDE EFTER BRUSEBAD<\/h4>\r\nFor ekstra n\u00e6ring og glans - p\u00e5f\u00f8r en meget lille m\u00e6ngde (en dr\u00e5be) af olien i h\u00e5rspidserne.\r\n<h4>I SOLEN OG P\u00c5 STRANDEN<\/h4>\r\nP\u00e5f\u00f8r en lille m\u00e6ngde olie i spidserne eller i hele h\u00e5ret og hovedbunden. P\u00e5f\u00f8r ikke for meget, s\u00e5 du undg\u00e5 at fedte. Vask dit h\u00e5r grundigt sidst p\u00e5 dagen.","_v2024__usage_content__right_bottom_content":"","_v2024__usage_content__note":"Olien indeholder ikke UV-filter.","_v2024__usage_content__storage":"Opbevares p\u00e5 et k\u00f8ligt og t\u00f8rt sted. M\u00e5 ikke opbevares i k\u00f8leskab. Produktet bliver t\u00f8r, n\u00e5r det opbevares koldt, og indholdet af kommer ikke ud gennem pumpen. For at g\u00f8re det flydende, lad ved stuetemperatur over 25 \u00b0C. \u00c5bn ikke flasken, n\u00e5r produktet er t\u00f8r, da dette kan beskadige pumpen.\r\n\r\n&nbsp;\r\n\r\nKun til udvendig brug. Stop brugen, hvis irritation opst\u00e5r. M\u00e5 ikke anvendes p\u00e5 beskadiget eller \u00f8delagt hud. Undg\u00e5 kontakt med \u00f8jnene. Opbevares utilg\u00e6ngeligt for b\u00f8rn!"},"_links":{"self":[{"href":"https:\/\/cocosolis.com\/dk\/wp-json\/wp\/v2\/product\/408","targetHints":{"allow":["GET"]}}],"collection":[{"href":"https:\/\/cocosolis.com\/dk\/wp-json\/wp\/v2\/product"}],"about":[{"href":"https:\/\/cocosolis.com\/dk\/wp-json\/wp\/v2\/types\/product"}],"wp:featuredmedia":[{"embeddable":true,"href":"https:\/\/cocosolis.com\/dk\/wp-json\/"}],"wp:attachment":[{"href":"https:\/\/cocosolis.com\/dk\/wp-json\/wp\/v2\/media?parent=408"}],"wp:term":[{"taxonomy":"product_brand","embeddable":true,"href":"https:\/\/cocosolis.com\/dk\/wp-json\/wp\/v2\/product_brand?post=408"},{"taxonomy":"product_cat","embeddable":true,"href":"https:\/\/cocosolis.com\/dk\/wp-json\/wp\/v2\/product_cat?post=408"},{"taxonomy":"product_tag","embeddable":true,"href":"https:\/\/cocosolis.com\/dk\/wp-json\/wp\/v2\/product_tag?post=408"},{"taxonomy":"product_template","embeddable":true,"href":"https:\/\/cocosolis.com\/dk\/wp-json\/wp\/v2\/product_template?post=408"}],"curies":[{"name":"wp","href":"https:\/\/api.w.org\/{rel}","templated":true}]}}