{"id":390,"date":"2022-05-06T13:33:20","date_gmt":"2022-05-06T13:33:20","guid":{"rendered":"http:\/\/cocosolis.com\/en\/?post_type=product&#038;p=390"},"modified":"2025-10-28T15:38:56","modified_gmt":"2025-10-28T14:38:56","slug":"skin-collagen-booster-dry-oil","status":"publish","type":"product","link":"https:\/\/cocosolis.com\/dk\/product\/skin-collagen-booster-dry-oil\/","title":{"rendered":"SKIN Collagen Booster Dry Oil"},"content":{"rendered":"","protected":false},"excerpt":{"rendered":"","protected":false},"featured_media":1000004575,"template":"","meta":{"_acf_changed":false},"product_brand":[],"product_cat":[19],"product_tag":[],"product_template":[64],"class_list":{"0":"post-390","1":"product","2":"type-product","3":"status-publish","4":"has-post-thumbnail","6":"product_cat-skin","7":"product_template-v-2024-clean","9":"first","10":"instock","11":"shipping-taxable","12":"purchasable","13":"product-type-simple"},"acf":{"_v2024__listing_and_sharing_info__listing_category":"SKIN","_v2024__listing_and_sharing_info__product_type":"Collagen Booster Dry Oil","_v2024__listing__and_sharing_info__listing_below_title_in_product_page":"T\u00f8r olie med naturlig anti-aging effekt. Forynger og n\u00e6rer huden.","_v2024__listing_and_sharing_info__listing_description":"T\u00f8r olie med naturlig anti-aging effekt. Forynger og n\u00e6rer huden.","_v2024__listing_and_sharing_info__image":1000000388,"_v2024__product_hero__hero_type":"carousel","_v2024__product_hero__product_slider_gallery":[{"_v2024__product_hero__product_slider_gallery__image":1000006655,"_v2024__product_hero__product_slider_gallery__video_link":""},{"_v2024__product_hero__product_slider_gallery__image":1000006657,"_v2024__product_hero__product_slider_gallery__video_link":""},{"_v2024__product_hero__product_slider_gallery__image":1000006658,"_v2024__product_hero__product_slider_gallery__video_link":""},{"_v2024__product_hero__product_slider_gallery__image":1000006659,"_v2024__product_hero__product_slider_gallery__video_link":""},{"_v2024__product_hero__product_slider_gallery__image":1000006660,"_v2024__product_hero__product_slider_gallery__video_link":""},{"_v2024__product_hero__product_slider_gallery__image":1000006661,"_v2024__product_hero__product_slider_gallery__video_link":""},{"_v2024__product_hero__product_slider_gallery__image":1000006662,"_v2024__product_hero__product_slider_gallery__video_link":"https:\/\/player.vimeo.com\/progressive_redirect\/playback\/1042663906\/rendition\/720p\/file.mp4?loc=external&amp;log_user=0&amp;signature=238d8a957ddf9f4279b519ffa65d3564d72b070ccb832dc58ea158b16d18c32d&amp;user_id=110095091"}],"_v2024__before_and_after_image":1000006537,"_v2024__before_and_after_image_mobile":1000006538,"_v2024__product_hero__quantity":"110 ML","_v2024__product_hero__product_disclamer":"","_v2024__why_use__should_show":"visible","_v2024__why_use__description_text":"Naturlig t\u00f8r olie med anti-aging effekt. Hj\u00e6lper med at opretholde et h\u00f8jt kollagenniveau og \u00f8ger elasticiteten.","_v2024__why_use__text_content":"<ul>\r\n \t<li>Reducerer forekomsten af fine linjer og rynker<\/li>\r\n \t<li>Fornyer, fugter og revitaliserer huden p\u00e5 fremragende vis<\/li>\r\n \t<li>Holder huden glat, ung og stram<\/li>\r\n \t<li>peciel blanding af 6 dyrebare \u00f8kologiske superfrugtolier og en patenteret naturlig aktiv ingrediens. Vegansk<\/li>\r\n \t<li>Absorberes hurtigt og dybt<\/li>\r\n \t<li>Velegnet til ansigtet og kroppen, til sart og f\u00f8lsom hud<\/li>\r\n \t<li>Med en uforglemmelig aroma af eksotiske frugter<\/li>\r\n<\/ul>","_v2024__why_use__product_notes_and_remarks":"","_v2024__why_use__background_color":"#FBF1EB","_v2024__why_use__heading_color":"#816c65","_v2024__why_use__text_color":"#816c65","_v2024__why_use__image_desktop":1000006698,"_v2024__why_use__image_mobile":1000006699,"_v2024__stats_show":false,"_v2024__stats_repeater":null,"_v2024__stats_repeater_disclaimer":null,"_v2024__benefits__icons_repeater":[{"_v2024__benefit__icons_repeater_icon":1000006731,"_v2024__benefit__icons_repeater_text":"ANTI-AGING EFFEKT"},{"_v2024__benefit__icons_repeater_icon":1000006742,"_v2024__benefit__icons_repeater_text":"PATENTERET NATURLIG AKTIV INGREDIENS"},{"_v2024__benefit__icons_repeater_icon":1000006738,"_v2024__benefit__icons_repeater_text":"TIL ANSIGT OG KROP"},{"_v2024__benefit__icons_repeater_icon":1000006737,"_v2024__benefit__icons_repeater_text":"AROMA AF EKSOTISKE FRUGTER"}],"_v2024__image_ingreddients__intro_text":"Oplev de naturlige ingredienser i denne yderst effektive anti-aging-formel: en patenteret aktiv ingrediens og eksotiske superfrugtolier, der giver en frisk, str\u00e5lende og smidig hud.","_v2024__image_ingreddients__additional_description":"","_v2024__image_ingreddients__disclamer_inner":"","_v2024__image_ingredients__repeater":[{"_v2024__image_ingredients__ingredient_image":1000006704,"_v2024__image_ingredients__ingredient_title":"S\u00d8D LUPIN AKTIV INGREDIENS\u00ae ","_v2024__image_ingredients__ingredient_description":"\u00d8ger produktionen af kollagen af h\u00f8j kvalitet, forbedrer hudens elasticitet og stramhed og genopbygger de slappe hudomr\u00e5der."},{"_v2024__image_ingredients__ingredient_image":1000006726,"_v2024__image_ingredients__ingredient_title":"GRANAT\u00c6BLEOLIE","_v2024__image_ingredients__ingredient_description":"Giver antioxidantbeskyttelse mod skadelige milj\u00f8p\u00e5virkninger. Reducerer porer og rynker."},{"_v2024__image_ingredients__ingredient_image":1000006725,"_v2024__image_ingredients__ingredient_title":"PASSIONSFRUGTOLIE","_v2024__image_ingredients__ingredient_description":"Fugter og bl\u00f8dg\u00f8r, forynger slidt hud og bevarer en ungdommelig gl\u00f8d."},{"_v2024__image_ingredients__ingredient_image":1000006715,"_v2024__image_ingredients__ingredient_title":"GOJIB\u00c6R-OLIE","_v2024__image_ingredients__ingredient_description":"Den er us\u00e6dvanlig rig p\u00e5 antioxidanter og forebygger for tidlig \u00e6ldning. \u00d8ger kollagenproduktionen og fremmer str\u00e5lende hud."},{"_v2024__image_ingredients__ingredient_image":1000006727,"_v2024__image_ingredients__ingredient_title":"ROSEHIP-OLIE","_v2024__image_ingredients__ingredient_description":"Lysner og udj\u00e6vner hudtonen, udvisker ar. Uundv\u00e6rlig for en glattere, fejlfri hud."},{"_v2024__image_ingredients__ingredient_image":1000006712,"_v2024__image_ingredients__ingredient_title":"KOKOSOLIE","_v2024__image_ingredients__ingredient_description":"Absorberes hurtigt, hydrerer i dybten og efterlader huden bl\u00f8d og smidig."},{"_v2024__image_ingredients__ingredient_image":1000006711,"_v2024__image_ingredients__ingredient_title":"COCOA BUTTER","_v2024__image_ingredients__ingredient_description":"Vidunderlig \"n\u00e6ring\" til huden. Regenererer huden og forebygger str\u00e6km\u00e6rker og fine rynker."},{"_v2024__image_ingredients__ingredient_image":1000006705,"_v2024__image_ingredients__ingredient_title":"INTERAKTIV INGREDIENS","_v2024__image_ingredients__ingredient_description":"Udvundet af olivenolie af h\u00f8j kvalitet der g\u00f8r, at olier hurtigt absorberes af huden."},{"_v2024__image_ingredients__ingredient_image":1000006730,"_v2024__image_ingredients__ingredient_title":"NATURLIG E-VITAMIN","_v2024__image_ingredients__ingredient_description":"Kraftig antioxidant, der bek\u00e6mper alderssymptomer og hj\u00e6lper hudens naturlige helingsproces."}],"_v2024__image_ingredients__all_ingredients":"CAPRYLIC\/CAPRIC TRIGLYCERIDE, COCOS NUCIFERA OIL*, OCTYLDODECYL OLIVATE, THEOBROMA CACAO SEED BUTTER*, PASSIFLORA EDULIS SEED OIL, HELIANTHUS ANNUUS SEED OIL*, LUPINUS ALBUS SEED EXTRACT, TOCOPHEROL, PUNICA GRANATUM SEED OIL*, ROSA CANINA SEED EXTRACT, LYCIUM BARBARUM SEED OIL*, PARFUM <strong>(NATURAL EMOLLIENT, COCONUT OIL*, OCTYLDODECYL OLIVATE (FROM OLIVE OIL), CACAO SEED BUTTER*, PASSION FRUIT SEED OIL*, SUNFLOWER SEED OIL*, WHITE LUPIN SEED EXTRACT, NATURAL VITAMIN E, POMEGRANATE SEED OIL*, ROSE HIP SEED OIL, GOJI BERRY SEED OIL*, PARFUM) <\/strong>\r\n\r\n<em>*Organisk certificerede ingredienser<\/em>\r\n\r\n<em>Bem\u00e6rk venligst, at ingredienslisten kan variere lidt over tid p\u00e5 grund af produktforbedringer. Se indpakning for opdaterede information.<\/em>","_v2024__usage_content__left_content":"Velegnet til ansigtet og kroppen. Det bedste resultat opn\u00e5s ved at anvende den morgen og aften p\u00e5 de \u00f8nskede omr\u00e5der eller over hele ansigtet og kroppen.\r\n\r\nP\u00e5f\u00f8r p\u00e5 t\u00f8r eller fugtig hud. Den absorberes lettest umiddelbart efter et bad, p\u00e5 stadig fugtig hud.","_v2024__usage_content__right_bottom_content":"","_v2024__usage_content__note":"","_v2024__usage_content__storage":"Opbevares p\u00e5 et k\u00f8ligt og t\u00f8rt sted. M\u00e5 ikke opbevares i k\u00f8leskab. Produktet bliver t\u00f8r, n\u00e5r det opbevares koldt, og indholdet af kommer ikke ud gennem pumpen. For at g\u00f8re det flydende, lad ved stuetemperatur over 25 \u00b0C. \u00c5bn ikke flasken, n\u00e5r produktet er t\u00f8r, da dette kan beskadige pumpen.\r\n\r\n&nbsp;\r\n\r\nKun til udvendig brug. Stop brugen, hvis irritation opst\u00e5r. M\u00e5 ikke anvendes p\u00e5 beskadiget eller \u00f8delagt hud. Undg\u00e5 kontakt med \u00f8jnene. Opbevares utilg\u00e6ngeligt for b\u00f8rn!"},"_links":{"self":[{"href":"https:\/\/cocosolis.com\/dk\/wp-json\/wp\/v2\/product\/390","targetHints":{"allow":["GET"]}}],"collection":[{"href":"https:\/\/cocosolis.com\/dk\/wp-json\/wp\/v2\/product"}],"about":[{"href":"https:\/\/cocosolis.com\/dk\/wp-json\/wp\/v2\/types\/product"}],"wp:featuredmedia":[{"embeddable":true,"href":"https:\/\/cocosolis.com\/dk\/wp-json\/"}],"wp:attachment":[{"href":"https:\/\/cocosolis.com\/dk\/wp-json\/wp\/v2\/media?parent=390"}],"wp:term":[{"taxonomy":"product_brand","embeddable":true,"href":"https:\/\/cocosolis.com\/dk\/wp-json\/wp\/v2\/product_brand?post=390"},{"taxonomy":"product_cat","embeddable":true,"href":"https:\/\/cocosolis.com\/dk\/wp-json\/wp\/v2\/product_cat?post=390"},{"taxonomy":"product_tag","embeddable":true,"href":"https:\/\/cocosolis.com\/dk\/wp-json\/wp\/v2\/product_tag?post=390"},{"taxonomy":"product_template","embeddable":true,"href":"https:\/\/cocosolis.com\/dk\/wp-json\/wp\/v2\/product_template?post=390"}],"curies":[{"name":"wp","href":"https:\/\/api.w.org\/{rel}","templated":true}]}}