{"id":386,"date":"2022-05-06T13:12:09","date_gmt":"2022-05-06T13:12:09","guid":{"rendered":"http:\/\/cocosolis.com\/en\/?post_type=product&#038;p=386"},"modified":"2025-10-28T15:38:58","modified_gmt":"2025-10-28T14:38:58","slug":"skin-anti-cellulite-dry-oil","status":"publish","type":"product","link":"https:\/\/cocosolis.com\/dk\/product\/skin-anti-cellulite-dry-oil\/","title":{"rendered":"SKIN Anti-cellulite Dry Oil"},"content":{"rendered":"","protected":false},"excerpt":{"rendered":"","protected":false},"featured_media":1000004573,"template":"","meta":{"_acf_changed":false},"product_brand":[],"product_cat":[19],"product_tag":[],"product_template":[64],"class_list":{"0":"post-386","1":"product","2":"type-product","3":"status-publish","4":"has-post-thumbnail","6":"product_cat-skin","7":"product_template-v-2024-clean","9":"first","10":"instock","11":"shipping-taxable","12":"purchasable","13":"product-type-variable"},"acf":{"_v2024__listing_and_sharing_info__listing_category":"SKIN","_v2024__listing_and_sharing_info__product_type":"Anti-cellulite Dry Oil","_v2024__listing__and_sharing_info__listing_below_title_in_product_page":"Naturlig t\u00f8r olie mod cellulitis. Ommodeller og former silhuetten.","_v2024__listing_and_sharing_info__listing_description":"T\u00f8r olie mod cellulitis. Ommodeller og former silhuetten.","_v2024__listing_and_sharing_info__image":1000000387,"_v2024__product_hero__hero_type":"carousel","_v2024__product_hero__product_slider_gallery":[{"_v2024__product_hero__product_slider_gallery__image":1000006640,"_v2024__product_hero__product_slider_gallery__video_link":""},{"_v2024__product_hero__product_slider_gallery__image":1000006642,"_v2024__product_hero__product_slider_gallery__video_link":""},{"_v2024__product_hero__product_slider_gallery__image":1000006644,"_v2024__product_hero__product_slider_gallery__video_link":""},{"_v2024__product_hero__product_slider_gallery__image":1000006648,"_v2024__product_hero__product_slider_gallery__video_link":""},{"_v2024__product_hero__product_slider_gallery__image":1000006650,"_v2024__product_hero__product_slider_gallery__video_link":""},{"_v2024__product_hero__product_slider_gallery__image":1000006652,"_v2024__product_hero__product_slider_gallery__video_link":""},{"_v2024__product_hero__product_slider_gallery__image":1000006654,"_v2024__product_hero__product_slider_gallery__video_link":"https:\/\/player.vimeo.com\/progressive_redirect\/playback\/1042663347\/rendition\/720p\/file.mp4?loc=external&amp;log_user=0&amp;signature=29fc6b4b2d0e8d5e65fdcdb9fd54acbe00beb382a0e54c015ca4f3f5f9c8c448&amp;user_id=110095091"}],"_v2024__before_and_after_image":1000006535,"_v2024__before_and_after_image_mobile":1000006536,"_v2024__product_hero__quantity":"","_v2024__product_hero__product_disclamer":"","_v2024__why_use__should_show":"visible","_v2024__why_use__description_text":"Naturlig t\u00f8r olie mod cellulitis med \u00f8kologiske ingredienser. Ommodeller og former silhuetten.","_v2024__why_use__text_content":"<ul>\r\n \t<li>Reducerer synligt \"appelsinhuden\"<\/li>\r\n \t<li>Opstrammer, toner og fornyer huden, og forbedrer dens elasticitet og tekstur<\/li>\r\n \t<li>Effektiv formel med naturlige ingredienser, vegansk. \u00d8kologiske\u00a0bl\u00e5b\u00e6r-,\u00a0drue og\u00a0kaffeolie\u00a0er\u00a0suppleret\u00a0med\u00a0naturligt\u00a0E-vitamin,\u00a0og\u00a0har\u00a0en\u00a0dokumenteret\u00a0patenteret\u00a0aktiv\u00a0komponent<\/li>\r\n \t<li>Absorberes \u00f8jeblikkeligt og i dybten<\/li>\r\n \t<li>Velegnet\u00a0til\u00a0f\u00f8lsom\u00a0og\u00a0sart\u00a0hud<\/li>\r\n \t<li>Aroma af bl\u00e5b\u00e6rmuffin<\/li>\r\n<\/ul>","_v2024__why_use__product_notes_and_remarks":"","_v2024__why_use__background_color":"#FBF1EB","_v2024__why_use__heading_color":"#816c65","_v2024__why_use__text_color":"#816c65","_v2024__why_use__image_desktop":1000006696,"_v2024__why_use__image_mobile":1000006697,"_v2024__stats_show":false,"_v2024__stats_repeater":null,"_v2024__stats_repeater_disclaimer":null,"_v2024__benefits__icons_repeater":[{"_v2024__benefit__icons_repeater_icon":1000006750,"_v2024__benefit__icons_repeater_text":"OMMODELLER OG FORMER SILHUETTEN"},{"_v2024__benefit__icons_repeater_icon":1000006740,"_v2024__benefit__icons_repeater_text":"ABSORBERES \u00d8JEBLIKKELIGT OG I DYBTEN"},{"_v2024__benefit__icons_repeater_icon":1000006746,"_v2024__benefit__icons_repeater_text":"\u00d8KOLOGISKE OG NATURLIGE INGREDIENSER"},{"_v2024__benefit__icons_repeater_icon":1000006745,"_v2024__benefit__icons_repeater_text":"AROMA AF BL\u00c5B\u00c6RMUFFIN"}],"_v2024__image_ingreddients__intro_text":"Oplev de effektive naturlige komponenter, der former silhuetten og bek\u00e6mper cellulitis: organiske olier kombineret med en patenteret aktiv ingrediens.","_v2024__image_ingreddients__additional_description":"","_v2024__image_ingreddients__disclamer_inner":"","_v2024__image_ingredients__repeater":[{"_v2024__image_ingredients__ingredient_image":1000006705,"_v2024__image_ingredients__ingredient_title":"NATURLIG AKTIV INGREDIENT\u00ae","_v2024__image_ingredients__ingredient_description":"Patenteret formel med dokumenteret effekt: Den korrigerer \"appelsinhud\", hj\u00e6lper med at reducere fedtdepoter og forhindrer deres skabelse ved hyppig brug."},{"_v2024__image_ingredients__ingredient_image":1000006709,"_v2024__image_ingredients__ingredient_title":"BL\u00c5B\u00c6ROLIE","_v2024__image_ingredients__ingredient_description":"Ekstremt rig p\u00e5 antioxidanter og omega-3 fedtsyrer, bremser aldring, strammer konturen op og udglatter fine rynker."},{"_v2024__image_ingredients__ingredient_image":1000006713,"_v2024__image_ingredients__ingredient_title":"KAFFESM\u00d8R","_v2024__image_ingredients__ingredient_description":"Tilskynder til afgiftning og kollagendannelse, hvilket hj\u00e6lper med at reducere cellulitissen. Huden efterlades fl\u00f8jlsbl\u00f8d."},{"_v2024__image_ingredients__ingredient_image":1000006716,"_v2024__image_ingredients__ingredient_title":"DRUEFR\u00d8OLIE","_v2024__image_ingredients__ingredient_description":"Hj\u00e6lper med hudopstramning, regenerering og fugtregulering. Toner og lysner huden."},{"_v2024__image_ingredients__ingredient_image":1000006717,"_v2024__image_ingredients__ingredient_title":"JOJOBA OLIE","_v2024__image_ingredients__ingredient_description":"Fugter, heler og opstrammer huden i dybten og danner en beskyttende bel\u00e6gning, der ligner menneskelig talg."},{"_v2024__image_ingredients__ingredient_image":1000006712,"_v2024__image_ingredients__ingredient_title":"KOKOSOLIE","_v2024__image_ingredients__ingredient_description":"Absorberes hurtigt, hydrerer i dybten og efterlader huden bl\u00f8d og smidig. Beskytter mod solskader og \u00e6ldningspletter, samtidig med at den giver en gylden tone."},{"_v2024__image_ingredients__ingredient_image":1000006723,"_v2024__image_ingredients__ingredient_title":"INTERAKTIV INGREDIENS","_v2024__image_ingredients__ingredient_description":"Udvundet af olivenolie af h\u00f8j kvalitet der g\u00f8r, at olier hurtigt absorberes af huden."},{"_v2024__image_ingredients__ingredient_image":1000006730,"_v2024__image_ingredients__ingredient_title":"NATURLIG E-VITAMIN","_v2024__image_ingredients__ingredient_description":"Kraftig antioxidant, der bek\u00e6mper alderssymptomer og hj\u00e6lper hudens naturlige helingsproces."}],"_v2024__image_ingredients__all_ingredients":"CAPRYLIC\/CAPRIC TRIGLYCERIDE, COCOS NUCIFERA OIL*, SIMMONDSIA CHINENSIS SEED OIL*, OCTYLDODECYL OLIVATE, VITIS VINIFERA SEED OIL*, SORBITAN LAURATE, TOCOPHEROL, LAUROYL PROLINE, HELIANTHUS ANNUUS SEED OIL, VACCINIUM MYRTILLUS SEED OIL, COFFEA ARABICA SEED OIL*, PARFUM, LINALOOL, LINALYL ACETATE, ALPHA-ISOMETHYL IONONE, CITRONELLOL, BENZYL ALCOHOL, VANILLIN <strong>(NATURAL EMOLLIENT, COCONUT OIL*, JOJOBA OIL*, OCTYLDODECYL OLIVATE (FROM OLIVE OIL), GRAPE SEED OIL*, SORBITANE LAUREATE, NATURAL VITAMIN E, LAUROYL PROLINE, SUNFLOWER SEED OIL, BLUEBERRY SEED OIL, COFFEE SEED OIL*, PARFUM, LINALOOL, LINALYL ACETATE, ALPHA-ISOMETHYL IONONE, CITRONELLOL, BENZYL ALCOHOL, VANILLIN)<\/strong>\r\n\r\n<em>*Organisk certificerede ingredienser<\/em>\r\n\r\n<em>Bem\u00e6rk venligst, at ingredienslisten kan variere lidt over tid p\u00e5 grund af produktforbedringer. Se indpakning for opdaterede information.<\/em>","_v2024__usage_content__left_content":"<h4>INTENSIV DAGLIG PLEJE<\/h4>\r\nP\u00e5f\u00f8r med masserende bev\u00e6gelser morgen og aften p\u00e5 de \u00f8nskede omr\u00e5der eller over hele kroppen. Bruges straks efter et brusebad. Vi anbefaler at bruge et massagev\u00e6rkt\u00f8j eller en sugekop for optimale resultater. Du kan ogs\u00e5 bruge olien under en massagebehandlingssession\r\n<h4>FOR OPTIMALE RESULTATER<\/h4>\r\nKombiner virkningen af olien mod cellulitis med tilstr\u00e6kkelig hydrering og fysisk aktivitet.","_v2024__usage_content__right_bottom_content":"","_v2024__usage_content__note":"","_v2024__usage_content__storage":"Opbevares p\u00e5 et k\u00f8ligt og t\u00f8rt sted. M\u00e5 ikke opbevares i k\u00f8leskab. Produktet bliver t\u00f8r, n\u00e5r det opbevares koldt, og indholdet af kommer ikke ud gennem pumpen. For at g\u00f8re det flydende, lad ved stuetemperatur over 25 \u00b0C. \u00c5bn ikke flasken, n\u00e5r produktet er t\u00f8r, da dette kan beskadige pumpen.\r\n\r\n&nbsp;\r\n\r\nKun til udvendig brug. Stop brugen, hvis irritation opst\u00e5r. M\u00e5 ikke anvendes p\u00e5 beskadiget eller \u00f8delagt hud. Undg\u00e5 kontakt med \u00f8jnene. Opbevares utilg\u00e6ngeligt for b\u00f8rn!"},"_links":{"self":[{"href":"https:\/\/cocosolis.com\/dk\/wp-json\/wp\/v2\/product\/386","targetHints":{"allow":["GET"]}}],"collection":[{"href":"https:\/\/cocosolis.com\/dk\/wp-json\/wp\/v2\/product"}],"about":[{"href":"https:\/\/cocosolis.com\/dk\/wp-json\/wp\/v2\/types\/product"}],"wp:featuredmedia":[{"embeddable":true,"href":"https:\/\/cocosolis.com\/dk\/wp-json\/"}],"wp:attachment":[{"href":"https:\/\/cocosolis.com\/dk\/wp-json\/wp\/v2\/media?parent=386"}],"wp:term":[{"taxonomy":"product_brand","embeddable":true,"href":"https:\/\/cocosolis.com\/dk\/wp-json\/wp\/v2\/product_brand?post=386"},{"taxonomy":"product_cat","embeddable":true,"href":"https:\/\/cocosolis.com\/dk\/wp-json\/wp\/v2\/product_cat?post=386"},{"taxonomy":"product_tag","embeddable":true,"href":"https:\/\/cocosolis.com\/dk\/wp-json\/wp\/v2\/product_tag?post=386"},{"taxonomy":"product_template","embeddable":true,"href":"https:\/\/cocosolis.com\/dk\/wp-json\/wp\/v2\/product_template?post=386"}],"curies":[{"name":"wp","href":"https:\/\/api.w.org\/{rel}","templated":true}]}}