{"id":385,"date":"2022-05-06T13:10:21","date_gmt":"2022-05-06T13:10:21","guid":{"rendered":"http:\/\/cocosolis.com\/en\/?post_type=product&#038;p=385"},"modified":"2025-10-28T15:39:01","modified_gmt":"2025-10-28T14:39:01","slug":"skin-stretch-mark-dry-oil","status":"publish","type":"product","link":"https:\/\/cocosolis.com\/dk\/product\/skin-stretch-mark-dry-oil\/","title":{"rendered":"SKIN Stretch Mark Dry Oil"},"content":{"rendered":"","protected":false},"excerpt":{"rendered":"","protected":false},"featured_media":1000004576,"template":"","meta":{"_acf_changed":false},"product_brand":[],"product_cat":[19],"product_tag":[],"product_template":[64],"class_list":{"0":"post-385","1":"product","2":"type-product","3":"status-publish","4":"has-post-thumbnail","6":"product_cat-skin","7":"product_template-v-2024-clean","9":"first","10":"instock","11":"shipping-taxable","12":"purchasable","13":"product-type-simple"},"acf":{"_v2024__listing_and_sharing_info__listing_category":"SKIN","_v2024__listing_and_sharing_info__product_type":"Stretch Mark Dry Oil","_v2024__listing__and_sharing_info__listing_below_title_in_product_page":"Naturlig t\u00f8r olie mod str\u00e6km\u00e6rker. Ogs\u00e5 velegnet til dehydreret og aldrende hud.","_v2024__listing_and_sharing_info__listing_description":"Naturlig t\u00f8r olie mod str\u00e6km\u00e6rker. Ogs\u00e5 velegnet til dehydreret og aldrende hud.","_v2024__listing_and_sharing_info__image":1000000389,"_v2024__product_hero__hero_type":"carousel","_v2024__product_hero__product_slider_gallery":[{"_v2024__product_hero__product_slider_gallery__image":1000006663,"_v2024__product_hero__product_slider_gallery__video_link":""},{"_v2024__product_hero__product_slider_gallery__image":1000006664,"_v2024__product_hero__product_slider_gallery__video_link":""},{"_v2024__product_hero__product_slider_gallery__image":1000006665,"_v2024__product_hero__product_slider_gallery__video_link":""},{"_v2024__product_hero__product_slider_gallery__image":1000006666,"_v2024__product_hero__product_slider_gallery__video_link":""},{"_v2024__product_hero__product_slider_gallery__image":1000006667,"_v2024__product_hero__product_slider_gallery__video_link":""},{"_v2024__product_hero__product_slider_gallery__image":1000006668,"_v2024__product_hero__product_slider_gallery__video_link":""},{"_v2024__product_hero__product_slider_gallery__image":1000006669,"_v2024__product_hero__product_slider_gallery__video_link":"https:\/\/player.vimeo.com\/progressive_redirect\/playback\/1042663930\/rendition\/540p\/file.mp4?loc=external&amp;log_user=0&amp;signature=78bb01a1fe3d2bf9676ed22a7bfa36db3f77502ecc6f889eb5d9c9c22c6d91f1"}],"_v2024__before_and_after_image":1000006539,"_v2024__before_and_after_image_mobile":1000006540,"_v2024__product_hero__quantity":"110 ML","_v2024__product_hero__product_disclamer":"","_v2024__why_use__should_show":"visible","_v2024__why_use__description_text":"Hj\u00e6lper med at reducere risikoen for str\u00e6km\u00e6rker under graviditet, pludselige v\u00e6gt\u00e6ndringer eller hurtig v\u00e6kst. Forbedrer hudens udseende og \u00f8ger dens elasticitet.","_v2024__why_use__text_content":"<ul>\r\n \t<li>Hj\u00e6lper med at opretholde h\u00f8je niveauer af kollagen i huden<\/li>\r\n \t<li>Har en gavnlig effekt p\u00e5 t\u00f8r og aldrende hud<\/li>\r\n \t<li>Indeholder en patenteret naturlig aktiv ingrediens mod str\u00e6km\u00e6rker med ekstrakt af s\u00f8de hvide lupinfr\u00f8<\/li>\r\n \t<li>S\u00e6rlig naturlig, vegansk formel af koldpressede \u00f8kologiske olier af h\u00f8j kvalitet: N\u00e6rer og genopretter<\/li>\r\n \t<li>Absorberes hurtigt og dybt<\/li>\r\n \t<li>Velegnet til sart og f\u00f8lsom hud<\/li>\r\n \t<li>S\u00f8d mandarinaroma<\/li>\r\n<\/ul>","_v2024__why_use__product_notes_and_remarks":"","_v2024__why_use__background_color":"#FBF1EB","_v2024__why_use__heading_color":"#816c65","_v2024__why_use__text_color":"#816c65","_v2024__why_use__image_desktop":1000006700,"_v2024__why_use__image_mobile":1000006701,"_v2024__stats_show":false,"_v2024__stats_repeater":null,"_v2024__stats_repeater_disclaimer":null,"_v2024__benefits__icons_repeater":[{"_v2024__benefit__icons_repeater_icon":1000006750,"_v2024__benefit__icons_repeater_text":"FOREBYGGER STR\u00c6KM\u00c6RKER"},{"_v2024__benefit__icons_repeater_icon":1000006742,"_v2024__benefit__icons_repeater_text":"PATENTERET NATURLIG AKTIV INGREDIENS"},{"_v2024__benefit__icons_repeater_icon":1000006746,"_v2024__benefit__icons_repeater_text":"\u00d8KOLOGISKE OG NATURLIGE INGREDIENSER"},{"_v2024__benefit__icons_repeater_icon":1000006751,"_v2024__benefit__icons_repeater_text":"AROMA AF MANDARIN"}],"_v2024__image_ingreddients__intro_text":"Alle naturlige ingredienser. Den virker genopbyggende, udglatter huden, stimulerer produktionen af kollagen - alt sammen forhold, der forhindrer str\u00e6km\u00e6rker i at opst\u00e5, og huden forbliver elastisk, fugtet og glat.","_v2024__image_ingreddients__additional_description":"","_v2024__image_ingreddients__disclamer_inner":"","_v2024__image_ingredients__repeater":[{"_v2024__image_ingredients__ingredient_image":1000006704,"_v2024__image_ingredients__ingredient_title":"S\u00d8D LUPIN AKTIV INGREDIENS\u00ae ","_v2024__image_ingredients__ingredient_description":"\u00d8ger produktionen af kollagen af h\u00f8j kvalitet, forbedrer hudens elasticitet og stramhed og genopbygger de slappe hudomr\u00e5der."},{"_v2024__image_ingredients__ingredient_image":1000006729,"_v2024__image_ingredients__ingredient_title":"\u00c6TERISK OLIE AF MANDARIN","_v2024__image_ingredients__ingredient_description":"Regenererer og udglatter huden, genopretter balancen og forebygger dannelsen af str\u00e6km\u00e6rker."},{"_v2024__image_ingredients__ingredient_image":1000006727,"_v2024__image_ingredients__ingredient_title":"ROSEHIP-OLIE","_v2024__image_ingredients__ingredient_description":"Lysner og udj\u00e6vner hudtonen, udvisker ar. Uundv\u00e6rlig for en glattere, fejlfri hud."},{"_v2024__image_ingredients__ingredient_image":1000006719,"_v2024__image_ingredients__ingredient_title":"CALENDULA-EKSTRAKT","_v2024__image_ingredients__ingredient_description":"Beroliger og regenererer huden, s\u00e5 eksisterende str\u00e6km\u00e6rker og ar bliver mindre synlige."},{"_v2024__image_ingredients__ingredient_image":1000006708,"_v2024__image_ingredients__ingredient_title":"AVOCADOOLIE","_v2024__image_ingredients__ingredient_description":"Rig p\u00e5 essentielle fedtsyrer og vitaminer, fugter huden i dybden og hj\u00e6lper med at forebygge str\u00e6km\u00e6rker."},{"_v2024__image_ingredients__ingredient_image":1000006712,"_v2024__image_ingredients__ingredient_title":"KOKOSOLIE","_v2024__image_ingredients__ingredient_description":"Absorberes hurtigt, hydrerer i dybten og efterlader huden bl\u00f8d og smidig."},{"_v2024__image_ingredients__ingredient_image":1000006711,"_v2024__image_ingredients__ingredient_title":"COCOA BUTTER","_v2024__image_ingredients__ingredient_description":"Vidunderlig \"n\u00e6ring\" til huden. Regenererer huden og forebygger str\u00e6km\u00e6rker og fine rynker."},{"_v2024__image_ingredients__ingredient_image":1000006706,"_v2024__image_ingredients__ingredient_title":"S\u00d8D MANDELOLIE","_v2024__image_ingredients__ingredient_description":"Beroliger og forbedrer hudens tekstur og tone. Reducerer r\u00f8dme og bet\u00e6ndelse."},{"_v2024__image_ingredients__ingredient_image":1000006724,"_v2024__image_ingredients__ingredient_title":"OLIVENOLIE","_v2024__image_ingredients__ingredient_description":"Fugter huden i dybden, beroliger og plejer irriteret hud."},{"_v2024__image_ingredients__ingredient_image":1000006705,"_v2024__image_ingredients__ingredient_title":"INTERAKTIV INGREDIENS","_v2024__image_ingredients__ingredient_description":"Udvundet af olivenolie af h\u00f8j kvalitet der g\u00f8r, at olier hurtigt absorberes af huden."},{"_v2024__image_ingredients__ingredient_image":1000006730,"_v2024__image_ingredients__ingredient_title":"NATURLIG E-VITAMIN","_v2024__image_ingredients__ingredient_description":"Kraftig antioxidant, der bek\u00e6mper alderssymptomer og hj\u00e6lper hudens naturlige helingsproces."}],"_v2024__image_ingredients__all_ingredients":"COCOS NUCIFERA OIL*, HELIANTHUS ANNUUS SEED OIL*, CALENDULA OFFICINALIS FLOWER EXTRACT*, SIMMONDSIA CHINENSIS SEED OIL*, PRUNUS AMYGDALUS DULCIS OIL*, THEOBROMA CACAO SEED BUTTER*, CUCUMIS SATIVUS SEED OIL*, ARGANIA SPINOSA KERNEL OIL*, OCTYLDODECYL OLIVATE, CAPRYLIC\/ CAPRIC TRIGLYCERIDE, TOCOPHEROL, MENTHA VIRIDIS LEAF OIL*, LIMONENE <strong>(COCONUT OIL*, SUNFLOWER SEED OIL*, CALENDULA FLOWER EXTRACT*, JOJOBA OIL*, SWEET ALMOND OIL*, CACAO SEED BUTTER*, CUCUMBER OIL*, ARGAN OIL*, OCTYLDODECYL OLIVATE FROM OLIVE OIL, CAPRYLIC CAPRIC TRIGLYCERIDE, NATURAL VITAMIN \u0415, SPEARMINT ESSENTIAL OIL*, LIMONENE)<\/strong>\r\n\r\n<em>*Organisk certificerede ingredienser<\/em>\r\n\r\n<em>Bem\u00e6rk venligst, at ingredienslisten kan variere lidt over tid p\u00e5 grund af produktforbedringer. Se indpakning for opdaterede information.<\/em>","_v2024__usage_content__left_content":"P\u00e5f\u00f8r med masserende bev\u00e6gelser morgen og aften p\u00e5 de \u00f8nskede omr\u00e5der eller over hele kroppen.\r\n\r\nFor at opn\u00e5 optimal effekt skal den p\u00e5f\u00f8res umiddelbart efter badet p\u00e5 fugtig eller t\u00f8r hud, n\u00e5r porerne er \u00e5bne og kan absorbere de rene olieingredienser maksimalt.","_v2024__usage_content__right_bottom_content":"","_v2024__usage_content__note":"* <em>*Under graviditeten - er det vigtigt at vide: P\u00e5 trods af de helt naturlige ingredienser, der anvendes i dette produkt, anbefaler vi en individuel hudkompatibilitetstest p\u00e5 et lille omr\u00e5de af kroppen 24 timer f\u00f8r brug.<\/em>","_v2024__usage_content__storage":"Opbevares p\u00e5 et k\u00f8ligt og t\u00f8rt sted. M\u00e5 ikke opbevares i k\u00f8leskab. Produktet bliver t\u00f8r, n\u00e5r det opbevares koldt, og indholdet af kommer ikke ud gennem pumpen. For at g\u00f8re det flydende, lad ved stuetemperatur over 25 \u00b0C. \u00c5bn ikke flasken, n\u00e5r produktet er t\u00f8r, da dette kan beskadige pumpen.\r\n\r\n&nbsp;\r\n\r\nKun til udvendig brug. Stop brugen, hvis irritation opst\u00e5r. M\u00e5 ikke anvendes p\u00e5 beskadiget eller \u00f8delagt hud. Undg\u00e5 kontakt med \u00f8jnene. Opbevares utilg\u00e6ngeligt for b\u00f8rn!"},"_links":{"self":[{"href":"https:\/\/cocosolis.com\/dk\/wp-json\/wp\/v2\/product\/385","targetHints":{"allow":["GET"]}}],"collection":[{"href":"https:\/\/cocosolis.com\/dk\/wp-json\/wp\/v2\/product"}],"about":[{"href":"https:\/\/cocosolis.com\/dk\/wp-json\/wp\/v2\/types\/product"}],"wp:featuredmedia":[{"embeddable":true,"href":"https:\/\/cocosolis.com\/dk\/wp-json\/"}],"wp:attachment":[{"href":"https:\/\/cocosolis.com\/dk\/wp-json\/wp\/v2\/media?parent=385"}],"wp:term":[{"taxonomy":"product_brand","embeddable":true,"href":"https:\/\/cocosolis.com\/dk\/wp-json\/wp\/v2\/product_brand?post=385"},{"taxonomy":"product_cat","embeddable":true,"href":"https:\/\/cocosolis.com\/dk\/wp-json\/wp\/v2\/product_cat?post=385"},{"taxonomy":"product_tag","embeddable":true,"href":"https:\/\/cocosolis.com\/dk\/wp-json\/wp\/v2\/product_tag?post=385"},{"taxonomy":"product_template","embeddable":true,"href":"https:\/\/cocosolis.com\/dk\/wp-json\/wp\/v2\/product_template?post=385"}],"curies":[{"name":"wp","href":"https:\/\/api.w.org\/{rel}","templated":true}]}}