{"id":378,"date":"2022-05-06T10:01:23","date_gmt":"2022-05-06T10:01:23","guid":{"rendered":"http:\/\/cocosolis.com\/en\/?post_type=product&#038;p=378"},"modified":"2025-10-28T15:39:03","modified_gmt":"2025-10-28T14:39:03","slug":"cool-after-sun-oil","status":"publish","type":"product","link":"https:\/\/cocosolis.com\/dk\/product\/cool-after-sun-oil\/","title":{"rendered":"COOL After Sun Oil"},"content":{"rendered":"","protected":false},"excerpt":{"rendered":"","protected":false},"featured_media":1000004556,"template":"","meta":{"_acf_changed":false},"product_brand":[],"product_cat":[15],"product_tag":[],"product_template":[64],"class_list":{"0":"post-378","1":"product","2":"type-product","3":"status-publish","4":"has-post-thumbnail","6":"product_cat-suntan-body","7":"product_template-v-2024-clean","9":"first","10":"instock","11":"shipping-taxable","12":"purchasable","13":"product-type-variable"},"acf":{"_v2024__listing_and_sharing_info__listing_category":"COOL","_v2024__listing_and_sharing_info__product_type":"After Sun Oil","_v2024__listing__and_sharing_info__listing_below_title_in_product_page":"Olie efter solbadning. Revitaliserer og beroliger. Med forfriskende mynte.","_v2024__listing_and_sharing_info__listing_description":"Olie efter solbadning. Revitaliserer og beroliger. Med forfriskende mynte.","_v2024__listing_and_sharing_info__image":1000000378,"_v2024__product_hero__hero_type":"carousel","_v2024__product_hero__product_slider_gallery":[{"_v2024__product_hero__product_slider_gallery__image":1000006581,"_v2024__product_hero__product_slider_gallery__video_link":""},{"_v2024__product_hero__product_slider_gallery__image":1000006582,"_v2024__product_hero__product_slider_gallery__video_link":""},{"_v2024__product_hero__product_slider_gallery__image":1000006583,"_v2024__product_hero__product_slider_gallery__video_link":""},{"_v2024__product_hero__product_slider_gallery__image":1000006584,"_v2024__product_hero__product_slider_gallery__video_link":""},{"_v2024__product_hero__product_slider_gallery__image":1000006585,"_v2024__product_hero__product_slider_gallery__video_link":""},{"_v2024__product_hero__product_slider_gallery__image":1000006586,"_v2024__product_hero__product_slider_gallery__video_link":""},{"_v2024__product_hero__product_slider_gallery__image":1000006587,"_v2024__product_hero__product_slider_gallery__video_link":""},{"_v2024__product_hero__product_slider_gallery__image":1000006588,"_v2024__product_hero__product_slider_gallery__video_link":"https:\/\/player.vimeo.com\/progressive_redirect\/playback\/1040390492\/rendition\/720p\/file.mp4?loc=external&amp;log_user=0&amp;signature=0f42e81c06d95987b1c9e3bdcba84d571579cbd174ca8cf161166ad5f2402e2a&amp;user_id=110095091"}],"_v2024__before_and_after_image":1000006527,"_v2024__before_and_after_image_mobile":1000006528,"_v2024__product_hero__quantity":"","_v2024__product_hero__product_disclamer":"","_v2024__why_use__should_show":"visible","_v2024__why_use__description_text":"Beroliger huden efter soleksponering eller efter en tur i solariet. Genopretter, fugter og plejer i dybden.","_v2024__why_use__text_content":"<ul>\r\n \t<li>Brugt dagligt g\u00f8r den huden bl\u00f8dere, glattere og mere smidig<\/li>\r\n \t<li>Helt naturlig formel med \u00f8kologiske ingredienser, vegansk<\/li>\r\n \t<li>Velegnet til ansigt og krop, sart eller f\u00f8lsom hud<\/li>\r\n \t<li>Med en l\u00e6kker myntearoma<\/li>\r\n<\/ul>","_v2024__why_use__product_notes_and_remarks":"","_v2024__why_use__background_color":"#FBF1EB","_v2024__why_use__heading_color":"#816c65","_v2024__why_use__text_color":"#816c65","_v2024__why_use__image_desktop":1000006686,"_v2024__why_use__image_mobile":1000006687,"_v2024__stats_show":false,"_v2024__stats_repeater":null,"_v2024__stats_repeater_disclaimer":null,"_v2024__benefits__icons_repeater":[{"_v2024__benefit__icons_repeater_icon":1000006736,"_v2024__benefit__icons_repeater_text":"FORFRISKENDE OG BEROLIGENDE EFTER SOLEKSPONERING"},{"_v2024__benefit__icons_repeater_icon":1000006740,"_v2024__benefit__icons_repeater_text":"N\u00c6RER OG FUGTER"},{"_v2024__benefit__icons_repeater_icon":1000006746,"_v2024__benefit__icons_repeater_text":"\u00d8KOLOGISKE OG NATURLIGE INGREDIENSER"},{"_v2024__benefit__icons_repeater_icon":1000006743,"_v2024__benefit__icons_repeater_text":"L\u00c6KKER MYNTEAROMA"}],"_v2024__image_ingreddients__intro_text":"Helt naturligt produkt, kilde til vitaminer, mineraler, bioaktive ingredienser og antioxidanter. Kombination af 9 \u00f8kologiske olier, der er kendt for deres beroligende og forfriskende virkning. Beriget med naturligt E-vitamin.","_v2024__image_ingreddients__additional_description":"","_v2024__image_ingreddients__disclamer_inner":"","_v2024__image_ingredients__repeater":[{"_v2024__image_ingredients__ingredient_image":1000006721,"_v2024__image_ingredients__ingredient_title":"\u00c6TERISK MYNTEOLIE","_v2024__image_ingredients__ingredient_description":"Beroliger og opfrisker huden, reducerer inflammation. Dens friske aroma opkvikker sanserne."},{"_v2024__image_ingredients__ingredient_image":1000006711,"_v2024__image_ingredients__ingredient_title":"KAKAOSM\u00d8R","_v2024__image_ingredients__ingredient_description":"Vidunderlig \"n\u00e6ring\" til huden. Regenererer huden og forebygger str\u00e6km\u00e6rker. Fremmer dannelsen af en j\u00e6vn, dyb og m\u00f8rk farve."},{"_v2024__image_ingredients__ingredient_image":1000006719,"_v2024__image_ingredients__ingredient_title":"CALENDULA-EKSTRAKT","_v2024__image_ingredients__ingredient_description":"Virker st\u00e6rkt beroligende og revitaliserende p\u00e5 huden efter l\u00e6ngere soleksponering."},{"_v2024__image_ingredients__ingredient_image":1000006714,"_v2024__image_ingredients__ingredient_title":"AGURKEFR\u00d8OLIE","_v2024__image_ingredients__ingredient_description":"Intenst fugtgivende: Absorberes hurtigt, opfrisker og revitaliserer. Beroliger solbr\u00e6ndt hud."},{"_v2024__image_ingredients__ingredient_image":1000006707,"_v2024__image_ingredients__ingredient_title":"ARGANOLIE","_v2024__image_ingredients__ingredient_description":"\"Marokkos flydende guld\" giver silkebl\u00f8d hud. Beskytter mod de skadelige virkninger af sol og vind."},{"_v2024__image_ingredients__ingredient_image":1000006705,"_v2024__image_ingredients__ingredient_title":"INTERAKTIV INGREDIENS","_v2024__image_ingredients__ingredient_description":"Udvundet af olivenolie af h\u00f8j kvalitet der g\u00f8r, at olier hurtigt absorberes af huden."},{"_v2024__image_ingredients__ingredient_image":1000006712,"_v2024__image_ingredients__ingredient_title":"KOKOSOLIE","_v2024__image_ingredients__ingredient_description":"Absorberes hurtigt, hydrerer i dybten og efterlader huden bl\u00f8d og smidig. Beskytter mod solskader og \u00e6ldningspletter, samtidig med at den giver en gylden tone."},{"_v2024__image_ingredients__ingredient_image":1000006717,"_v2024__image_ingredients__ingredient_title":"JOJOBA OLIE","_v2024__image_ingredients__ingredient_description":"Balancerer og beroliger huden og fremmer en glat og klar teint."},{"_v2024__image_ingredients__ingredient_image":1000006730,"_v2024__image_ingredients__ingredient_title":"NATURLIG E-VITAMIN","_v2024__image_ingredients__ingredient_description":"Kraftig antioxidant, der bek\u00e6mper alderssymptomer og hj\u00e6lper hudens naturlige helingsproces."}],"_v2024__image_ingredients__all_ingredients":"COCOS NUCIFERA OIL*, HELIANTHUS ANNUUS SEED OIL*, CALENDULA OFFICINALIS FLOWER EXTRACT*, SIMMONDSIA CHINENSIS SEED OIL*, PRUNUS AMYGDALUS DULCIS OIL*, THEOBROMA CACAO SEED BUTTER*, CUCUMIS SATIVUS SEED OIL*, ARGANIA SPINOSA KERNEL OIL*, OCTYLDODECYL OLIVATE, CAPRYLIC\/ CAPRIC TRIGLYCERIDE, TOCOPHEROL, MENTHA VIRIDIS LEAF OIL*, LIMONENE <strong>(COCONUT OIL*, SUNFLOWER SEED OIL*, CALENDULA FLOWER EXTRACT*, JOJOBA OIL*, SWEET ALMOND OIL*, CACAO SEED BUTTER*, CUCUMBER OIL*, ARGAN OIL*, OCTYLDODECYL OLIVATE FROM OLIVE OIL, CAPRYLIC CAPRIC TRIGLYCERIDE, NATURAL VITAMIN \u0415, SPEARMINT ESSENTIAL OIL*, LIMONENE)<\/strong>\r\n\r\n<em>*Organisk certificerede ingredienser<\/em>\r\n\r\n<em>Bem\u00e6rk venligst, at ingredienslisten kan variere lidt over tid p\u00e5 grund af produktforbedringer. Se indpakning for opdaterede information.<\/em>","_v2024__usage_content__left_content":"<h4>EFTER SOLEKSPONERING OG SOLBAD<\/h4>\r\nFor at opn\u00e5 optimal effekt skal den p\u00e5f\u00f8res umiddelbart efter badet p\u00e5 fugtig eller t\u00f8r hud, n\u00e5r porerne er \u00e5bne og kan derfor absorbere de rene olieingredienser maksimalt.\r\n<h4>HVER DAG<\/h4>\r\nBrug den dagligt efter badet for at f\u00e5 glat og smidig hud.\r\n<h4>BRUG TIL MASSAGE<\/h4>\r\nPerfekt at bruge som massageolie.","_v2024__usage_content__right_bottom_content":"","_v2024__usage_content__note":"<strong>BEM\u00c6RK VENLIGST<\/strong>: Olien indeholder ikke UV-filter. Undg\u00e5 kontakt med \u00f8jnene.","_v2024__usage_content__storage":"Opbevares p\u00e5 et k\u00f8ligt og t\u00f8rt sted. M\u00e5 ikke opbevares i k\u00f8leskab. Produktet bliver t\u00f8r, n\u00e5r det opbevares koldt, og indholdet af kommer ikke ud gennem pumpen. For at g\u00f8re det flydende, lad ved stuetemperatur over 25 \u00b0C. \u00c5bn ikke flasken, n\u00e5r produktet er t\u00f8r, da dette kan beskadige pumpen.\r\n\r\n&nbsp;\r\n\r\nKun til udvendig brug. Stop brugen, hvis irritation opst\u00e5r. M\u00e5 ikke anvendes p\u00e5 beskadiget eller \u00f8delagt hud. Undg\u00e5 kontakt med \u00f8jnene. Opbevares utilg\u00e6ngeligt for b\u00f8rn!"},"_links":{"self":[{"href":"https:\/\/cocosolis.com\/dk\/wp-json\/wp\/v2\/product\/378","targetHints":{"allow":["GET"]}}],"collection":[{"href":"https:\/\/cocosolis.com\/dk\/wp-json\/wp\/v2\/product"}],"about":[{"href":"https:\/\/cocosolis.com\/dk\/wp-json\/wp\/v2\/types\/product"}],"wp:featuredmedia":[{"embeddable":true,"href":"https:\/\/cocosolis.com\/dk\/wp-json\/"}],"wp:attachment":[{"href":"https:\/\/cocosolis.com\/dk\/wp-json\/wp\/v2\/media?parent=378"}],"wp:term":[{"taxonomy":"product_brand","embeddable":true,"href":"https:\/\/cocosolis.com\/dk\/wp-json\/wp\/v2\/product_brand?post=378"},{"taxonomy":"product_cat","embeddable":true,"href":"https:\/\/cocosolis.com\/dk\/wp-json\/wp\/v2\/product_cat?post=378"},{"taxonomy":"product_tag","embeddable":true,"href":"https:\/\/cocosolis.com\/dk\/wp-json\/wp\/v2\/product_tag?post=378"},{"taxonomy":"product_template","embeddable":true,"href":"https:\/\/cocosolis.com\/dk\/wp-json\/wp\/v2\/product_template?post=378"}],"curies":[{"name":"wp","href":"https:\/\/api.w.org\/{rel}","templated":true}]}}