{"id":376,"date":"2022-05-06T09:36:50","date_gmt":"2022-05-06T09:36:50","guid":{"rendered":"http:\/\/cocosolis.com\/en\/?post_type=product&#038;p=376"},"modified":"2025-10-28T15:39:08","modified_gmt":"2025-10-28T14:39:08","slug":"uomo-suntan-body-oil","status":"publish","type":"product","link":"https:\/\/cocosolis.com\/dk\/product\/uomo-suntan-body-oil\/","title":{"rendered":"UOMO Suntan &amp; Body Oil"},"content":{"rendered":"","protected":false},"excerpt":{"rendered":"","protected":false},"featured_media":1000004584,"template":"","meta":{"_acf_changed":false},"product_brand":[],"product_cat":[15],"product_tag":[],"product_template":[64],"class_list":{"0":"post-376","1":"product","2":"type-product","3":"status-publish","4":"has-post-thumbnail","6":"product_cat-suntan-body","7":"product_template-v-2024-clean","9":"first","10":"instock","11":"shipping-taxable","12":"purchasable","13":"product-type-simple"},"acf":{"_v2024__listing_and_sharing_info__listing_category":"UOMO","_v2024__listing_and_sharing_info__product_type":"Suntan &amp; Body Oil","_v2024__listing__and_sharing_info__listing_below_title_in_product_page":"Naturlig olie, der giver en hurtig, dyb kul\u00f8r i solen og i solariet. Ogs\u00e5 velegnet til daglig brug for n\u00e6ret hud. Med BLACK COCONUT-aroma. Til m\u00e6nd.","_v2024__listing_and_sharing_info__listing_description":"For en hurtig dyb farve og n\u00e6ret hud. Med BLACK COCONUT-aroma. Til m\u00e6nd.","_v2024__listing_and_sharing_info__image":1000000396,"_v2024__product_hero__hero_type":"carousel","_v2024__product_hero__product_slider_gallery":[{"_v2024__product_hero__product_slider_gallery__image":1000006670,"_v2024__product_hero__product_slider_gallery__video_link":""},{"_v2024__product_hero__product_slider_gallery__image":1000006671,"_v2024__product_hero__product_slider_gallery__video_link":""},{"_v2024__product_hero__product_slider_gallery__image":1000006672,"_v2024__product_hero__product_slider_gallery__video_link":""},{"_v2024__product_hero__product_slider_gallery__image":1000006673,"_v2024__product_hero__product_slider_gallery__video_link":""},{"_v2024__product_hero__product_slider_gallery__image":1000006674,"_v2024__product_hero__product_slider_gallery__video_link":""},{"_v2024__product_hero__product_slider_gallery__image":1000006675,"_v2024__product_hero__product_slider_gallery__video_link":"https:\/\/player.vimeo.com\/progressive_redirect\/playback\/1042663149\/rendition\/720p\/file.mp4?loc=external&amp;log_user=0&amp;signature=cffacd6a538da0924df49b6bf897080ce516dea056ba3325e165bbf5339b4c1f&amp;user_id=110095091"}],"_v2024__before_and_after_image":1000006541,"_v2024__before_and_after_image_mobile":1000006542,"_v2024__product_hero__quantity":"","_v2024__product_hero__product_disclamer":"","_v2024__why_use__should_show":"visible","_v2024__why_use__description_text":"Naturlig olie til en hurtig, dyb, j\u00e6vn og langvarig solbrun p\u00e5 stranden eller i et solarie. Fremskynd din brunfarve eller brug den dagligt til at n\u00e6re og fugte huden.","_v2024__why_use__text_content":"<ul>\r\n \t<li>Hurtige og synlige resultater med mindre tid under solen<\/li>\r\n \t<li>Effektiv formel med naturlige og \u00f8kologiske ingredienser, vegansk<\/li>\r\n \t<li>Velegnet til daglig brug<\/li>\r\n \t<li>Velegnet til ansigt og krop, sart eller f\u00f8lsom hud<\/li>\r\n \t<li>Med BLACK COCONUT-aroma - kraftfuld kokosaroma med lette tr\u00e6agtige noter, rav og vanilje<\/li>\r\n<\/ul>","_v2024__why_use__product_notes_and_remarks":"*Olien indeholder ikke et UV-filter.","_v2024__why_use__background_color":"#FBF1EB","_v2024__why_use__heading_color":"#816c65","_v2024__why_use__text_color":"#816c65","_v2024__why_use__image_desktop":1000006702,"_v2024__why_use__image_mobile":1000006703,"_v2024__stats_show":false,"_v2024__stats_repeater":null,"_v2024__stats_repeater_disclaimer":null,"_v2024__benefits__icons_repeater":[{"_v2024__benefit__icons_repeater_icon":1000006739,"_v2024__benefit__icons_repeater_text":"HURTIG, DYB OG LANGVARIG TAN"},{"_v2024__benefit__icons_repeater_icon":1000006748,"_v2024__benefit__icons_repeater_text":"SYNLIGE RESULTATER MED MINDRE TID UNDER SOLEN"},{"_v2024__benefit__icons_repeater_icon":1000006746,"_v2024__benefit__icons_repeater_text":"\u00d8KOLOGISKE OG NATURLIGE INGREDIENSER"},{"_v2024__benefit__icons_repeater_icon":1000006734,"_v2024__benefit__icons_repeater_text":"BLACK COCONUT-AROMA"}],"_v2024__image_ingreddients__intro_text":"En kombination af \u00f8kologiske olier og naturligt E-vitamin leverer et v\u00e6ld af n\u00e6ringsstoffer til huden og sikrer maksimale resultater p\u00e5 stranden og i et solarie.","_v2024__image_ingreddients__additional_description":"","_v2024__image_ingreddients__disclamer_inner":"","_v2024__image_ingredients__repeater":[{"_v2024__image_ingredients__ingredient_image":1000006712,"_v2024__image_ingredients__ingredient_title":"KOKOSOLIE","_v2024__image_ingredients__ingredient_description":"Absorberes hurtigt, hydrerer i dybten og efterlader huden bl\u00f8d og smidig. Beskytter mod solskader og \u00e6ldningspletter, samtidig med at den giver en gylden tone."},{"_v2024__image_ingredients__ingredient_image":1000006711,"_v2024__image_ingredients__ingredient_title":"KAKAOSM\u00d8R","_v2024__image_ingredients__ingredient_description":"Vidunderlig \"n\u00e6ring\" til huden. Regenererer huden og forebygger str\u00e6km\u00e6rker. Fremmer dannelsen af en j\u00e6vn, dyb og m\u00f8rk farve."},{"_v2024__image_ingredients__ingredient_image":1000006717,"_v2024__image_ingredients__ingredient_title":"JOJOBA OLIE","_v2024__image_ingredients__ingredient_description":"Balancerer og beroliger huden og fremmer en glat og klar teint."},{"_v2024__image_ingredients__ingredient_image":1000006706,"_v2024__image_ingredients__ingredient_title":"S\u00d8D MANDELOLIE","_v2024__image_ingredients__ingredient_description":"Beroliger og forbedrer hudens tekstur og tone. Reducerer r\u00f8dme og bet\u00e6ndelse."},{"_v2024__image_ingredients__ingredient_image":1000006730,"_v2024__image_ingredients__ingredient_title":"NATURLIG E-VITAMIN","_v2024__image_ingredients__ingredient_description":"Kraftig antioxidant, der bek\u00e6mper alderssymptomer og hj\u00e6lper hudens naturlige helingsproces."}],"_v2024__image_ingredients__all_ingredients":"COCOS NUCIFERA OIL*,COCONUT ALKANES, PRUNUS AMYGDALUS DULCIS OIL*, SIMMONDSIA CHINENSIS SEED OIL*, THEOBROMA CACAO SEED BUTTER*, TOCOPHEROL, HELIANTHUS ANNUUS SEED OIL, PARFUM, LINALOOL, COUMARINE, EUGENOL, ALPHA ISOMETHYL IONONE, CINNAMAL, HEXYL CINNAMAL <strong>&lt;(COCONUT OIL*, EMOLLIENT FROM COCONUT OIL, SWEET ALMOND OIL*, JOJOBA OIL*, CACAO BUTTER*, NATURAL VITAMIN E, SUNFLOWER SEED OIL, PARFUM, LINALOOL, COUMARINE, EUGENOL, ALPHA ISOMETHYL IONONE, CINNAMAL, HEXYL CINNAMAL)<\/strong>\r\n\r\n<em>*Organisk certificerede ingredienser<\/em>\r\n\r\n<em>Bem\u00e6rk venligst, at ingredienslisten kan variere lidt over tid p\u00e5 grund af produktforbedringer. Se indpakning for opdaterede information.<\/em>","_v2024__usage_content__left_content":"<h4>TAN UNDER SOLEN ELLER I ET SOLARBIN<\/h4>\r\nN\u00e5r det uds\u00e6ttes for solen, anbefales det at blive brugt i kombination med et solcremeprodukt:\r\n<ol>\r\n \t<li>P\u00e5f\u00f8r solcreme og vent i 15 minutter med at absorbere.<\/li>\r\n \t<li>P\u00e5f\u00f8r sololie.<\/li>\r\n \t<li>P\u00e5f\u00f8r igen hver 2. time og efter sv\u00f8mning.<\/li>\r\n<\/ol>\r\n<h4>BRUG HVER DAG<\/h4>\r\nBrug umiddelbart efter et brusebad p\u00e5 fugtig eller t\u00f8r hud, n\u00e5r porerne er \u00e5bne og klar til at absorbere maksimal m\u00e6ngde af ingredienserne.\r\n<h4>BRUG TIL MASSAGE<\/h4>\r\nPerfekt at bruge som massageolie.","_v2024__usage_content__right_bottom_content":"","_v2024__usage_content__note":"<strong>BEM\u00c6RK VENLIGST<\/strong>: Olien indeholder ingen solbeskyttende UV-filter. N\u00e5r man uds\u00e6ttes for direkte sollys, anbefales det at bruge det i kombination med et solcreme-produkt. Produktet er ikke en selvbruner. Overdreven soleksponering udg\u00f8r en alvorlig trussel mod sundheden.","_v2024__usage_content__storage":"Opbevares p\u00e5 et k\u00f8ligt og t\u00f8rt sted. M\u00e5 ikke opbevares i k\u00f8leskab. Produktet bliver t\u00f8r, n\u00e5r det opbevares koldt, og indholdet af kommer ikke ud gennem pumpen. For at g\u00f8re det flydende, lad ved stuetemperatur over 25 \u00b0C. \u00c5bn ikke flasken, n\u00e5r produktet er t\u00f8r, da dette kan beskadige pumpen.\r\n\r\n&nbsp;\r\n\r\nKun til udvendig brug. Stop brugen, hvis irritation opst\u00e5r. M\u00e5 ikke anvendes p\u00e5 beskadiget eller \u00f8delagt hud. Undg\u00e5 kontakt med \u00f8jnene. Opbevares utilg\u00e6ngeligt for b\u00f8rn!"},"_links":{"self":[{"href":"https:\/\/cocosolis.com\/dk\/wp-json\/wp\/v2\/product\/376","targetHints":{"allow":["GET"]}}],"collection":[{"href":"https:\/\/cocosolis.com\/dk\/wp-json\/wp\/v2\/product"}],"about":[{"href":"https:\/\/cocosolis.com\/dk\/wp-json\/wp\/v2\/types\/product"}],"wp:featuredmedia":[{"embeddable":true,"href":"https:\/\/cocosolis.com\/dk\/wp-json\/"}],"wp:attachment":[{"href":"https:\/\/cocosolis.com\/dk\/wp-json\/wp\/v2\/media?parent=376"}],"wp:term":[{"taxonomy":"product_brand","embeddable":true,"href":"https:\/\/cocosolis.com\/dk\/wp-json\/wp\/v2\/product_brand?post=376"},{"taxonomy":"product_cat","embeddable":true,"href":"https:\/\/cocosolis.com\/dk\/wp-json\/wp\/v2\/product_cat?post=376"},{"taxonomy":"product_tag","embeddable":true,"href":"https:\/\/cocosolis.com\/dk\/wp-json\/wp\/v2\/product_tag?post=376"},{"taxonomy":"product_template","embeddable":true,"href":"https:\/\/cocosolis.com\/dk\/wp-json\/wp\/v2\/product_template?post=376"}],"curies":[{"name":"wp","href":"https:\/\/api.w.org\/{rel}","templated":true}]}}