{"id":1000000955,"date":"2025-07-03T11:16:03","date_gmt":"2025-07-03T09:16:03","guid":{"rendered":"https:\/\/cocosolis.com\/dk\/product\/body-gua-sha-anti-cellulite-sculpting-massager\/"},"modified":"2025-10-28T15:38:38","modified_gmt":"2025-10-28T14:38:38","slug":"body-gua-sha-anti-cellulite-sculpting-massager","status":"publish","type":"product","link":"https:\/\/cocosolis.com\/dk\/product\/body-gua-sha-anti-cellulite-sculpting-massager\/","title":{"rendered":"BODY GUA SHA Anti-cellulite &amp; Sculpting Massager"},"content":{"rendered":"","protected":false},"excerpt":{"rendered":"<p>Lichaamsmassageapparaat van natuurlijk hout. Egaliseert cellulitis en modelleert het silhouet.<\/p>\n","protected":false},"featured_media":1000008683,"template":"","meta":{"_acf_changed":false},"product_brand":[],"product_cat":[19],"product_tag":[],"product_template":[64],"class_list":{"0":"post-1000000955","1":"product","2":"type-product","3":"status-publish","4":"has-post-thumbnail","6":"product_cat-skin","7":"product_template-v-2024-clean","9":"first","10":"instock","11":"shipping-taxable","12":"purchasable","13":"product-type-simple"},"acf":{"_v2024__listing_and_sharing_info__listing_category":"BODY GUA SHA","_v2024__listing_and_sharing_info__product_type":"Anti-cellulite &amp; Sculpting Massager","_v2024__listing__and_sharing_info__listing_below_title_in_product_page":"Lichaamsmassageapparaat van natuurlijk hout. Egaliseert cellulitis en modelleert het silhouet. Stimuleert de bloedsomloop en bevordert de lymfedrainage.","_v2024__listing_and_sharing_info__listing_description":"Lichaamsmassageapparaat van natuurlijk hout. Egaliseert cellulitis en modelleert het silhouet.","_v2024__listing_and_sharing_info__image":1000008683,"_v2024__product_hero__hero_type":"carousel","_v2024__product_hero__product_slider_gallery":[{"_v2024__product_hero__product_slider_gallery__image":1000008055,"_v2024__product_hero__product_slider_gallery__video_link":""},{"_v2024__product_hero__product_slider_gallery__image":1000008116,"_v2024__product_hero__product_slider_gallery__video_link":""},{"_v2024__product_hero__product_slider_gallery__image":1000008056,"_v2024__product_hero__product_slider_gallery__video_link":""},{"_v2024__product_hero__product_slider_gallery__image":1000008117,"_v2024__product_hero__product_slider_gallery__video_link":""},{"_v2024__product_hero__product_slider_gallery__image":1000008118,"_v2024__product_hero__product_slider_gallery__video_link":""},{"_v2024__product_hero__product_slider_gallery__image":1000008119,"_v2024__product_hero__product_slider_gallery__video_link":""}],"_v2024__before_and_after_image":"","_v2024__before_and_after_image_mobile":"","_v2024__product_hero__quantity":"","_v2024__product_hero__product_disclamer":"","_v2024__why_use__should_show":"visible","_v2024__why_use__description_text":"","_v2024__why_use__text_content":"<ul>\r\n \t<li>Vermindert zichtbaar cellulitis door vezelachtige cellen af te breken<\/li>\r\n \t<li>Richt zich op hardnekkig vet op de dijen, buik en kont<\/li>\r\n \t<li>Vormt het silhouet en verbetert de elasticiteit van de huid<\/li>\r\n \t<li>Stimuleert de bloedsomloop, lymfedrainage en verwijdering van gifstoffen<\/li>\r\n \t<li>Levert een maximaal anticellulitis- en lipolytisch effect bij gebruik met onze best verkopende lichaamsolie SKIN Anti-cellulite<\/li>\r\n \t<li>Lichtgewicht, ergonomisch en gemaakt van hoogwaardig, duurzaam beukenhout<\/li>\r\n<\/ul>","_v2024__why_use__product_notes_and_remarks":"","_v2024__why_use__background_color":"#FBF1EB","_v2024__why_use__heading_color":"#816c65","_v2024__why_use__text_color":"#816c65","_v2024__why_use__image_desktop":1000008061,"_v2024__why_use__image_mobile":1000008062,"_v2024__stats_show":false,"_v2024__stats_repeater":null,"_v2024__stats_repeater_disclaimer":null,"_v2024__benefits__icons_repeater":null,"_v2024__image_ingreddients__intro_text":"","_v2024__image_ingreddients__additional_description":"","_v2024__image_ingreddients__disclamer_inner":"","_v2024__image_ingredients__repeater":null,"_v2024__image_ingredients__all_ingredients":"","_v2024__usage_content__left_content":"<strong>WAAR<\/strong>: dijen, kont, buik, armen en gezicht\r\n\r\n<strong>HOE VAAK<\/strong>: dagelijks of minstens vier keer per week\r\n<p class=\"product_guaSha_advice\"><strong>TIP: gebruik het product altijd met een lichaamsolie \u2014 voor het beste resultaat raden we <a href=\"https:\/\/cocosolis.com\/dk\/product\/skin-anti-cellulite-dry-oil\/\" target=\"_blank\" rel=\"noopener\">SKIN Anti-cellulite<\/a> aan<\/strong><\/p>\r\n\r\n<ol>\r\n \t<li style=\"list-style-type: none\">\r\n<ol>\r\n \t<li>Breng een royale hoeveelheid lichaamsolie uit het SKIN-assortiment aan op een schone, droge huid.<\/li>\r\n \t<li>Masseer elk gebied gedurende 5\u201310 minuten met soepele bewegingen in de richting van de lymfestroom \u2014 van de buitenste delen van het lichaam naar het midden.<\/li>\r\n \t<li>Reinig met een zachte, droge of licht vochtige doek. Vermijd afspoelen met water.<\/li>\r\n \t<li><\/li>\r\n<\/ol>\r\n<\/li>\r\n<\/ol>\r\nBewaar het product op een droge plaats (bij voorkeur niet in de badkamer) en uit de buurt van warmtebronnen.\r\n<h4 class=\"ingredientsAndUsage_usage_grid_left_title\">MATERIAAL<\/h4>\r\n100% beukenhout\r\n\r\n<em>Genanvendelig. Brug med en passende kropsolie. M\u00e5 ikke anvendes p\u00e5 irriteret, beskadiget eller bet\u00e6ndt hud. Stop brugen, hvis irritation eller ubehag opst\u00e5r. Ikke et leget\u00f8j. Opbevares t\u00f8rt, v\u00e6k fra fugt og varme, uden for b\u00f8rns r\u00e6kkevidde. Reng\u00f8r efter brug med en bl\u00f8d, t\u00f8r eller let fugtig klud. Skyl ikke med vand. Materiale: 100 % b\u00f8getr\u00e6.<\/em>\r\n\r\n&nbsp;","_v2024__usage_content__right_bottom_content":"","_v2024__usage_content__note":"","_v2024__usage_content__storage":""},"_links":{"self":[{"href":"https:\/\/cocosolis.com\/dk\/wp-json\/wp\/v2\/product\/1000000955","targetHints":{"allow":["GET"]}}],"collection":[{"href":"https:\/\/cocosolis.com\/dk\/wp-json\/wp\/v2\/product"}],"about":[{"href":"https:\/\/cocosolis.com\/dk\/wp-json\/wp\/v2\/types\/product"}],"wp:featuredmedia":[{"embeddable":true,"href":"https:\/\/cocosolis.com\/dk\/wp-json\/"}],"wp:attachment":[{"href":"https:\/\/cocosolis.com\/dk\/wp-json\/wp\/v2\/media?parent=1000000955"}],"wp:term":[{"taxonomy":"product_brand","embeddable":true,"href":"https:\/\/cocosolis.com\/dk\/wp-json\/wp\/v2\/product_brand?post=1000000955"},{"taxonomy":"product_cat","embeddable":true,"href":"https:\/\/cocosolis.com\/dk\/wp-json\/wp\/v2\/product_cat?post=1000000955"},{"taxonomy":"product_tag","embeddable":true,"href":"https:\/\/cocosolis.com\/dk\/wp-json\/wp\/v2\/product_tag?post=1000000955"},{"taxonomy":"product_template","embeddable":true,"href":"https:\/\/cocosolis.com\/dk\/wp-json\/wp\/v2\/product_template?post=1000000955"}],"curies":[{"name":"wp","href":"https:\/\/api.w.org\/{rel}","templated":true}]}}