{"id":1000000865,"date":"2025-03-20T11:00:54","date_gmt":"2025-03-20T10:00:54","guid":{"rendered":"https:\/\/cocosolis.com\/dk\/product\/grow-hair-growth-massager\/"},"modified":"2025-10-28T15:38:38","modified_gmt":"2025-10-28T14:38:38","slug":"grow-hair-growth-massager","status":"publish","type":"product","link":"https:\/\/cocosolis.com\/dk\/product\/grow-hair-growth-massager\/","title":{"rendered":"GROW Scalp Massager"},"content":{"rendered":"","protected":false},"excerpt":{"rendered":"<p>Massageapparat til hovedbunden. Stimulerer h\u00e5rv\u00e6kst. Renser blidt og i dybden.<\/p>\n","protected":false},"featured_media":1000007069,"template":"","meta":{"_acf_changed":false},"product_brand":[],"product_cat":[17],"product_tag":[],"product_template":[64],"class_list":{"0":"post-1000000865","1":"product","2":"type-product","3":"status-publish","4":"has-post-thumbnail","6":"product_cat-hair","7":"product_template-v-2024-clean","9":"first","10":"instock","11":"shipping-taxable","12":"purchasable","13":"product-type-simple"},"acf":{"_v2024__listing_and_sharing_info__listing_category":"GROW","_v2024__listing_and_sharing_info__product_type":"Scalp Massager","_v2024__listing__and_sharing_info__listing_below_title_in_product_page":"Massageapparat til hovedbunden. Stimulerer h\u00e5rv\u00e6kst. Skummer shampooen for en dyb, sk\u00e5nsom rensning. Eksfolierer.","_v2024__listing_and_sharing_info__listing_description":"Massageapparat til hovedbunden. Stimulerer h\u00e5rv\u00e6kst. Renser blidt og i dybden.","_v2024__listing_and_sharing_info__image":1000007068,"_v2024__product_hero__hero_type":"carousel","_v2024__product_hero__product_slider_gallery":[{"_v2024__product_hero__product_slider_gallery__image":1000007047,"_v2024__product_hero__product_slider_gallery__video_link":""},{"_v2024__product_hero__product_slider_gallery__image":1000007165,"_v2024__product_hero__product_slider_gallery__video_link":""},{"_v2024__product_hero__product_slider_gallery__image":1000007048,"_v2024__product_hero__product_slider_gallery__video_link":""},{"_v2024__product_hero__product_slider_gallery__image":1000007049,"_v2024__product_hero__product_slider_gallery__video_link":""},{"_v2024__product_hero__product_slider_gallery__image":1000007050,"_v2024__product_hero__product_slider_gallery__video_link":""},{"_v2024__product_hero__product_slider_gallery__image":1000007166,"_v2024__product_hero__product_slider_gallery__video_link":""}],"_v2024__before_and_after_image":"","_v2024__before_and_after_image_mobile":"","_v2024__product_hero__quantity":"","_v2024__product_hero__product_disclamer":"","_v2024__why_use__should_show":"visible","_v2024__why_use__description_text":"","_v2024__why_use__text_content":"<ul>\r\n \t<li>Skaber et fyldigt skum for en dyb, j\u00e6vn rensning<\/li>\r\n \t<li>Eksfolierer blidt for at fjerne produktophobninger og d\u00f8de hudceller<\/li>\r\n \t<li>\u00d8ger mikrocirkulationen i hovedbunden<\/li>\r\n \t<li>Forbedrer optagelsen af de produkter, der p\u00e5f\u00f8res bagefter, f.eks. serum<\/li>\r\n \t<li>Stimulerer h\u00e5rets v\u00e6kst<\/li>\r\n \t<li>Velegnet til alle h\u00e5rtyper, herunder fint, tykt og kr\u00f8llet h\u00e5r, samt til b\u00f8rn og m\u00e6nd<\/li>\r\n \t<li>Fremstillet af soft-touch-silikone af h\u00f8j kvalitet med et ergonomisk design og sk\u00e5nsomme spidser<\/li>\r\n<\/ul>","_v2024__why_use__product_notes_and_remarks":"","_v2024__why_use__background_color":"#FBF1EB","_v2024__why_use__heading_color":"#816c65","_v2024__why_use__text_color":"#816c65","_v2024__why_use__image_desktop":1000007062,"_v2024__why_use__image_mobile":1000007063,"_v2024__stats_show":false,"_v2024__stats_repeater":null,"_v2024__stats_repeater_disclaimer":null,"_v2024__benefits__icons_repeater":null,"_v2024__image_ingreddients__intro_text":"","_v2024__image_ingreddients__additional_description":"","_v2024__image_ingreddients__disclamer_inner":"","_v2024__image_ingredients__repeater":null,"_v2024__image_ingredients__all_ingredients":"","_v2024__usage_content__left_content":"<ol>\r\n \t<li>G\u00f8r h\u00e5ret og hovedbunden v\u00e5de.<\/li>\r\n \t<li>Mass\u00e9r forsigtigt <a href=\"\/dk\/product\/grow-hair-growth-shampoo\/\">shampooen fra GROW<\/a> ind i hovedbunden.<\/li>\r\n \t<li>Brug massageapparatet til hovedbunden fra GROW. Bev\u00e6g dig forsigtigt i sm\u00e5 cirkler i 2-3 minutter.<\/li>\r\n \t<li>Skyl shampooen grundigt ud.<\/li>\r\n \t<li>P\u00e5f\u00f8r <a href=\"\/dk\/product\/grow-hair-growth-conditioner\">balsam fra GROW<\/a> i b\u00e5de hovedbund (hvis du ikke har fedtet h\u00e5r) og h\u00e5ret, og skyl ud efter 5 minutter.<\/li>\r\n<\/ol>\r\n<h4>MATERIAL<\/h4>\r\n100 % bl\u00f8d silikone, BPA-fri","_v2024__usage_content__right_bottom_content":"","_v2024__usage_content__note":"","_v2024__usage_content__storage":""},"_links":{"self":[{"href":"https:\/\/cocosolis.com\/dk\/wp-json\/wp\/v2\/product\/1000000865","targetHints":{"allow":["GET"]}}],"collection":[{"href":"https:\/\/cocosolis.com\/dk\/wp-json\/wp\/v2\/product"}],"about":[{"href":"https:\/\/cocosolis.com\/dk\/wp-json\/wp\/v2\/types\/product"}],"wp:featuredmedia":[{"embeddable":true,"href":"https:\/\/cocosolis.com\/dk\/wp-json\/"}],"wp:attachment":[{"href":"https:\/\/cocosolis.com\/dk\/wp-json\/wp\/v2\/media?parent=1000000865"}],"wp:term":[{"taxonomy":"product_brand","embeddable":true,"href":"https:\/\/cocosolis.com\/dk\/wp-json\/wp\/v2\/product_brand?post=1000000865"},{"taxonomy":"product_cat","embeddable":true,"href":"https:\/\/cocosolis.com\/dk\/wp-json\/wp\/v2\/product_cat?post=1000000865"},{"taxonomy":"product_tag","embeddable":true,"href":"https:\/\/cocosolis.com\/dk\/wp-json\/wp\/v2\/product_tag?post=1000000865"},{"taxonomy":"product_template","embeddable":true,"href":"https:\/\/cocosolis.com\/dk\/wp-json\/wp\/v2\/product_template?post=1000000865"}],"curies":[{"name":"wp","href":"https:\/\/api.w.org\/{rel}","templated":true}]}}