{"id":1000000864,"date":"2025-03-20T11:00:52","date_gmt":"2025-03-20T10:00:52","guid":{"rendered":"https:\/\/cocosolis.com\/dk\/product\/grow-hair-growth-conditioner\/"},"modified":"2025-10-28T15:38:39","modified_gmt":"2025-10-28T14:38:39","slug":"grow-hair-growth-conditioner","status":"publish","type":"product","link":"https:\/\/cocosolis.com\/dk\/product\/grow-hair-growth-conditioner\/","title":{"rendered":"GROW Growth &amp; Anti-aging Conditioner"},"content":{"rendered":"","protected":false},"excerpt":{"rendered":"<p>Balsam til h\u00e5rv\u00e6kst med KERASCALP\u2122. Med anti-aging effekt.<\/p>\n","protected":false},"featured_media":1000007067,"template":"","meta":{"_acf_changed":false},"product_brand":[],"product_cat":[17],"product_tag":[],"product_template":[64],"class_list":{"0":"post-1000000864","1":"product","2":"type-product","3":"status-publish","4":"has-post-thumbnail","6":"product_cat-hair","7":"product_template-v-2024-clean","9":"first","10":"instock","11":"shipping-taxable","12":"purchasable","13":"product-type-simple"},"acf":{"_v2024__listing_and_sharing_info__listing_category":"GROW","_v2024__listing_and_sharing_info__product_type":"Growth &amp; Anti-aging Conditioner","_v2024__listing__and_sharing_info__listing_below_title_in_product_page":"Balsam til h\u00e5rv\u00e6kst med KERASCALP\u2122. Med anti-aging effekt. Dybt n\u00e6rende og klinisk bevist til at g\u00f8re h\u00e5ret t\u00e6ttere, tykkere og mere glansfuldt.","_v2024__listing_and_sharing_info__listing_description":"Balsam til h\u00e5rv\u00e6kst med KERASCALP\u2122. Med anti-aging effekt.","_v2024__listing_and_sharing_info__image":1000007066,"_v2024__product_hero__hero_type":"carousel","_v2024__product_hero__product_slider_gallery":[{"_v2024__product_hero__product_slider_gallery__image":1000007039,"_v2024__product_hero__product_slider_gallery__video_link":""},{"_v2024__product_hero__product_slider_gallery__image":1000007096,"_v2024__product_hero__product_slider_gallery__video_link":""},{"_v2024__product_hero__product_slider_gallery__image":1000007097,"_v2024__product_hero__product_slider_gallery__video_link":""},{"_v2024__product_hero__product_slider_gallery__image":1000007098,"_v2024__product_hero__product_slider_gallery__video_link":""},{"_v2024__product_hero__product_slider_gallery__image":1000007099,"_v2024__product_hero__product_slider_gallery__video_link":""},{"_v2024__product_hero__product_slider_gallery__image":1000007040,"_v2024__product_hero__product_slider_gallery__video_link":""},{"_v2024__product_hero__product_slider_gallery__image":"","_v2024__product_hero__product_slider_gallery__video_link":""},{"_v2024__product_hero__product_slider_gallery__image":1000007100,"_v2024__product_hero__product_slider_gallery__video_link":""}],"_v2024__before_and_after_image":1000007035,"_v2024__before_and_after_image_mobile":1000007036,"_v2024__product_hero__quantity":"200 ML","_v2024__product_hero__product_disclamer":"","_v2024__why_use__should_show":"visible","_v2024__why_use__description_text":"Denne balsam med KERASCALP\u2122 giver ikke kun n\u00e6ring, men styrker og forynger ogs\u00e5 fra rod til spids. Resultatet er h\u00e5r, der er let at f\u00e5 til at gro og sv\u00e6rt at kn\u00e6kke.","_v2024__why_use__text_content":"<ul>\r\n \t<li>Fugter i dybden, bl\u00f8dg\u00f8r, letter udfiltring og forebygger h\u00e5rbrud<\/li>\r\n \t<li>For maksimal effekt kan den anvendes p\u00e5 r\u00f8dderne af normalt og t\u00f8rt h\u00e5r<\/li>\r\n \t<li>Forvandler livl\u00f8st, tyndt h\u00e5r ved at styrke h\u00e5rs\u00e6kkene<\/li>\r\n \t<li>Forynger hovedbunden og h\u00e5ret ved at reducere gr\u00e5 h\u00e5r betydeligt<\/li>\r\n \t<li>Virker til alle h\u00e5rtyper<\/li>\r\n \t<li>Indeholder ikke parabener, SLES, SLS, paraffin, silikoner eller animalske ingredienser<\/li>\r\n \t<li>Betager sanserne med en frugtagtig duft<\/li>\r\n<\/ul>","_v2024__why_use__product_notes_and_remarks":"","_v2024__why_use__background_color":"#FBF1EB","_v2024__why_use__heading_color":"#816c65","_v2024__why_use__text_color":"#816c65","_v2024__why_use__image_desktop":1000007060,"_v2024__why_use__image_mobile":1000007061,"_v2024__stats_show":true,"_v2024__stats_repeater":[{"_v2024__stats_repeater_id":"stats_stronger_follicles","_v2024__stats_repeater_number":60,"_v2024__stats_repeater_description_title":"st\u00e6rkere h\u00e5rs\u00e6kke","_v2024__stats_repeater_description":"","_v2024__stats_repeater_asterisks":""},{"_v2024__stats_repeater_id":"stats_more_thickness","_v2024__stats_repeater_number":56,"_v2024__stats_repeater_description_title":"mere tykkelse","_v2024__stats_repeater_description":"","_v2024__stats_repeater_asterisks":""},{"_v2024__stats_repeater_id":"stats_more_density","_v2024__stats_repeater_number":49,"_v2024__stats_repeater_description_title":"mere t\u00e6thed","_v2024__stats_repeater_description":"","_v2024__stats_repeater_asterisks":""},{"_v2024__stats_repeater_id":"stats_more_shine","_v2024__stats_repeater_number":51,"_v2024__stats_repeater_description_title":"mere glans","_v2024__stats_repeater_description":"","_v2024__stats_repeater_asterisks":""}],"_v2024__stats_repeater_disclaimer":[{"_v2024__stats_repeater_disclaimer_text":"I henhold til en in vitro-test og in vivo-test af den naturlige ingrediens Kerascalp\u2122"}],"_v2024__benefits__icons_repeater":[{"_v2024__benefit__icons_repeater_icon":1000007085,"_v2024__benefit__icons_repeater_text":"DYB N\u00c6RING"},{"_v2024__benefit__icons_repeater_icon":1000007081,"_v2024__benefit__icons_repeater_text":"ANTI-AGING EFFEKT"},{"_v2024__benefit__icons_repeater_icon":1000007082,"_v2024__benefit__icons_repeater_text":"ST\u00d8RRE T\u00c6THED OG GLANS"},{"_v2024__benefit__icons_repeater_icon":1000007084,"_v2024__benefit__icons_repeater_text":"UDVIKLET AF EKSPERTER"}],"_v2024__image_ingreddients__intro_text":"I hjertet af den transformerende effekt af GROW-balsam er den naturlige aktive ingrediens KERASCALP\u2122, der blander gamle ayurvediske traditioner med banebrydende videnskabelig forskning. Kombineret med rene planteekstrakter og vitaminer hj\u00e6lper det med at skabe st\u00e6rkt, smukt h\u00e5r, der vokser.","_v2024__image_ingreddients__additional_description":"","_v2024__image_ingreddients__disclamer_inner":"","_v2024__image_ingredients__repeater":[{"_v2024__image_ingredients__ingredient_image":1000007073,"_v2024__image_ingredients__ingredient_title":"KERASCALP\u2122","_v2024__image_ingredients__ingredient_description":"En naturlig aktiv ingrediens udvundet af amlafrugten, som er kendt for sine adaptogene og anti-aging egenskaber, og som i vid udstr\u00e6kning anvendes i ayurvedisk medicin. Det stimulerer produktionen af kollagen XVII, som styrker h\u00e5rs\u00e6kkene og bremser udtynding, h\u00e5rtab og gr\u00e5farvning. Derudover reducerer det aktiviteten af elastase, et enzym, der beskadiger h\u00e5rs\u00e6kkene og fremskynder aldring. Det er klinisk bevist, at det g\u00f8r h\u00e5ret tykkere, t\u00e6ttere, st\u00e6rkere og mere glansfuldt."},{"_v2024__image_ingredients__ingredient_image":1000007074,"_v2024__image_ingredients__ingredient_title":"PANTHENOL","_v2024__image_ingredients__ingredient_description":"Fugter og beroliger hovedbunden, styrker h\u00e5rs\u00e6kkene, reducerer h\u00e5rbrud og giver h\u00e5ret glans og glathed."},{"_v2024__image_ingredients__ingredient_image":1000006712,"_v2024__image_ingredients__ingredient_title":"KOKOSOLIE","_v2024__image_ingredients__ingredient_description":"N\u00e6rer og fugter i dybden, styrker h\u00e5rets struktur og efterlader h\u00e5ret silkebl\u00f8dt og sp\u00e6ndstigt."},{"_v2024__image_ingredients__ingredient_image":1000007075,"_v2024__image_ingredients__ingredient_title":"HYBENEKSTRAKT","_v2024__image_ingredients__ingredient_description":"Fylder h\u00e5r og hovedbund med vitaminer og antioxidanter, der revitaliserer dem og g\u00f8r dem mere modstandsdygtige."},{"_v2024__image_ingredients__ingredient_image":1000007072,"_v2024__image_ingredients__ingredient_title":"HEDE-EKSTRAKT","_v2024__image_ingredients__ingredient_description":"Med sine antioxidante og antiinflammatoriske egenskaber underst\u00f8tter det h\u00e5rs\u00e6kkenes sundhed og bidrager til et st\u00e6rkere og mere levende h\u00e5r."},{"_v2024__image_ingredients__ingredient_image":1000007076,"_v2024__image_ingredients__ingredient_title":"STEDMODERBLOMST-EKSTRAKT","_v2024__image_ingredients__ingredient_description":"N\u00e6rer intensivt, fugter og forbedrer cirkulationen, hvilket underst\u00f8tter optimal h\u00e5rv\u00e6kst."},{"_v2024__image_ingredients__ingredient_image":1000007077,"_v2024__image_ingredients__ingredient_title":"L\u00c6GEJERNURT BLOMSTEREKSTRAKT","_v2024__image_ingredients__ingredient_description":"N\u00e6rer intensivt, fugter og forbedrer cirkulationen, hvilket underst\u00f8tter optimal h\u00e5rv\u00e6kst."},{"_v2024__image_ingredients__ingredient_image":1000006730,"_v2024__image_ingredients__ingredient_title":"NATURLIG E-VITAMIN","_v2024__image_ingredients__ingredient_description":"Kraftig antioxidant, der fremmer h\u00e5rv\u00e6ksten og hovedbundens helbred."}],"_v2024__image_ingredients__all_ingredients":"Aqua, Myristyl Alcohol**, Glycerin**, Behentrimonium Chloride, Cetyl Palmitate, Panthenol, Cocos Nucifera Oil*, Coconut Alkanes**, Propanediol**, Phyllanthus Emblica Fruit Extract**, Rosa Canina Flower Extract*, Calluna Vulgaris Flower Extract*, Viola Tricolor Extract*, Centaurium Erythraea Flower Extract*, Verbena Officinalis Flower Extract*, Cetyl Alcohol**, Lauryl Alcohol**, Citric Acid**, Parfum, Sodium Levulinate**, Sodium Benzoate, Potassium Sorbate, Limonene, Citrus Aurantium Peel Oil, Hexyl Cinnamal, Linalool, Tetramethyl Acetyloctahydronaphthalenes, Citrus Limon Oil\r\n\r\n*Certified Organic Ingredients\r\n**Ingredients From Natural Origin\r\n\r\n<em>Bem\u00e6rk venligst, at ingredienslisten kan variere lidt over tid p\u00e5 grund af produktforbedringer. Se indpakning for opdaterede information.<\/em>","_v2024__usage_content__left_content":"<strong>HVOR<\/strong>: H\u00e5r og hovedbund (anvend ikke i hovedbunden i tilf\u00e6lde af fedtet h\u00e5r)\r\n\r\n<strong>HVORDAN<\/strong>: P\u00e5f\u00f8r i fugtigt h\u00e5r (og hovedbund) med blide massagebev\u00e6gelser, lad det virke i mindst 5 minutter, og skyl ud\r\n\r\n<strong>HVOR OFTE<\/strong>: Afh\u00e6ngigt af din s\u00e6dvanlige h\u00e5rvaskerutine\r\n\r\n<strong>FOR BEDSTE RESULTAT<\/strong>: ombiner med <a href=\"https:\/\/cocosolis.com\/dk\/product\/grow-hair-growth-shampoo\/\">GROW shampoo<\/a> og <a href=\"https:\/\/cocosolis.com\/dk\/product\/grow-hair-growth-serum-spray\/\">GROW serum spray<\/a>.","_v2024__usage_content__right_bottom_content":"","_v2024__usage_content__note":"","_v2024__usage_content__storage":"Kun til udvendig brug. Stop brugen, hvis irritation opst\u00e5r. M\u00e5 ikke anvendes p\u00e5 beskadiget eller \u00f8delagt hud. Undg\u00e5 kontakt med \u00f8jnene. Opbevares utilg\u00e6ngeligt for b\u00f8rn!"},"_links":{"self":[{"href":"https:\/\/cocosolis.com\/dk\/wp-json\/wp\/v2\/product\/1000000864","targetHints":{"allow":["GET"]}}],"collection":[{"href":"https:\/\/cocosolis.com\/dk\/wp-json\/wp\/v2\/product"}],"about":[{"href":"https:\/\/cocosolis.com\/dk\/wp-json\/wp\/v2\/types\/product"}],"wp:featuredmedia":[{"embeddable":true,"href":"https:\/\/cocosolis.com\/dk\/wp-json\/"}],"wp:attachment":[{"href":"https:\/\/cocosolis.com\/dk\/wp-json\/wp\/v2\/media?parent=1000000864"}],"wp:term":[{"taxonomy":"product_brand","embeddable":true,"href":"https:\/\/cocosolis.com\/dk\/wp-json\/wp\/v2\/product_brand?post=1000000864"},{"taxonomy":"product_cat","embeddable":true,"href":"https:\/\/cocosolis.com\/dk\/wp-json\/wp\/v2\/product_cat?post=1000000864"},{"taxonomy":"product_tag","embeddable":true,"href":"https:\/\/cocosolis.com\/dk\/wp-json\/wp\/v2\/product_tag?post=1000000864"},{"taxonomy":"product_template","embeddable":true,"href":"https:\/\/cocosolis.com\/dk\/wp-json\/wp\/v2\/product_template?post=1000000864"}],"curies":[{"name":"wp","href":"https:\/\/api.w.org\/{rel}","templated":true}]}}