{"id":1000000863,"date":"2025-03-20T11:00:51","date_gmt":"2025-03-20T10:00:51","guid":{"rendered":"https:\/\/cocosolis.com\/dk\/product\/grow-hair-growth-shampoo\/"},"modified":"2025-10-28T15:38:41","modified_gmt":"2025-10-28T14:38:41","slug":"grow-hair-growth-shampoo","status":"publish","type":"product","link":"https:\/\/cocosolis.com\/dk\/product\/grow-hair-growth-shampoo\/","title":{"rendered":"GROW Growth &amp; Anti-aging Shampoo"},"content":{"rendered":"","protected":false},"excerpt":{"rendered":"<p>Shampoo til h\u00e5rv\u00e6kst med KERASCALP\u2122. Med anti-aging effekt.<\/p>\n","protected":false},"featured_media":1000007071,"template":"","meta":{"_acf_changed":false},"product_brand":[],"product_cat":[17],"product_tag":[],"product_template":[64],"class_list":{"0":"post-1000000863","1":"product","2":"type-product","3":"status-publish","4":"has-post-thumbnail","6":"product_cat-hair","7":"product_template-v-2024-clean","9":"first","10":"instock","11":"shipping-taxable","12":"purchasable","13":"product-type-simple"},"acf":{"_v2024__listing_and_sharing_info__listing_category":"GROW","_v2024__listing_and_sharing_info__product_type":"Growth &amp; Anti-aging Shampoo","_v2024__listing__and_sharing_info__listing_below_title_in_product_page":"Shampoo til h\u00e5rv\u00e6kst med KERASCALP\u2122. Med anti-aging effekt. Klinisk bevist til at g\u00f8re h\u00e5ret t\u00e6ttere, tykkere og mere glansfuldt.","_v2024__listing_and_sharing_info__listing_description":"Shampoo til h\u00e5rv\u00e6kst med KERASCALP\u2122. Med anti-aging effekt.","_v2024__listing_and_sharing_info__image":1000007070,"_v2024__product_hero__hero_type":"carousel","_v2024__product_hero__product_slider_gallery":[{"_v2024__product_hero__product_slider_gallery__image":1000007053,"_v2024__product_hero__product_slider_gallery__video_link":""},{"_v2024__product_hero__product_slider_gallery__image":1000007201,"_v2024__product_hero__product_slider_gallery__video_link":""},{"_v2024__product_hero__product_slider_gallery__image":1000007202,"_v2024__product_hero__product_slider_gallery__video_link":""},{"_v2024__product_hero__product_slider_gallery__image":1000007203,"_v2024__product_hero__product_slider_gallery__video_link":""},{"_v2024__product_hero__product_slider_gallery__image":1000007204,"_v2024__product_hero__product_slider_gallery__video_link":""},{"_v2024__product_hero__product_slider_gallery__image":1000007054,"_v2024__product_hero__product_slider_gallery__video_link":""},{"_v2024__product_hero__product_slider_gallery__image":1000007205,"_v2024__product_hero__product_slider_gallery__video_link":""}],"_v2024__before_and_after_image":1000007037,"_v2024__before_and_after_image_mobile":1000007038,"_v2024__product_hero__quantity":"250 ML","_v2024__product_hero__product_disclamer":"","_v2024__why_use__should_show":"visible","_v2024__why_use__description_text":"Opn\u00e5 tykkere, st\u00e6rkere og mere glansfuldt h\u00e5r ved at stimulere h\u00e5rs\u00e6kkene og revitalisere hovedbunden med denne anti-aging shampoo til h\u00e5rv\u00e6kst med KERASCALP\u2122.","_v2024__why_use__text_content":"<ul>\r\n \t<li>Renser h\u00e5ret sk\u00e5nsomt og i dybden med sin naturlige formel, der er udviklet af eksperter<\/li>\r\n \t<li>Skaber optimale betingelser for h\u00e5rv\u00e6kst<\/li>\r\n \t<li>Forvandler livl\u00f8st, tyndt h\u00e5r ved at styrke h\u00e5rs\u00e6kkene<\/li>\r\n \t<li>Forynger hovedbunden og h\u00e5ret ved at reducere gr\u00e5 h\u00e5r betydeligt<\/li>\r\n \t<li>Virker til alle h\u00e5rtyper<\/li>\r\n \t<li>Indeholder ikke parabener, SLES, SLS, paraffin, silikoner eller animalske ingredienser<\/li>\r\n \t<li>Betager sanserne med en frugtagtig duft<\/li>\r\n<\/ul>","_v2024__why_use__product_notes_and_remarks":"","_v2024__why_use__background_color":"#FBF1EB","_v2024__why_use__heading_color":"#816c65","_v2024__why_use__text_color":"#816c65","_v2024__why_use__image_desktop":1000007064,"_v2024__why_use__image_mobile":1000007065,"_v2024__stats_show":true,"_v2024__stats_repeater":[{"_v2024__stats_repeater_id":"stats_stronger_follicles","_v2024__stats_repeater_number":60,"_v2024__stats_repeater_description_title":"st\u00e6rkere h\u00e5rs\u00e6kke","_v2024__stats_repeater_description":"","_v2024__stats_repeater_asterisks":""},{"_v2024__stats_repeater_id":"stats_more_thickness","_v2024__stats_repeater_number":56,"_v2024__stats_repeater_description_title":"mere tykkelse","_v2024__stats_repeater_description":"","_v2024__stats_repeater_asterisks":""},{"_v2024__stats_repeater_id":"stats_more_density","_v2024__stats_repeater_number":49,"_v2024__stats_repeater_description_title":"mere t\u00e6thed","_v2024__stats_repeater_description":"","_v2024__stats_repeater_asterisks":""},{"_v2024__stats_repeater_id":"stats_more_shine","_v2024__stats_repeater_number":51,"_v2024__stats_repeater_description_title":"mere glans","_v2024__stats_repeater_description":"","_v2024__stats_repeater_asterisks":""}],"_v2024__stats_repeater_disclaimer":[{"_v2024__stats_repeater_disclaimer_text":"I henhold til en in vitro-test og in vivo-test af den naturlige ingrediens Kerascalp\u2122"}],"_v2024__benefits__icons_repeater":[{"_v2024__benefit__icons_repeater_icon":1000007083,"_v2024__benefit__icons_repeater_text":"ACCELERERET V\u00c6KST"},{"_v2024__benefit__icons_repeater_icon":1000007081,"_v2024__benefit__icons_repeater_text":"ANTI-AGING EFFEKT"},{"_v2024__benefit__icons_repeater_icon":1000007082,"_v2024__benefit__icons_repeater_text":"ST\u00d8RRE T\u00c6THED OG GLANS"},{"_v2024__benefit__icons_repeater_icon":1000007084,"_v2024__benefit__icons_repeater_text":"UDVIKLET AF EKSPERTER"}],"_v2024__image_ingreddients__intro_text":"I hjertet af den transformerende effekt af GROW-shampooen er den naturlige aktive ingrediens KERASCALP\u2122, der blander gamle ayurvediske traditioner med banebrydende videnskabelig forskning. Kombineret med rene planteekstrakter og vitaminer hj\u00e6lper det med at skabe st\u00e6rkt, smukt h\u00e5r, der vokser.","_v2024__image_ingreddients__additional_description":"","_v2024__image_ingreddients__disclamer_inner":"","_v2024__image_ingredients__repeater":[{"_v2024__image_ingredients__ingredient_image":1000007073,"_v2024__image_ingredients__ingredient_title":"KERASCALP\u2122","_v2024__image_ingredients__ingredient_description":"En naturlig aktiv ingrediens udvundet af amlafrugten, som er kendt for sine adaptogene og anti-aging egenskaber, og som i vid udstr\u00e6kning anvendes i ayurvedisk medicin. Det stimulerer produktionen af kollagen XVII, som styrker h\u00e5rs\u00e6kkene og bremser udtynding, h\u00e5rtab og gr\u00e5farvning. Derudover reducerer det aktiviteten af elastase, et enzym, der beskadiger h\u00e5rs\u00e6kkene og fremskynder aldring. Det er klinisk bevist, at det g\u00f8r h\u00e5ret tykkere, t\u00e6ttere, st\u00e6rkere og mere glansfuldt."},{"_v2024__image_ingredients__ingredient_image":1000007074,"_v2024__image_ingredients__ingredient_title":"PANTHENOL","_v2024__image_ingredients__ingredient_description":"Fugter og beroliger hovedbunden, styrker h\u00e5rs\u00e6kkene, reducerer h\u00e5rbrud og giver h\u00e5ret glans og glathed."},{"_v2024__image_ingredients__ingredient_image":1000006707,"_v2024__image_ingredients__ingredient_title":"ARGAN OLIE","_v2024__image_ingredients__ingredient_description":"Tilf\u00f8rer vitaminer og fedtsyrer til h\u00e5ret og hovedbunden og beskytter mod fra skader af sol og vind."},{"_v2024__image_ingredients__ingredient_image":1000006712,"_v2024__image_ingredients__ingredient_title":"KOKOSN\u00d8DDE EKSTRAKT","_v2024__image_ingredients__ingredient_description":"Fugter uden at fedte eller tynge h\u00e5ret. N\u00e6rer og stimulerer genoprettelsen af hovedbundens naturlige balance."},{"_v2024__image_ingredients__ingredient_image":1000007075,"_v2024__image_ingredients__ingredient_title":"HYBENE EKSTRAKT","_v2024__image_ingredients__ingredient_description":"Fylder h\u00e5r og hovedbund med vitaminer og antioxidanter, der revitaliserer dem og g\u00f8r dem mere modstandsdygtige."},{"_v2024__image_ingredients__ingredient_image":1000007072,"_v2024__image_ingredients__ingredient_title":"HEDE EKSTRAKT","_v2024__image_ingredients__ingredient_description":"Med sine antioxidante og antiinflammatoriske egenskaber underst\u00f8tter det h\u00e5rs\u00e6kkenes sundhed og bidrager til st\u00e6rkere og mere levende h\u00e5r."},{"_v2024__image_ingredients__ingredient_image":1000007076,"_v2024__image_ingredients__ingredient_title":"STEDMODERBLOMST-EKSTRAKT","_v2024__image_ingredients__ingredient_description":"N\u00e6rer intensivt, fugter og forbedrer cirkulationen, hvilket underst\u00f8tter en sund h\u00e5rv\u00e6kst."},{"_v2024__image_ingredients__ingredient_image":1000007077,"_v2024__image_ingredients__ingredient_title":"L\u00c6GEJERNURT BLOMSTEREKSTRAKT","_v2024__image_ingredients__ingredient_description":"Med antiseptisk virkning hj\u00e6lper det med at regenerere hovedbunden og styrke h\u00e5ret."},{"_v2024__image_ingredients__ingredient_image":1000006730,"_v2024__image_ingredients__ingredient_title":"NATURLIG E-VITAMIN","_v2024__image_ingredients__ingredient_description":"Kraftig antioxidant, der fremmer h\u00e5rv\u00e6ksten og hovedbundens helbred."}],"_v2024__image_ingredients__all_ingredients":"Aqua, Sodium Coco-Sulfate**, Cocamidopropyl Betaine**, Propanediol**, Coco-Glucoside**, Glyceryl Oleate**, Phyllanthus Emblica Fruit Extract**, Panthenol, Glycerin**, Argania Spinosa Kernel Oil*, Cocos Nucifera Fruit Extract*, Rosa Canina Flower Extract*, Calluna Vulgaris Flower Extract*, Viola Tricolor Extract*, Centaurium Erythraea Flower Extract*, Verbena Officinalis Flower Extract*, Hydrogenated Vegetable Glycerides Citrate**, Tocopherol**, Citric Acid**, Lactic Acid**, Parfum, Sodium Benzoate, Potassium Sorbate, Benzyl Alcohol, Limonene, Citrus Aurantium Peel Oil, Hexyl Cinnamal, Linalool, Tetramethyl Acetyloctahydronaphthalenes, Citrus Limon Oil\r\n\r\n<em>*Certified Organic Ingredients\r\n**Ingredients From Natural Origin<\/em>\r\n\r\n<em>Bem\u00e6rk venligst, at ingredienslisten kan variere lidt over tid p\u00e5 grund af produktforbedringer. Se indpakning for opdaterede information.<\/em>","_v2024__usage_content__left_content":"<strong>HVOR<\/strong>: hovedbund og h\u00e5r\r\n\r\n<strong>HVORDAN<\/strong>: P\u00e5f\u00f8r i den fugtige hovedbund og h\u00e5ret med blide massagebev\u00e6gelser, lad virke i mindst 2 minutter, og skyl ud\r\n\r\n<strong>HVOR OFTE<\/strong>: Afh\u00e6ngigt af din s\u00e6dvanlige h\u00e5rvaskerutine kan den bruges dagligt\r\n\r\n<strong>FOR BEDSTE RESULTAT<\/strong>: kombiner med <a href=\"https:\/\/cocosolis.com\/dk\/product\/grow-hair-growth-conditioner\/\">GROW conditioner<\/a> og <a href=\"https:\/\/cocosolis.com\/dk\/product\/grow-hair-growth-serum-spray\/\">GROW spray serum<\/a>.","_v2024__usage_content__right_bottom_content":"","_v2024__usage_content__note":"","_v2024__usage_content__storage":"Kun til udvendig brug. Stop brugen, hvis irritation opst\u00e5r. M\u00e5 ikke anvendes p\u00e5 beskadiget eller \u00f8delagt hud. Undg\u00e5 kontakt med \u00f8jnene. Opbevares utilg\u00e6ngeligt for b\u00f8rn!"},"_links":{"self":[{"href":"https:\/\/cocosolis.com\/dk\/wp-json\/wp\/v2\/product\/1000000863","targetHints":{"allow":["GET"]}}],"collection":[{"href":"https:\/\/cocosolis.com\/dk\/wp-json\/wp\/v2\/product"}],"about":[{"href":"https:\/\/cocosolis.com\/dk\/wp-json\/wp\/v2\/types\/product"}],"wp:featuredmedia":[{"embeddable":true,"href":"https:\/\/cocosolis.com\/dk\/wp-json\/"}],"wp:attachment":[{"href":"https:\/\/cocosolis.com\/dk\/wp-json\/wp\/v2\/media?parent=1000000863"}],"wp:term":[{"taxonomy":"product_brand","embeddable":true,"href":"https:\/\/cocosolis.com\/dk\/wp-json\/wp\/v2\/product_brand?post=1000000863"},{"taxonomy":"product_cat","embeddable":true,"href":"https:\/\/cocosolis.com\/dk\/wp-json\/wp\/v2\/product_cat?post=1000000863"},{"taxonomy":"product_tag","embeddable":true,"href":"https:\/\/cocosolis.com\/dk\/wp-json\/wp\/v2\/product_tag?post=1000000863"},{"taxonomy":"product_template","embeddable":true,"href":"https:\/\/cocosolis.com\/dk\/wp-json\/wp\/v2\/product_template?post=1000000863"}],"curies":[{"name":"wp","href":"https:\/\/api.w.org\/{rel}","templated":true}]}}