{"id":467,"date":"2022-05-06T15:55:54","date_gmt":"2022-05-06T13:55:54","guid":{"rendered":"http:\/\/cocosolis.com\/en\/?page_id=467"},"modified":"2022-06-17T13:30:42","modified_gmt":"2022-06-17T11:30:42","slug":"delivery","status":"publish","type":"page","link":"https:\/\/cocosolis.com\/dk\/delivery\/","title":{"rendered":"Bestilling og levering"},"content":{"rendered":"\n<h2 class=\"wp-block-heading\">BESTILLING OG LEVERING:<\/h2>\n\n\n\n<h5 class=\"wp-block-heading\">DU KAN BESTILLE:<\/h5>\n\n\n\n<ul class=\"wp-block-list\"><li>P\u00e5 vores online butik: www.cocosolis.com\/dk\/store\/<\/li><li>Ved at sende en personlig besked p\u00e5 Facebook.<\/li><li>P\u00e5 telefon + 45 (7) 8724213<\/li><\/ul>\n\n\n\n<p>Efter at have modtaget ordren, modtager brugeren en e-mail-bekr\u00e6ftelse.<\/p>\n\n\n\n<h5 class=\"wp-block-heading\">LEVERINGSOMKOSTNINGER: 49 kr<\/h5>\n\n\n\n<p>Bestillinger, modtaget indtil kl. 15.00 p\u00e5 en arbejdsdag, behandles den samme dag.<br>Bestillinger, modtaget efter kl. 15.00 p\u00e5 en arbejdsdag, behandles den n\u00e6ste arbejdsdag.<br>Ordrer, der modtages p\u00e5 ikke-arbejdsdage, behandles den f\u00f8rste arbejdsdag.<\/p>\n\n\n\n<p>Normalt tager levering af produkterne en \/ to arbejdsdage.<\/p>\n\n\n\n<h5 class=\"wp-block-heading\">LEVERING P\u00c5 L\u00d8RDAG:<\/h5>\n\n\n\n<p>Efter udtrykkelig anmodning fra klienten er levering mulig p\u00e5 l\u00f8rdag og vil blive leveret med kurer mellem kl. 9 og 13.<\/p>\n\n\n\n<h5 class=\"wp-block-heading\">HVOR KAN VI LEVERER:<\/h5>\n\n\n\n<p>Leveringer sker via kurerfirmaet DPD p\u00e5 din valgte adresse eller p\u00e5 et af firmaets kontorer efter dit valg.<br>P\u00e5 arbejdsdage sker levering som regel mellem kl. 9:00 \u2013 17:30.<br>Hvis forbrugeren ikke giver adgang og betingelser for levering af varerne til den angivne adresse, inden for den angivne frist, eller ikke g\u00e5r til det angivne kontor hos kurerfirmaet DPD for at modtage varerne inden for fristen, frigives s\u00e6lgeren fra forpligtelsen til at opfylde den anmodede levering.<br><a href=\"https:\/\/cocosolis.com\/dk\/terms-of-sale\/\" target=\"_blank\" rel=\"noreferrer noopener\">https:\/\/cocosolis.com\/dk\/terms-of-sale\/<\/a><\/p>\n\n\n\n<p>Offentligg\u00f8relsesdato: 4.07.2020<\/p>\n","protected":false},"excerpt":{"rendered":"<p>BESTILLING OG LEVERING: DU KAN BESTILLE: P\u00e5 vores online butik: www.cocosolis.com\/dk\/store\/ Ved at sende en personlig besked p\u00e5 Facebook. P\u00e5 telefon + 45 (7) 8724213 Efter at have modtaget ordren, modtager brugeren en e-mail-bekr\u00e6ftelse. LEVERINGSOMKOSTNINGER: 49 kr Bestillinger, modtaget indtil kl. 15.00 p\u00e5 en arbejdsdag, behandles den samme dag.Bestillinger, modtaget efter kl. 15.00 p\u00e5 en &hellip; <a href=\"https:\/\/cocosolis.com\/dk\/delivery\/\">Forts\u00e6ttes<\/a><\/p>\n","protected":false},"author":1,"featured_media":0,"parent":0,"menu_order":0,"comment_status":"closed","ping_status":"closed","template":"","meta":{"_acf_changed":false,"footnotes":""},"page_roles":[36],"class_list":["post-467","page","type-page","status-publish","hentry","page_roles-legal"],"acf":[],"_links":{"self":[{"href":"https:\/\/cocosolis.com\/dk\/wp-json\/wp\/v2\/pages\/467","targetHints":{"allow":["GET"]}}],"collection":[{"href":"https:\/\/cocosolis.com\/dk\/wp-json\/wp\/v2\/pages"}],"about":[{"href":"https:\/\/cocosolis.com\/dk\/wp-json\/wp\/v2\/types\/page"}],"author":[{"embeddable":true,"href":"https:\/\/cocosolis.com\/dk\/wp-json\/wp\/v2\/users\/1"}],"replies":[{"embeddable":true,"href":"https:\/\/cocosolis.com\/dk\/wp-json\/wp\/v2\/comments?post=467"}],"version-history":[{"count":4,"href":"https:\/\/cocosolis.com\/dk\/wp-json\/wp\/v2\/pages\/467\/revisions"}],"predecessor-version":[{"id":513,"href":"https:\/\/cocosolis.com\/dk\/wp-json\/wp\/v2\/pages\/467\/revisions\/513"}],"wp:attachment":[{"href":"https:\/\/cocosolis.com\/dk\/wp-json\/wp\/v2\/media?parent=467"}],"wp:term":[{"taxonomy":"page_roles","embeddable":true,"href":"https:\/\/cocosolis.com\/dk\/wp-json\/wp\/v2\/page_roles?post=467"}],"curies":[{"name":"wp","href":"https:\/\/api.w.org\/{rel}","templated":true}]}}