{"id":464,"date":"2022-05-06T15:55:17","date_gmt":"2022-05-06T13:55:17","guid":{"rendered":"http:\/\/cocosolis.com\/en\/?page_id=464"},"modified":"2022-06-17T13:31:20","modified_gmt":"2022-06-17T11:31:20","slug":"terms-of-use","status":"publish","type":"page","link":"https:\/\/cocosolis.com\/dk\/terms-of-use\/","title":{"rendered":"Betingelser for brug af webstedet"},"content":{"rendered":"\n<h2 class=\"wp-block-heading\">Betingelser for brug af webstedet<\/h2>\n\n\n\n<p>Velkommen til vores hjemmeside ( \u201ccocosolis.com\u201d). Disse \u201cBetingelser for brug\u201d regulerer adgangen til og brugen af COCOSOLIS.COM.<br>Adgangen til webstedet og dets anvendelse samt k\u00f8b af COCOSOLIS.COM produkter er baseret p\u00e5 den antagelse, at brugeren med det faktum at indl\u00e6se webstedet fra en terminalenhed accepterer at l\u00e6se disse generelle brugsvilk\u00e5r og deres applikationer.<\/p>\n\n\n\n<p>Adgangen til webstedet og dets anvendelse samt k\u00f8b af COCOSOLIS.COM produkter er baseret p\u00e5 den antagelse, at brugeren med det faktum at indl\u00e6se webstedet fra en terminalenhed accepterer at l\u00e6se disse generelle brugsvilk\u00e5r og deres applikationer.<\/p>\n\n\n\n<p>Disse vilk\u00e5r udg\u00f8r en aftale, der regulerer forholdet mellem PURMERUL Ltd. i sin egenskab af administrator af webstedet www.cocosolis.com og dets slutbrugere.<\/p>\n\n\n\n<p>Denne aftale g\u00e6lder for informationstjenester og -systemer, der er tilg\u00e6ngelige via webstedet, dets mobile versioner samt enhver anden applikation og service, der er eller kan v\u00e6re forbundet med webstedet. Denne aftale er gyldig, indtil brugeren opsiger brugen af de tjenester, der er tilg\u00e6ngelige via webstedet.<br>PURMERUL Ltd. er et kommercielt selskab med hjemsted og ledelsesadresse: Plovdiv, 4002, Centralregion, 22 Luleburgaz Str., 4. sal, apt. 9. Virksomheden er optaget i handelsregistret og registret over nonprofitorganisationer hos Registreringsagenturet med UIC 201172065.<\/p>\n\n\n\n<p>For andre juridiske oplysninger, bedes du l\u00e6se afsnittene: Almindelige salgsbetingelser, returpolitik og personoplysningspolitik fra COCOSOLIS.COM<\/p>\n\n\n\n<p>Form\u00e5let med webstedet udtrykkes i f\u00f8lgende hovedretninger:<\/p>\n\n\n\n<p>1. At informere brugerne om virksomhedens aktivitet, dets historie, vision, mission, v\u00e6rdier, virksomheders og sociale ansvar samt de produkter og tjenester, der tilbydes af det.<\/p>\n\n\n\n<p>2. Tilvejebringelse af adgang til en platform, hvorigennem brugere kan placere varer online, indg\u00e5 kontrakter om salg af varer, der tilbydes af virksomheden og dele anmeldelser og vurderinger af de tilbudte varer.<\/p>\n\n\n\n<p>3. At informere brugerne af webstedet om detaljerne til kontakt med virksomheden, hvis de har brug for yderligere oplysninger, har foresp\u00f8rgsler om de tilbudte produkter og tjenester, \u00f8nsker at sende kommentarer eller anbefalinger samt modtage information om deres rettigheder og m\u00e5den at ud\u00f8ve dem p\u00e5.<\/p>\n\n\n\n<p>Adgang til og brug af COCOSOLIS.COM, herunder visning af websider, kommunikation med COCOSOLIS.COM og relaterede hjemmesider og sociale medieressourcer, k\u00f8b p\u00e5 hjemmesiden, foretages udelukkende af vores brugere til personlige form\u00e5l, som f\u00f8lger p\u00e5 ingen m\u00e5de v\u00e6re forbundet med nogen kommerciel, \u00f8konomisk eller professionel aktivitet.<\/p>\n\n\n\n<p>COCOSOLIS.COM anses ikke for ansvarlig for nogen brug af webstedet og dets indhold af nogen af dets brugere, hvilket ikke er i overensstemmelse med love og lovbestemmelser. Is\u00e6r kan du holdes ansvarlig for at give falske, falske oplysninger eller data vedr\u00f8rende tredjeparter (i tilf\u00e6lde af at tredjeparten ikke har givet sit samtykke) s\u00e5vel som for misbrug af s\u00e5danne data eller oplysninger.<\/p>\n\n\n\n<h5 class=\"wp-block-heading\">1. Registrering og kommunikation<\/h5>\n\n\n\n<p>Hvis du \u00f8nsker at bruge vores tjenester, skal du v\u00e6re voksen og acceptere disse vilk\u00e5r. Ved at acceptere disse vilk\u00e5r accepterer brugeren at kommunikere med ham via de leverede elektroniske kommunikationskanaler \u2013 telefon, e-mail, SMS og andre elektroniske kanaler. Brugeren accepterer at v\u00e6re adressat og modtage elektroniske erkl\u00e6ringer fra webstedet og dets administrator.<\/p>\n\n\n\n<p>Parterne er enige om, at e-mails udg\u00f8r elektroniske erkl\u00e6ringer, og at de ledsagende oplysninger udg\u00f8r identifikationen af forfatteren som indehaver af disse elektroniske erkl\u00e6ringer og er en elektronisk signatur, som parterne anerkender v\u00e6rdien af en h\u00e5ndskrevet underskrift i deres forhold.<br>For at bruge vores tjenester kan du ogs\u00e5 k\u00f8be produkterne ved at registrere dig p\u00e5 siden. Registrering er gratis. Brugeren kan til enhver tid annullere tilmeldingen. Brugeren accepterer at give komplette, \u00e6gte og n\u00f8jagtige oplysninger, b\u00e5de ved registrering og ved bestilling uden at registrere en konto. Adgangsrettigheder er personlige og kan ikke overf\u00f8res til tredjemand. Vi er ikke ansvarlige for uautoriseret adgang til din konto.<\/p>\n\n\n\n<h5 class=\"wp-block-heading\">2. Copyrights<\/h5>\n\n\n\n<p>Brugeren har ret til i realtid (online) at f\u00e5 adgang til de tjenester, der leveres via webstedet i overensstemmelse med kravene til adgang<br>Retten til adgang til brugeren inkluderer ikke retten til at kopiere eller gengive oplysninger eller til at bruge beskyttet intellektuel eller industriel ejendom, bortset fra en lille m\u00e6ngde oplysninger, der kun er beregnet til personlig brug, forudsat at en s\u00e5dan anvendelse ikke skader legitime interesser hos forfatterne eller andre indehavere af intellektuelle eller industrielle ejendomsrettigheder, og kopiering eller reproduktion udf\u00f8res til ikke-kommercielle form\u00e5l.<\/p>\n\n\n\n<p>Indholdet af COCOSOLIS.COM, inklusive, men ikke begr\u00e6nset til, v\u00e6rker, fotos, billeder, dialoger, musik, lyde, videoer, dokumenter, tegninger, figurer, logoer og ethvert andet materiale offentliggjort i COCOSOLIS.COM i ethvert format, inklusive menuer , websider, grafik, farver, diagrammer, v\u00e6rkt\u00f8jer, skrifttyper, webstedsdesign, diagrammer, planer, metoder, processer, funktioner og software, der er en del af COCOSOLIS.COM, er beskyttet af ophavsret og enhver anden ret til intellektuel ejendom tilh\u00f8rende COCOSOLIS.COM og de respektive rettighedshavere. Reproduktion, helt eller delvist, uanset form, af COCOSOLIS.COM og dens indhold er ikke tilladt uden skriftligt samtykke fra COCOSOLIS.COM.<\/p>\n\n\n\n<p>COCOSOLIS.COM har eneret til at godkende eller forbyde reproduktion (hvad enten direkte eller indirekte, midlertidig eller permanent eller af en anden grund eller i en hvilken som helst form, helt eller delvist) af COCOSOLIS.COM og dets indhold.<\/p>\n\n\n\n<p>Forfattere af v\u00e6rker, der er offentliggjort i COCOSOLIS.COM, har til enhver tid ret til at kr\u00e6ve forfatterskab af deres v\u00e6rker og mods\u00e6tte sig enhver forvr\u00e6ngning eller anden \u00e6ndring af deres arbejde, herunder eventuelle \u00e6ndringer i deres v\u00e6rker, der m\u00e5tte v\u00e6re p\u00e5virker de ber\u00f8rte forfatteres \u00e6re og omd\u00f8mme negativt.<\/p>\n\n\n\n<p>Brugere af vores side er forpligtet til at overholde ophavsretten til forfattere, der har valgt at offentligg\u00f8re deres arbejde p\u00e5 COCOSOLIS.COM eller har samarbejdet med COCOSOLIS.COM i skabelsen af nye ekspressive og kunstneriske v\u00e6rker, der er beregnet til offentligg\u00f8relse, ikke kun af webstedet, eller som er en integreret del af webstedet.<\/p>\n\n\n\n<p>Under alle omst\u00e6ndigheder er indholdet af webstedet eller ethvert individuelt arbejde beskyttet af ophavsret eller enhver anden intellektuel ejendomsret ikke tilladt at blive brugt p\u00e5 nogen m\u00e5de eller i nogen form.<\/p>\n\n\n\n<h5 class=\"wp-block-heading\">3. Varem\u00e6rker og dom\u00e6nenavne<\/h5>\n\n\n\n<p>PURMERUL Ltd. er den eksklusive ejer af logoerne og det registrerede varem\u00e6rke \u201cCOCOSOLIS\u201d og enhver anden funktion, der inkluderer ordet \u201cCOCOSOLIS\u201d og dom\u00e6nenavnet \u201cCOCOSOLIS.COM\u201d.<\/p>\n\n\n\n<p>PURMERUL Ltd. har ret til eksklusiv brug af sine egne m\u00e6rker.<\/p>\n\n\n\n<p>Det er ikke tilladt uden PURMERUL Ltd. at bruge disse varem\u00e6rker til andre produkter eller tjenester<\/p>\n\n\n\n<h5 class=\"wp-block-heading\">4. Links til andre websteder<\/h5>\n\n\n\n<p>Cocosolis.com indeholder links til andre sider, der p\u00e5 ingen m\u00e5de er relateret til COCOSOLIS.COM.<\/p>\n\n\n\n<p>COCOSOLIS.COM kontrollerer ikke disse websteder eller deres indhold. COCOSOLIS.COM er ikke ansvarlig for indholdet af disse websteder og \/ eller de regler, der er vedtaget af dem med hensyn til, men ikke begr\u00e6nset til, dine personlige data, n\u00e5r du bes\u00f8ger disse websteder. Disse tredjeparter vil sandsynligvis indsamle brugerens personlige data, hvis ordning er reguleret i henhold til de generelle betingelser for brug og beskyttelse af personoplysninger, der accepteres af dem. N\u00e5r du kommer til disse websteder via de links, der leveres til COCOSOLIS.COM, skal du l\u00e6se omhyggeligt deres vilk\u00e5r og betingelser for brug samt deres fortrolighedspolitik. Vores brugsvilk\u00e5r og fortrolighedspolitik g\u00e6lder ikke for tredjepartswebsteder.<\/p>\n\n\n\n<h5 class=\"wp-block-heading\">5. Betingelser for brug af indhold<\/h5>\n\n\n\n<p>COCOSOLIS.COM g\u00f8r alt for at forhindre offentligg\u00f8relse p\u00e5 sit websted af indhold, der kan anses for at kr\u00e6nke borgernes tro eller menneskerettigheder og v\u00e6rdighed i alle dens former og manifestationer. COCOSOLIS.COM garanterer dog ikke, at indholdet p\u00e5 webstedet er passende eller lovligt for ethvert publikum eller er lovligt i alle lande.<\/p>\n\n\n\n<p>I tilf\u00e6lde af at s\u00e5dant indhold betragtes som ulovligt i et af disse lande, er vi ikke ansvarlige for din beslutning om at bes\u00f8ge og bruge vores websted. Hvis du alligevel beslutter at bruge det, informerer vi dig om, at du bruger de tjenester, der leveres af COCOSOLIS. COM er helt dit personlige ansvar.<\/p>\n\n\n\n<p>COCOSOLIS.COM tager skridt til at sikre, at indholdet af COCOSOLIS.COM er korrekt og ikke indeholder falske eller for\u00e6ldede oplysninger. COCOSOLIS.COM kan dog ikke holdes ansvarlig for n\u00f8jagtigheden og fuldst\u00e6ndigheden af det indhold, der er offentliggjort p\u00e5 dets websted.<\/p>\n\n\n\n<p>COCOSOLIS.COM kan ikke garantere, at webstedet fungerer kontinuerligt uden afbrydelser og fejl p\u00e5 grund af internetforbindelsen. Kontakt os, hvis der opst\u00e5r et problem med vores side. En repr\u00e6sentant for COCOSOLIS.COM st\u00e5r til din r\u00e5dighed for at hj\u00e6lpe og hj\u00e6lpe med at gendanne din adgang til webstedet, hvis og s\u00e5 vidt muligt.<\/p>\n\n\n\n<p>COCOSOLIS.COM skal tr\u00e6ffe passende tekniske og organisatoriske foranstaltninger for at sikre COCOSOLIS.COMs tjenester for at forhindre uautoriseret brug eller adgang til data samt for at forhindre risikoen for formidling, destruktion og tab af data og fortrolige oplysninger om brugere af COCOSOLIS.COM samt for at undg\u00e5 uautoriseret eller ulovlig adgang til s\u00e5danne data og oplysninger.<\/p>\n\n\n\n<h5 class=\"wp-block-heading\">6. Forbrugerens rettigheder og forpligtelser<\/h5>\n\n\n\n<p>Brugeren har ret til at bruge webstedet under de begr\u00e6nsninger, der er beskrevet ovenfor i punkt 2 Immaterielle rettigheder.<\/p>\n\n\n\n<p>Brugeren forpligter sig til at bruge de leverede tjenester:<\/p>\n\n\n\n<ol class=\"wp-block-list\"><li>ikke at udf\u00f8re ondsindede handlinger i henhold til disse brugsbetingelser;<\/li><li>ikke p\u00e5 teknisk m\u00e5de eller p\u00e5 en teknisk m\u00e5de udvinde nogen informationsressourcer eller dele af dem, der er inkluderet i databaser, tilg\u00e6ngelige via webstedet og s\u00e5ledes oprette sin egen database i elektronisk eller anden form.<\/li><li>ikke at efterligne en anden person eller en repr\u00e6sentant for en person, der ikke er autoriseret til at repr\u00e6sentere eller p\u00e5 anden m\u00e5de vildlede webstedet eller tredjeparter om hans identitet eller tilh\u00f8rer en bestemt gruppe mennesker; 4. straks at underrette virksomheden om ethvert tilf\u00e6lde af beg\u00e5et eller opdaget overtr\u00e6delse ved brug af de leverede tjenester<\/li><li>ikke at udf\u00f8re aktiviteter, der inkluderer anvendelse af vira, bots, orme eller anden computerkode, filer eller programmer, der afbryder, \u00f8del\u00e6gger eller begr\u00e6nser funktionaliteten i computersoftware eller hardware eller telekommunikationsenhed eller p\u00e5 anden m\u00e5de tillader uautoriseret brug af eller adgang til en computerenhed eller computernetv\u00e6rk.<\/li><\/ol>\n\n\n\n<h5 class=\"wp-block-heading\">7. Begr\u00e6nsning af selskabets ansvar<\/h5>\n\n\n\n<p>Virksomheden leverer tjenesterne via webstedet til brug af brugeren \u201csom den er\u201d og \u201csom tilg\u00e6ngelig\u201d. Virksomheden garanterer eller lover ikke specifikke resultater fra brugen eller fra den langsigtede mulighed for at bruge tjenesterne.<\/p>\n\n\n\n<p>Virksomheden giver ikke garantier for, at:brugerens brug af tjenesterne vil v\u00e6re kontinuerlig, rettidig, sikret og sikker eller fejlfri;eventuelle mangler i tjenesterne vil blive repareret;de leverede tjenester eller de tjenester, som sidstn\u00e6vnte er bygget p\u00e5, er fri for virus eller andre skadelige komponenter;<\/p>\n\n\n\n<p>Under ingen omst\u00e6ndigheder vil virksomheden v\u00e6re ansvarlig for tab, skader eller personskader, der skyldes:<\/p>\n\n\n\n<ol class=\"wp-block-list\"><li>brugen af tjenesterne<\/li><li>problemer eller teknisk manglende funktion i forbindelse med brugen af tjenesterne<\/li><li>materiale downloadet gennem eller i forbindelse med tjenesterne;<\/li><li>brugerindhold<\/li><li>Brugers adf\u00e6rd i forbindelse med tjenesterne, uanset om det er i realtid (online) eller ej (offline).<\/li><\/ol>\n\n\n\n<p>Virksomheden er ikke ansvarlig, hvis brugeren ikke kan f\u00e5 adgang til webstedet p\u00e5 grund af problemer uden for webstedets kontrol \u2013 software, hardware, internetforbindelsesproblem eller force majeure.<\/p>\n\n\n\n<p>Brugeren accepterer at v\u00e6re ansvarlig for alle omkostninger til vedligeholdelse, servicering eller tilslutning af sit computersystem eller anden ejendom, der er n\u00f8dvendig for brugerens brug af tjenesterne.<\/p>\n\n\n\n<p>Virksomheden forbeholder sig ret til systematisk at blande sig i hele funktionaliteten p\u00e5 webstedet, inklusive, men ikke begr\u00e6nset til, at suspendere adgangen til det, hvis der er en god grund til det.<\/p>\n\n\n\n<h5 class=\"wp-block-heading\">8. Straffe<\/h5>\n\n\n\n<p>Indtil det fulde bel\u00f8b tilladt i henhold til g\u00e6ldende lov er selskabet ikke ansvarlig for skader, som brugeren har lidt, og som er:<\/p>\n\n\n\n<ol class=\"wp-block-list\"><li>indirekte;<\/li><li>efterf\u00f8lgende<\/li><li>tilf\u00e6ldig<\/li><li>straffende, herunder for erstatning for tabte fordele, der skyldes brug eller umulighed for brugen af tjenesterne.<\/li><\/ol>\n\n\n\n<p>Uanset ovenst\u00e5ende er selskabets ansvar over for brugeren for enhver handling eller passivitet relateret til og i forbindelse med brugen af tjenesterne altid begr\u00e6nset til en sanktion i st\u00f8rrelsen af k\u00f8bsv\u00e6rdien. I mangel af et k\u00f8b er virksomheden ikke ansvarlig for nogen af sine handlinger eller undladelser.<\/p>\n\n\n\n<h5 class=\"wp-block-heading\">9. Skift<\/h5>\n\n\n\n<p>COCOSOLIS.COM kan \u00e6ndre eller opdatere hele eller dele af disse brugsbetingelser. I dette tilf\u00e6lde vil opdaterede oplysninger blive offentliggjort i dette afsnit. De nye \u201cbrugsbetingelser\u201d skal v\u00e6re g\u00e6ldende fra datoen for offentligg\u00f8relsen p\u00e5 COCOSOLIS.COM.<\/p>\n\n\n\n<p>Hvis du ikke er enig med hele eller en del af \u201cbrugsbetingelserne\u201d fra COCOSOLIS.COM, er vi ikke ansvarlige for din beslutning om at bes\u00f8ge og bruge vores websted.<\/p>\n\n\n\n<h5 class=\"wp-block-heading\">10. Opsigelse<\/h5>\n\n\n\n<p>Denne aftale tr\u00e6der i kraft straks efter accept af brugeren og er gyldig indtil oph\u00f8r af brugen af tjenesterne.<\/p>\n\n\n\n<h5 class=\"wp-block-heading\">11. G\u00e6ldende lovgivning<\/h5>\n\n\n\n<p>Som et grundl\u00e6ggende princip for gennemf\u00f8relsen af denne aftale oplever parterne gensidig forst\u00e5else og t\u00e5lelige indr\u00f8mmelser. I den forstand, at parterne er enige om at l\u00f8se de konflikter, der er opst\u00e5et mellem dem, i en \u00e5nd af goodwill og gennem forhandlinger.<\/p>\n\n\n\n<p>Enhver tvist, uenighed eller krav, der opst\u00e5r som f\u00f8lge af eller i forbindelse med gennemf\u00f8relsen eller manglende overholdelse af denne aftale, skal afg\u00f8res af parterne ved forhandling og med hver enkelt af dem.<\/p>\n\n\n\n<p>I tilf\u00e6lde af umulighed at l\u00f8se tvister, der opst\u00e5r i forbindelse med og i forbindelse med denne kontrakt, er dens opfyldelse henholdsvis manglende opfyldelse, parterne enige om at l\u00f8se det samme for den kompetente domstol, bestemt i henhold til reglerne om jurisdiktion. I tilf\u00e6lde af en privat tvist med et internationalt element bestemmes den domstol, der har kompetence til at behandle tvisten, af reglerne i international privatret.<\/p>\n\n\n\n<p>Den g\u00e6ldende lov i henhold til denne aftale er lovgivningen i det land, hvor administratoren er registreret, i dette tilf\u00e6lde Bulgarien.<\/p>\n\n\n\n<p>Offentligg\u00f8relsesdato: 2.12.2020<\/p>\n","protected":false},"excerpt":{"rendered":"<p>Betingelser for brug af webstedet Velkommen til vores hjemmeside ( \u201ccocosolis.com\u201d). Disse \u201cBetingelser for brug\u201d regulerer adgangen til og brugen af COCOSOLIS.COM.Adgangen til webstedet og dets anvendelse samt k\u00f8b af COCOSOLIS.COM produkter er baseret p\u00e5 den antagelse, at brugeren med det faktum at indl\u00e6se webstedet fra en terminalenhed accepterer at l\u00e6se disse generelle brugsvilk\u00e5r og &hellip; <a href=\"https:\/\/cocosolis.com\/dk\/terms-of-use\/\">Forts\u00e6ttes<\/a><\/p>\n","protected":false},"author":1,"featured_media":0,"parent":0,"menu_order":0,"comment_status":"closed","ping_status":"closed","template":"","meta":{"_acf_changed":false,"footnotes":""},"page_roles":[36],"class_list":["post-464","page","type-page","status-publish","hentry","page_roles-legal"],"acf":[],"_links":{"self":[{"href":"https:\/\/cocosolis.com\/dk\/wp-json\/wp\/v2\/pages\/464","targetHints":{"allow":["GET"]}}],"collection":[{"href":"https:\/\/cocosolis.com\/dk\/wp-json\/wp\/v2\/pages"}],"about":[{"href":"https:\/\/cocosolis.com\/dk\/wp-json\/wp\/v2\/types\/page"}],"author":[{"embeddable":true,"href":"https:\/\/cocosolis.com\/dk\/wp-json\/wp\/v2\/users\/1"}],"replies":[{"embeddable":true,"href":"https:\/\/cocosolis.com\/dk\/wp-json\/wp\/v2\/comments?post=464"}],"version-history":[{"count":4,"href":"https:\/\/cocosolis.com\/dk\/wp-json\/wp\/v2\/pages\/464\/revisions"}],"predecessor-version":[{"id":518,"href":"https:\/\/cocosolis.com\/dk\/wp-json\/wp\/v2\/pages\/464\/revisions\/518"}],"wp:attachment":[{"href":"https:\/\/cocosolis.com\/dk\/wp-json\/wp\/v2\/media?parent=464"}],"wp:term":[{"taxonomy":"page_roles","embeddable":true,"href":"https:\/\/cocosolis.com\/dk\/wp-json\/wp\/v2\/page_roles?post=464"}],"curies":[{"name":"wp","href":"https:\/\/api.w.org\/{rel}","templated":true}]}}