{"id":461,"date":"2022-05-06T15:54:55","date_gmt":"2022-05-06T13:54:55","guid":{"rendered":"http:\/\/cocosolis.com\/en\/?page_id=461"},"modified":"2022-06-17T13:31:12","modified_gmt":"2022-06-17T11:31:12","slug":"terms-of-sale","status":"publish","type":"page","link":"https:\/\/cocosolis.com\/dk\/terms-of-sale\/","title":{"rendered":"Betingelser for k\u00f8b"},"content":{"rendered":"\n<h2 class=\"wp-block-heading\">BETINGELSER FOR K\u00d8B<\/h2>\n\n\n\n<p>F\u00f8lgende salgsbetingelser regulerer tilbud og salg af produkter p\u00e5 vores websted (\u201ccocosolis.com\u201d). Produkterne, der k\u00f8bes p\u00e5 cocosolis.com, s\u00e6lges direkte fra PURMERUL OOD med registreret firmaadresse i: ul. \u201cLyule Burgas\u201d 22 , fl. 4, ap. 9, 4002 Plovdiv, Bulgarien. Virksomhedsregistreringsnummer: 201172065. Skattekode og momsnummer: BG201172065.<\/p>\n\n\n\n<h5 class=\"wp-block-heading\">1. Cocosolis.com salgsregler<\/h5>\n\n\n\n<p>1.1 PURMERUL OOD tilbyder produkter til salg p\u00e5 cocosolis.com.<br>1.2 PURMERUL OOD forbeholder sig retten til ikke at behandle og udf\u00f8re ordrer, der ikke overholder cocosolis.com salgsregler.<br>1.3 Disse salgsbetingelser regulerer accept og udf\u00f8relse af k\u00f8bsordrer, der d\u00e6kker produkterne fra cocosolis.com mellem brugerne af cocosolis.com og PURMERUL OOD.<\/p>\n\n\n\n<h5 class=\"wp-block-heading\">2. S\u00e5dan foretager du en ordre p\u00e5 cocosolis.com<\/h5>\n\n\n\n<p>2.1 For at placere en ordre p\u00e5 k\u00f8b af et eller flere produkter p\u00e5 cocosolis.com, skal du udfylde den online ordreformular og indsende den elektronisk ved at f\u00f8lge de relevante instruktioner.<br>2.2 Bestillingsformularen indeholder oplysninger om hovedfunktionerne i hvert bestilt produkt og prisen for den respektive enhed (inklusive alle g\u00e6ldende skatter og afgifter), den betalingstype, du kan bruge til at k\u00f8be hvert produkt, leveringsbetingelserne for de k\u00f8bte produkter, forsendelses- og forsendelsesomkostninger. Hjemmesiden indeholder links til vilk\u00e5r og betingelser for returnering af k\u00f8bte produkter, forsendelses- og forsendelsesomkostninger samt s\u00e6lgeroplysninger, post- og e-mail-adresser samt fristen for den handlende til at levere varerne. Du kan finde oplysninger om vilk\u00e5r og betingelser for ud\u00f8velse af din ret til at tr\u00e6kke sig tilbage, procedurer og frister for tilbagebetaling, oplysninger om de omst\u00e6ndigheder, hvor du mister din ret til at tr\u00e6kke dig ud af aftalen i overensstemmelse med forbrugerbeskyttelseslovgivningen.<br>2.3 Ordren anses for at v\u00e6re afgivet, da PURMERUL OOD modtog ordreformularen elektronisk, og ordreinformationen blev bekr\u00e6ftet som korrekt.<br>2.4 Indgivelse af ordreformularen er en forpligtelse til at betale det angivne bel\u00f8b. Ordreformularen gemmes i vores database i den tid, der kr\u00e6ves til at behandle din ordre, og som kr\u00e6vet i loven.<br>2.5 N\u00e5r din ordreformular er modtaget, behandler PURMERUL OOD din ordre.<br>2.6 PURMERUL OOD forbeholder sig retten til ikke at behandle ordrer, n\u00e5r de er ufuldst\u00e6ndige eller un\u00f8jagtige, eller produkterne ikke l\u00e6ngere er tilg\u00e6ngelige (dvs. \u2013 ikke p\u00e5 lager). I ovenst\u00e5ende tilf\u00e6lde vil vi informere dig via e-mail om, at aftalen ikke er opfyldt, og at PURMERUL OOD ikke har udf\u00f8rt din indk\u00f8bsordre med angivelse af \u00e5rsagerne hertil. Hvis de produkter, der vises p\u00e5 cocosolis.com, ikke l\u00e6ngere er tilg\u00e6ngelige ved dit sidste bes\u00f8g p\u00e5 siden, eller efter at PURMERUL OOD har modtaget din ordreformular, vil PURMERUL OOD informere dig om manglen p\u00e5 de bestilte produkter inden for ti (10) dage fra den dag, hvor PURMERUL OOD modtog din ordre.<br>Hvis ordreformularen blev sendt, og prisen blev betalt for produkter, der ikke l\u00e6ngere er tilg\u00e6ngelige, refunderer PURMERUL OOD det betalte bel\u00f8b for disse produkter uden un\u00f8dig forsinkelse, og aftalen mellem parterne betragtes som opsagt.<br>2.7 Ved at indsende en bestillingsformular til PURMERUL OOD accepterer du og betinget af at overholde bestemmelserne i disse almindelige salgsbetingelser med PURMERUL OOD. Hvis du ikke er enig i nogle af bestemmelserne i disse salgsbetingelser, bedes du ikke indsende din k\u00f8bsordreformular til cocosolis.com.<br>2.8 N\u00e5r aftalen er tr\u00e5dt i kraft, sender s\u00e6lgeren dig en bekr\u00e6ftelse p\u00e5 modtagelse af k\u00f8bsordren. Ved at indsende en ordreformular bliver du enige om, og accepterer, salgsbetingelserne s\u00e5vel som de yderligere betingelser, der findes p\u00e5 cocosolis.com gennem links, herunder brugsbetingelserne, privatlivspolitik og returpolitik.<br>2.9 Vi vil gerne minde dig om, at alle k\u00f8bte produkter er beregnet til brug i det land, hvor de blev bestilt. Hvis du imidlertid har besluttet at eksportere produkterne til et andet land, er du ansvarlig for overholdelse af eksportlovgivningen i det land, hvorfra du har k\u00f8bt, og importloven i det land, hvor du importerer dem. PURMERUL OOD er ikke ansvarlig for dette.<\/p>\n\n\n\n<h5 class=\"wp-block-heading\">3. Produktgarantier. Produktpriser.<\/h5>\n\n\n\n<p>.1 Hos cocosolis.com tilbyder vi luksusprodukter og produkter af h\u00f8j kvalitet til salg.<br>3.2 De vigtigste produktfunktioner vises p\u00e5 cocosolis.com p\u00e5 hver produktside.<br>3.3 Priserne kan \u00e6ndres. Kontroller den endelige salgspris, inden du indsender den relevante ordreformular.<br>3.4 Bestillinger, der er placeret p\u00e5 webstedet fra lande og adresser, som PURMERUL OOD ikke kan levere til, annulleres automatisk.<br>3.5 I overensstemmelse med Forbrugerbeskyttelseslovgivningen er du ansvarlig for enhver reduktion i v\u00e6rdien af produkter, der er k\u00f8bt fra cocosolis.com, som f\u00f8lge af enhver brug af de samme produkter, bortset fra deres tilsigtede anvendelse. I tilf\u00e6lde af at du beslutter at ud\u00f8ve din ret til at returnere de k\u00f8bte produkter, har COCOSOLIS derfor retten til ikke at acceptere de returnerede produkter, eller ikke til fuldt ud at tilbagebetale de betalte bel\u00f8b for de k\u00f8bte produkter, der er \u00e6ndret eller beskadiget.<\/p>\n\n\n\n<h5 class=\"wp-block-heading\">4. Betaling<\/h5>\n\n\n\n<p>4.1 Betaling for v\u00e6rdien af produkterne og de tilsvarende transport- og leveringsomkostninger skal ske ved hj\u00e6lp af en af procedurerne, der er angivet i ordreformularen. Under ingen omst\u00e6ndigheder vil du blive debiteret mere end det bel\u00f8b, der er angivet af s\u00e6lgeren i forbindelse med din forud valgte betalingsmetode.<br>4.2 I tilf\u00e6lde af betaling med kredit- eller debetkort sendes alle detaljer (f.eks. Kortnummer eller udl\u00f8bsdato) via krypteret protokol til den respektive bank, der leverer fjern elektroniske betalingstjenester, uden at nogen tredjepart har adgang til dem. Disse detaljer bruges ikke af PURMERUL OOD undtagen til at udf\u00f8re proceduren i forbindelse med dit k\u00f8b eller udstedelse af refusion i tilf\u00e6lde af returnering af varer, i overensstemmelse med dine rettigheder til at returnere et produkt eller til at rapportere tilf\u00e6lde af svig fra politiet.<\/p>\n\n\n\n<h5 class=\"wp-block-heading\">5. Rabatkoder<\/h5>\n\n\n\n<p>5.1 Rabatkoder er brugerdefinerede koder, der giver dig mulighed for at drage fordel af rabatter ved k\u00f8b p\u00e5 cocosolis.com.<br>5.2 Under ingen omst\u00e6ndigheder kan rabatkoder byttes til penge;<\/p>\n\n\n\n<h5 class=\"wp-block-heading\">6. Ret til returret i henhold til forbrugerbeskyttelsesloven<\/h5>\n\n\n\n<p>6.1 I overensstemmelse med Forbrugerbeskyttelseslovgivningen kan du returnere produkter, der er k\u00f8bt fra cocosolis.com uden nogen straf og uden at give en grund, inden for fjorten (14) dage efter modtagelse af de k\u00f8bte produkter p\u00e5 cocosolis.com.<br>6.2 N\u00e5r du har ud\u00f8vet din ret til at tr\u00e6kke dig ud af aftalen, skal du returnere produkterne til s\u00e6lgeren ved at sende dem med kurer inden for fjorten (14) dage efter at have informeret s\u00e6lgeren om din beslutning om at tr\u00e6kke sig ud af aftalen (k\u00f8b).<\/p>\n\n\n\n<h5 class=\"wp-block-heading\">7. Skadesl\u00f8sholdelse<\/h5>\n\n\n\n<p>Oplysningerne om ingredienserne i de kosmetiske produkter fra COCOSOLIS.COM, der vises p\u00e5 webstedet, er ikke beregnet til at v\u00e6re, og det skal heller ikke fortolkes som, r\u00e5dgivning eller anbefaling om brugen af et kosmetisk produkt. Hvis du har sp\u00f8rgsm\u00e5l om brugen af et kosmetisk produkt, bedes du gennemg\u00e5 etiketten, der vises p\u00e5 produktet, kontakte os eller konsultere en l\u00e6ge.<\/p>\n\n\n\n<p>Ved at bruge webstedet accepterer du, at de oplysninger, der vises p\u00e5 webstedet, inklusive information, der leveres af eksperter eller l\u00e6ger, kun er til information. Vore produkter kan ikke for\u00e5rsage helbredsproblemer. Efter eget sk\u00f8n, s\u00f8g altid r\u00e5d fra en l\u00e6ge eller anden kvalificeret hj\u00e6lp til sp\u00f8rgsm\u00e5l, du m\u00e5tte have om enhver medicinsk tilstand.<\/p>\n\n\n\n<p>At stole p\u00e5 det, der leveres af webstedet, er p\u00e5 egen risiko.<\/p>\n\n\n\n<h5 class=\"wp-block-heading\">8. G\u00e6ldende lovgivning<\/h5>\n\n\n\n<p>Disse generelle vilk\u00e5r og betingelser for salg er underlagt den bulgarske lovgivning.<\/p>\n\n\n\n<h5 class=\"wp-block-heading\">9. \u00c6ndringer og opdateringer<\/h5>\n\n\n\n<p>De generelle vilk\u00e5r og betingelser for salg kan \u00e6ndres ved nye love og regler eller af andre \u00e5rsager. De nye vilk\u00e5r og betingelser for salg b\u00f8r v\u00e6re effektive fra datoen for deres offentligg\u00f8relse p\u00e5 cocosolis.com.<br><a href=\"https:\/\/cocosolis.com\/dk\/return-policy\/\" target=\"_blank\" rel=\"noreferrer noopener\">https:\/\/cocosolis.com\/dk\/return-policy\/<\/a><\/p>\n\n\n\n<p>Offentligg\u00f8relsesdato: 2.12.2020<\/p>\n","protected":false},"excerpt":{"rendered":"<p>BETINGELSER FOR K\u00d8B F\u00f8lgende salgsbetingelser regulerer tilbud og salg af produkter p\u00e5 vores websted (\u201ccocosolis.com\u201d). Produkterne, der k\u00f8bes p\u00e5 cocosolis.com, s\u00e6lges direkte fra PURMERUL OOD med registreret firmaadresse i: ul. \u201cLyule Burgas\u201d 22 , fl. 4, ap. 9, 4002 Plovdiv, Bulgarien. Virksomhedsregistreringsnummer: 201172065. Skattekode og momsnummer: BG201172065. 1. Cocosolis.com salgsregler 1.1 PURMERUL OOD tilbyder produkter &hellip; <a href=\"https:\/\/cocosolis.com\/dk\/terms-of-sale\/\">Forts\u00e6ttes<\/a><\/p>\n","protected":false},"author":1,"featured_media":0,"parent":0,"menu_order":0,"comment_status":"closed","ping_status":"closed","template":"","meta":{"_acf_changed":false,"footnotes":""},"page_roles":[36],"class_list":["post-461","page","type-page","status-publish","hentry","page_roles-legal"],"acf":[],"_links":{"self":[{"href":"https:\/\/cocosolis.com\/dk\/wp-json\/wp\/v2\/pages\/461","targetHints":{"allow":["GET"]}}],"collection":[{"href":"https:\/\/cocosolis.com\/dk\/wp-json\/wp\/v2\/pages"}],"about":[{"href":"https:\/\/cocosolis.com\/dk\/wp-json\/wp\/v2\/types\/page"}],"author":[{"embeddable":true,"href":"https:\/\/cocosolis.com\/dk\/wp-json\/wp\/v2\/users\/1"}],"replies":[{"embeddable":true,"href":"https:\/\/cocosolis.com\/dk\/wp-json\/wp\/v2\/comments?post=461"}],"version-history":[{"count":4,"href":"https:\/\/cocosolis.com\/dk\/wp-json\/wp\/v2\/pages\/461\/revisions"}],"predecessor-version":[{"id":517,"href":"https:\/\/cocosolis.com\/dk\/wp-json\/wp\/v2\/pages\/461\/revisions\/517"}],"wp:attachment":[{"href":"https:\/\/cocosolis.com\/dk\/wp-json\/wp\/v2\/media?parent=461"}],"wp:term":[{"taxonomy":"page_roles","embeddable":true,"href":"https:\/\/cocosolis.com\/dk\/wp-json\/wp\/v2\/page_roles?post=461"}],"curies":[{"name":"wp","href":"https:\/\/api.w.org\/{rel}","templated":true}]}}