{"id":390,"date":"2022-05-06T13:33:20","date_gmt":"2022-05-06T11:33:20","guid":{"rendered":"http:\/\/cocosolis.com\/en\/?post_type=product&#038;p=390"},"modified":"2026-04-06T15:24:37","modified_gmt":"2026-04-06T13:24:37","slug":"skin-collagen-booster-dry-oil","status":"publish","type":"product","link":"https:\/\/cocosolis.com\/de\/product\/skin-collagen-booster-dry-oil\/","title":{"rendered":"SKIN Collagen Booster Dry Oil"},"content":{"rendered":"","protected":false},"excerpt":{"rendered":"","protected":false},"featured_media":1000004575,"template":"","meta":{"_acf_changed":false},"product_brand":[],"product_cat":[19],"product_tag":[],"product_template":[67],"class_list":{"0":"post-390","1":"product","2":"type-product","3":"status-publish","4":"has-post-thumbnail","6":"product_cat-skin","7":"product_template-v-2024-clean","9":"first","10":"instock","11":"shipping-taxable","12":"purchasable","13":"product-type-simple"},"acf":{"_v2024__listing_and_sharing_info__listing_category":"SKIN","_v2024__listing_and_sharing_info__product_type":"Collagen Booster Dry Oil","_v2024__listing__and_sharing_info__listing_below_title_in_product_page":"Trocken\u00f6l mit nat\u00fcrlicher Anti-Age-Wirkung. Erneuert und vitaminisiert die Haut.","_v2024__listing_and_sharing_info__listing_description":"Trocken\u00f6l mit nat\u00fcrlicher Anti-Age-Wirkung. Erneuert und vitaminisiert die Haut.","_v2024__listing_and_sharing_info__image":1000000388,"_v2024__product_hero__hero_type":"carousel","_v2024__product_hero__product_slider_gallery":[{"_v2024__product_hero__product_slider_gallery__image":1000006655,"_v2024__product_hero__product_slider_gallery__video_link":""},{"_v2024__product_hero__product_slider_gallery__image":1000006657,"_v2024__product_hero__product_slider_gallery__video_link":""},{"_v2024__product_hero__product_slider_gallery__image":1000006658,"_v2024__product_hero__product_slider_gallery__video_link":""},{"_v2024__product_hero__product_slider_gallery__image":1000006659,"_v2024__product_hero__product_slider_gallery__video_link":""},{"_v2024__product_hero__product_slider_gallery__image":1000006660,"_v2024__product_hero__product_slider_gallery__video_link":""},{"_v2024__product_hero__product_slider_gallery__image":1000006661,"_v2024__product_hero__product_slider_gallery__video_link":""},{"_v2024__product_hero__product_slider_gallery__image":1000006662,"_v2024__product_hero__product_slider_gallery__video_link":"https:\/\/player.vimeo.com\/progressive_redirect\/playback\/1042663906\/rendition\/720p\/file.mp4?loc=external&amp;log_user=0&amp;signature=238d8a957ddf9f4279b519ffa65d3564d72b070ccb832dc58ea158b16d18c32d&amp;user_id=110095091"}],"_v2024__before_and_after_image":1000006537,"_v2024__before_and_after_image_mobile":1000006538,"_v2024__product_hero__quantity":"110 ML","_v2024__product_hero__product_disclamer":"","_v2024__why_use__should_show":"visible","_v2024__why_use__description_text":"Nat\u00fcrliches Trocken\u00f6l mit Anti-Age-Wirkung. Hilft bei der Aufrechterhaltung eines hohen Kollagenspiegels und erh\u00f6ht die Elastizit\u00e4t.","_v2024__why_use__text_content":"<ul>\r\n \t<li>Reduziert das Auftreten feiner Linien und F\u00e4ltchen<\/li>\r\n \t<li>Erneuert hervorragend die Haut, befeuchtet und revitalisiert<\/li>\r\n \t<li>Bewahrt die Haut glatt, jung und straff<\/li>\r\n \t<li>Spezielle Mischung aus 6 wertvollen Bio-\u00d6len aus Superfr\u00fcchten und patentiertem nat\u00fcrlichen Aktiv-Wirkstoff. Vegan<\/li>\r\n \t<li>Zieht schnell und tief ein<\/li>\r\n \t<li>Geeignet f\u00fcr Gesicht und K\u00f6rper, f\u00fcr empfindliche und sensible Haut<\/li>\r\n \t<li>Mit berauschendem Duft nach exotischen Fr\u00fcchten<\/li>\r\n<\/ul>","_v2024__why_use__product_notes_and_remarks":"","_v2024__why_use__background_color":"#FBF1EB","_v2024__why_use__heading_color":"#816c65","_v2024__why_use__text_color":"#816c65","_v2024__why_use__image_desktop":1000006698,"_v2024__why_use__image_mobile":1000006699,"_v2024__stats_show":false,"_v2024__stats_repeater":null,"_v2024__stats_repeater_disclaimer":null,"_v2024__benefits__icons_repeater":[{"_v2024__benefit__icons_repeater_icon":1000006731,"_v2024__benefit__icons_repeater_text":"ANTI-AGE-EFFEKT"},{"_v2024__benefit__icons_repeater_icon":1000006742,"_v2024__benefit__icons_repeater_text":"PATENTIERTER NAT\u00dcRLICHER AKTIV-WIRKSTOFF"},{"_v2024__benefit__icons_repeater_icon":1000006738,"_v2024__benefit__icons_repeater_text":"F\u00dcR GESICHT UND K\u00d6RPER"},{"_v2024__benefit__icons_repeater_icon":1000006737,"_v2024__benefit__icons_repeater_text":"DUFT NACH EXOTISCHEN FR\u00dcCHTEN"}],"_v2024__image_ingreddients__intro_text":"Entdecken Sie die nat\u00fcrlichen Inhaltsstoffe dieser hochwirksamen Anti-Age-Formel: ein patentierter Aktiv-Wirkstoff und \u00d6le aus exotischen Superfr\u00fcchten f\u00fcr frische, strahlende und geschmeidige Haut.","_v2024__image_ingreddients__additional_description":"","_v2024__image_ingreddients__disclamer_inner":"","_v2024__image_ingredients__repeater":[{"_v2024__image_ingredients__ingredient_image":1000006704,"_v2024__image_ingredients__ingredient_title":"AKTIV-WIRKSTOFF MIT S\u00dcSSLUPINE\u00ae","_v2024__image_ingredients__ingredient_description":"Stimuliert die Produktion von hochwertigem Kollagen, macht die Haut straffer und elastischer, remodelliert schlaffe Haut."},{"_v2024__image_ingredients__ingredient_image":1000006726,"_v2024__image_ingredients__ingredient_title":"GRANATAPFEL\u00d6L","_v2024__image_ingredients__ingredient_description":"Bietet antioxidativen Schutz vor sch\u00e4dlichen Umwelteinfl\u00fcssen. Reduziert Poren und Falten."},{"_v2024__image_ingredients__ingredient_image":1000006725,"_v2024__image_ingredients__ingredient_title":"MARACUJA\u00d6L","_v2024__image_ingredients__ingredient_description":"Hydratisiert und macht die Haut weich, revitalisiert m\u00fcde Haut und schenkt ihr den jugendlichen Glanz zur\u00fcck."},{"_v2024__image_ingredients__ingredient_image":1000006715,"_v2024__image_ingredients__ingredient_title":"GOJI-BEEREN\u00d6L","_v2024__image_ingredients__ingredient_description":"Extrem reich an Antioxidantien, beugt vorzeitiger Hautalterung vor. Stimuliert die Kollagenproduktion und sorgt f\u00fcr strahlende Haut."},{"_v2024__image_ingredients__ingredient_image":1000006727,"_v2024__image_ingredients__ingredient_title":"HAGEBUTTEN\u00d6L","_v2024__image_ingredients__ingredient_description":"Gl\u00e4ttet und hellt den Hautton auf, l\u00e4sst Narben verblassen. Macht die Haut glatt und makellos."},{"_v2024__image_ingredients__ingredient_image":1000006712,"_v2024__image_ingredients__ingredient_title":"KOKOSNUSS\u00d6L","_v2024__image_ingredients__ingredient_description":"Zieht schnell ein, spendet intensive Feuchtigkeit f\u00fcr eine weiche und geschmeidige Haut."},{"_v2024__image_ingredients__ingredient_image":1000006711,"_v2024__image_ingredients__ingredient_title":"KAKAOBUTTER","_v2024__image_ingredients__ingredient_description":"Wunderbare \u201eNahrung\u201c f\u00fcr die Haut. Regeneriert und beugt der Entstehung von Dehnungsstreifen und feinen F\u00e4ltchen vor."},{"_v2024__image_ingredients__ingredient_image":1000006705,"_v2024__image_ingredients__ingredient_title":"AKTIVER INHALTSSTOFF","_v2024__image_ingredients__ingredient_description":"Aus hochwertigem Oliven\u00f6l extrahiert, sorgt er daf\u00fcr, dass die \u00d6le schnell von der Haut aufgenommen werden."},{"_v2024__image_ingredients__ingredient_image":1000006730,"_v2024__image_ingredients__ingredient_title":"NAT\u00dcRLICHES VITAMIN E","_v2024__image_ingredients__ingredient_description":"Starkes Antioxidans, das die Hautalterung bek\u00e4mpft und den nat\u00fcrlichen Heilungsprozess der Haut unterst\u00fctzt."}],"_v2024__image_ingredients__all_ingredients":"CAPRYLIC\/CAPRIC TRIGLYCERIDE, COCOS NUCIFERA OIL*, OCTYLDODECYL OLIVATE, THEOBROMA CACAO SEED BUTTER*, PASSIFLORA EDULIS SEED OIL, HELIANTHUS ANNUUS SEED OIL*, LUPINUS ALBUS SEED EXTRACT, TOCOPHEROL, PUNICA GRANATUM SEED OIL*, ROSA CANINA SEED EXTRACT, LYCIUM BARBARUM SEED OIL*, PARFUM <strong>(NATURAL EMOLLIENT, COCONUT OIL*, OCTYLDODECYL OLIVATE (FROM OLIVE OIL), CACAO SEED BUTTER*, PASSION FRUIT SEED OIL*, SUNFLOWER SEED OIL*, WHITE LUPIN SEED EXTRACT, NATURAL VITAMIN E, POMEGRANATE SEED OIL*, ROSE HIP SEED OIL, GOJI BERRY SEED OIL*, PARFUM) <\/strong>\r\n\r\n<em>*Bio zertifizierte Inhaltsstoffe<\/em>\r\n\r\n<em>Bitte beachten Sie, da\u00df die Liste der Inhaltstoffe aufgrund von Produktverbesserungen im Laufe der Zeit leicht variieren kann. Die aktuellsten Informationen finden Sie auf der Produktverpackung.<\/em>","_v2024__usage_content__left_content":"Geeignet f\u00fcr Gesicht und K\u00f6rper. F\u00fcr optimale Ergebnisse morgens und abends auf die gew\u00fcnschten Stellen oder auf Gesicht und K\u00f6rper auftragen.\r\n\r\nAuf trockene oder feuchte Haut auftragen. Zieht am leichtesten direkt nach dem Duschen auf der noch feuchten Haut ein.","_v2024__usage_content__right_bottom_content":"","_v2024__usage_content__note":"","_v2024__usage_content__storage":"An einem k\u00fchlen und trockenen Ort aufbewahren. Nicht im K\u00fchlschrank aufbewahren. Das Produkt verfestigt sich bei kalter Lagerung und der Inhalt der Flasche kann nicht durch die Pumpe herauskommen. Zur Verfl\u00fcssigung bitte bei Zimmertemperatur \u00fcber 25\u00b0C stehen lassen. Bitte \u00f6ffnen Sie die Flasche nicht, wenn das Produkt verfestigt ist, da dies die Pumpe besch\u00e4digen kann.\r\n\r\n&nbsp;\r\n\r\nNur f\u00fcr die \u00e4u\u00dfere Anwendung. Beenden Sie die Anwendung, wenn Reizungen auftreten. Nicht auf gesch\u00e4digter oder verletzter Haut anwenden. Den Kontakt mit den Augen vermeiden. Von Kindern fernhalten!"},"_links":{"self":[{"href":"https:\/\/cocosolis.com\/de\/wp-json\/wp\/v2\/product\/390","targetHints":{"allow":["GET"]}}],"collection":[{"href":"https:\/\/cocosolis.com\/de\/wp-json\/wp\/v2\/product"}],"about":[{"href":"https:\/\/cocosolis.com\/de\/wp-json\/wp\/v2\/types\/product"}],"wp:featuredmedia":[{"embeddable":true,"href":"https:\/\/cocosolis.com\/de\/wp-json\/"}],"wp:attachment":[{"href":"https:\/\/cocosolis.com\/de\/wp-json\/wp\/v2\/media?parent=390"}],"wp:term":[{"taxonomy":"product_brand","embeddable":true,"href":"https:\/\/cocosolis.com\/de\/wp-json\/wp\/v2\/product_brand?post=390"},{"taxonomy":"product_cat","embeddable":true,"href":"https:\/\/cocosolis.com\/de\/wp-json\/wp\/v2\/product_cat?post=390"},{"taxonomy":"product_tag","embeddable":true,"href":"https:\/\/cocosolis.com\/de\/wp-json\/wp\/v2\/product_tag?post=390"},{"taxonomy":"product_template","embeddable":true,"href":"https:\/\/cocosolis.com\/de\/wp-json\/wp\/v2\/product_template?post=390"}],"curies":[{"name":"wp","href":"https:\/\/api.w.org\/{rel}","templated":true}]}}