{"id":386,"date":"2022-05-06T13:12:09","date_gmt":"2022-05-06T13:12:09","guid":{"rendered":"http:\/\/cocosolis.com\/en\/?post_type=product&#038;p=386"},"modified":"2026-04-15T10:20:41","modified_gmt":"2026-04-15T08:20:41","slug":"skin-anti-cellulite-dry-oil","status":"publish","type":"product","link":"https:\/\/cocosolis.com\/de\/product\/skin-anti-cellulite-dry-oil\/","title":{"rendered":"SKIN Anti-cellulite Dry Oil"},"content":{"rendered":"","protected":false},"excerpt":{"rendered":"","protected":false},"featured_media":1000004573,"template":"","meta":{"_acf_changed":false},"product_brand":[],"product_cat":[19],"product_tag":[],"product_template":[67],"class_list":{"0":"post-386","1":"product","2":"type-product","3":"status-publish","4":"has-post-thumbnail","6":"product_cat-skin","7":"product_template-v-2024-clean","9":"first","10":"instock","11":"shipping-taxable","12":"purchasable","13":"product-type-variable"},"acf":{"_v2024__listing_and_sharing_info__listing_category":"SKIN","_v2024__listing_and_sharing_info__product_type":"Anti-cellulite Dry Oil","_v2024__listing__and_sharing_info__listing_below_title_in_product_page":"Nat\u00fcrliches Anti-Cellulite-Trocken\u00f6l. Modelliert und formt die Figur.","_v2024__listing_and_sharing_info__listing_description":"Anti-cellulite dry oil. Modelliert und formt die Figur.","_v2024__listing_and_sharing_info__image":1000000387,"_v2024__product_hero__hero_type":"carousel","_v2024__product_hero__product_slider_gallery":[{"_v2024__product_hero__product_slider_gallery__image":1000006640,"_v2024__product_hero__product_slider_gallery__video_link":""},{"_v2024__product_hero__product_slider_gallery__image":1000006642,"_v2024__product_hero__product_slider_gallery__video_link":""},{"_v2024__product_hero__product_slider_gallery__image":1000006644,"_v2024__product_hero__product_slider_gallery__video_link":""},{"_v2024__product_hero__product_slider_gallery__image":1000006648,"_v2024__product_hero__product_slider_gallery__video_link":""},{"_v2024__product_hero__product_slider_gallery__image":1000006650,"_v2024__product_hero__product_slider_gallery__video_link":""},{"_v2024__product_hero__product_slider_gallery__image":1000006652,"_v2024__product_hero__product_slider_gallery__video_link":""},{"_v2024__product_hero__product_slider_gallery__image":1000006654,"_v2024__product_hero__product_slider_gallery__video_link":"https:\/\/player.vimeo.com\/progressive_redirect\/playback\/1042663347\/rendition\/720p\/file.mp4?loc=external&amp;log_user=0&amp;signature=29fc6b4b2d0e8d5e65fdcdb9fd54acbe00beb382a0e54c015ca4f3f5f9c8c448&amp;user_id=110095091"}],"_v2024__before_and_after_image":1000006535,"_v2024__before_and_after_image_mobile":1000006536,"_v2024__product_hero__quantity":"","_v2024__product_hero__product_disclamer":"","_v2024__why_use__should_show":"visible","_v2024__why_use__description_text":"Nat\u00fcrliches Anti-Cellulite-Trocken\u00f6l. Modelliert und formt die Figur.","_v2024__why_use__text_content":"<ul>\r\n \t<li>Reduziert \u201eOrangenhaut\u201c sichtbar<\/li>\r\n \t<li>Strafft, festigt und erneuert die Haut und verbessert ihre Elastizit\u00e4t und Textur<\/li>\r\n \t<li>Wirksame Formel mit nat\u00fcrlichen Inhaltsstoffen, vegan. Mit einem bew\u00e4hrten patentierten Wirkstoff, Bio-Blaubeer-, Trauben- und Kaffee\u00f6l, angereichert mit nat\u00fcrlichem Vitamin E<\/li>\r\n \t<li>Zieht schnell und tief ein<\/li>\r\n \t<li>Ideal f\u00fcr zarte und empfindliche Haut<\/li>\r\n \t<li>Blaubeer-Muffin-Duft<\/li>\r\n<\/ul>","_v2024__why_use__product_notes_and_remarks":"","_v2024__why_use__background_color":"#FBF1EB","_v2024__why_use__heading_color":"#816c65","_v2024__why_use__text_color":"#816c65","_v2024__why_use__image_desktop":1000006696,"_v2024__why_use__image_mobile":1000006697,"_v2024__stats_show":false,"_v2024__stats_repeater":null,"_v2024__stats_repeater_disclaimer":null,"_v2024__benefits__icons_repeater":[{"_v2024__benefit__icons_repeater_icon":1000006750,"_v2024__benefit__icons_repeater_text":"MODELLIERT UND FORMT DIE FIGUR"},{"_v2024__benefit__icons_repeater_icon":1000006740,"_v2024__benefit__icons_repeater_text":"ZIEHT SCHNELL UND TIEF EIN"},{"_v2024__benefit__icons_repeater_icon":1000006746,"_v2024__benefit__icons_repeater_text":"NAT\u00dcRLICHE INHALTSSTOFFE"},{"_v2024__benefit__icons_repeater_icon":1000006745,"_v2024__benefit__icons_repeater_text":"BLAUBEER-MUFFIN-DUFT"}],"_v2024__image_ingreddients__intro_text":"Entdecken Sie die kraftvollen nat\u00fcrlichen Inhaltsstoffe, welche die Figur formen und Cellulite bek\u00e4mpfen: nat\u00fcrliche \u00d6le in Kombination mit einem patentierten Wirkstoff mit nachgewiesener Wirksamkeit.","_v2024__image_ingreddients__additional_description":"","_v2024__image_ingreddients__disclamer_inner":"","_v2024__image_ingredients__repeater":[{"_v2024__image_ingredients__ingredient_image":1000006705,"_v2024__image_ingredients__ingredient_title":"NAT\u00dcRLICHER AKTIVER INHALTSSTOFF\u00ae","_v2024__image_ingredients__ingredient_description":"Eine patentierte Formel mit erwiesener Wirksamkeit: bei regelm\u00e4\u00dfiger Anwendung verbessert sie die \u201eOrangenhaut\u201c, hilft beim Abbau von Fettablagerungen und hemmt deren Entstehung."},{"_v2024__image_ingredients__ingredient_image":1000006709,"_v2024__image_ingredients__ingredient_title":"BLAUBEER\u00d6L","_v2024__image_ingredients__ingredient_description":"Das \u00d6l ist besonders reich an Antioxidantien und Omega-3-Fetts\u00e4uren. Es verlangsamt den Alterungsprozess, strafft die Konturen und gl\u00e4ttet feine F\u00e4ltchen."},{"_v2024__image_ingredients__ingredient_image":1000006713,"_v2024__image_ingredients__ingredient_title":"KAFFEEBUTTER","_v2024__image_ingredients__ingredient_description":"Regt die Entgiftung und die Kollagensynthese an und hilft, Cellulite zu reduzieren. Macht die Haut seidig weich."},{"_v2024__image_ingredients__ingredient_image":1000006716,"_v2024__image_ingredients__ingredient_title":"TRAUBENKERN\u00d6L","_v2024__image_ingredients__ingredient_description":"Hilft bei der Straffung, Regeneration und Feuchtigkeitsregulierung der Haut. Wirkt st\u00e4rkend und hellt den Teint auf."},{"_v2024__image_ingredients__ingredient_image":1000006717,"_v2024__image_ingredients__ingredient_title":"JOJOBA\u00d6L","_v2024__image_ingredients__ingredient_description":"Versorgt die Haut intensiv mit Feuchtigkeit, repariert und strafft sie und bildet mit seiner einzigartigen Zusammensetzung, die dem menschlichen Talg \u00e4hnelt, einen Schutzfilm."},{"_v2024__image_ingredients__ingredient_image":1000006712,"_v2024__image_ingredients__ingredient_title":"KOKOSNUSS\u00d6L","_v2024__image_ingredients__ingredient_description":"Zieht schnell ein, spendet intensive Feuchtigkeit f\u00fcr eine weiche und geschmeidige Haut. Sch\u00fctzt vor Sonnen- und Altersflecken und verleiht eine goldene Br\u00e4une."},{"_v2024__image_ingredients__ingredient_image":1000006723,"_v2024__image_ingredients__ingredient_title":"AKTIVER INHALTSSTOFF","_v2024__image_ingredients__ingredient_description":"Aus hochwertigem Oliven\u00f6l extrahiert, sorgt er daf\u00fcr, dass die \u00d6le schnell von der Haut aufgenommen werden."},{"_v2024__image_ingredients__ingredient_image":1000006730,"_v2024__image_ingredients__ingredient_title":"NAT\u00dcRLICHES VITAMIN E","_v2024__image_ingredients__ingredient_description":"Starkes Antioxidans, das die Hautalterung bek\u00e4mpft und den nat\u00fcrlichen Heilungsprozess der Haut unterst\u00fctzt."}],"_v2024__image_ingredients__all_ingredients":"CAPRYLIC\/CAPRIC TRIGLYCERIDE, COCOS NUCIFERA OIL*, SIMMONDSIA CHINENSIS SEED OIL*, OCTYLDODECYL OLIVATE, VITIS VINIFERA SEED OIL*, SORBITAN LAURATE, TOCOPHEROL, LAUROYL PROLINE, HELIANTHUS ANNUUS SEED OIL, VACCINIUM MYRTILLUS SEED OIL, COFFEA ARABICA SEED OIL*, PARFUM, LINALOOL, LINALYL ACETATE, ALPHA-ISOMETHYL IONONE, CITRONELLOL, BENZYL ALCOHOL, VANILLIN <strong>(NATURAL EMOLLIENT, COCONUT OIL*, JOJOBA OIL*, OCTYLDODECYL OLIVATE (FROM OLIVE OIL), GRAPE SEED OIL*, SORBITANE LAUREATE, NATURAL VITAMIN E, LAUROYL PROLINE, SUNFLOWER SEED OIL, BLUEBERRY SEED OIL, COFFEE SEED OIL*, PARFUM, LINALOOL, LINALYL ACETATE, ALPHA-ISOMETHYL IONONE, CITRONELLOL, BENZYL ALCOHOL, VANILLIN)<\/strong>\r\n\r\n<em>*Bio zertifizierte Inhaltsstoffe<\/em>\r\n\r\n<em>Bitte beachten Sie, da\u00df die Liste der Inhaltstoffe aufgrund von Produktverbesserungen im Laufe der Zeit leicht variieren kann. Die aktuellsten Informationen finden Sie auf der Produktverpackung.<\/em>","_v2024__usage_content__left_content":"<h4>INTENSIVE TAGESPFLEGE<\/h4>\r\nMorgens und abends auf die gew\u00fcnschten Stellen oder auf den ganzen K\u00f6rper mit massierenden Bewegungen auftragen. Gleich nach dem Duschen verwenden. F\u00fcr optimale Ergebnisse empfehlen wir die Verwendung eines Massageger\u00e4ts oder eines Saugnapfes. Das \u00d6l kann auch w\u00e4hrend einer Therapie mit einem Massagetherapeuten verwendet werden.\r\n<h4>F\u00dcR BESTE ERGEBNISSE<\/h4>\r\nKombinieren Sie die Wirkung des Anti-Cellulite-\u00d6ls mit ausreichender Fl\u00fcssigkeitszufuhr und k\u00f6rperlicher Aktivit\u00e4t.","_v2024__usage_content__right_bottom_content":"","_v2024__usage_content__note":"","_v2024__usage_content__storage":"An einem k\u00fchlen und trockenen Ort aufbewahren. Nicht im K\u00fchlschrank aufbewahren. Das Produkt verfestigt sich bei kalter Lagerung und der Inhalt der Flasche kann nicht durch die Pumpe herauskommen. Zur Verfl\u00fcssigung bitte bei Zimmertemperatur \u00fcber 25\u00b0C stehen lassen. Bitte \u00f6ffnen Sie die Flasche nicht, wenn das Produkt verfestigt ist, da dies die Pumpe besch\u00e4digen kann.\r\n\r\n&nbsp;\r\n\r\nNur f\u00fcr die \u00e4u\u00dfere Anwendung. Beenden Sie die Anwendung, wenn Reizungen auftreten. Nicht auf gesch\u00e4digter oder verletzter Haut anwenden. Den Kontakt mit den Augen vermeiden. Von Kindern fernhalten!"},"_links":{"self":[{"href":"https:\/\/cocosolis.com\/de\/wp-json\/wp\/v2\/product\/386","targetHints":{"allow":["GET"]}}],"collection":[{"href":"https:\/\/cocosolis.com\/de\/wp-json\/wp\/v2\/product"}],"about":[{"href":"https:\/\/cocosolis.com\/de\/wp-json\/wp\/v2\/types\/product"}],"wp:featuredmedia":[{"embeddable":true,"href":"https:\/\/cocosolis.com\/de\/wp-json\/"}],"wp:attachment":[{"href":"https:\/\/cocosolis.com\/de\/wp-json\/wp\/v2\/media?parent=386"}],"wp:term":[{"taxonomy":"product_brand","embeddable":true,"href":"https:\/\/cocosolis.com\/de\/wp-json\/wp\/v2\/product_brand?post=386"},{"taxonomy":"product_cat","embeddable":true,"href":"https:\/\/cocosolis.com\/de\/wp-json\/wp\/v2\/product_cat?post=386"},{"taxonomy":"product_tag","embeddable":true,"href":"https:\/\/cocosolis.com\/de\/wp-json\/wp\/v2\/product_tag?post=386"},{"taxonomy":"product_template","embeddable":true,"href":"https:\/\/cocosolis.com\/de\/wp-json\/wp\/v2\/product_template?post=386"}],"curies":[{"name":"wp","href":"https:\/\/api.w.org\/{rel}","templated":true}]}}