{"id":385,"date":"2022-05-06T13:10:21","date_gmt":"2022-05-06T11:10:21","guid":{"rendered":"http:\/\/cocosolis.com\/en\/?post_type=product&#038;p=385"},"modified":"2026-04-06T15:24:34","modified_gmt":"2026-04-06T13:24:34","slug":"skin-stretch-mark-dry-oil","status":"publish","type":"product","link":"https:\/\/cocosolis.com\/de\/product\/skin-stretch-mark-dry-oil\/","title":{"rendered":"SKIN Stretch Mark Dry Oil"},"content":{"rendered":"","protected":false},"excerpt":{"rendered":"","protected":false},"featured_media":1000004576,"template":"","meta":{"_acf_changed":false},"product_brand":[],"product_cat":[19],"product_tag":[],"product_template":[67],"class_list":{"0":"post-385","1":"product","2":"type-product","3":"status-publish","4":"has-post-thumbnail","6":"product_cat-skin","7":"product_template-v-2024-clean","9":"first","10":"instock","11":"shipping-taxable","12":"purchasable","13":"product-type-simple"},"acf":{"_v2024__listing_and_sharing_info__listing_category":"SKIN","_v2024__listing_and_sharing_info__product_type":"Stretch Mark Dry Oil","_v2024__listing__and_sharing_info__listing_below_title_in_product_page":"Nat\u00fcrliches Trocken\u00f6l gegen Dehnungsstreifen. Auch f\u00fcr dehydrierte und alternde Haut geeignet.","_v2024__listing_and_sharing_info__listing_description":"Trocken\u00f6l gegen Dehnungsstreifen. Auch f\u00fcr dehydrierte und alternde Haut geeignet.","_v2024__listing_and_sharing_info__image":1000000389,"_v2024__product_hero__hero_type":"carousel","_v2024__product_hero__product_slider_gallery":[{"_v2024__product_hero__product_slider_gallery__image":1000006663,"_v2024__product_hero__product_slider_gallery__video_link":""},{"_v2024__product_hero__product_slider_gallery__image":1000006664,"_v2024__product_hero__product_slider_gallery__video_link":""},{"_v2024__product_hero__product_slider_gallery__image":1000006665,"_v2024__product_hero__product_slider_gallery__video_link":""},{"_v2024__product_hero__product_slider_gallery__image":1000006666,"_v2024__product_hero__product_slider_gallery__video_link":""},{"_v2024__product_hero__product_slider_gallery__image":1000006667,"_v2024__product_hero__product_slider_gallery__video_link":""},{"_v2024__product_hero__product_slider_gallery__image":1000006668,"_v2024__product_hero__product_slider_gallery__video_link":""},{"_v2024__product_hero__product_slider_gallery__image":1000006669,"_v2024__product_hero__product_slider_gallery__video_link":"https:\/\/player.vimeo.com\/progressive_redirect\/playback\/1042663930\/rendition\/540p\/file.mp4?loc=external&amp;log_user=0&amp;signature=78bb01a1fe3d2bf9676ed22a7bfa36db3f77502ecc6f889eb5d9c9c22c6d91f1"}],"_v2024__before_and_after_image":1000006539,"_v2024__before_and_after_image_mobile":1000006540,"_v2024__product_hero__quantity":"110 ML","_v2024__product_hero__product_disclamer":"","_v2024__why_use__should_show":"visible","_v2024__why_use__description_text":"Reduziert das Risiko vom Auftreten von Dehnungsstreifen w\u00e4hrend der Schwangerschaft, bei pl\u00f6tzlichen Gewichtsver\u00e4nderungen oder schnellem Wachstum. Verbessert das Erscheinungsbild der Haut und erh\u00f6ht ihre Elastizit\u00e4t.","_v2024__why_use__text_content":"<ul>\r\n \t<li>Tr\u00e4gt zur Aufrechterhaltung eines hohen Kollagenspiegels in der Haut bei<\/li>\r\n \t<li>Wirkt wohltuend auf trockene und alternde Haut<\/li>\r\n \t<li>Enth\u00e4lt einen patentierten nat\u00fcrlichen Aktiv-Wirkstoff gegen Dehnungsstreifen mit Extrakt aus Samen der wei\u00dfen S\u00fc\u00dflupine<\/li>\r\n \t<li>Spezielle nat\u00fcrliche, vegane Formel aus hochwertigen kaltgepressten Bio-\u00d6len: pflegt und regeneriert<\/li>\r\n \t<li>Zieht schnell und tief ein<\/li>\r\n \t<li>Geeignet f\u00fcr empfindliche und sensible Haut<\/li>\r\n \t<li>Mit Duft nach s\u00fc\u00dfen Mandarinen<\/li>\r\n<\/ul>","_v2024__why_use__product_notes_and_remarks":"","_v2024__why_use__background_color":"#FBF1EB","_v2024__why_use__heading_color":"#816c65","_v2024__why_use__text_color":"#816c65","_v2024__why_use__image_desktop":1000006700,"_v2024__why_use__image_mobile":1000006701,"_v2024__stats_show":false,"_v2024__stats_repeater":null,"_v2024__stats_repeater_disclaimer":null,"_v2024__benefits__icons_repeater":[{"_v2024__benefit__icons_repeater_icon":1000006750,"_v2024__benefit__icons_repeater_text":"VERHINDERT DEHNUNGSSTREIFEN"},{"_v2024__benefit__icons_repeater_icon":1000006742,"_v2024__benefit__icons_repeater_text":"PATENTIERTER NAT\u00dcRLICHER AKTIV-WIRKSTOFF"},{"_v2024__benefit__icons_repeater_icon":1000006746,"_v2024__benefit__icons_repeater_text":"BIO UND NAT\u00dcRLICHE INHALTSSTOFFE"},{"_v2024__benefit__icons_repeater_icon":1000006751,"_v2024__benefit__icons_repeater_text":"DUFT NACH MANDARINE"}],"_v2024__image_ingreddients__intro_text":"Vollkommen nat\u00fcrliche Inhaltsstoffe. Wirkt regenerierend, gl\u00e4ttet die Haut, regt die Kollagenproduktion an \u2013 Bedingungen, die das Auftreten von Dehnungsstreifen verhindern und die Haut elastisch, hydratisiert und glatt bewahren.","_v2024__image_ingreddients__additional_description":"","_v2024__image_ingreddients__disclamer_inner":"","_v2024__image_ingredients__repeater":[{"_v2024__image_ingredients__ingredient_image":1000006704,"_v2024__image_ingredients__ingredient_title":"AKTIV-WIRKSTOFF MIT S\u00dcSSLUPINE\u00ae","_v2024__image_ingredients__ingredient_description":"Stimuliert die Produktion von hochwertigem Kollagen, macht die Haut straffer und elastischer, remodelliert schlaffe Haut."},{"_v2024__image_ingredients__ingredient_image":1000006729,"_v2024__image_ingredients__ingredient_title":"\u00c4THERISCHES MANDARINEN\u00d6L","_v2024__image_ingredients__ingredient_description":"Regeneriert und gl\u00e4ttet die Haut, stellt ihr Gleichgewicht wieder her und beugt der Entstehung von Dehnungsstreifen vor."},{"_v2024__image_ingredients__ingredient_image":1000006727,"_v2024__image_ingredients__ingredient_title":"HAGEBUTTEN\u00d6L","_v2024__image_ingredients__ingredient_description":"Gl\u00e4ttet und hellt den Hautton auf, l\u00e4sst Narben verblassen. Macht die Haut glatt und makellos."},{"_v2024__image_ingredients__ingredient_image":1000006719,"_v2024__image_ingredients__ingredient_title":"CALENDULA-EXTRAKT","_v2024__image_ingredients__ingredient_description":"Beruhigt und regeneriert die Haut, macht bestehende Dehnungsstreifen und Narben weniger sichtbar."},{"_v2024__image_ingredients__ingredient_image":1000006708,"_v2024__image_ingredients__ingredient_title":"AVOCADO\u00d6L","_v2024__image_ingredients__ingredient_description":"Reich an essentiellen Fetts\u00e4uren und Vitaminen, hydratisiert die tiefenwirksam und beugt der Entstehung von Dehnungsstreifen vor."},{"_v2024__image_ingredients__ingredient_image":1000006712,"_v2024__image_ingredients__ingredient_title":"KOKOSNUSS\u00d6L","_v2024__image_ingredients__ingredient_description":"Zieht schnell ein, spendet intensive Feuchtigkeit f\u00fcr eine weiche und geschmeidige Haut."},{"_v2024__image_ingredients__ingredient_image":1000006711,"_v2024__image_ingredients__ingredient_title":"KAKAOBUTTER","_v2024__image_ingredients__ingredient_description":"Wunderbare \u201eNahrung\u201c f\u00fcr die Haut. Regeneriert und beugt der Entstehung von Dehnungsstreifen und feinen F\u00e4ltchen vor."},{"_v2024__image_ingredients__ingredient_image":1000006706,"_v2024__image_ingredients__ingredient_title":"S\u00dcSSMANDEL\u00d6L","_v2024__image_ingredients__ingredient_description":"Beruhigt und verbessert die Hauttextur und den Hautton. Reduziert R\u00f6tungen und Entz\u00fcndungen."},{"_v2024__image_ingredients__ingredient_image":1000006724,"_v2024__image_ingredients__ingredient_title":"OLIVEN\u00d6L","_v2024__image_ingredients__ingredient_description":"Hydratisiert tiefenwirksam, beruhigt und pflegt gereizte Haut."},{"_v2024__image_ingredients__ingredient_image":1000006705,"_v2024__image_ingredients__ingredient_title":"AKTIVER INHALTSSTOFF","_v2024__image_ingredients__ingredient_description":"Aus hochwertigem Oliven\u00f6l extrahiert, sorgt er daf\u00fcr, dass die \u00d6le schnell von der Haut aufgenommen werden."},{"_v2024__image_ingredients__ingredient_image":1000006730,"_v2024__image_ingredients__ingredient_title":"NAT\u00dcRLICHES VITAMIN E","_v2024__image_ingredients__ingredient_description":"Starkes Antioxidans, das die Hautalterung bek\u00e4mpft und den nat\u00fcrlichen Heilungsprozess der Haut unterst\u00fctzt."}],"_v2024__image_ingredients__all_ingredients":"COCOS NUCIFERA OIL*, HELIANTHUS ANNUUS SEED OIL*, CALENDULA OFFICINALIS FLOWER EXTRACT*, SIMMONDSIA CHINENSIS SEED OIL*, PRUNUS AMYGDALUS DULCIS OIL*, THEOBROMA CACAO SEED BUTTER*, CUCUMIS SATIVUS SEED OIL*, ARGANIA SPINOSA KERNEL OIL*, OCTYLDODECYL OLIVATE, CAPRYLIC\/ CAPRIC TRIGLYCERIDE, TOCOPHEROL, MENTHA VIRIDIS LEAF OIL*, LIMONENE <strong>(COCONUT OIL*, SUNFLOWER SEED OIL*, CALENDULA FLOWER EXTRACT*, JOJOBA OIL*, SWEET ALMOND OIL*, CACAO SEED BUTTER*, CUCUMBER OIL*, ARGAN OIL*, OCTYLDODECYL OLIVATE FROM OLIVE OIL, CAPRYLIC CAPRIC TRIGLYCERIDE, NATURAL VITAMIN \u0415, SPEARMINT ESSENTIAL OIL*, LIMONENE)<\/strong>\r\n\r\n<em>*Bio zertifizierte Inhaltsstoffe<\/em>\r\n\r\n<em>Bitte beachten Sie, da\u00df die Liste der Inhaltstoffe aufgrund von Produktverbesserungen im Laufe der Zeit leicht variieren kann. Die aktuellsten Informationen finden Sie auf der Produktverpackung.<\/em>","_v2024__usage_content__left_content":"Morgens und abends mit kreisenden Bewegungen auf die gew\u00fcnschten Stellen oder den ganzen K\u00f6rper auftragen.\r\n\r\nF\u00fcr eine optimale Wirkung direkt nach dem Duschen auftragen, wenn die Poren ge\u00f6ffnet und bereit sind, die maximale Menge der Inhaltsstoffe der reinen Roh\u00f6le aufzunehmen.","_v2024__usage_content__right_bottom_content":"","_v2024__usage_content__note":"* <em>*Bei Schwangerschaft \u2013 wichtig zu wissen: Trotz der vollkommen nat\u00fcrlichen Inhaltsstoffe des Produktes, empfehlen wir 24 Stunden vor der Anwendung einen individuellen Test auf Hautvertr\u00e4glichkeit an einer kleinen K\u00f6rperstelle.<\/em>","_v2024__usage_content__storage":"An einem k\u00fchlen und trockenen Ort aufbewahren. Nicht im K\u00fchlschrank aufbewahren. Das Produkt verfestigt sich bei kalter Lagerung und der Inhalt der Flasche kann nicht durch die Pumpe herauskommen. Zur Verfl\u00fcssigung bitte bei Zimmertemperatur \u00fcber 25\u00b0C stehen lassen. Bitte \u00f6ffnen Sie die Flasche nicht, wenn das Produkt verfestigt ist, da dies die Pumpe besch\u00e4digen kann.\r\n\r\n&nbsp;\r\n\r\nNur f\u00fcr die \u00e4u\u00dfere Anwendung. Beenden Sie die Anwendung, wenn Reizungen auftreten. Nicht auf gesch\u00e4digter oder verletzter Haut anwenden. Den Kontakt mit den Augen vermeiden. Von Kindern fernhalten!"},"_links":{"self":[{"href":"https:\/\/cocosolis.com\/de\/wp-json\/wp\/v2\/product\/385","targetHints":{"allow":["GET"]}}],"collection":[{"href":"https:\/\/cocosolis.com\/de\/wp-json\/wp\/v2\/product"}],"about":[{"href":"https:\/\/cocosolis.com\/de\/wp-json\/wp\/v2\/types\/product"}],"wp:featuredmedia":[{"embeddable":true,"href":"https:\/\/cocosolis.com\/de\/wp-json\/"}],"wp:attachment":[{"href":"https:\/\/cocosolis.com\/de\/wp-json\/wp\/v2\/media?parent=385"}],"wp:term":[{"taxonomy":"product_brand","embeddable":true,"href":"https:\/\/cocosolis.com\/de\/wp-json\/wp\/v2\/product_brand?post=385"},{"taxonomy":"product_cat","embeddable":true,"href":"https:\/\/cocosolis.com\/de\/wp-json\/wp\/v2\/product_cat?post=385"},{"taxonomy":"product_tag","embeddable":true,"href":"https:\/\/cocosolis.com\/de\/wp-json\/wp\/v2\/product_tag?post=385"},{"taxonomy":"product_template","embeddable":true,"href":"https:\/\/cocosolis.com\/de\/wp-json\/wp\/v2\/product_template?post=385"}],"curies":[{"name":"wp","href":"https:\/\/api.w.org\/{rel}","templated":true}]}}