{"id":378,"date":"2022-05-06T10:01:23","date_gmt":"2022-05-06T10:01:23","guid":{"rendered":"http:\/\/cocosolis.com\/en\/?post_type=product&#038;p=378"},"modified":"2026-03-23T14:55:54","modified_gmt":"2026-03-23T13:55:54","slug":"cool-after-sun-oil","status":"publish","type":"product","link":"https:\/\/cocosolis.com\/de\/product\/cool-after-sun-oil\/","title":{"rendered":"COOL After Sun Oil"},"content":{"rendered":"","protected":false},"excerpt":{"rendered":"","protected":false},"featured_media":1000004556,"template":"","meta":{"_acf_changed":false},"product_brand":[],"product_cat":[15],"product_tag":[],"product_template":[67],"class_list":{"0":"post-378","1":"product","2":"type-product","3":"status-publish","4":"has-post-thumbnail","6":"product_cat-suntan-body","7":"product_template-v-2024-clean","9":"first","10":"instock","11":"shipping-taxable","12":"purchasable","13":"product-type-variable","14":"has-default-attributes"},"acf":{"_v2024__listing_and_sharing_info__listing_category":"COOL","_v2024__listing_and_sharing_info__product_type":"After Sun Oil","_v2024__listing__and_sharing_info__listing_below_title_in_product_page":"After-Sun-\u00d6l. Revitalisiert und beruhigt. Mit erfrischender Minze.","_v2024__listing_and_sharing_info__listing_description":"After-Sun-\u00d6l. Revitalisiert und beruhigt. Mit erfrischender Minze.","_v2024__listing_and_sharing_info__image":1000000378,"_v2024__product_hero__hero_type":"carousel","_v2024__product_hero__product_slider_gallery":[{"_v2024__product_hero__product_slider_gallery__image":1000006581,"_v2024__product_hero__product_slider_gallery__video_link":""},{"_v2024__product_hero__product_slider_gallery__image":1000006582,"_v2024__product_hero__product_slider_gallery__video_link":""},{"_v2024__product_hero__product_slider_gallery__image":1000006583,"_v2024__product_hero__product_slider_gallery__video_link":""},{"_v2024__product_hero__product_slider_gallery__image":1000006584,"_v2024__product_hero__product_slider_gallery__video_link":""},{"_v2024__product_hero__product_slider_gallery__image":1000006585,"_v2024__product_hero__product_slider_gallery__video_link":""},{"_v2024__product_hero__product_slider_gallery__image":1000006586,"_v2024__product_hero__product_slider_gallery__video_link":""},{"_v2024__product_hero__product_slider_gallery__image":1000006587,"_v2024__product_hero__product_slider_gallery__video_link":""},{"_v2024__product_hero__product_slider_gallery__image":1000006588,"_v2024__product_hero__product_slider_gallery__video_link":"https:\/\/player.vimeo.com\/progressive_redirect\/playback\/1040390492\/rendition\/720p\/file.mp4?loc=external&amp;log_user=0&amp;signature=0f42e81c06d95987b1c9e3bdcba84d571579cbd174ca8cf161166ad5f2402e2a&amp;user_id=110095091"}],"_v2024__before_and_after_image":1000006527,"_v2024__before_and_after_image_mobile":1000006528,"_v2024__product_hero__quantity":"","_v2024__product_hero__product_disclamer":"","_v2024__why_use__should_show":"visible","_v2024__why_use__description_text":"Beruhigt die Haut nach dem Sonnenbad oder dem Solariumbesuch. Regeneriert, befeuchtet und pflegt tiefenwirksam.","_v2024__why_use__text_content":"<ul>\r\n \t<li>Bei t\u00e4glicher Anwendung macht es die Haut weicher, glatter und elastischer<\/li>\r\n \t<li>Vollkommen nat\u00fcrliche Formel mit Bio-Inhaltsstoffen, vegan<\/li>\r\n \t<li>Geeignet f\u00fcr Gesicht und K\u00f6rper, sensible oder empfindliche Haut<\/li>\r\n \t<li>Mit Duft nach k\u00f6stlicher Minze<\/li>\r\n<\/ul>","_v2024__why_use__product_notes_and_remarks":"","_v2024__why_use__background_color":"#FBF1EB","_v2024__why_use__heading_color":"#816c65","_v2024__why_use__text_color":"#816c65","_v2024__why_use__image_desktop":1000006686,"_v2024__why_use__image_mobile":1000006687,"_v2024__stats_show":false,"_v2024__stats_repeater":null,"_v2024__stats_repeater_disclaimer":null,"_v2024__benefits__icons_repeater":[{"_v2024__benefit__icons_repeater_icon":1000006736,"_v2024__benefit__icons_repeater_text":"ERFRISCHT UND BERUHIGT NACH DEM SONNENBAD"},{"_v2024__benefit__icons_repeater_icon":1000006740,"_v2024__benefit__icons_repeater_text":"PFLEGT UND BEFEUCHTET"},{"_v2024__benefit__icons_repeater_icon":1000006746,"_v2024__benefit__icons_repeater_text":"BIO UND NAT\u00dcRLICHE INHALTSSTOFFE"},{"_v2024__benefit__icons_repeater_icon":1000006743,"_v2024__benefit__icons_repeater_text":"DUFT NACH K\u00d6STLICHER MINZE"}],"_v2024__image_ingreddients__intro_text":"Vollkommen nat\u00fcrliches Produkt, nat\u00fcrlicher Lieferant von Vitaminen, Mineralien, biologisch aktiven Wirkstoffen und Antioxidantien. Kombination aus 9 Bio-\u00d6len, die f\u00fcr ihre beruhigende und erfrischende Wirkung bekannt sind. Angereichert mit nat\u00fcrlichem Vitamin E.","_v2024__image_ingreddients__additional_description":"","_v2024__image_ingreddients__disclamer_inner":"","_v2024__image_ingredients__repeater":[{"_v2024__image_ingredients__ingredient_image":1000006721,"_v2024__image_ingredients__ingredient_title":"\u00c4THERISCHES MINZ\u00d6L","_v2024__image_ingredients__ingredient_description":"Beruhigt und erfrischt die Haut, reduziert Entz\u00fcndungen. Sein frischer Duft belebt die Sinne."},{"_v2024__image_ingredients__ingredient_image":1000006711,"_v2024__image_ingredients__ingredient_title":"KAKAOBUTTER","_v2024__image_ingredients__ingredient_description":"Wunderbare \u201eNahrung\u201c f\u00fcr die Haut. Regeneriert und verhindert das Auftreten von Dehnungsstreifen. F\u00f6rdert die Bildung von gleichm\u00e4\u00dfiger, tiefer und satter Br\u00e4une."},{"_v2024__image_ingredients__ingredient_image":1000006719,"_v2024__image_ingredients__ingredient_title":"CALENDULA-EXTRAKT","_v2024__image_ingredients__ingredient_description":"Hat eine stark beruhigende und regenerierende Wirkung auf die Haut nach Sonneneinwirkung."},{"_v2024__image_ingredients__ingredient_image":1000006714,"_v2024__image_ingredients__ingredient_title":"\u00d6l AUS GURKENSAMEN","_v2024__image_ingredients__ingredient_description":"Intensiv befeuchtend: erfrischt, zieht schnell ein und revitalisiert. Beruhigt sonnenverbrannte Haut."},{"_v2024__image_ingredients__ingredient_image":1000006707,"_v2024__image_ingredients__ingredient_title":"ARGAN\u00d6L","_v2024__image_ingredients__ingredient_description":"\u201eDas fl\u00fcssige Gold Marokkos\u201c f\u00fcr seidig glatte Haut. Sch\u00fctzt vor der sch\u00e4dlichen Wirkung von Sonne und Wind."},{"_v2024__image_ingredients__ingredient_image":1000006705,"_v2024__image_ingredients__ingredient_title":"AKTIVER INHALTSSTOFF","_v2024__image_ingredients__ingredient_description":"Aus hochwertigem Oliven\u00f6l extrahiert, sorgt er daf\u00fcr, dass die \u00d6le schnell von der Haut aufgenommen werden."},{"_v2024__image_ingredients__ingredient_image":1000006712,"_v2024__image_ingredients__ingredient_title":"KOKOSNUSS\u00d6L","_v2024__image_ingredients__ingredient_description":"Zieht schnell ein, spendet intensive Feuchtigkeit f\u00fcr eine weiche und geschmeidige Haut. Sch\u00fctzt vor Sonnen- und Altersflecken und verleiht eine goldene Br\u00e4une."},{"_v2024__image_ingredients__ingredient_image":1000006717,"_v2024__image_ingredients__ingredient_title":"JOJOBA\u00d6L","_v2024__image_ingredients__ingredient_description":"Balanciert die Talgproduktion, beruhigt die Haut und bewahrt sie glatt und rein, ohne Pickel."},{"_v2024__image_ingredients__ingredient_image":1000006730,"_v2024__image_ingredients__ingredient_title":"NAT\u00dcRLICHES VITAMIN E","_v2024__image_ingredients__ingredient_description":"Starkes Antioxidans, das die Hautalterung bek\u00e4mpft und den nat\u00fcrlichen Heilungsprozess der Haut unterst\u00fctzt."}],"_v2024__image_ingredients__all_ingredients":"COCOS NUCIFERA OIL*, HELIANTHUS ANNUUS SEED OIL*, CALENDULA OFFICINALIS FLOWER EXTRACT*, SIMMONDSIA CHINENSIS SEED OIL*, PRUNUS AMYGDALUS DULCIS OIL*, THEOBROMA CACAO SEED BUTTER*, CUCUMIS SATIVUS SEED OIL*, ARGANIA SPINOSA KERNEL OIL*, OCTYLDODECYL OLIVATE, CAPRYLIC\/ CAPRIC TRIGLYCERIDE, TOCOPHEROL, MENTHA VIRIDIS LEAF OIL*, LIMONENE <strong>(COCONUT OIL*, SUNFLOWER SEED OIL*, CALENDULA FLOWER EXTRACT*, JOJOBA OIL*, SWEET ALMOND OIL*, CACAO SEED BUTTER*, CUCUMBER OIL*, ARGAN OIL*, OCTYLDODECYL OLIVATE FROM OLIVE OIL, CAPRYLIC CAPRIC TRIGLYCERIDE, NATURAL VITAMIN \u0415, SPEARMINT ESSENTIAL OIL*, LIMONENE)<\/strong>\r\n\r\n<em>*Bio zertifizierte Inhaltsstoffe<\/em>\r\n\r\n<em>Bitte beachten Sie, da\u00df die Liste der Inhaltstoffe aufgrund von Produktverbesserungen im Laufe der Zeit leicht variieren kann. Die aktuellsten Informationen finden Sie auf der Produktverpackung.<\/em>","_v2024__usage_content__left_content":"<h4>NACH DEM SONNENBAD UND NACH DEM SOLARIUM<\/h4>\r\nF\u00fcr eine optimale Wirkung direkt nach dem Duschen auf die feuchte oder trockene Haut auftragen, wenn die Poren ge\u00f6ffnet sind und das Maximum der Inhaltsstoffe der reinen \u00d6le aufnehmen.\r\n<h4>F\u00dcR JEDEN TAG<\/h4>\r\nF\u00fcr eine glatte und geschmeidige Haut t\u00e4glich nach dem Duschen anwenden.\r\n<h4>ALS MASSAGE\u00d6L<\/h4>\r\nWunderbar als Massage\u00f6l geeignet.","_v2024__usage_content__right_bottom_content":"","_v2024__usage_content__note":"<strong>BITTE BEACHTEN<\/strong>: Das \u00d6l enth\u00e4lt keinen UV-Filter. Bitte den Kontakt mit den Augen vermeiden.","_v2024__usage_content__storage":"An einem k\u00fchlen und trockenen Ort aufbewahren. Nicht im K\u00fchlschrank aufbewahren. Das Produkt verfestigt sich bei kalter Lagerung und der Inhalt der Flasche kann nicht durch die Pumpe herauskommen. Zur Verfl\u00fcssigung bitte bei Zimmertemperatur \u00fcber 25\u00b0C stehen lassen. Bitte \u00f6ffnen Sie die Flasche nicht, wenn das Produkt verfestigt ist, da dies die Pumpe besch\u00e4digen kann.\r\n\r\n&nbsp;\r\n\r\nNur f\u00fcr die \u00e4u\u00dfere Anwendung. Beenden Sie die Anwendung, wenn Reizungen auftreten. Nicht auf gesch\u00e4digter oder verletzter Haut anwenden. Den Kontakt mit den Augen vermeiden. Von Kindern fernhalten!"},"_links":{"self":[{"href":"https:\/\/cocosolis.com\/de\/wp-json\/wp\/v2\/product\/378","targetHints":{"allow":["GET"]}}],"collection":[{"href":"https:\/\/cocosolis.com\/de\/wp-json\/wp\/v2\/product"}],"about":[{"href":"https:\/\/cocosolis.com\/de\/wp-json\/wp\/v2\/types\/product"}],"wp:featuredmedia":[{"embeddable":true,"href":"https:\/\/cocosolis.com\/de\/wp-json\/"}],"wp:attachment":[{"href":"https:\/\/cocosolis.com\/de\/wp-json\/wp\/v2\/media?parent=378"}],"wp:term":[{"taxonomy":"product_brand","embeddable":true,"href":"https:\/\/cocosolis.com\/de\/wp-json\/wp\/v2\/product_brand?post=378"},{"taxonomy":"product_cat","embeddable":true,"href":"https:\/\/cocosolis.com\/de\/wp-json\/wp\/v2\/product_cat?post=378"},{"taxonomy":"product_tag","embeddable":true,"href":"https:\/\/cocosolis.com\/de\/wp-json\/wp\/v2\/product_tag?post=378"},{"taxonomy":"product_template","embeddable":true,"href":"https:\/\/cocosolis.com\/de\/wp-json\/wp\/v2\/product_template?post=378"}],"curies":[{"name":"wp","href":"https:\/\/api.w.org\/{rel}","templated":true}]}}