{"id":377,"date":"2022-05-06T09:39:32","date_gmt":"2022-05-06T07:39:32","guid":{"rendered":"http:\/\/cocosolis.com\/en\/?post_type=product&#038;p=377"},"modified":"2026-03-23T14:55:53","modified_gmt":"2026-03-23T13:55:53","slug":"glow-shimmer-oil","status":"publish","type":"product","link":"https:\/\/cocosolis.com\/de\/product\/glow-shimmer-oil\/","title":{"rendered":"GLOW Shimmer Oil"},"content":{"rendered":"","protected":false},"excerpt":{"rendered":"","protected":false},"featured_media":1000004560,"template":"","meta":{"_acf_changed":false},"product_brand":[],"product_cat":[64],"product_tag":[],"product_template":[67],"class_list":{"0":"post-377","1":"product","2":"type-product","3":"status-publish","4":"has-post-thumbnail","6":"product_cat-shimmer","7":"product_template-v-2024-clean","9":"first","10":"instock","11":"shipping-taxable","12":"purchasable","13":"product-type-simple"},"acf":{"_v2024__listing_and_sharing_info__listing_category":"GLOW","_v2024__listing_and_sharing_info__product_type":"Shimmer Oil","_v2024__listing__and_sharing_info__listing_below_title_in_product_page":"Nat\u00fcrliches schimmerndes und befeuchtendes \u00d6l mit schimmernden Partikeln.","_v2024__listing_and_sharing_info__listing_description":"Nat\u00fcrliches schimmerndes und befeuchtendes \u00d6l mit schimmernden Partikeln.","_v2024__listing_and_sharing_info__image":1000000379,"_v2024__product_hero__hero_type":"carousel","_v2024__product_hero__product_slider_gallery":[{"_v2024__product_hero__product_slider_gallery__image":1000006589,"_v2024__product_hero__product_slider_gallery__video_link":""},{"_v2024__product_hero__product_slider_gallery__image":1000006590,"_v2024__product_hero__product_slider_gallery__video_link":""},{"_v2024__product_hero__product_slider_gallery__image":1000006592,"_v2024__product_hero__product_slider_gallery__video_link":""},{"_v2024__product_hero__product_slider_gallery__image":1000006595,"_v2024__product_hero__product_slider_gallery__video_link":""},{"_v2024__product_hero__product_slider_gallery__image":1000006597,"_v2024__product_hero__product_slider_gallery__video_link":""},{"_v2024__product_hero__product_slider_gallery__image":1000006598,"_v2024__product_hero__product_slider_gallery__video_link":""},{"_v2024__product_hero__product_slider_gallery__image":1000006599,"_v2024__product_hero__product_slider_gallery__video_link":""},{"_v2024__product_hero__product_slider_gallery__image":1000006600,"_v2024__product_hero__product_slider_gallery__video_link":"https:\/\/player.vimeo.com\/progressive_redirect\/playback\/1042663294\/rendition\/720p\/file.mp4?loc=external&amp;log_user=0&amp;signature=4a77c550e32d5a6556d523b51f504f302c104dcb23b05e46be97bc1ceb5db6e0&amp;user_id=110095091"}],"_v2024__before_and_after_image":1000006529,"_v2024__before_and_after_image_mobile":1000006530,"_v2024__product_hero__quantity":"110 ML","_v2024__product_hero__product_disclamer":"","_v2024__why_use__should_show":"visible","_v2024__why_use__description_text":"Nat\u00fcrliches schimmerndes \u00d6l. Verleiht der Haut unwiderstehlichen Glanz und Strahlen. Zur Verwendung am Strand, im Alltag oder zu besonderen Anl\u00e4ssen.","_v2024__why_use__text_content":"<ul>\r\n \t<li>Unterstreicht den Hautton und die Hautfarbe<\/li>\r\n \t<li>Befeuchtet und n\u00e4hrt tiefenwirksam<\/li>\r\n \t<li>Macht die Haut seidig glatt und weich<\/li>\r\n \t<li>Enth\u00e4lt bio und nat\u00fcrliche Inhaltsstoffe in Kombination mit nat\u00fcrlichem Vitamin E. Vegan<\/li>\r\n \t<li>Zieht schnell ein, hinterl\u00e4sst keine fettigen R\u00fcckst\u00e4nde<\/li>\r\n \t<li>Geeignet f\u00fcr Gesicht und K\u00f6rper, f\u00fcr empfindliche und sensible Haut<\/li>\r\n \t<li>Mit verf\u00fchrerischem Duft nach Cookies<\/li>\r\n<\/ul>","_v2024__why_use__product_notes_and_remarks":"<strong>WICHTIG<\/strong>: Kann auf helle Kleidung leicht abf\u00e4rben.","_v2024__why_use__background_color":"#FBF1EB","_v2024__why_use__heading_color":"#816c65","_v2024__why_use__text_color":"#816c65","_v2024__why_use__image_desktop":1000006688,"_v2024__why_use__image_mobile":1000006689,"_v2024__stats_show":false,"_v2024__stats_repeater":null,"_v2024__stats_repeater_disclaimer":null,"_v2024__benefits__icons_repeater":[{"_v2024__benefit__icons_repeater_icon":1000006749,"_v2024__benefit__icons_repeater_text":"UNWIDERSTEHLICHE GLOW UND STRAHLEN"},{"_v2024__benefit__icons_repeater_icon":1000006740,"_v2024__benefit__icons_repeater_text":"N\u00c4HRT UND BEFEUCHTET"},{"_v2024__benefit__icons_repeater_icon":1000006738,"_v2024__benefit__icons_repeater_text":"F\u00dcR GESICHT UND K\u00d6RPER"},{"_v2024__benefit__icons_repeater_icon":1000006735,"_v2024__benefit__icons_repeater_text":"DUFT NACH COOKIES"}],"_v2024__image_ingreddients__intro_text":"Kombination aus Bio-\u00d6len, nat\u00fcrlichem Vitamin E und nat\u00fcrlichem Glimmer (feine Mineralpartikel), dank dem die Haut leuchtet.","_v2024__image_ingreddients__additional_description":"","_v2024__image_ingreddients__disclamer_inner":"","_v2024__image_ingredients__repeater":[{"_v2024__image_ingredients__ingredient_image":1000006720,"_v2024__image_ingredients__ingredient_title":"NAT\u00dcRLICHER GLIMMER","_v2024__image_ingredients__ingredient_description":"Feine Glimmerpartikel (Mica), gewonnen aus nat\u00fcrlichen Mineralien, mit nachgewiesener Fair-Trade-Herkunft. Lassen die Haut elegant leuchten."},{"_v2024__image_ingredients__ingredient_image":1000006714,"_v2024__image_ingredients__ingredient_title":"\u00d6L AUS GURKENSAMEN","_v2024__image_ingredients__ingredient_description":"Befeuchtet intensiv: erfrischt, zieht schnell ein und revitalisiert. Beruhigt sonnenverbrannte Haut."},{"_v2024__image_ingredients__ingredient_image":1000006712,"_v2024__image_ingredients__ingredient_title":"KOKOSNUSS\u00d6L","_v2024__image_ingredients__ingredient_description":"Zieht schnell ein, spendet intensive Feuchtigkeit f\u00fcr eine weiche und geschmeidige Haut. Sch\u00fctzt vor Sonnen- und Altersflecken und verleiht eine goldene Br\u00e4une."},{"_v2024__image_ingredients__ingredient_image":1000006711,"_v2024__image_ingredients__ingredient_title":"KAKAOBUTTER","_v2024__image_ingredients__ingredient_description":"Wunderbare \u201eNahrung\u201c f\u00fcr die Haut. Regeneriert und beugt der Entstehung von Dehnungsstreifen und feinen F\u00e4ltchen vor."},{"_v2024__image_ingredients__ingredient_image":1000006717,"_v2024__image_ingredients__ingredient_title":"JOJOBA\u00d6L","_v2024__image_ingredients__ingredient_description":"Balanciert die Talgproduktion, beruhigt die Haut und bewahrt sie glatt und rein, ohne Pickel."},{"_v2024__image_ingredients__ingredient_image":1000006706,"_v2024__image_ingredients__ingredient_title":"S\u00dcSSMANDEL\u00d6L","_v2024__image_ingredients__ingredient_description":"Beruhigt und verbessert die Hauttextur und den Hautton. Reduziert R\u00f6tungen und Entz\u00fcndungen."},{"_v2024__image_ingredients__ingredient_image":1000006730,"_v2024__image_ingredients__ingredient_title":"NAT\u00dcRLICHES VITAMIN E","_v2024__image_ingredients__ingredient_description":"Starkes Antioxidans, das die Hautalterung bek\u00e4mpft und den nat\u00fcrlichen Heilungsprozess der Haut unterst\u00fctzt."}],"_v2024__image_ingredients__all_ingredients":"CAPRYLIC\/CAPRIC TRIGLYCERIDE, COCOS NUCIFERA OIL*, PRUNUS AMYGDALUS DULCIS OIL*, STEARALKONIUM HECTORITE, PROPYLENE CARBONATE, OCTYLDODECYL OLIVATE, SIMMONDSIA CHINENSIS SEED OIL*, HYDROGENATED RAPESEED OIL, THEOBROMA CACAO SEED BUTTER*, CUCUMIS SATIVUS SEED OIL*, TOCOPHEROL, HELIANTHUS ANNUUS SEED OIL, PARFUM, MICA, CI 77891, CI 77491 <strong>(CAPRYLIC CAPRIC TRIGLYCERIDE, COCONUT OIL*, SWEET ALMOND OIL*, STEARALKONIUM HECTORITE, PROPYLENE CARBONATE, OCTYLDODECYL OLIVATE FROM OLIVE OIL, JOJOBA OIL*, HYDROGENATED RAPESEED OIL, CACAO SEED BUTTER*, CUCUMBER SEED OIL*, NATURAL VITAMIN \u0415, SUNFLOWER SEED OIL, PARFUM, MICA (SPARKLING MINERAL PIGMENTS), CI 77891, CI 77491)<\/strong>\r\n\r\n<em>*Bio zertifizierte Inhaltsstoffe<\/em>\r\n\r\n<em>Bitte beachten Sie, da\u00df die Liste der Inhaltstoffe aufgrund von Produktverbesserungen im Laufe der Zeit leicht variieren kann. Die aktuellsten Informationen finden Sie auf der Produktverpackung.<\/em>","_v2024__usage_content__left_content":"<h4>GLOW AM STRAND<\/h4>\r\nTragen Sie am Strand auf Beine, Arme, Bauch, Dekollet\u00e9 und Wangenknochen auf. Wir empfehlen die Verwendung von GLOW als letzten, dritten Schritt nach der COCOSOLIS Sonnenschutz-Lotion und dem COCOSOLIOS Br\u00e4unungs\u00f6l.\r\n<h4>STRAHLENDES GESICHT<\/h4>\r\nAls Akzent nach dem Make-up auf Gesicht und Dekollet\u00e9 auftragen oder mit ein paar Tropfen Foundation vermischen.\r\n<h4>ABENDLICHER GLOW<\/h4>\r\nAuf Beine, Arme, Dekollet\u00e9 und Wangenknochen auftragen und sich wie der Star des Abends f\u00fchlen.\r\n<h4><\/h4>","_v2024__usage_content__right_bottom_content":"","_v2024__usage_content__note":"<strong>BITTE BEACHTEN<\/strong>: Kann auf helle Kleidung leicht abf\u00e4rben. Das \u00d6l enth\u00e4lt keinen UV-Filter. Wenn Sie direktes Sonnenlicht genie\u00dfen, ist es empfehlenswert das \u00d6l in Kombination mit einer Sonnenschutzlotion anzuwenden. Das Produkt ist kein Selbstbr\u00e4uner. \u00dcberm\u00e4\u00dfige Sonneneinstrahlung kann eine ernsthafte Bedrohung f\u00fcr Ihre Gesundheit darstellen. An einem k\u00fchlen und trockenen Ort aufbewahren. Nicht im K\u00fchlschrank aufbewahren.","_v2024__usage_content__storage":"Nur f\u00fcr die \u00e4u\u00dfere Anwendung. Beenden Sie die Anwendung, wenn Reizungen auftreten. Nicht auf gesch\u00e4digter oder verletzter Haut anwenden. Den Kontakt mit den Augen vermeiden. Von Kindern fernhalten!"},"_links":{"self":[{"href":"https:\/\/cocosolis.com\/de\/wp-json\/wp\/v2\/product\/377","targetHints":{"allow":["GET"]}}],"collection":[{"href":"https:\/\/cocosolis.com\/de\/wp-json\/wp\/v2\/product"}],"about":[{"href":"https:\/\/cocosolis.com\/de\/wp-json\/wp\/v2\/types\/product"}],"wp:featuredmedia":[{"embeddable":true,"href":"https:\/\/cocosolis.com\/de\/wp-json\/"}],"wp:attachment":[{"href":"https:\/\/cocosolis.com\/de\/wp-json\/wp\/v2\/media?parent=377"}],"wp:term":[{"taxonomy":"product_brand","embeddable":true,"href":"https:\/\/cocosolis.com\/de\/wp-json\/wp\/v2\/product_brand?post=377"},{"taxonomy":"product_cat","embeddable":true,"href":"https:\/\/cocosolis.com\/de\/wp-json\/wp\/v2\/product_cat?post=377"},{"taxonomy":"product_tag","embeddable":true,"href":"https:\/\/cocosolis.com\/de\/wp-json\/wp\/v2\/product_tag?post=377"},{"taxonomy":"product_template","embeddable":true,"href":"https:\/\/cocosolis.com\/de\/wp-json\/wp\/v2\/product_template?post=377"}],"curies":[{"name":"wp","href":"https:\/\/api.w.org\/{rel}","templated":true}]}}