{"id":360,"date":"2022-05-06T08:41:35","date_gmt":"2022-05-06T08:41:35","guid":{"rendered":"http:\/\/cocosolis.com\/en\/?post_type=product&#038;p=360"},"modified":"2026-03-23T14:55:45","modified_gmt":"2026-03-23T13:55:45","slug":"mango-suntan-body-oil","status":"publish","type":"product","link":"https:\/\/cocosolis.com\/de\/product\/mango-suntan-body-oil\/","title":{"rendered":"MANGO Suntan &amp; Body Oil"},"content":{"rendered":"","protected":false},"excerpt":{"rendered":"","protected":false},"featured_media":1000004563,"template":"","meta":{"_acf_changed":false},"product_brand":[],"product_cat":[15],"product_tag":[],"product_template":[67],"class_list":{"0":"post-360","1":"product","2":"type-product","3":"status-publish","4":"has-post-thumbnail","6":"product_cat-suntan-body","7":"product_template-v-2024-clean","9":"first","10":"instock","11":"shipping-taxable","12":"purchasable","13":"product-type-simple"},"acf":{"_v2024__listing_and_sharing_info__listing_category":"MANGO","_v2024__listing_and_sharing_info__product_type":"Suntan &amp; Body Oil","_v2024__listing__and_sharing_info__listing_below_title_in_product_page":"Nat\u00fcrliches \u00d6l f\u00fcr schnelle, satte Br\u00e4une an der Sonne und im Solarium. Geeignet f\u00fcr die t\u00e4gliche Anwendung f\u00fcr gepflegte und strahlende Haut. Mit Duft nach tropischer Mango.","_v2024__listing_and_sharing_info__listing_description":"F\u00fcr schnelle, satte Br\u00e4une und strahlende Haut. Mit Duft nach tropischer Mango.","_v2024__listing_and_sharing_info__image":1000000382,"_v2024__product_hero__hero_type":"carousel","_v2024__product_hero__product_slider_gallery":[{"_v2024__product_hero__product_slider_gallery__image":1000006610,"_v2024__product_hero__product_slider_gallery__video_link":""},{"_v2024__product_hero__product_slider_gallery__image":1000006612,"_v2024__product_hero__product_slider_gallery__video_link":""},{"_v2024__product_hero__product_slider_gallery__image":1000006615,"_v2024__product_hero__product_slider_gallery__video_link":""},{"_v2024__product_hero__product_slider_gallery__image":1000006616,"_v2024__product_hero__product_slider_gallery__video_link":""},{"_v2024__product_hero__product_slider_gallery__image":1000006618,"_v2024__product_hero__product_slider_gallery__video_link":""},{"_v2024__product_hero__product_slider_gallery__image":1000006621,"_v2024__product_hero__product_slider_gallery__video_link":""},{"_v2024__product_hero__product_slider_gallery__image":1000006623,"_v2024__product_hero__product_slider_gallery__video_link":"https:\/\/player.vimeo.com\/progressive_redirect\/playback\/1042662099\/rendition\/720p\/file.mp4?loc=external&amp;log_user=0&amp;signature=a23ece3c486c59a80eab309464a2bd8b43595d6c92b3750fa4d2bc6eb828e175&amp;user_id=110095091"}],"_v2024__before_and_after_image":1000006533,"_v2024__before_and_after_image_mobile":1000006534,"_v2024__product_hero__quantity":"110 ML","_v2024__product_hero__product_disclamer":"","_v2024__why_use__should_show":"visible","_v2024__why_use__description_text":"Nat\u00fcrliches \u00d6l f\u00fcr schnelle, satte, gleichm\u00e4\u00dfige und langanhaltende Br\u00e4une am Strand und im Solarium. Beschleunigen Sie Ihre Br\u00e4unebildung oder verwenden Sie t\u00e4glich, um die Haut zu n\u00e4hren und zu befeuchten.","_v2024__why_use__text_content":"<ul>\r\n \t<li>Schnelle und sichtbare Ergebnisse mit weniger Zeit an der Sonne<\/li>\r\n \t<li>Effektive Formel mit nat\u00fcrlichen und biologischen Inhaltsstoffen, vegan<\/li>\r\n \t<li>Geeignet f\u00fcr den t\u00e4glichen Gebrauch<\/li>\r\n \t<li>Geeignet f\u00fcr Gesicht und K\u00f6rper, sensible oder empfindliche Haut<\/li>\r\n \t<li>Mit verlockend s\u00fc\u00dfem Duft nach tropischer Mango<\/li>\r\n<\/ul>","_v2024__why_use__product_notes_and_remarks":"* Das \u00d6l enth\u00e4lt keinen Sonnenschutz-UV-Filter.","_v2024__why_use__background_color":"#FBF1EB","_v2024__why_use__heading_color":"#816c65","_v2024__why_use__text_color":"#816c65","_v2024__why_use__image_desktop":1000006692,"_v2024__why_use__image_mobile":1000006693,"_v2024__stats_show":false,"_v2024__stats_repeater":null,"_v2024__stats_repeater_disclaimer":null,"_v2024__benefits__icons_repeater":[{"_v2024__benefit__icons_repeater_icon":1000006739,"_v2024__benefit__icons_repeater_text":"SCHNELLE, SATTE UND LANGANHALTENDE BR\u00c4UNE"},{"_v2024__benefit__icons_repeater_icon":1000006752,"_v2024__benefit__icons_repeater_text":"SICHTBARE ERGEBNISSE MIT WENIGER ZEIT AN DER SONNE"},{"_v2024__benefit__icons_repeater_icon":1000006746,"_v2024__benefit__icons_repeater_text":"BIO UND NAT\u00dcRLICHE INHALTSSTOFFE"},{"_v2024__benefit__icons_repeater_icon":1000006741,"_v2024__benefit__icons_repeater_text":"DUFT NACH TROPISCHER MANGO"}],"_v2024__image_ingreddients__intro_text":"Die Kombination aus Bio-\u00d6len und nat\u00fcrlichem Vitamin E versorgt die Haut mit einer F\u00fclle von N\u00e4hrstoffen und sorgt f\u00fcr maximale Ergebnisse am Strand und im Solarium.","_v2024__image_ingreddients__additional_description":"","_v2024__image_ingreddients__disclamer_inner":"","_v2024__image_ingredients__repeater":[{"_v2024__image_ingredients__ingredient_image":1000006718,"_v2024__image_ingredients__ingredient_title":"MANGO\u00d6L","_v2024__image_ingredients__ingredient_description":"Stellt den Feuchtigkeitsgehalt der Haut wieder her und bewahrt diesen, f\u00f6rdert die Zellregeneration. Erh\u00f6ht die Hautelastizit\u00e4t, verj\u00fcngt, belebt, schenkt nat\u00fcrlichen Glow."},{"_v2024__image_ingredients__ingredient_image":1000006712,"_v2024__image_ingredients__ingredient_title":"KOKOSNUSS\u00d6L","_v2024__image_ingredients__ingredient_description":"Zieht schnell ein, spendet intensive Feuchtigkeit f\u00fcr eine weiche und geschmeidige Haut. Sch\u00fctzt vor Sonnen- und Altersflecken und verleiht eine goldene Br\u00e4une."},{"_v2024__image_ingredients__ingredient_image":1000006711,"_v2024__image_ingredients__ingredient_title":"KAKAOBUTTER","_v2024__image_ingredients__ingredient_description":"Wunderbare \u201eNahrung\u201c f\u00fcr die Haut. Regeneriert und verhindert das Auftreten von Dehnungsstreifen. F\u00f6rdert die Bildung von gleichm\u00e4\u00dfiger, tiefer und satter Br\u00e4une."},{"_v2024__image_ingredients__ingredient_image":1000006717,"_v2024__image_ingredients__ingredient_title":"JOJOBA\u00d6L","_v2024__image_ingredients__ingredient_description":"Balanciert die Talgproduktion, beruhigt die Haut und bewahrt sie glatt und rein, ohne Pickel."},{"_v2024__image_ingredients__ingredient_image":1000006706,"_v2024__image_ingredients__ingredient_title":"S\u00dcSSMANDEL\u00d6L","_v2024__image_ingredients__ingredient_description":"Beruhigt und verbessert die Hauttextur und den Hautton. Reduziert R\u00f6tungen und Entz\u00fcndungen."},{"_v2024__image_ingredients__ingredient_image":1000006730,"_v2024__image_ingredients__ingredient_title":"NAT\u00dcRLICHES VITAMIN E","_v2024__image_ingredients__ingredient_description":"Starkes Antioxidans, das die Hautalterung bek\u00e4mpft und den nat\u00fcrlichen Heilungsprozess der Haut unterst\u00fctzt."}],"_v2024__image_ingredients__all_ingredients":"COCOS NUCIFERA OIL*,COCONUT ALKANES, SIMMONDSIA CHINENSIS SEED OIL*, PRUNUS AMYGDALUS DULCIS OIL*, THEOBROMA CACAO SEED BUTTER*, MANGIFERA INDICA SEED BUTTER*, TOCOPHEROL, HELIANTHUS ANNUUS SEED OIL, PARFUM, HEXYL CINNAMAL, LIMONENE <strong>(COCONUT OIL*, EMOLLIENT FROM COCONUT OIL, JOJOBA OIL*, SWEET ALMOND OIL*, CACAO BUTTER*, MANGO BUTTER*, NATURAL VITAMIN E, SUNFLOWER SEED OIL, MANGO PARFUM, HEXYL CINNAMAL, LIMONENE) <\/strong>\r\n\r\n<em>*Bio zertifizierte Inhaltsstoffe<\/em>\r\n\r\n<em>Bitte beachten Sie, da\u00df die Liste der Inhaltstoffe aufgrund von Produktverbesserungen im Laufe der Zeit leicht variieren kann. Die aktuellsten Informationen finden Sie auf der Produktverpackung.<\/em>","_v2024__usage_content__left_content":"<h4>ZUM BR\u00c4UNEN AN DER SONNE UND IM SOLARIUM<\/h4>\r\nBei Sonneneinstrahlung empfehlen wir die Verwendung in Kombination mit einem Sonnenschutzprodukt:\r\n<ol>\r\n \t<li>Sonnenschutzmittel auftragen und 15 Minuten einwirken lassen.<\/li>\r\n \t<li>Br\u00e4unungs\u00f6l auftragen.<\/li>\r\n \t<li>Alle 2 Stunden und nach dem Schwimmen erneut auftragen.<\/li>\r\n<\/ol>\r\n<h4>F\u00dcR JEDEN TAG DAS GANZE JAHR \u00dcBER<\/h4>\r\nDirekt nach dem Duschen auf die feuchte oder trockene Haut anwenden, wenn die Poren offen sind und die maximale Menge der Inhaltsstoffe aufnehmen.\r\n<h4>F\u00dcR MASSAGE<\/h4>\r\nPerfekt als Massage\u00f6l.","_v2024__usage_content__right_bottom_content":"","_v2024__usage_content__note":"<strong>BITTE BEACHTEN<\/strong>: Das \u00d6l enth\u00e4lt keinen UV-Filter. Wenn Sie direktes Sonnenlicht genie\u00dfen, ist es empfehlenswert das \u00d6l in Kombination mit einer Sonnenschutzlotion anzuwenden. Das Produkt ist kein Selbstbr\u00e4uner. \u00dcberm\u00e4\u00dfige Sonneneinstrahlung kann eine ernsthafte Bedrohung f\u00fcr Ihre Gesundheit darstellen.","_v2024__usage_content__storage":"An einem k\u00fchlen und trockenen Ort aufbewahren. Nicht im K\u00fchlschrank aufbewahren. Das Produkt verfestigt sich bei kalter Lagerung und der Inhalt der Flasche kann nicht durch die Pumpe herauskommen. Zur Verfl\u00fcssigung bitte bei Zimmertemperatur \u00fcber 25\u00b0C stehen lassen. Bitte \u00f6ffnen Sie die Flasche nicht, wenn das Produkt verfestigt ist, da dies die Pumpe besch\u00e4digen kann.\r\n\r\n&nbsp;\r\n\r\nNur f\u00fcr die \u00e4u\u00dfere Anwendung. Beenden Sie die Anwendung, wenn Reizungen auftreten. Nicht auf gesch\u00e4digter oder verletzter Haut anwenden. Den Kontakt mit den Augen vermeiden. Von Kindern fernhalten!"},"_links":{"self":[{"href":"https:\/\/cocosolis.com\/de\/wp-json\/wp\/v2\/product\/360","targetHints":{"allow":["GET"]}}],"collection":[{"href":"https:\/\/cocosolis.com\/de\/wp-json\/wp\/v2\/product"}],"about":[{"href":"https:\/\/cocosolis.com\/de\/wp-json\/wp\/v2\/types\/product"}],"wp:featuredmedia":[{"embeddable":true,"href":"https:\/\/cocosolis.com\/de\/wp-json\/"}],"wp:attachment":[{"href":"https:\/\/cocosolis.com\/de\/wp-json\/wp\/v2\/media?parent=360"}],"wp:term":[{"taxonomy":"product_brand","embeddable":true,"href":"https:\/\/cocosolis.com\/de\/wp-json\/wp\/v2\/product_brand?post=360"},{"taxonomy":"product_cat","embeddable":true,"href":"https:\/\/cocosolis.com\/de\/wp-json\/wp\/v2\/product_cat?post=360"},{"taxonomy":"product_tag","embeddable":true,"href":"https:\/\/cocosolis.com\/de\/wp-json\/wp\/v2\/product_tag?post=360"},{"taxonomy":"product_template","embeddable":true,"href":"https:\/\/cocosolis.com\/de\/wp-json\/wp\/v2\/product_template?post=360"}],"curies":[{"name":"wp","href":"https:\/\/api.w.org\/{rel}","templated":true}]}}