{"id":1000026482,"date":"2026-04-01T12:51:25","date_gmt":"2026-04-01T10:51:25","guid":{"rendered":"https:\/\/cocosolis.com\/de\/product\/solis-gradual-tan-body-milk\/"},"modified":"2026-04-20T12:48:50","modified_gmt":"2026-04-20T10:48:50","slug":"solis-gradual-tan-body-milk","status":"publish","type":"product","link":"https:\/\/cocosolis.com\/de\/product\/solis-gradual-tan-body-milk\/","title":{"rendered":"SOLIS Gradual Tan Body Milk"},"content":{"rendered":"","protected":false},"excerpt":{"rendered":"","protected":false},"featured_media":1000009846,"template":"","meta":{"_acf_changed":false},"product_brand":[],"product_cat":[43],"product_tag":[],"product_template":[67],"class_list":{"0":"post-1000026482","1":"product","2":"type-product","3":"status-publish","4":"has-post-thumbnail","6":"product_cat-self-tanner","7":"product_template-v-2024-clean","9":"first","10":"instock","11":"shipping-taxable","12":"purchasable","13":"product-type-simple"},"acf":{"_v2024__listing_and_sharing_info__listing_category":"SOLIS","_v2024__listing_and_sharing_info__product_type":"Gradual Tan Body Milk","_v2024__listing__and_sharing_info__listing_below_title_in_product_page":"Nat\u00fcrliche Selbstbr\u00e4uner-K\u00f6rpermilch. F\u00fcr t\u00e4gliche Hydration und eine sich nach und nach aufbauende bronzene Br\u00e4une.Leichte, schnell einziehende Formel.","_v2024__listing_and_sharing_info__listing_description":"Nat\u00fcrliche Selbstbr\u00e4uner-K\u00f6rpermilch. F\u00fcr t\u00e4gliche Hydration und eine sich nach und nach aufbauende bronzene Br\u00e4une.","_v2024__listing_and_sharing_info__image":1000009847,"_v2024__product_hero__hero_type":"carousel","_v2024__product_hero__product_slider_gallery":[{"_v2024__product_hero__product_slider_gallery__image":1000009866,"_v2024__product_hero__product_slider_gallery__video_link":""},{"_v2024__product_hero__product_slider_gallery__image":1000009867,"_v2024__product_hero__product_slider_gallery__video_link":""},{"_v2024__product_hero__product_slider_gallery__image":1000009868,"_v2024__product_hero__product_slider_gallery__video_link":""},{"_v2024__product_hero__product_slider_gallery__image":1000009869,"_v2024__product_hero__product_slider_gallery__video_link":""},{"_v2024__product_hero__product_slider_gallery__image":1000009870,"_v2024__product_hero__product_slider_gallery__video_link":""},{"_v2024__product_hero__product_slider_gallery__image":1000009871,"_v2024__product_hero__product_slider_gallery__video_link":""},{"_v2024__product_hero__product_slider_gallery__image":1000009872,"_v2024__product_hero__product_slider_gallery__video_link":""},{"_v2024__product_hero__product_slider_gallery__image":1000009873,"_v2024__product_hero__product_slider_gallery__video_link":""}],"_v2024__before_and_after_image":1000009963,"_v2024__before_and_after_image_mobile":1000009962,"_v2024__product_hero__quantity":"200ml","_v2024__product_hero__product_disclamer":"","_v2024__why_use__should_show":"visible","_v2024__why_use__description_text":"<strong>Reine, Skincare-first-Formel, die nat\u00fcrliches DHA, Bio-Cacay-\u00d6l, das als nat\u00fcrliches Retinol gesch\u00e4tzt wird, Bio-Marula\u00f6l f\u00fcr einen Anti-Aging-Effekt und Hyalurons\u00e4ure kombiniert. Hinterl\u00e4sst die Haut seidig-glatt mit einer Br\u00e4une, die sich innerhalb von 8 Stunden entwickelt und die Du Tag f\u00fcr Tag intensivieren kannst.<\/strong>","_v2024__why_use__text_content":"<ul>\r\n \t<li>Verleiht nat\u00fcrliche Br\u00e4une, die sich mit jeder Anwendung intensiviert<\/li>\r\n \t<li>Tiefenwirksame Hydration und Anti-Aging-Pflege mit der Kraft von nat\u00fcrlichem Retinol aus Cacay-\u00d6l<\/li>\r\n \t<li>Innovative Formel, die sich der Hautfarbe anpasst<\/li>\r\n \t<li>Leichte, schnell einziehende Emulsion, die nicht abf\u00e4rbt<\/li>\r\n \t<li>L\u00e4sst sich gleichm\u00e4\u00dfig auftragen, ohne Flecken<\/li>\r\n \t<li>Ideal f\u00fcr Anf\u00e4nger im Bereich der Selbstbr\u00e4unung<\/li>\r\n \t<li>F\u00fcr optimale Ergebnisse mit einem Selbstbr\u00e4uner-Handschuh auftragen<\/li>\r\n \t<li>Duft nach Karamell-Latte<\/li>\r\n<\/ul>","_v2024__why_use__product_notes_and_remarks":"","_v2024__why_use__background_color":"#eddacd","_v2024__why_use__heading_color":"#816c65","_v2024__why_use__text_color":"#816c65","_v2024__why_use__image_desktop":1000009848,"_v2024__why_use__image_mobile":1000009849,"_v2024__stats_show":false,"_v2024__stats_repeater":null,"_v2024__stats_repeater_disclaimer":null,"_v2024__benefits__icons_repeater":[{"_v2024__benefit__icons_repeater_icon":10000010005,"_v2024__benefit__icons_repeater_text":"NAT\u00dcRLICH AUSSEHENDE BR\u00c4UNE"},{"_v2024__benefit__icons_repeater_icon":10000010004,"_v2024__benefit__icons_repeater_text":"SCHRITTWEISE ENTWICKLUNG"},{"_v2024__benefit__icons_repeater_icon":10000010003,"_v2024__benefit__icons_repeater_text":"T\u00c4GLICHE HYDRATION"},{"_v2024__benefit__icons_repeater_icon":10000010002,"_v2024__benefit__icons_repeater_text":"DUFT NACH KARAMELL-LATTE"}],"_v2024__image_ingreddients__intro_text":"<strong>Kombination aus nat\u00fcrlichem Br\u00e4unungsverst\u00e4rker, Hyalurons\u00e4ure und tiefenwirksamen feuchtigkeitsspendenden, kaltgepressten Bio-\u00d6len. Leichte Formel f\u00fcr gleichm\u00e4\u00dfige, nat\u00fcrlich aussehende Br\u00e4une, die sich nach und nach aufbaut und danach gleichm\u00e4\u00dfig verblasst.<\/strong>","_v2024__image_ingreddients__additional_description":"","_v2024__image_ingreddients__disclamer_inner":"","_v2024__image_ingredients__repeater":[{"_v2024__image_ingredients__ingredient_image":1000009843,"_v2024__image_ingredients__ingredient_title":"NAT\u00dcRLICHES DHA","_v2024__image_ingredients__ingredient_description":"Aktiv-Wirkstoff pflanzlichen Ursprungs, der durch Fermentation gewonnen wird. Reagiert mit den Hautaminos\u00e4uren, um eine nat\u00fcrlich aussehende Br\u00e4une ohne Sonneneinwirkung zu erzielen."},{"_v2024__image_ingredients__ingredient_image":1000009842,"_v2024__image_ingredients__ingredient_title":"HYALURONS\u00c4URE","_v2024__image_ingredients__ingredient_description":"Hochwirksamer Humektant nat\u00fcrlichen Ursprungs. Bietet tiefenwirksame Hydration, die f\u00fcr eine ebenm\u00e4\u00dfigere und l\u00e4nger anhaltende Br\u00e4une sorgt. Beugt Flecken und Streifenbildung vor."},{"_v2024__image_ingredients__ingredient_image":1000009841,"_v2024__image_ingredients__ingredient_title":"MARULA","_v2024__image_ingredients__ingredient_description":"Leichtes, tiefenwirksam hydratisierendes \u00d6l, reich an Antioxidantien und essentiellen Fetts\u00e4uren. Zieht schnell und tief ein und bereitet die Haut optimal auf eine ebenm\u00e4\u00dfige Br\u00e4une vor. St\u00e4rkt die Hautbarriere und sorgt f\u00fcr ein sanftes Verblassen der Farbe."},{"_v2024__image_ingredients__ingredient_image":1000009844,"_v2024__image_ingredients__ingredient_title":"CACAY","_v2024__image_ingredients__ingredient_description":"Dieses \u00d6l, auch \u201eGold des Amazonas\u201c genannt, hat eine stark hydratisierende und Anti-Aging Wirkung. Es ist besonders reich an Vitamin A und wird als nat\u00fcrliches Retinol gesch\u00e4tzt. Es sorgt f\u00fcr eine glatte, erneuerte Basis f\u00fcr die ebenm\u00e4\u00dfige Br\u00e4une."},{"_v2024__image_ingredients__ingredient_image":1000006712,"_v2024__image_ingredients__ingredient_title":"KOKOS","_v2024__image_ingredients__ingredient_description":"Zieht schnell ein, befeuchtet tiefenwirksam und schlie\u00dft die Feuchtigkeit in der Haut ein. Bildet eine Schutzbarriere und beugt der Entstehung von dunklen Anreicherungen an trockenen Stellen wie Ellbogen und Knien vor."}],"_v2024__image_ingredients__all_ingredients":"INCI: AQUA*, CAPRYLIC\/CAPRIC TRIGLYCERIDE*, COCO-CAPRYLATE\/CAPRATE*, DIHYDROXYACETONE*, PENTYLENE GLYCOL*, MAGNESIUM SULFATE, POLYGLYCERYL-6 STEARATE*, XANTHAN GUM*, COCOS NUCIFERA OIL*, SCLEROCARYA BIRREA SEED OIL*, CARYODENDRON ORINOCENSE SEED OIL*, SODIUM HYALURONATE*, LECITHIN*, PULLULAN*, CITRIC ACID*, C14-22 ALCOHOLS*, C12-20 ALKYL GLUCOSIDE*, MICROCRYSTALLINE CELLULOSE*, CELLULOSE GUM*, SCLEROTIUM GUM*, POLYGLYCERYL-6 BEHENATE*, POLYGLYCERYL-4 DIISOSTEARATE\/POLYHYDROXYSTEARATE\/SEBACATE*, POLYGLYCERYL-3 OLEATE*, DIISOSTEAROYL POLYGLYCERYL-3 DIMER DILINOLEATE*, HYDRATED SILICA*, TETRASODIUM GLUTAMATE DIACETATE, PARFUM*, VANILLIN, LINALOOL, CITRAL, BENZALDEHYDE\r\n\r\n*Nat\u00fcrliche Inhaltsstoffe\r\n\r\nBitte beachten Sie, da\u00df die Liste der Inhaltstoffe aufgrund von Produktverbesserungen im Laufe der Zeit leicht variieren kann. Die aktuellsten Informationen finden Sie auf der Produktverpackung.","_v2024__usage_content__left_content":"<strong>WO:<\/strong> ganzer K\u00f6rper\r\n\r\n<strong>WIE OFT: <\/strong>T\u00e4glich als hydratisierende K\u00f6rpermilch bis Du die von Dir gew\u00fcnschte Intensit\u00e4t der bronzenen Br\u00e4une erreichst.\r\n\r\nJe \u00f6fter Du SOLIS Gradual Tan Body Milk anwendest, desto intensiver wird Deine Br\u00e4une.\r\n\r\n<strong>WIE:<\/strong>\r\n<ul>\r\n \t<li>1. F\u00fcr optimale Ergebnisse peele Deinen K\u00f6rper 24 Stunden vor der ersten Anwendung mit dem Peeling Handschuh.<\/li>\r\n \t<li>2. Trage die Milch mit einem Selbstbr\u00e4uner-Handschuh mit leichten Massagebewegungen auf die gereinigte, trockene Haut auf. An Ellbogen, Knien, Kn\u00f6cheln, F\u00fc\u00dfen und H\u00e4nden sparsam auftragen.<\/li>\r\n \t<li>3. Falls Du es ohne einen Handschuh auftr\u00e4gst, wasche Deine H\u00e4nde gr\u00fcndlich. Um die H\u00e4nde vor m\u00f6glicher Verf\u00e4rbung zu sch\u00fctzen, empfehlen wir die Verwendung eines Self-tanning Mitt.<\/li>\r\n \t<li>4. Warte, bis es vollst\u00e4ndig eingezogen ist, bevor Du Dich anziehst.<\/li>\r\n<\/ul>","_v2024__usage_content__right_bottom_content":"","_v2024__usage_content__note":"<strong>BITTE BEACHTEN:<\/strong> An einem k\u00fchlen, dunklen und trockenen Ort aufbewahren. Aufgrund der nat\u00fcrlichen Zusammensetzung kann sich die Farbe der Lotion mit der Zeit ver\u00e4ndern, was jedoch keinen Einfluss auf die Qualit\u00e4t und Wirksamkeit hat. Nur f\u00fcr \u00e4u\u00dfere Anwendung. 24 Stunden vor Gebrauch auf Allergie testen. Beenden Sie die Anwendung, wenn Reizungen auftreten. Nicht auf gesch\u00e4digter oder verletzter Haut anwenden. Den Kontakt mit den Augen vermeiden. Dieses Produkt enth\u00e4lt keinen Sonnenschutz und sch\u00fctzt nicht vor Sonnenbrand. Von Kindern fernhalten!","_v2024__usage_content__storage":""},"_links":{"self":[{"href":"https:\/\/cocosolis.com\/de\/wp-json\/wp\/v2\/product\/1000026482","targetHints":{"allow":["GET"]}}],"collection":[{"href":"https:\/\/cocosolis.com\/de\/wp-json\/wp\/v2\/product"}],"about":[{"href":"https:\/\/cocosolis.com\/de\/wp-json\/wp\/v2\/types\/product"}],"wp:featuredmedia":[{"embeddable":true,"href":"https:\/\/cocosolis.com\/de\/wp-json\/"}],"wp:attachment":[{"href":"https:\/\/cocosolis.com\/de\/wp-json\/wp\/v2\/media?parent=1000026482"}],"wp:term":[{"taxonomy":"product_brand","embeddable":true,"href":"https:\/\/cocosolis.com\/de\/wp-json\/wp\/v2\/product_brand?post=1000026482"},{"taxonomy":"product_cat","embeddable":true,"href":"https:\/\/cocosolis.com\/de\/wp-json\/wp\/v2\/product_cat?post=1000026482"},{"taxonomy":"product_tag","embeddable":true,"href":"https:\/\/cocosolis.com\/de\/wp-json\/wp\/v2\/product_tag?post=1000026482"},{"taxonomy":"product_template","embeddable":true,"href":"https:\/\/cocosolis.com\/de\/wp-json\/wp\/v2\/product_template?post=1000026482"}],"curies":[{"name":"wp","href":"https:\/\/api.w.org\/{rel}","templated":true}]}}