{"id":1000019452,"date":"2025-07-07T15:11:55","date_gmt":"2025-07-07T13:11:55","guid":{"rendered":"https:\/\/cocosolis.com\/de\/product\/lift-anti-aging-serum\/"},"modified":"2026-04-06T15:25:43","modified_gmt":"2026-04-06T13:25:43","slug":"lift-anti-aging-serum","status":"publish","type":"product","link":"https:\/\/cocosolis.com\/de\/product\/lift-anti-aging-serum\/","title":{"rendered":"LIFT+ Anti-aging Serum"},"content":{"rendered":"","protected":false},"excerpt":{"rendered":"","protected":false},"featured_media":1000008657,"template":"","meta":{"_acf_changed":false},"product_brand":[],"product_cat":[19],"product_tag":[],"product_template":[67],"class_list":{"0":"post-1000019452","1":"product","2":"type-product","3":"status-publish","4":"has-post-thumbnail","6":"product_cat-skin","7":"product_template-v-2024-clean","9":"first","10":"instock","11":"shipping-taxable","12":"purchasable","13":"product-type-simple"},"acf":{"_v2024__listing_and_sharing_info__listing_category":"LIFT+","_v2024__listing_and_sharing_info__product_type":"Anti-aging Serum","_v2024__listing__and_sharing_info__listing_below_title_in_product_page":"Verj\u00fcngender Serum-Booster. Hochkonzentrierte Formel mit Lifting-Effekt.<br><strong>Bereich: Hals, Dekollet\u00e9 und Brust<\/strong>","_v2024__listing_and_sharing_info__listing_description":"Verj\u00fcngender Serum-Booster. Hochkonzentrierte Formel mit Lifting-Effekt.<br><strong>Bereich: Hals, Dekollet\u00e9 und Brust<\/strong>","_v2024__listing_and_sharing_info__image":1000008658,"_v2024__product_hero__hero_type":"carousel","_v2024__product_hero__product_slider_gallery":[{"_v2024__product_hero__product_slider_gallery__image":1000008339,"_v2024__product_hero__product_slider_gallery__video_link":""},{"_v2024__product_hero__product_slider_gallery__image":1000008353,"_v2024__product_hero__product_slider_gallery__video_link":""},{"_v2024__product_hero__product_slider_gallery__image":1000008354,"_v2024__product_hero__product_slider_gallery__video_link":""},{"_v2024__product_hero__product_slider_gallery__image":1000008355,"_v2024__product_hero__product_slider_gallery__video_link":""},{"_v2024__product_hero__product_slider_gallery__image":1000008356,"_v2024__product_hero__product_slider_gallery__video_link":""},{"_v2024__product_hero__product_slider_gallery__image":1000008357,"_v2024__product_hero__product_slider_gallery__video_link":""},{"_v2024__product_hero__product_slider_gallery__image":1000008358,"_v2024__product_hero__product_slider_gallery__video_link":""},{"_v2024__product_hero__product_slider_gallery__image":1000008340,"_v2024__product_hero__product_slider_gallery__video_link":""}],"_v2024__before_and_after_image":"","_v2024__before_and_after_image_mobile":"","_v2024__product_hero__quantity":"50 ML","_v2024__product_hero__product_disclamer":"","_v2024__why_use__should_show":"visible","_v2024__why_use__description_text":"Lifting-Serum-Spray f\u00fcr Hals, Dekollet\u00e9 und Brust. Mit 9 leistungsstarken Inhaltsstoffen mit klinisch bewiesener straffender, kollagenstimulierender und Anti-Aging-Wirkung \u2013 f\u00fcr sichtbare Ergebnisse nach einem Monat.","_v2024__why_use__text_content":"<ul>\r\n \t<li><strong>Transformierende Wirkung<\/strong>: strafft und festigt die Haut am Hals und Dekollet\u00e9<\/li>\r\n \t<li><strong>Erg\u00e4nzende Wirkung<\/strong>: gl\u00e4ttet F\u00e4ltchen und verj\u00fcngt<\/li>\r\n \t<li><strong>Duft<\/strong>: zarte Birne<\/li>\r\n \t<li><strong>Bereich<\/strong>: Hals, Dekollet\u00e9 und Brust<\/li>\r\n<\/ul>","_v2024__why_use__product_notes_and_remarks":"","_v2024__why_use__background_color":"#FBF1EB","_v2024__why_use__heading_color":"#d28c2f","_v2024__why_use__text_color":"#816c65","_v2024__why_use__image_desktop":1000008629,"_v2024__why_use__image_mobile":1000008630,"_v2024__stats_show":false,"_v2024__stats_repeater":null,"_v2024__stats_repeater_disclaimer":null,"_v2024__benefits__icons_repeater":[{"_v2024__benefit__icons_repeater_icon":1000008669,"_v2024__benefit__icons_repeater_text":"LIFTING EFFEKT"},{"_v2024__benefit__icons_repeater_icon":1000008667,"_v2024__benefit__icons_repeater_text":"STRAFFT"},{"_v2024__benefit__icons_repeater_icon":1000008674,"_v2024__benefit__icons_repeater_text":"VERJ\u00dcNGT"},{"_v2024__benefit__icons_repeater_icon":1000008670,"_v2024__benefit__icons_repeater_text":"DUFT NACH ZARTER BIRNE"}],"_v2024__image_ingreddients__intro_text":"Kraftvolle Kombination aus Kollagen-Boostern, Anti-Aging- und feuchtigkeitsspendenden Aktiv-Wirkstoffen wirkt zusammen mit Pflanzenextrakten und verj\u00fcngt Hals, Dekollet\u00e9 und Brust.","_v2024__image_ingreddients__additional_description":"","_v2024__image_ingreddients__disclamer_inner":"","_v2024__image_ingredients__repeater":[{"_v2024__image_ingredients__ingredient_image":1000008643,"_v2024__image_ingredients__ingredient_title":"DERMOSCULPT\u2122","_v2024__image_ingredients__ingredient_description":"Die Innovation gegen Dehnungsstreifen mit 360\u00b0 Green Collagen Builder Effekt. Kraftvoller Aktiv-Wirkstoff, der die Produktion von Kollagen und wichtigen Glykosaminoglykanen (GAGs) wie Hyalurons\u00e4ure stimuliert. St\u00e4rkt die Hautstruktur, erh\u00f6ht die Elastizit\u00e4t, sorgt f\u00fcr tiefenwirksame Hydration und f\u00fcr einen Lifting-Effekt."},{"_v2024__image_ingredients__ingredient_image":1000008639,"_v2024__image_ingredients__ingredient_title":"BODYFERM\u2122","_v2024__image_ingredients__ingredient_description":"Strafft Problembereiche, unterst\u00fctzt die Mikrozirkulation und regt die Verbrennung von subkutanem Fett an. Hat einen ganzheitlich k\u00f6rperformenden Effekt."},{"_v2024__image_ingredients__ingredient_image":1000008651,"_v2024__image_ingredients__ingredient_title":"RHODYSSEY\u2122","_v2024__image_ingredients__ingredient_description":"Stimuliert die mitochondriale Aktivit\u00e4t und die Hyalurons\u00e4uresynthese f\u00fcr tiefenwirksame Hydration und Hautregeneration. Strafft, gl\u00e4ttet und st\u00e4rkt die Hautbarriere. Erh\u00f6ht die Elastizit\u00e4t und verleiht der Haut ein jugendliches Aussehen."},{"_v2024__image_ingredients__ingredient_image":1000008648,"_v2024__image_ingredients__ingredient_title":"PEPTIDE","_v2024__image_ingredients__ingredient_description":"Innovativer Peptidkomplex, der die Hautregeneration stimuliert, F\u00e4ltchen reduziert und die Elastizit\u00e4t verbessert. Regeneriert das Kollagennetzwerk, verlangsamt die Zellalterung und st\u00e4rkt die Hautstruktur f\u00fcr ein jugendlicheres Aussehen."},{"_v2024__image_ingredients__ingredient_image":1000008647,"_v2024__image_ingredients__ingredient_title":"GUARANA","_v2024__image_ingredients__ingredient_description":"Koffeinreicher Extrakt, der den Fettabbau anregt und die Mikrozirkulation verbessert. Reduziert Fl\u00fcssigkeitsansammlungen."},{"_v2024__image_ingredients__ingredient_image":"","_v2024__image_ingredients__ingredient_title":"FEIGENKAKTUS","_v2024__image_ingredients__ingredient_description":"Dieser Extrakt reduziert die Sichtbarkeit von Cellulite, indem er Hautstruktur und Elastizit\u00e4t verbessert. Hydratisiert, entgiftet und unterst\u00fctzt die Regeneration."},{"_v2024__image_ingredients__ingredient_image":1000008646,"_v2024__image_ingredients__ingredient_title":"GR\u00dcNE WALNUSS","_v2024__image_ingredients__ingredient_description":"Ein Extrakt mit starken antioxidativen und entgiftenden Eigenschaften. Wirkt auf den Fettstoffwechsel, verbessert die Elastizit\u00e4t und formt die Silhouette."},{"_v2024__image_ingredients__ingredient_image":1000008644,"_v2024__image_ingredients__ingredient_title":"DRACHENFRUCHT","_v2024__image_ingredients__ingredient_description":"Dieser Extrakt verbessert die Elastizit\u00e4t, die Leuchtkraft und regeneriert die Hautstruktur."},{"_v2024__image_ingredients__ingredient_image":1000004197,"_v2024__image_ingredients__ingredient_title":"KOKOS","_v2024__image_ingredients__ingredient_description":"Tiefenwirksam hydratisierender, pflegender Extrakt f\u00fcr geschmeidige Haut. Unterst\u00fctzt die Hautbarriere, verbessert die Elastizit\u00e4t und verleiht ein glattes und straffes Aussehen."}],"_v2024__image_ingredients__all_ingredients":"AQUA*, GLYCERIN*, POLYSORBATE 20, CHLORELLA VULGARIS EXTRACT*, PUNICA GRANATUM PERICARP EXTRACT*, CORYLUS AVELLANA SEED EXTRACT*, SACCHAROMYCES FERMENT LYSATE FILTRATE*, HYDROLYZED RHODOPHYCEAE EXTRACT*, MARIS AQUA*, HYDROLYZED WALNUT EXTRACT*, PALMITOYL TRIPEPTIDE-1, PALMITOYL TETRAPEPTIDE-7, COCOS NUCIFERA FRUIT EXTRACT*, CITRIC ACID*, SODIUM LEVULINATE*, LACTIC ACID*, SODIUM LACTATE*, PARFUM, SODIUM PHYTATE*, CARBOMER, BUTYLENE GLYCOL, PHENETHYL ALCOHOL*, SODIUM BENZOATE, POTASSIUM SORBATE, DIMETHYL PHENETHYL ACETATE, ROSE KETONES\r\n\r\nTenere presente che l'elenco degli ingredienti potrebbe variare leggermente nel tempo a causa dei miglioramenti del prodotto. Fare riferimento alla confezione del prodotto per le informazioni pi\u00f9 aggiornate.","_v2024__usage_content__left_content":"<strong>WO<\/strong>: Hals, Dekollet\u00e9 und Brust\r\n\r\n<strong>WANN<\/strong>: morgens und abends\r\n\r\n<strong>ANWENDUNG<\/strong>: Auf die saubere, trockene Haut spr\u00fchen und sanft einmassieren, bis vollst\u00e4ndig eingezogen","_v2024__usage_content__right_bottom_content":"","_v2024__usage_content__note":"<strong>BITTE BEACHTEN<\/strong>\r\nAn einem k\u00fchlen, dunklen und trockenen Ort lagern. Nur f\u00fcr die Au\u00dfennutzung. Nicht mehr verwenden, wenn Reizungen auftreten. Nicht auf besch\u00e4digter oder verletzter Haut anwenden. Vermeiden Sie den Kontakt mit den Augen.","_v2024__usage_content__storage":""},"_links":{"self":[{"href":"https:\/\/cocosolis.com\/de\/wp-json\/wp\/v2\/product\/1000019452","targetHints":{"allow":["GET"]}}],"collection":[{"href":"https:\/\/cocosolis.com\/de\/wp-json\/wp\/v2\/product"}],"about":[{"href":"https:\/\/cocosolis.com\/de\/wp-json\/wp\/v2\/types\/product"}],"wp:featuredmedia":[{"embeddable":true,"href":"https:\/\/cocosolis.com\/de\/wp-json\/"}],"wp:attachment":[{"href":"https:\/\/cocosolis.com\/de\/wp-json\/wp\/v2\/media?parent=1000019452"}],"wp:term":[{"taxonomy":"product_brand","embeddable":true,"href":"https:\/\/cocosolis.com\/de\/wp-json\/wp\/v2\/product_brand?post=1000019452"},{"taxonomy":"product_cat","embeddable":true,"href":"https:\/\/cocosolis.com\/de\/wp-json\/wp\/v2\/product_cat?post=1000019452"},{"taxonomy":"product_tag","embeddable":true,"href":"https:\/\/cocosolis.com\/de\/wp-json\/wp\/v2\/product_tag?post=1000019452"},{"taxonomy":"product_template","embeddable":true,"href":"https:\/\/cocosolis.com\/de\/wp-json\/wp\/v2\/product_template?post=1000019452"}],"curies":[{"name":"wp","href":"https:\/\/api.w.org\/{rel}","templated":true}]}}