{"id":1000019449,"date":"2025-07-07T15:11:54","date_gmt":"2025-07-07T13:11:54","guid":{"rendered":"https:\/\/cocosolis.com\/de\/product\/hot-fat-burning-serum\/"},"modified":"2026-04-06T15:25:38","modified_gmt":"2026-04-06T13:25:38","slug":"hot-fat-burning-serum","status":"publish","type":"product","link":"https:\/\/cocosolis.com\/de\/product\/hot-fat-burning-serum\/","title":{"rendered":"HOT+ Fat-burning Serum"},"content":{"rendered":"","protected":false},"excerpt":{"rendered":"","protected":false},"featured_media":1000008635,"template":"","meta":{"_acf_changed":false},"product_brand":[],"product_cat":[19],"product_tag":[],"product_template":[67],"class_list":{"0":"post-1000019449","1":"product","2":"type-product","3":"status-publish","4":"has-post-thumbnail","6":"product_cat-skin","7":"product_template-v-2024-clean","9":"first","10":"instock","11":"shipping-taxable","12":"purchasable","13":"product-type-simple"},"acf":{"_v2024__listing_and_sharing_info__listing_category":"HOT+","_v2024__listing_and_sharing_info__product_type":"Fat-burning Serum","_v2024__listing__and_sharing_info__listing_below_title_in_product_page":"Thermo-Serum zur Gewichtsabnahme. Formel mit klinisch bewiesenen Inhaltsstoffen zur Fettverbrennung. Straffung und Gl\u00e4ttung.<br><strong>Bereich: Po und Oberschenkel<br>W\u00e4rmende Wirkung<\/strong>","_v2024__listing_and_sharing_info__listing_description":"Thermo-Serum zur Gewichtsabnahme. Formel mit klinisch bewiesenen Inhaltsstoffen zur Fettverbrennung.<br><strong>Bereich: Po und Oberschenkel<\/strong>","_v2024__listing_and_sharing_info__image":1000008636,"_v2024__product_hero__hero_type":"carousel","_v2024__product_hero__product_slider_gallery":[{"_v2024__product_hero__product_slider_gallery__image":1000008241,"_v2024__product_hero__product_slider_gallery__video_link":""},{"_v2024__product_hero__product_slider_gallery__image":1000008255,"_v2024__product_hero__product_slider_gallery__video_link":""},{"_v2024__product_hero__product_slider_gallery__image":1000008256,"_v2024__product_hero__product_slider_gallery__video_link":""},{"_v2024__product_hero__product_slider_gallery__image":1000008257,"_v2024__product_hero__product_slider_gallery__video_link":""},{"_v2024__product_hero__product_slider_gallery__image":1000008258,"_v2024__product_hero__product_slider_gallery__video_link":""},{"_v2024__product_hero__product_slider_gallery__image":1000008259,"_v2024__product_hero__product_slider_gallery__video_link":""},{"_v2024__product_hero__product_slider_gallery__image":1000008260,"_v2024__product_hero__product_slider_gallery__video_link":""},{"_v2024__product_hero__product_slider_gallery__image":1000008242,"_v2024__product_hero__product_slider_gallery__video_link":""}],"_v2024__before_and_after_image":"","_v2024__before_and_after_image_mobile":"","_v2024__product_hero__quantity":"100 ML","_v2024__product_hero__product_disclamer":"","_v2024__why_use__should_show":"visible","_v2024__why_use__description_text":"Intensives Serum mit W\u00e4rmeeffekt zur Fettverbrennung und Formung. 11 leistungsstarke Inhaltsstoffe in hoher Konzentration remodellieren Po und Oberschenkel in nur einem Monat.","_v2024__why_use__text_content":"<ul>\r\n \t<li><strong>Transformierende Wirkung<\/strong>: verbrennt Fett und reduziert den Umfang<\/li>\r\n \t<li><strong>Erg\u00e4nzende Wirkung<\/strong>: begrenzt weitere Fettansammlungen, reduziert Cellulite, strafft und formt<\/li>\r\n \t<li><strong>Duft<\/strong>: rote Mandarine<\/li>\r\n \t<li><strong>Bereich<\/strong>: Po und Oberschenkel<\/li>\r\n<\/ul>","_v2024__why_use__product_notes_and_remarks":"","_v2024__why_use__background_color":"#FBF1EB","_v2024__why_use__heading_color":"#816c65","_v2024__why_use__text_color":"#816c65","_v2024__why_use__image_desktop":1000008627,"_v2024__why_use__image_mobile":1000008628,"_v2024__stats_show":false,"_v2024__stats_repeater":null,"_v2024__stats_repeater_disclaimer":null,"_v2024__benefits__icons_repeater":[{"_v2024__benefit__icons_repeater_icon":1000008665,"_v2024__benefit__icons_repeater_text":"VERBRENNT FETT"},{"_v2024__benefit__icons_repeater_icon":1000008667,"_v2024__benefit__icons_repeater_text":"REDUZIERT DIE UMF\u00c4NGE"},{"_v2024__benefit__icons_repeater_icon":1000008673,"_v2024__benefit__icons_repeater_text":"STRAFFT"},{"_v2024__benefit__icons_repeater_icon":1000008672,"_v2024__benefit__icons_repeater_text":"DUFTET NACH ROTER MANDARINE"}],"_v2024__image_ingreddients__intro_text":"Kraftvolle nat\u00fcrliche Formel nach neuesten wissenschaftlichen Erkenntnissen zur Fettverbrennung durch Thermogenese, Begrenzung weiterer Fettansammlungen und Reduzierung von Cellulite. Aktiv-Wirkstoffe, Pflanzenextrakte und hydratisierende Inhaltsstoffe sorgen f\u00fcr eine synergistische Wirkung und ein strahlendes Finish.","_v2024__image_ingreddients__additional_description":"","_v2024__image_ingreddients__disclamer_inner":"","_v2024__image_ingredients__repeater":[{"_v2024__image_ingredients__ingredient_image":1000008649,"_v2024__image_ingredients__ingredient_title":"PINK PEPPERSLIM\u2122","_v2024__image_ingredients__ingredient_description":"In doppelter Dosis enthalten, sorgt f\u00fcr aktive Fettverbrennung und Mikrozirkulation. Begrenzt die Fetteinlagerung und f\u00f6rdert die Entw\u00e4sserung."},{"_v2024__image_ingredients__ingredient_image":1000008642,"_v2024__image_ingredients__ingredient_title":"CONCENTRE CORALLINE\u2122","_v2024__image_ingredients__ingredient_description":"Speziell entwickelt f\u00fcr eine effektive Fettverbrennung im Bereich des Pos und der Oberschenkel. Hemmt nachts den \u201eAppetit\u201c der Fettzellen und verbrennt tags\u00fcber das Fett. Erh\u00f6ht die Kollagensynthese in der Haut f\u00fcr ein strafferes Aussehen und geformte Kurven."},{"_v2024__image_ingredients__ingredient_image":1000008637,"_v2024__image_ingredients__ingredient_title":"ACTIPORINE 8G\u2122","_v2024__image_ingredients__ingredient_description":"Die Innovation gegen Cellulite in h\u00f6chster Konzentration. Reduziert sichtbar Cellulite, indem es sie tiefenwirksam bek\u00e4mpft. Wirkt als kraftvoller Kollagen-Booster, strafft Problembereiche und gl\u00e4ttet die Hautoberfl\u00e4che."},{"_v2024__image_ingredients__ingredient_image":1000002902,"_v2024__image_ingredients__ingredient_title":"AQUAXYL\u2122 + GLYCERIN","_v2024__image_ingredients__ingredient_description":"Kombination f\u00fcr kraftvolle Hydration. Synthese von Ceramiden und Anti-Aging-Wirkung. Die Haut bleibt \u00fcber 24 Stunden lang strahlend, glatt und hydratisiert."},{"_v2024__image_ingredients__ingredient_image":1000006713,"_v2024__image_ingredients__ingredient_title":"KOFFEIN","_v2024__image_ingredients__ingredient_description":"Regt den Fettabbau an, verbessert die Mikrozirkulation und transportiert \u00fcbersch\u00fcssige Fl\u00fcssigkeit ab. Das Ergebnis: weniger Schwellungen und sichtbare Cellulite, glattere Haut."},{"_v2024__image_ingredients__ingredient_image":1000008647,"_v2024__image_ingredients__ingredient_title":"GUARANA","_v2024__image_ingredients__ingredient_description":"Koffeinreicher Extrakt, der den Fettabbau anregt und die Mikrozirkulation verbessert. Reduziert Fl\u00fcssigkeitsansammlungen."},{"_v2024__image_ingredients__ingredient_image":1000008641,"_v2024__image_ingredients__ingredient_title":"CAYENNE-PFEFFER","_v2024__image_ingredients__ingredient_description":"Dieser Extrakt enth\u00e4lt Capsaicin, das die Thermogenese anregt (ein Prozess, bei dem der K\u00f6rper durch W\u00e4rmeproduktion mehr Kalorien verbrennt). Verbessert die Durchblutung, beschleunigt den Stoffwechsel und hilft beim Abbau von Fettdepots."},{"_v2024__image_ingredients__ingredient_image":1000008645,"_v2024__image_ingredients__ingredient_title":"GR\u00dcNER KAFFEE","_v2024__image_ingredients__ingredient_description":"Ein Extrakt, der die Thermogenese stimuliert, den Stoffwechsel der Haut beschleunigt und den Fettabbau unterst\u00fctzt. Enth\u00e4lt Chlorogens\u00e4ure, die die Mikrozirkulation verbessert und das Erscheinungsbild von Cellulite reduziert."},{"_v2024__image_ingredients__ingredient_image":1000008678,"_v2024__image_ingredients__ingredient_title":"ROTE MANDARINE","_v2024__image_ingredients__ingredient_description":"Ein Extrakt, der die Lymphzirkulation anregt, den Fettabbau unterst\u00fctzt und die Haut strafft. Mit Anti-Cellulite-Wirkung"},{"_v2024__image_ingredients__ingredient_image":1000006712,"_v2024__image_ingredients__ingredient_title":"KOKOS","_v2024__image_ingredients__ingredient_description":"Tiefenwirksam hydratisierender, pflegender Extrakt f\u00fcr geschmeidige Haut. Unterst\u00fctzt die Hautbarriere, verbessert die Elastizit\u00e4t und verleiht ein glattes und straffes Aussehen."},{"_v2024__image_ingredients__ingredient_image":1000008640,"_v2024__image_ingredients__ingredient_title":"AKTIV-WIRKSTOFF-BOOSTER","_v2024__image_ingredients__ingredient_description":"Sanft zur Haut, verbessert das Eindringen der Aktiv-Wirkstoffe, spendet tiefenwirksame Hydration und unterst\u00fctzt deren Wirksamkeit."}],"_v2024__image_ingredients__all_ingredients":"AQUA, GLYCERIN*, PROPANEDIOL*, CAFFEINE, POLYSORBATE 20, CORALLINA OFFICINALIS EXTRACT*, SCHINUS TEREBINTHIFOLIA SEED EXTRACT*, JANIA RUBENS EXTRACT*, VACCINIUM MYRTILLUS FRUIT EXTRACT*, COFFEA ARABICA SEED EXTRACT*, OPUNTIA FICUS-INDICA FLOWER EXTRACT*, HYLOCEREUS UNDATUS FRUIT EXTRACT*, COCOS NUCIFERA FRUIT EXTRACT*, CAPSICUM FRUTESCENS FRUIT EXTRACT*, PAULLINIA CUPANA SEED EXTRACT*, XYLITYLGLUCOSIDE*, ANHYDROXYLITOL*, XYLITOL*, CITRUS NOBILIS PEEL OIL*, ACACIA SENEGAL GUM*, XANTHAN GUM*, LACTIC ACID*, CITRIC ACID*, SODIUM PHYTATE*, SODIUM LEVULINATE*, VANILLYL BUTYL ETHER, SODIUM BENZOATE, POTASSIUM SORBATE, LIMONENE, PINENE, TERPINOLENE, LINALOOL\r\n\r\n*Nat\u00fcrliche Inhaltsstoffe\r\n\r\nBitte beachten Sie, dass die Liste der Inhaltsstoffe aufgrund von Produktverbesserungen im Laufe der Zeit leicht variieren kann. Die aktuellsten Informationen finden Sie auf der Produktverpackung.","_v2024__usage_content__left_content":"<strong>WO<\/strong>: Po und Oberschenkel\r\n\r\n<strong>WANN<\/strong>: morgens und abends\r\n\r\n<strong>WIE<\/strong>: Mit kreisenden Bewegungen auf die saubere und trockene Haut auftragen, bis vollst\u00e4ndig eingezogen\r\n\r\n<strong>NICHT VERGESSEN<\/strong>: Nach Gebrauch H\u00e4nde waschen\r\n\r\n<strong>WIRKUNG STEIGERN<\/strong>:\r\n<ul>\r\n \t<li>nach HOT+ das SKIN Anti-Cellulite-Trocken\u00f6l mit dem BODY GUA SHA-Massageger\u00e4t auftragen<\/li>\r\n \t<li>f\u00fcr noch bessere Ergebnisse HOT+ mit einem anderen Serum aus der Serie kombinieren, je nach K\u00f6rperbereich und Ziel<\/li>\r\n<\/ul>","_v2024__usage_content__right_bottom_content":"","_v2024__usage_content__note":"<strong>ACHTUNG!<\/strong>\r\n\r\nDieses Produkt hat eine w\u00e4rmende Wirkung, die ein normaler Teil seiner Wirkung ist. Das w\u00e4rmende Gef\u00fchl kann je nach Hautempfindlichkeit variieren und sich im Laufe der Anwendung ver\u00e4ndern. Nicht auf verletzter, gereizter oder empfindlicher Haut verwenden. Kontakt mit Augen und Schleimh\u00e4uten vermeiden. Vor der vollst\u00e4ndigen Anwendung an einer kleinen Stelle testen und bei Auftreten von Reizungen absetzen. Nicht geeignet f\u00fcr den Gebrauch w\u00e4hrend der Schwangerschaft und Stillzeit. Au\u00dferhalb der Reichweite von Kindern aufbewahren. Nur zur Au\u00dfennutzung. An einem k\u00fchlen, dunklen und trockenen Ort lagern.","_v2024__usage_content__storage":""},"_links":{"self":[{"href":"https:\/\/cocosolis.com\/de\/wp-json\/wp\/v2\/product\/1000019449","targetHints":{"allow":["GET"]}}],"collection":[{"href":"https:\/\/cocosolis.com\/de\/wp-json\/wp\/v2\/product"}],"about":[{"href":"https:\/\/cocosolis.com\/de\/wp-json\/wp\/v2\/types\/product"}],"wp:featuredmedia":[{"embeddable":true,"href":"https:\/\/cocosolis.com\/de\/wp-json\/"}],"wp:attachment":[{"href":"https:\/\/cocosolis.com\/de\/wp-json\/wp\/v2\/media?parent=1000019449"}],"wp:term":[{"taxonomy":"product_brand","embeddable":true,"href":"https:\/\/cocosolis.com\/de\/wp-json\/wp\/v2\/product_brand?post=1000019449"},{"taxonomy":"product_cat","embeddable":true,"href":"https:\/\/cocosolis.com\/de\/wp-json\/wp\/v2\/product_cat?post=1000019449"},{"taxonomy":"product_tag","embeddable":true,"href":"https:\/\/cocosolis.com\/de\/wp-json\/wp\/v2\/product_tag?post=1000019449"},{"taxonomy":"product_template","embeddable":true,"href":"https:\/\/cocosolis.com\/de\/wp-json\/wp\/v2\/product_template?post=1000019449"}],"curies":[{"name":"wp","href":"https:\/\/api.w.org\/{rel}","templated":true}]}}