{"id":1000017542,"date":"2025-06-02T14:09:37","date_gmt":"2025-06-02T12:09:37","guid":{"rendered":"https:\/\/cocosolis.com\/de\/product\/capri-after-sun-tan-extending-lotion\/"},"modified":"2026-03-23T14:56:52","modified_gmt":"2026-03-23T13:56:52","slug":"capri-after-sun-tan-extending-lotion","status":"publish","type":"product","link":"https:\/\/cocosolis.com\/de\/product\/capri-after-sun-tan-extending-lotion\/","title":{"rendered":"CAPRI After Sun Tan-Extending Lotion"},"content":{"rendered":"","protected":false},"excerpt":{"rendered":"<p>Br\u00e4unungsverl\u00e4ngernde After-Sun-Lotion mit TOSOLIN\u2122. Regeneriert und hydratisiert.<\/p>\n","protected":false},"featured_media":1000007980,"template":"","meta":{"_acf_changed":false},"product_brand":[],"product_cat":[15],"product_tag":[],"product_template":[67],"class_list":{"0":"post-1000017542","1":"product","2":"type-product","3":"status-publish","4":"has-post-thumbnail","6":"product_cat-suntan-body","7":"product_template-v-2024-clean","9":"first","10":"instock","11":"shipping-taxable","12":"purchasable","13":"product-type-simple"},"acf":{"_v2024__listing_and_sharing_info__listing_category":"CAPRI","_v2024__listing_and_sharing_info__product_type":"After Sun Tan-Extending Lotion","_v2024__listing__and_sharing_info__listing_below_title_in_product_page":"Br\u00e4unungsverl\u00e4ngernde After-Sun-Lotion mit TOSOLIN\u2122. Erfrischt, beruhigt und hydratisiert die Haut. Bewahrt die Br\u00e4une bei t\u00e4glicher Anwendung um bis zu 3 Monate.","_v2024__listing_and_sharing_info__listing_description":"Br\u00e4unungsverl\u00e4ngernde After-Sun-Lotion mit TOSOLIN\u2122. Regeneriert und hydratisiert.","_v2024__listing_and_sharing_info__image":1000007981,"_v2024__product_hero__hero_type":"carousel","_v2024__product_hero__product_slider_gallery":[{"_v2024__product_hero__product_slider_gallery__image":1000007893,"_v2024__product_hero__product_slider_gallery__video_link":""},{"_v2024__product_hero__product_slider_gallery__image":1000007908,"_v2024__product_hero__product_slider_gallery__video_link":""},{"_v2024__product_hero__product_slider_gallery__image":1000007909,"_v2024__product_hero__product_slider_gallery__video_link":""},{"_v2024__product_hero__product_slider_gallery__image":1000007910,"_v2024__product_hero__product_slider_gallery__video_link":""},{"_v2024__product_hero__product_slider_gallery__image":1000007911,"_v2024__product_hero__product_slider_gallery__video_link":""},{"_v2024__product_hero__product_slider_gallery__image":1000007912,"_v2024__product_hero__product_slider_gallery__video_link":""},{"_v2024__product_hero__product_slider_gallery__image":1000007913,"_v2024__product_hero__product_slider_gallery__video_link":""},{"_v2024__product_hero__product_slider_gallery__image":1000007914,"_v2024__product_hero__product_slider_gallery__video_link":""}],"_v2024__before_and_after_image":1000007863,"_v2024__before_and_after_image_mobile":1000007864,"_v2024__product_hero__quantity":"100 ML","_v2024__product_hero__product_disclamer":"","_v2024__why_use__should_show":"visible","_v2024__why_use__description_text":"G\u00f6nnen Sie Ihrer Haut nach einem Tag in der Sonne die Pflege, die sie verdient, und bewahren Sie Ihre strahlende Br\u00e4une auch noch lange nach dem Urlaub. Alles, was Sie brauchen, ist diese Lotion mit nat\u00fcrlichen Aktiv-Wirkstoffen, Bio-\u00d6len, Vitaminen und dem Duft eines italienischen Sommerurlaubs.","_v2024__why_use__text_content":"<ul>\r\n \t<li>Bewahrt die Br\u00e4une bei t\u00e4glicher Anwendung klinisch bewiesen bis zu 3 Monate lang<\/li>\r\n \t<li>Erfrischt und beruhigt die Haut sofort nach Sonneneinwirkung<\/li>\r\n \t<li>Reduziert R\u00f6tungen und das Gef\u00fchl von spannender und \u201ebrennender\u201c Haut<\/li>\r\n \t<li>Hydratisiert tiefenwirksam, unterst\u00fctzt die Regeneration und st\u00e4rkt die Hautbarriere<\/li>\r\n \t<li>Mit mediterranem Duft Dolce Capri nach frischer Birne und Jasmin<\/li>\r\n \t<li>Ideal f\u00fcr K\u00f6rper und Gesicht<\/li>\r\n<\/ul>","_v2024__why_use__product_notes_and_remarks":"","_v2024__why_use__background_color":"#FBF1EB","_v2024__why_use__heading_color":"#816c65","_v2024__why_use__text_color":"#816c65","_v2024__why_use__image_desktop":1000007978,"_v2024__why_use__image_mobile":1000007979,"_v2024__stats_show":false,"_v2024__stats_repeater":null,"_v2024__stats_repeater_disclaimer":null,"_v2024__benefits__icons_repeater":[{"_v2024__benefit__icons_repeater_icon":1000007987,"_v2024__benefit__icons_repeater_text":"BERUHIGT"},{"_v2024__benefit__icons_repeater_icon":1000007985,"_v2024__benefit__icons_repeater_text":"HYDRATISIERT"},{"_v2024__benefit__icons_repeater_icon":1000007984,"_v2024__benefit__icons_repeater_text":"VERL\u00c4NGERT DIE BR\u00c4UNE"},{"_v2024__benefit__icons_repeater_icon":1000007986,"_v2024__benefit__icons_repeater_text":"DUFT DOLCE CAPRI NACH BIRNE UND JASMIN"}],"_v2024__image_ingreddients__intro_text":"Das Herzst\u00fcck der einzigartigen Eigenschaften von CAPRI ist der nat\u00fcrliche Aktiv-Wirkstoff TOSOLIN\u2122, der f\u00fcr eine umfassende After-Sun-Pflege sorgt und die Br\u00e4une um bis zu 3 Monate verl\u00e4ngert. Eine Mischung aus leistungsstarken Feuchthaltemitteln, Vitaminen und Bio-\u00d6len erg\u00e4nzt und verst\u00e4rkt die Wirkung, und bewahrt die Haut bronzen und strahlend.","_v2024__image_ingreddients__additional_description":"","_v2024__image_ingreddients__disclamer_inner":"","_v2024__image_ingredients__repeater":[{"_v2024__image_ingredients__ingredient_image":1000007983,"_v2024__image_ingredients__ingredient_title":"TOSOLIN\u2122","_v2024__image_ingredients__ingredient_description":"Nat\u00fcrlicher Aktiv-Wirkstoff, der klinisch bewiesen die Br\u00e4une verl\u00e4ngert, indem er die Melaninproduktion stimuliert und die Pigmentierung stabilisiert, auch ohne zus\u00e4tzliche Sonneneinwirkung. Beruhigt die Haut und reduziert R\u00f6tungen und Entz\u00fcndungen. Bietet starken antioxidativen Schutz vor UV-Sch\u00e4den. St\u00e4rkt die Hautbarriere, unterst\u00fctzt die Kollagenregeneration und sorgt f\u00fcr eine langanhaltende Feuchtigkeitsversorgung."},{"_v2024__image_ingredients__ingredient_image":1000007982,"_v2024__image_ingredients__ingredient_title":"BISABOLOL","_v2024__image_ingredients__ingredient_description":"Hat eine starke entz\u00fcndungshemmende Wirkung und lindert R\u00f6tungen und Reizungen nach Sonneneinwirkung. Unterst\u00fctzt die Regeneration der Hautbarriere und sch\u00fctzt vor oxidativem Stress. Verst\u00e4rkt die Wirksamkeit der anderen Aktiv-Wirkstoffe."},{"_v2024__image_ingredients__ingredient_image":1000002911,"_v2024__image_ingredients__ingredient_title":"HYALURONS\u00c4URE","_v2024__image_ingredients__ingredient_description":"Spendet der Haut nach dem Sonnenbad tiefenwirksame und langanhaltende Hydration, indem sie die Feuchtigkeit einschlie\u00dft. Beruhigt Reizungen und unterst\u00fctzt die Regeneration der Hautbarriere."},{"_v2024__image_ingredients__ingredient_image":1000007074,"_v2024__image_ingredients__ingredient_title":"PANTHENOL","_v2024__image_ingredients__ingredient_description":"Regeneriert die Feuchtigkeit und verbessert die Hautelastizit\u00e4t. Beruhigt und unterst\u00fctzt die Regeneration nach Sonneneinwirkung."},{"_v2024__image_ingredients__ingredient_image":1000006730,"_v2024__image_ingredients__ingredient_title":"NAT\u00dcRLICHES VITAMIN E","_v2024__image_ingredients__ingredient_description":"Starkes Antioxidantium, das die Haut vor UV-Sch\u00e4den sch\u00fctzt, hydratisiert und beruhigt. Reduziert Entz\u00fcndungen und verl\u00e4ngert die gesund aussehende Br\u00e4une."},{"_v2024__image_ingredients__ingredient_image":1000002909,"_v2024__image_ingredients__ingredient_title":"GLYZERIN","_v2024__image_ingredients__ingredient_description":"Kraftvolles Feuchthaltemittel, das Feuchtigkeit speichert und die Haut weich und geschmeidig h\u00e4lt. Tr\u00e4gt zu einer gleichm\u00e4\u00dfigeren und l\u00e4nger anhaltenden Br\u00e4une bei."},{"_v2024__image_ingredients__ingredient_image":1000002906,"_v2024__image_ingredients__ingredient_title":"KOKOS\u00d6L","_v2024__image_ingredients__ingredient_description":"Befeuchtet und pflegt die Haut nach Sonneneinwirkung. Verhindert Trockenheit, dass die Haut sich sch\u00e4lt und hilft dabei, die Br\u00e4une zu verl\u00e4ngern."},{"_v2024__image_ingredients__ingredient_image":1000003680,"_v2024__image_ingredients__ingredient_title":"WASSERMELONEN\u00d6L","_v2024__image_ingredients__ingredient_description":"Enth\u00e4lt Antioxidantien und die Vitamine A, C und essentiellen Fetts\u00e4uren. Hydratisiert tiefenwirksam, verj\u00fcngt und sch\u00fctzt die Haut."},{"_v2024__image_ingredients__ingredient_image":1000006717,"_v2024__image_ingredients__ingredient_title":"JOJOBA\u00d6L","_v2024__image_ingredients__ingredient_description":"Balanciert die Talgproduktion, beruhigt die Haut und bewahrt sie glatt und rein, ohne Pickel."}],"_v2024__image_ingredients__all_ingredients":"AQUA*, CAPRYLYL CAPRYLATE\/CAPRATE*, POLYGLYCERYL-6 STEARATE*, CETEARYL ALCOHOL*, PENTYLENE GLYCOL*, 4-T-BUTYLCYCLOHEXANOL, COCOS NUCIFERA OIL*, GLYCERIN*, BISABOLOL*, SODIUMHYALURONATE*, MANNOSE*, GLUCOSE*, BETA-GLUCAN*, PANTHENOL, CITRULLUS LANATUS SEED OIL*, SIMMONDSIA CHINENSIS SEED OIL*, TOCOPHEROL*, HELIANTHUS ANNUUS SEED OIL*, CITRIC ACID*, XANTHAN GUM*, POLYGLYCERYL-6 BEHENATE*, ARACHIDYL ALCOHOL*, BEHENYL ALCOHOL*, ARACHIDYL GLUCOSIDE*, PARFUM, TETRASODIUM GLUTAMATE DIACETATE, PHENOXYETHANOL, BENZYL ALCOHOL, DEHYDROACETIC ACID, DIMETHYL PHENETHYL ACETATE, ROSE KETONES\r\n\r\n<em>* Ingredients from natural origin<\/em>\r\n\r\n<em>Bitte beachten Sie, dass die Liste der Inhaltsstoffe aufgrund von Produktverbesserungen im Laufe der Zeit leicht variieren kann. Die aktuellsten Informationen finden Sie auf der Produktverpackung.<\/em>","_v2024__usage_content__left_content":"<strong>WO<\/strong>: Gesicht und K\u00f6rper\r\n\r\n<strong>WANN<\/strong>:\r\n<ul>\r\n \t<li><strong>VOR DEM STRAND<\/strong>: jeden Tag vor dem Sonnenbad, um die Haut vorzubereiten und die Wahrscheinlichkeit von R\u00f6tungen zu reduzieren<\/li>\r\n \t<li><strong>NACH DEM STRAND<\/strong>: jeden Tag nach dem Sonnenbad, um die Haut zu beruhigen und zu hydratisieren.<\/li>\r\n \t<li><strong>NACH DEM URLAUB<\/strong>: jeden Tag, statt der t\u00e4glichen Lotion, um die Br\u00e4une um bis zu 3 Monate zu verl\u00e4ngern<\/li>\r\n<\/ul>\r\n<strong>WIE<\/strong>: gro\u00dfz\u00fcgig auf die gereinigte Haut auftragen und sanft einmassieren\r\n<p class=\"freshIdea\"><strong>FRISCHE-TIPP<\/strong>: Bewahren Sie die Lotion im K\u00fchlschrank auf, um nach einem Strandtag einen k\u00fchlenden Effekt zu erzielen<\/p>","_v2024__usage_content__right_bottom_content":"","_v2024__usage_content__note":"<strong>BITTE BEACHTEN<\/strong>: An einem k\u00fchlen, dunklen und trockenen Ort aufbewahren. Nur zur \u00e4u\u00dferlichen Anwendung. Bei Auftreten von Reizungen die Anwendung abbrechen. Nicht auf gesch\u00e4digter oder verletzter Haut anwenden. Aufgrund der nat\u00fcrlichen Zusammensetzung kann sich die Farbe der Lotion mit der Zeit ver\u00e4ndern, was jedoch keinen Einfluss auf die Qualit\u00e4t und Wirksamkeit hat.","_v2024__usage_content__storage":""},"_links":{"self":[{"href":"https:\/\/cocosolis.com\/de\/wp-json\/wp\/v2\/product\/1000017542","targetHints":{"allow":["GET"]}}],"collection":[{"href":"https:\/\/cocosolis.com\/de\/wp-json\/wp\/v2\/product"}],"about":[{"href":"https:\/\/cocosolis.com\/de\/wp-json\/wp\/v2\/types\/product"}],"wp:featuredmedia":[{"embeddable":true,"href":"https:\/\/cocosolis.com\/de\/wp-json\/"}],"wp:attachment":[{"href":"https:\/\/cocosolis.com\/de\/wp-json\/wp\/v2\/media?parent=1000017542"}],"wp:term":[{"taxonomy":"product_brand","embeddable":true,"href":"https:\/\/cocosolis.com\/de\/wp-json\/wp\/v2\/product_brand?post=1000017542"},{"taxonomy":"product_cat","embeddable":true,"href":"https:\/\/cocosolis.com\/de\/wp-json\/wp\/v2\/product_cat?post=1000017542"},{"taxonomy":"product_tag","embeddable":true,"href":"https:\/\/cocosolis.com\/de\/wp-json\/wp\/v2\/product_tag?post=1000017542"},{"taxonomy":"product_template","embeddable":true,"href":"https:\/\/cocosolis.com\/de\/wp-json\/wp\/v2\/product_template?post=1000017542"}],"curies":[{"name":"wp","href":"https:\/\/api.w.org\/{rel}","templated":true}]}}