{"id":1000016029,"date":"2025-03-20T10:02:43","date_gmt":"2025-03-20T09:02:43","guid":{"rendered":"https:\/\/cocosolis.com\/de\/product\/grow-hair-growth-shampoo\/"},"modified":"2026-04-06T15:25:27","modified_gmt":"2026-04-06T13:25:27","slug":"grow-hair-growth-shampoo","status":"publish","type":"product","link":"https:\/\/cocosolis.com\/de\/product\/grow-hair-growth-shampoo\/","title":{"rendered":"GROW Growth &amp; Anti-aging Shampoo"},"content":{"rendered":"","protected":false},"excerpt":{"rendered":"<p>Haarwachstum Shampoo mit KERASCALP\u2122. Mit Anti-Aging-Effekt.<\/p>\n","protected":false},"featured_media":1000007071,"template":"","meta":{"_acf_changed":false},"product_brand":[],"product_cat":[17],"product_tag":[],"product_template":[67],"class_list":{"0":"post-1000016029","1":"product","2":"type-product","3":"status-publish","4":"has-post-thumbnail","6":"product_cat-hair","7":"product_template-v-2024-clean","9":"first","10":"instock","11":"shipping-taxable","12":"purchasable","13":"product-type-simple"},"acf":{"_v2024__listing_and_sharing_info__listing_category":"GROW","_v2024__listing_and_sharing_info__product_type":"Growth &amp; Anti-aging Shampoo","_v2024__listing__and_sharing_info__listing_below_title_in_product_page":"Haarwachstum Shampoo mit KERASCALP\u2122. Mit Anti-Aging-Effekt. Macht das Haar klinisch bewiesen dichter, dicker und gl\u00e4nzender.","_v2024__listing_and_sharing_info__listing_description":"Haarwachstum Shampoo mit KERASCALP\u2122. Mit Anti-Aging-Effekt.","_v2024__listing_and_sharing_info__image":1000007070,"_v2024__product_hero__hero_type":"carousel","_v2024__product_hero__product_slider_gallery":[{"_v2024__product_hero__product_slider_gallery__image":1000007053,"_v2024__product_hero__product_slider_gallery__video_link":""},{"_v2024__product_hero__product_slider_gallery__image":1000007196,"_v2024__product_hero__product_slider_gallery__video_link":""},{"_v2024__product_hero__product_slider_gallery__image":1000007197,"_v2024__product_hero__product_slider_gallery__video_link":""},{"_v2024__product_hero__product_slider_gallery__image":1000007198,"_v2024__product_hero__product_slider_gallery__video_link":""},{"_v2024__product_hero__product_slider_gallery__image":1000007199,"_v2024__product_hero__product_slider_gallery__video_link":""},{"_v2024__product_hero__product_slider_gallery__image":1000007054,"_v2024__product_hero__product_slider_gallery__video_link":""},{"_v2024__product_hero__product_slider_gallery__image":1000007200,"_v2024__product_hero__product_slider_gallery__video_link":""}],"_v2024__before_and_after_image":1000007037,"_v2024__before_and_after_image_mobile":1000007038,"_v2024__product_hero__quantity":"250 ML","_v2024__product_hero__product_disclamer":"","_v2024__why_use__should_show":"visible","_v2024__why_use__description_text":"Erzielen Sie mit diesem Anti-Aging-Shampoo mit KERASCALP\u2122 dichteres, kr\u00e4ftigeres und gl\u00e4nzenderes Haar, indem Sie die Haarfollikel st\u00e4rken und die Kopfhaut revitalisieren.","_v2024__why_use__text_content":"<ul>\r\n \t<li>W\u00e4scht das Haar sanft und tiefenwirksam mit einer von Experten entwickelten nat\u00fcrlichen Formel<\/li>\r\n \t<li>Schafft optimale Bedingungen f\u00fcr das Haarwachstum<\/li>\r\n \t<li>Verwandelt d\u00fcnnes, lebloses Haar und st\u00e4rkt die Follikel<\/li>\r\n \t<li>Verj\u00fcngt Kopfhaut und Haar und reduziert deutlich wei\u00dfe Haare<\/li>\r\n \t<li>Wirkt bei allen Haartypen<\/li>\r\n \t<li>Enth\u00e4lt keine Parabene, SLES, SLS, Paraffin, Silikone und Inhaltsstoffe tierischen Ursprungs<\/li>\r\n \t<li>Fesselt die Sinne mit fruchtigem Duft<\/li>\r\n<\/ul>","_v2024__why_use__product_notes_and_remarks":"","_v2024__why_use__background_color":"#FBF1EB","_v2024__why_use__heading_color":"#816c65","_v2024__why_use__text_color":"#816c65","_v2024__why_use__image_desktop":1000007064,"_v2024__why_use__image_mobile":1000007065,"_v2024__stats_show":true,"_v2024__stats_repeater":[{"_v2024__stats_repeater_id":"stats_stronger_follicles","_v2024__stats_repeater_number":60,"_v2024__stats_repeater_description_title":"st\u00e4rkere Follikel","_v2024__stats_repeater_description":"","_v2024__stats_repeater_asterisks":""},{"_v2024__stats_repeater_id":"stats_more_thickness","_v2024__stats_repeater_number":56,"_v2024__stats_repeater_description_title":"mehr Festigkeit","_v2024__stats_repeater_description":"","_v2024__stats_repeater_asterisks":""},{"_v2024__stats_repeater_id":"stats_more_density","_v2024__stats_repeater_number":49,"_v2024__stats_repeater_description_title":"mehr Dichte","_v2024__stats_repeater_description":"","_v2024__stats_repeater_asterisks":""},{"_v2024__stats_repeater_id":"stats_more_shine","_v2024__stats_repeater_number":51,"_v2024__stats_repeater_description_title":"mehr Glanz","_v2024__stats_repeater_description":"","_v2024__stats_repeater_asterisks":""}],"_v2024__stats_repeater_disclaimer":[{"_v2024__stats_repeater_disclaimer_text":"Laut In-Vitro-Test und In-Vivo-Tests des Aktiv-Wirkstoffs Kerascalp\u2122"}],"_v2024__benefits__icons_repeater":[{"_v2024__benefit__icons_repeater_icon":1000007083,"_v2024__benefit__icons_repeater_text":"BESCHLEUNIGTES WACHSTUM"},{"_v2024__benefit__icons_repeater_icon":1000007081,"_v2024__benefit__icons_repeater_text":"ANTI-AGING-EFFEKT"},{"_v2024__benefit__icons_repeater_icon":1000007082,"_v2024__benefit__icons_repeater_text":"MEHR DICHTE UND GLANZ"},{"_v2024__benefit__icons_repeater_icon":1000007084,"_v2024__benefit__icons_repeater_text":"VON EXPERTEN ENTWICKELT"}],"_v2024__image_ingreddients__intro_text":"Das Kernelement der transformierenden Wirkung des Shampoos GROW ist der nat\u00fcrliche Aktiv-Wirkstoff KERASCALP\u2122, eine Verbindung der tausendj\u00e4hrigen Ayurveda-Tradition mit der aktuellen wissenschaftlichen Forschung. In Kombination mit reinen Pflanzenextrakten und Vitaminen, verhilft er zu kr\u00e4ftigem und sch\u00f6nem Haar, das w\u00e4chst.","_v2024__image_ingreddients__additional_description":"","_v2024__image_ingreddients__disclamer_inner":"","_v2024__image_ingredients__repeater":[{"_v2024__image_ingredients__ingredient_image":1000007073,"_v2024__image_ingredients__ingredient_title":"KERASCALP\u2122","_v2024__image_ingredients__ingredient_description":"Nat\u00fcrlicher Aktiv-Wirkstoff, Amla-Fruchtextrakt, der f\u00fcr seine adaptogenen und Anti-Aging-Eigenschaften bekannt ist und in der ayurvedischen Medizin verwendet wird. Stimuliert die Produktion von Kollagen XVII, das die Follikel st\u00e4rkt und das Ausd\u00fcnnen der Haare, den Haarausfall und das Ergrauen verlangsamt. Au\u00dferdem verringert es die Aktivit\u00e4t der Elastase, welche die Follikel sch\u00e4digt und zu deren Alterung f\u00fchrt. Macht das Haar klinisch bewiesen dichter, dicker, kr\u00e4ftiger und gl\u00e4nzender."},{"_v2024__image_ingredients__ingredient_image":1000007074,"_v2024__image_ingredients__ingredient_title":"PANTHENOL","_v2024__image_ingredients__ingredient_description":"Spendet Feuchtigkeit und beruhigt die Kopfhaut, st\u00e4rkt die Follikel, reduziert Haarbruch und verleiht dem Haar Glanz und Geschmeidigkeit."},{"_v2024__image_ingredients__ingredient_image":1000006707,"_v2024__image_ingredients__ingredient_title":"ARGAN\u00d6L","_v2024__image_ingredients__ingredient_description":"versorgt Haar und Kopfhaut mit Vitaminen und Fetts\u00e4uren und sch\u00fctzt vor den sch\u00e4dlichen Auswirkungen von Sonne und Wind."},{"_v2024__image_ingredients__ingredient_image":1000006712,"_v2024__image_ingredients__ingredient_title":"KOKOS-EXTRAKT","_v2024__image_ingredients__ingredient_description":"Spendet Feuchtigkeit, ohne zu fetten oder zu beschweren. N\u00e4hrt und stimuliert die Wiederherstellung des nat\u00fcrlichen Gleichgewichts der Kopfhaut."},{"_v2024__image_ingredients__ingredient_image":1000007075,"_v2024__image_ingredients__ingredient_title":"EXTRAKT AUS HAGEBUTTE","_v2024__image_ingredients__ingredient_description":"Belebt Haare und Kopfhaut mit Vitaminen und Antioxidantien, revitalisiert sie und macht sie widerstandsf\u00e4higer."},{"_v2024__image_ingredients__ingredient_image":1000007072,"_v2024__image_ingredients__ingredient_title":"HEIDEKRAUT EXTRAKT","_v2024__image_ingredients__ingredient_description":"Mit seinen antioxidativen und entz\u00fcndungshemmenden Eigenschaften st\u00e4rkt es die Follikel und macht das Haar kr\u00e4ftiger und lebendiger."},{"_v2024__image_ingredients__ingredient_image":1000007076,"_v2024__image_ingredients__ingredient_title":"EXTRAKT AUS DREIFARBIGEM STIEFM\u00dcTTERCHEN","_v2024__image_ingredients__ingredient_description":"Pflegt intensiv, spendet Feuchtigkeit und verbessert die Durchblutung, was das Haarwachstum unterst\u00fctzt."},{"_v2024__image_ingredients__ingredient_image":1000007077,"_v2024__image_ingredients__ingredient_title":"EISENKRAUT-EXTRAKT","_v2024__image_ingredients__ingredient_description":"Mit antiseptischer Wirkung unterst\u00fctzt es die Regeneration der Kopfhaut und die St\u00e4rkung des Haares."},{"_v2024__image_ingredients__ingredient_image":1000006730,"_v2024__image_ingredients__ingredient_title":"NAT\u00dcRLICHES VITAMIN E","_v2024__image_ingredients__ingredient_description":"Starkes Antioxidantium, welches das Haarwachstum stimuliert und f\u00fcr die Gesundheit der Kopfhaut sorgt."}],"_v2024__image_ingredients__all_ingredients":"Aqua, Sodium Coco-Sulfate**, Cocamidopropyl Betaine**, Propanediol**, Coco-Glucoside**, Glyceryl Oleate**, Phyllanthus Emblica Fruit Extract**, Panthenol, Glycerin**, Argania Spinosa Kernel Oil*, Cocos Nucifera Fruit Extract*, Rosa Canina Flower Extract*, Calluna Vulgaris Flower Extract*, Viola Tricolor Extract*, Centaurium Erythraea Flower Extract*, Verbena Officinalis Flower Extract*, Hydrogenated Vegetable Glycerides Citrate**, Tocopherol**, Citric Acid**, Lactic Acid**, Parfum, Sodium Benzoate, Potassium Sorbate, Benzyl Alcohol, Limonene, Citrus Aurantium Peel Oil, Hexyl Cinnamal, Linalool, Tetramethyl Acetyloctahydronaphthalenes, Citrus Limon Oil\r\n\r\n<em>*Certified Organic Ingredients <\/em>\r\n<em>**Ingredients From Natural Origin<\/em>\r\n\r\n<em>Bitte beachten Sie, da\u00df die Liste der Inhaltstoffe aufgrund von Produktverbesserungen im Laufe der Zeit leicht variieren kann. Die aktuellsten Informationen finden Sie auf der Produktverpackung.<\/em>","_v2024__usage_content__left_content":"<strong>WO<\/strong>: Kopfhaut und Haare\r\n\r\n<strong>WIE<\/strong>: Mit leichten Massagebewegungen auf die feuchten Kopfhaut und Haar auftragen, mindestens 2 Minuten einwirken lassen und dann aussp\u00fclen\r\n\r\n<strong>WIE OFT<\/strong>: entsprechend Ihrer \u00fcblichen Haarwaschroutine, kann t\u00e4glich angewendet werden\r\n\r\n<strong>F\u00dcR BESTE ERGEBNISSE<\/strong>: mit der <a href=\"https:\/\/cocosolis.com\/de\/product\/grow-hair-growth-conditioner\/\">Sp\u00fclung GROW<\/a> und dem <a href=\"https:\/\/cocosolis.com\/de\/product\/grow-hair-growth-serum-spray\/\">Spray-Serum GROW<\/a> kombinieren","_v2024__usage_content__right_bottom_content":"","_v2024__usage_content__note":"","_v2024__usage_content__storage":"Nur f\u00fcr die \u00e4u\u00dfere Anwendung. Beenden Sie die Anwendung, wenn Reizungen auftreten. Nicht auf besch\u00e4digter oder verletzter Kopfhaut anwenden. Den Kontakt mit den Augen vermeiden. Von Kindern fernhalten! An einem k\u00fchlen und trockenen Ort aufbewahren."},"_links":{"self":[{"href":"https:\/\/cocosolis.com\/de\/wp-json\/wp\/v2\/product\/1000016029","targetHints":{"allow":["GET"]}}],"collection":[{"href":"https:\/\/cocosolis.com\/de\/wp-json\/wp\/v2\/product"}],"about":[{"href":"https:\/\/cocosolis.com\/de\/wp-json\/wp\/v2\/types\/product"}],"wp:featuredmedia":[{"embeddable":true,"href":"https:\/\/cocosolis.com\/de\/wp-json\/"}],"wp:attachment":[{"href":"https:\/\/cocosolis.com\/de\/wp-json\/wp\/v2\/media?parent=1000016029"}],"wp:term":[{"taxonomy":"product_brand","embeddable":true,"href":"https:\/\/cocosolis.com\/de\/wp-json\/wp\/v2\/product_brand?post=1000016029"},{"taxonomy":"product_cat","embeddable":true,"href":"https:\/\/cocosolis.com\/de\/wp-json\/wp\/v2\/product_cat?post=1000016029"},{"taxonomy":"product_tag","embeddable":true,"href":"https:\/\/cocosolis.com\/de\/wp-json\/wp\/v2\/product_tag?post=1000016029"},{"taxonomy":"product_template","embeddable":true,"href":"https:\/\/cocosolis.com\/de\/wp-json\/wp\/v2\/product_template?post=1000016029"}],"curies":[{"name":"wp","href":"https:\/\/api.w.org\/{rel}","templated":true}]}}