{"id":464,"date":"2022-05-06T15:55:17","date_gmt":"2022-05-06T13:55:17","guid":{"rendered":"http:\/\/cocosolis.com\/en\/?page_id=464"},"modified":"2023-04-03T11:21:38","modified_gmt":"2023-04-03T09:21:38","slug":"terms-of-use","status":"publish","type":"page","link":"https:\/\/cocosolis.com\/de\/terms-of-use\/","title":{"rendered":"Bedingungen f\u00fcr die Nutzung der Website"},"content":{"rendered":"\n<h2 class=\"wp-block-heading\">Bedingungen f\u00fcr die Nutzung der Website<\/h2>\n\n\n\n<p>Willkommen auf unserer Website (\u201ccocosolis.com\u201d). Diese Nutzungsbedingungen regeln den Zugang zu der Webseite COCOSOLIS.COM und ihre Nutzung.<br>Der Zugang zur Website und ihre Nutzung sowie der Kauf von COCOSOLIS.COM-Produkten basieren auf der Annahme, dass mit dem Herunterladen der Website auf einem Endger\u00e4t, sich der Nutzer einverstanden erkl\u00e4rt, die Allgemeinen Nutzungsbedingungen und deren Anlagen zur Kenntnis zu nehmen.<br>Die vorliegenden Bedingungen stellen eine Vereinbarung dar, die Beziehung zwischen PURMERUL OOD in ihrer Eigenschaft als Administrator der Website www.cocosolis.com und den Endbenutzern regelt.<\/p>\n\n\n\n<p>Diese Vereinbarung gilt f\u00fcr die \u00fcber die Website verf\u00fcgbaren Informationsdienste und -systeme, ihre mobilen Versionen sowie f\u00fcr alle anderen Anwendungen und Dienstleistungen, die mit der Website verbunden sind oder sein k\u00f6nnen. Diese Vereinbarung gilt so lange, bis der Nutzer die Nutzung der durch die Website verf\u00fcgbaren Dienstleistungen beendet.<\/p>\n\n\n\n<p>PURMERUL OOD. ist ein Handelsunternehmen mit Sitz und Gesch\u00e4ftsadresse: Stadt Plovdiv, 4002, Bezirk \u201cZentralen\u201c, Lyuleburgaz Str. 22, St. 4, App. 9. Die Gesellschaft ist im Handelsregister und im Register der Juristischen Personen ohne Gewinnerzielungsabsichten bei der Agentur f\u00fcr Eintragungen unter UIC 201172065 eingetragen.<\/p>\n\n\n\n<p>Weitere rechtliche Informationen finden Sie in den folgenden Abschnitten:&nbsp;<a href=\"https:\/\/cocosolis.com\/de\/terms-of-sale\/\" target=\"_blank\" rel=\"noreferrer noopener\">Allgemeine Verkaufsbedingungen<\/a>,&nbsp;<a href=\"https:\/\/cocosolis.com\/de\/return-policy\/\" target=\"_blank\" rel=\"noreferrer noopener\">Widerrufsrecht<\/a>&nbsp;und&nbsp;<a href=\"https:\/\/cocosolis.com\/de\/privacy-policy\/\" target=\"_blank\" rel=\"noreferrer noopener\">Datenschutzbestimmungen<\/a>&nbsp;von COCOSOLIS.COM.<br>Die Website bezweckt Folgendes:<\/p>\n\n\n\n<ol class=\"wp-block-list\">\n<li>Den Nutzer \u00fcber den Gegenstand, Geschichte, Vision, Mission, Werte, unternehmerische und soziale Verantwortung der Gesellschaft sowie \u00fcber die von ihr angebotenen Produkte und Dienstleistungen zu informieren.<\/li>\n\n\n\n<li>Den Zugang zu einer Plattform zu gew\u00e4hrleisten, \u00fcber die Nutzer Produkte online bestellen, Kaufvertr\u00e4ge f\u00fcr die von der Gesellschaft angebotenen Produkten abschlie\u00dfen und Bewertungen und Rezensionen \u00fcber die angebotenen Produkte verfassen k\u00f6nnen.<\/li>\n\n\n\n<li>Die Nutzer der Website \u00fcber die M\u00f6glichkeiten, die Gesellschaft zu kontaktieren zu informieren, falls sie zus\u00e4tzliche Informationen ben\u00f6tigen, Fragen zu den angebotenen Produkten und Dienstleistungen haben, Kommentare oder Empfehlungen senden m\u00f6chten sowie Informationen \u00fcber ihre Rechte und die Art ihrer Aus\u00fcbung erhalten m\u00f6chten.<\/li>\n<\/ol>\n\n\n\n<p>Den Zugang zu COCOSOLIS.COM und ihre Nutzung, einschlie\u00dflich den Abruf von Webseiten, die Kommunikation mit COCOSOLIS.COM und mit den verbundenen Websites und Social Media-Ressourcen, sowie das Einkaufen \u00fcber die Internetseite, werden von unseren Nutzern ausschlie\u00dflich f\u00fcr pers\u00f6nliche Zwecke vorgenommen, die in keiner Weise mit kommerziellen, wirtschaftlichen oder beruflichen T\u00e4tigkeiten in Verbindung stehen.<\/p>\n\n\n\n<p>COCOSOLIS.COM haftet nicht f\u00fcr jedweder Form von Nutzung der Website und ihrer Inhalte durch die Nutzer, welche nicht den gesetzlichen Bestimmungen entspricht. Insbesondere k\u00f6nnen Sie f\u00fcr die Bereitstellung unrichtiger oder falscher Informationen oder Daten in Bezug auf Dritte (falls der Dritte seine Zustimmung daf\u00fcr nicht erteilt hat) sowie f\u00fcr den Missbrauch solcher Daten oder Informationen haftbar gemacht werden.<\/p>\n\n\n\n<h5 class=\"wp-block-heading\">1. Registrierung und Kommunikation<\/h5>\n\n\n\n<p>Wenn Sie unsere Dienstleistungen nutzen m\u00f6chten, m\u00fcssen Sie vollj\u00e4hrig sein und die vorliegenden Bedingungen akzeptieren. Durch das Akzeptieren dieser Bedingungen erkl\u00e4rt sich der Nutzer damit einverstanden, dass die Kommunikation mit ihm \u00fcber die bereitgestellten elektronischen Kommunikationskan\u00e4le \u2013 Telefon, E-Mail, SMS und andere elektronische Kan\u00e4le erfolgen wird. Der Nutzer erkl\u00e4rt sich damit einverstanden, als Adressat elektronische Mitteilungen von der Seite und vom Administrator zu erhalten.<\/p>\n\n\n\n<p>Die Parteien vereinbaren, dass E-Mails elektronische Mitteilungen darstellen und dass die Begleitinformationen der Identifizierung des Autors als Inhaber dieser elektronischen Mitteilungen dienen und eine elektronische Unterschrift sind, welche die Parteien in ihren Beziehungen als gleichwertig zu einer handschriftlichen Unterschrift betrachten.<\/p>\n\n\n\n<p>Sie k\u00f6nnen unsere Produkte auch kaufen, indem Sie sich auf der Website registrieren. Die Registrierung ist kostenlos. Der Nutzer kann die Registrierung jederzeit widerrufen. Der Nutzer verpflichtet sich, sowohl bei der Registrierung als auch bei einer Bestellung als Gast vollst\u00e4ndige, wahrheitsgetreue und genaue Informationen bereitzustellen. Die Zugriffsrechte sind pers\u00f6nlich und k\u00f6nnen nicht an Dritte \u00fcbertragen werden. Wir haften nicht f\u00fcr den unbefugten Zugriff auf Ihr Konto.<\/p>\n\n\n\n<h5 class=\"wp-block-heading\">2. Rechte des geistigen Eigentums<\/h5>\n\n\n\n<p>Der Nutzer hat das Recht, bei Einhaltung der Vorschriften \u00fcber den Zugang, in Echtzeit (online) auf die \u00fcber die Website bereitgestellten Dienstleistungen zuzugreifen.<\/p>\n\n\n\n<p>Das dem Nutzer gew\u00e4hrte Zugriffsrecht beinhaltet nicht das Recht, Informationen zu kopieren oder wiederzugeben oder gesch\u00fctztes geistiges oder gewerbliches Eigentum zu nutzen, mit Ausnahme einer unwesentlichen Menge von Informationen, die nur f\u00fcr den pers\u00f6nlichen Gebrauch bestimmt sind, sofern diese Nutzung nicht den berechtigten Interessen von Autoren oder sonstigen Inhabern von Rechten des geistigen oder gewerblichen Eigentums verletzt, und das Kopieren oder die Wiedergabe zu nicht kommerziellen Zwecken erfolgt.<\/p>\n\n\n\n<p>Der Inhalt von COCOSOLIS.COM, einschlie\u00dflich, aber nicht beschr\u00e4nkt auf Werke, Fotos, Bilder, Dialoge, Musik, T\u00f6ne, Videos, Dokumente, Zeichnungen, Abbildungen, Logos und alle anderen in COCOSOLIS.COM ver\u00f6ffentlichten Materialien in jedem Format, einschlie\u00dflich Men\u00fcs, Websites, Grafiken, Farben, Diagramme, Werkzeuge, Schriftarten, Website-Design, Diagramme, Pl\u00e4ne, Methoden, Prozesse, Funktionen und Software, die Teil von COCOSOLIS.COM sind, ist urheberrechtlich und durch andere Rechte des geistigen Eigentums von COCOSOLIS.COM und den jeweiligen Rechteinhabern gesch\u00fctzt. Die vollst\u00e4ndige oder teilweise Wiedergabe von COCOSOLIS.COM und ihre Inhalte in jeglicher Form ist ohne die schriftliche Genehmigung von COCOSOLIS.COM nicht gestattet.<\/p>\n\n\n\n<p>COCOSOLIS.COM hat das ausschlie\u00dfliche Recht, jegliche Wiedergabe (direkte oder indirekte, vor\u00fcbergehende oder dauerhafte oder aus einem anderen Grund oder in irgendeiner Form, ganz oder teilweise) von COCOSOLIS.COM und ihre Inhalte zu genehmigen oder zu untersagen.<\/p>\n\n\n\n<p>Die Autoren von in COCOSOLIS.COM ver\u00f6ffentlichten Werken haben jederzeit das Recht, die Urheberschaft ihrer Werke zu beanspruchen und sich jeglicher Verzerrung oder sonstigen Modifikation ihrer Werke, einschlie\u00dflich etwaiger \u00c4nderungen ihrer Werke, die Ehre und das Ansehen der betroffenen Autoren beeintr\u00e4chtigen k\u00f6nnen, zu widersetzen.<br>Die Nutzer unserer Website sind verpflichtet, die Urheberrechte der Autoren einzuhalten, die sich entschieden haben, ihre Arbeiten auf COCOSOLIS.COM zu ver\u00f6ffentlichen, oder mit COCOSOLIS.COM zusammengearbeitet haben, um neue ausdrucksstarke und k\u00fcnstlerische Werke zu schaffen, die nicht nur auf der Website zu ver\u00f6ffentlichen sind oder die ein integraler Bestandteil der Website sind.<\/p>\n\n\n\n<p>In keinem Fall darf der Inhalt der Website oder eines einzelnen Werks, welches urheberrechtlich oder durch ein anderes Recht an geistigem Eigentum gesch\u00fctzt ist, in irgendeiner Weise oder in irgendeiner Form verwendet werden.<\/p>\n\n\n\n<h5 class=\"wp-block-heading\">3. Handelsmarken und Domainnamen<\/h5>\n\n\n\n<p>PURMERUL Ltd. ist der ausschlie\u00dfliche Eigent\u00fcmer der Logos und der eingetragenen Marke \u201cCOCOSOLIS\u201d sowie aller anderen Funktionen, die das Wort \u201cCOCOSOLIS\u201d und den Domainnamen \u201cCOCOSOLIS.COM\u201d enthalten.<br>PURMERUL Ltd. hat das Recht auf ausschlie\u00dfliche Nutzung seiner eigenen Marken.<br>Ohne die Zustimmung von PURMERUL Ltd. ist es nicht gestattet, diese Marken f\u00fcr andere Produkte oder Dienstleistungen zu verwenden.<\/p>\n\n\n\n<h5 class=\"wp-block-heading\">4. Links zu anderen Websites<\/h5>\n\n\n\n<p>Cocosolis.com enth\u00e4lt Links zu anderen Websites, die in keiner Weise mit COCOSOLIS.COM in Verbindung stehen.<br>COCOSOLIS.COM kontrolliert diese Websites oder deren Inhalte nicht. COCOSOLIS.COM haftet nicht f\u00fcr den Inhalt dieser Websites und \/ oder f\u00fcr die von ihnen festgelegten Regeln in Bezug auf, aber nicht nur, Ihre pers\u00f6nlichen Daten, wenn Sie diese Websites besuchen. Die Erhebung personenbezogener Daten von Benutzern auf diese dritten Websites erfolgt wahrscheinlich gem\u00e4\u00df den von ihnen festgelegten allgemeinen Bedingungen f\u00fcr die Verwendung und den Schutz personenbezogener Daten. Wenn Sie \u00fcber die auf COCOSOLIS.COM bereitgestellten Links auf diese Websites zugreifen, lesen Sie bitte deren Nutzungsbedingungen sowie deren Datenschutzbestimmungen sorgf\u00e4ltig durch. Unsere Nutzungsbedingungen und Datenschutzbestimmungen gelten nicht f\u00fcr Websites Dritter.<\/p>\n\n\n\n<h5 class=\"wp-block-heading\">5. Bedingungen f\u00fcr die Nutzung von Inhalten<\/h5>\n\n\n\n<p>COCOSOLIS.COM ist stets bem\u00fcht, Ver\u00f6ffentlichung von Inhalten in allen Erscheinungsformen auf der Website zu verhindern, die als Versto\u00df gegen b\u00fcrgerliche \u00dcberzeugungen, Menschenrechte oder die menschliche W\u00fcrde gedeutet werden k\u00f6nnen. COCOSOLIS.COM kann jedoch nicht garantieren, dass der Inhalt der Website f\u00fcr jedes Auditorium angemessen oder legitim ist oder in allen L\u00e4ndern legal ist.<\/p>\n\n\n\n<p>F\u00fcr den Fall, dass solche Inhalte in einem Land als gesetzwidrig gelten, tragen wir keine Verantwortung f\u00fcr Ihre Entscheidung, unsere Website zu besuchen und zu nutzen. Wenn Sie sich dennoch f\u00fcr die Nutzung unserer Website entscheiden, informieren wir Sie, dass die Nutzung der von COCOSOLIS. COM angebotenen Dienstleistungen ganz in Ihrer pers\u00f6nlichen Verantwortung liegt.<\/p>\n\n\n\n<p>COCOSOLIS.COM unternimmt Schritte, um sicherzustellen, dass der Inhalt von COCOSOLIS.COM korrekt ist und keine falschen oder veralteten Informationen enth\u00e4lt. COCOSOLIS.COM kann jedoch nicht f\u00fcr die Richtigkeit und Vollst\u00e4ndigkeit der auf seiner Website ver\u00f6ffentlichten Inhalte verantwortlich gemacht werden.<br>COCOSOLIS.COM kann nicht garantieren, dass die Website st\u00e4ndig, ohne Unterbrechungen und Fehler aufgrund einer schlechten Internetverbindung, abrufbar ist. Bitte kontaktieren Sie uns bei Problemen bei der Nutzung unserer Website. Wenn und soweit dies m\u00f6glich ist, wird ein Mitarbeiter von COCOSOLIS.COM Ihnen Hilfe leisten, damit Ihr Zugang zu der Website wiederhergestellt wird.<\/p>\n\n\n\n<p>COCOSOLIS.COM ergreift angemessene technische und organisatorische Ma\u00dfnahmen, um die Sicherheit der COCOSOLIS.COM-Dienstleistungen zu gew\u00e4hrleisten und um unbefugte Verwendung oder Zugriff auf Daten zu verhindern. Dies gilt sowohl zur Verhinderung des Risikos der Verbreitung, Zerst\u00f6rung und des Verlusts von Daten und vertraulichen Informationen von COCOSOLIS.COM-Nutzer, als auch zur Vermeidung des unbefugten oder illegalen Zugriffs auf solche Daten und Informationen.<\/p>\n\n\n\n<h5 class=\"wp-block-heading\">6. Rechte und Pflichten des Nutzers<\/h5>\n\n\n\n<p>Der Nutzer hat das Recht, die Website unter Ber\u00fccksichtigung der oben in Punkt 2 beschriebenen Beschr\u00e4nkungen aufgrund von Rechten an geistigem Eigentum zu nutzen.<\/p>\n\n\n\n<p>Der Nutzer verpflichtet sich bei der Nutzung der bereitgestellten Dienstleistungen:<\/p>\n\n\n\n<ol class=\"wp-block-list\">\n<li>Keine b\u00f6swilligen Handlungen im Sinne dieser Nutzungsbedingungen zu unternehmen;<\/li>\n\n\n\n<li>Keine Informationsressourcen oder Teile von ihnen, die in den Datenbanken enthalten sind und \u00fcber die Website zug\u00e4nglich sind, mit technischen Mitteln oder auf technische Weise zu extrahieren und somit eine eigene Datenbank in elektronischer oder sonstiger Form zu erstellen.<\/li>\n\n\n\n<li>Sich nicht als eine andere Person oder Vertreter einer Person, die er nicht zu vertreten befugt ist, auszugeben oder auf eine andere Weise die Website oder Dritte \u00fcber seine Identit\u00e4t oder Zugeh\u00f6rigkeit zu einer bestimmten Personengruppe zu t\u00e4uschen;<\/li>\n\n\n\n<li>Die Gesellschaft unverz\u00fcglich \u00fcber jeden Fall eines begangenen oder festgestellten Versto\u00dfes bei der Nutzung der bereitgestellten Dienstleistungen zu informieren;<\/li>\n\n\n\n<li>Keine Aktivit\u00e4ten auszuf\u00fchren, die Verwendung von Viren, Bots, W\u00fcrmern oder anderem Computercode, Dateien oder Programmen umfassen, die Funktionalit\u00e4t von Computersoftware oder -hardware oder Telekommunikationsger\u00e4ten unterbrechen, zerst\u00f6ren oder einschr\u00e4nken oder auf andere Weise die unbefugte Verwendung von oder den Zugriff auf ein Computerger\u00e4t oder Computernetzwerk zulassen.<\/li>\n<\/ol>\n\n\n\n<h5 class=\"wp-block-heading\">7. Beschr\u00e4nkung der Haftung der Gesellschaft<\/h5>\n\n\n\n<p>Die Gesellschaft stellt die Dienstleistungen \u00fcber die Website zur Nutzung durch den Nutzer \u201cwie sie sind\u201d und \u201cwie verf\u00fcgbar\u201d bereit. Die Gesellschaft garantiert oder verspricht keine konkreten Ergebnisse aus der direkten Nutzung oder aus der langfristigen M\u00f6glichkeit, die Dienstleistungen zu nutzen.<\/p>\n\n\n\n<p>Die Gesellschaft \u00fcbernimmt keine Garantie daf\u00fcr, dass:<\/p>\n\n\n\n<ol class=\"wp-block-list\">\n<li>die Nutzung der Dienstleistungen durch den Nutzer ununterbrochen, zeitnah, gesichert und sicher und fehlerfrei erfolgt;<\/li>\n\n\n\n<li>eventuelle M\u00e4ngel an den Dienstleistungen behoben werden;<\/li>\n\n\n\n<li>die bereitgestellten Dienstleistungen oder die Dienstleistungen, auf denen die Letzteren basieren, frei von Viren oder anderen sch\u00e4dlichen Komponenten sind;<\/li>\n<\/ol>\n\n\n\n<p>Die Gesellschaft haftet unter keinen Umst\u00e4nden f\u00fcr Verluste, Besch\u00e4digungen oder Sch\u00e4den, die entstanden sind aus:<\/p>\n\n\n\n<ol class=\"wp-block-list\">\n<li>die Nutzung der Dienstleistungen;<\/li>\n\n\n\n<li>Probleme oder technische Funktionsst\u00f6rungen im Zusammenhang mit der Nutzung der Dienstleistungen;<\/li>\n\n\n\n<li>Materialien, die \u00fcber oder in Verbindung mit den Dienstleistungen heruntergeladen wurden;<\/li>\n\n\n\n<li>Nutzerinhalte;<\/li>\n\n\n\n<li>Verhalten der Nutzer in Verbindung mit den Dienstleistungen, unabh\u00e4ngig davon, ob in Echtzeit (online) oder nicht (offline).<\/li>\n<\/ol>\n\n\n\n<p>Die Gesellschaft haftet nicht, wenn der Nutzer aufgrund von Problemen, die au\u00dferhalb der Kontrolle der Website liegen \u2013 Software, Hardware, Internetverbindungsprobleme oder h\u00f6here Gewalt, nicht auf die Website zugreifen kann.<\/p>\n\n\n\n<p>Der Nutzer erkl\u00e4rt sich damit einverstanden, f\u00fcr alle Kosten f\u00fcr die Wartung, die Integrit\u00e4t oder den Anschluss seines Computersystems oder anderen Eigentums verantwortlich zu sein, die f\u00fcr die Nutzung der Dienstleistungen durch den Nutzer erforderlich sind.<br>Die Gesellschaft beh\u00e4lt sich das Recht vor, systematisch in die gesamte Funktionalit\u00e4t der Website einzugreifen, einschlie\u00dflich, aber nicht beschr\u00e4nkt auf die Sperrung des Zugriffs auf die Website, wenn ein wichtiger Grund daf\u00fcr vorliegt.<\/p>\n\n\n\n<h5 class=\"wp-block-heading\">8. Vertragsstrafen<\/h5>\n\n\n\n<p>Soweit dies nach dem geltenden Recht zul\u00e4ssig ist, haftet die Gesellschaft nicht f\u00fcr Sch\u00e4den, die dem Nutzer entstehen. Diese sind: 1. mittelbare Sch\u00e4den; 2. Folgesch\u00e4den; 3. nebens\u00e4chliche Sch\u00e4den; 4. Strafsch\u00e4den, einschlie\u00dflich Schadensersatz f\u00fcr entgangenen Gewinn, der sich aus der Nutzung oder Unm\u00f6glichkeit der Nutzung der Dienstleistungen ergibt.<\/p>\n\n\n\n<p>Ungeachtet des Vorstehenden ist die Haftung der Gesellschaft gegen\u00fcber dem Nutzer f\u00fcr Handlungen oder Unterlassungen, verbunden oder im Zusammenhang mit der Nutzung der Dienstleistungen immer auf eine Entsch\u00e4digung in H\u00f6he des Kaufwerts beschr\u00e4nkt. Beim Fehlen eines Kaufs haftet die Gesellschaft f\u00fcr keine ihrer Handlungen oder Unterlassungen.<\/p>\n\n\n\n<h5 class=\"wp-block-heading\">9. \u00c4nderungen<\/h5>\n\n\n\n<p>COCOSOLIS.COM kann diese Nutzungsbedingungen ganz oder teilweise \u00e4ndern oder aktualisieren. In einem solchen Fall wird die aktuelle Information in diesem Abschnitt ver\u00f6ffentlicht. Die neuen Nutzungsbedingungen sind ab dem Datum ihrer Ver\u00f6ffentlichung auf COCOSOLIS.COM wirksam.<br>Wenn Sie den Nutzungsbedingungen von COCOSOLIS.COM ganz oder teilweise nicht zustimmen, tragen wir keine Verantwortung f\u00fcr Ihre Entscheidung, unsere Website zu besuchen und zu nutzen.<\/p>\n\n\n\n<h5 class=\"wp-block-heading\">10. Laufzeit und K\u00fcndigung<\/h5>\n\n\n\n<p>Diese Vereinbarung tritt sofort nach ihrer Annahme durch den Nutzer in Kraft und gilt bis zur Beendigung der Nutzung der Dienstleistungen.<\/p>\n\n\n\n<h5 class=\"wp-block-heading\">11. Anwendbares Recht<\/h5>\n\n\n\n<p>Als Grundprinzip f\u00fcr die Umsetzung dieser Vereinbarung sehen die Parteien gegenseitiges Verst\u00e4ndnis und tolerierbare Zugest\u00e4ndnisse. In diesem Sinne vereinbaren die Parteien, die zwischen ihnen entstandenen Streitigkeiten im Geiste des guten Willens und durch Verhandlungen beizulegen.<\/p>\n\n\n\n<p>Alle Streitigkeiten, Meinungsverschiedenheiten oder Anspr\u00fcche, die sich aus oder im Zusammenhang mit der Umsetzung oder Nichteinhaltung dieser Vereinbarung ergeben, werden von den Vertragsparteien durch Verhandlungen und mit dem guten Willen jedes einzelnen von ihnen beigelegt.<\/p>\n\n\n\n<p>Im Falle der Unm\u00f6glichkeit, Streitigkeiten im Zusammenhang mit diesem Vertrag und mit seiner Umsetzung bzw. Nichterf\u00fcllung beizulegen, vereinbaren die Parteien nach den allgemeinen Zust\u00e4ndigkeitsvorschriften gerichtlich vorzugehen. Im Falle eines privatrechtlichen Rechtsstreits mit einem internationalen Element sollte das f\u00fcr die Entscheidung des Rechtsstreits zust\u00e4ndige Gericht nach den Regeln des internationalen Privatrechts bestimmt werden.<\/p>\n\n\n\n<p>Das im Rahmen dieser Vereinbarung anwendbare Recht ist das Recht des Landes, in dem der Administrator registriert ist, in diesem Fall die Republik Bulgarien.<\/p>\n\n\n\n<p>Ver\u00f6ffentlichungsdatum: 7.07.2020.<\/p>\n","protected":false},"excerpt":{"rendered":"<p>Bedingungen f\u00fcr die Nutzung der Website Willkommen auf unserer Website (\u201ccocosolis.com\u201d). Diese Nutzungsbedingungen regeln den Zugang zu der Webseite COCOSOLIS.COM und ihre Nutzung.Der Zugang zur Website und ihre Nutzung sowie der Kauf von COCOSOLIS.COM-Produkten basieren auf der Annahme, dass mit dem Herunterladen der Website auf einem Endger\u00e4t, sich der Nutzer einverstanden erkl\u00e4rt, die Allgemeinen Nutzungsbedingungen &hellip; <a href=\"https:\/\/cocosolis.com\/de\/terms-of-use\/\">Fortsetzung<\/a><\/p>\n","protected":false},"author":1,"featured_media":0,"parent":0,"menu_order":0,"comment_status":"closed","ping_status":"closed","template":"","meta":{"_acf_changed":false,"footnotes":""},"page_roles":[36],"class_list":["post-464","page","type-page","status-publish","hentry","page_roles-legal"],"acf":[],"_links":{"self":[{"href":"https:\/\/cocosolis.com\/de\/wp-json\/wp\/v2\/pages\/464","targetHints":{"allow":["GET"]}}],"collection":[{"href":"https:\/\/cocosolis.com\/de\/wp-json\/wp\/v2\/pages"}],"about":[{"href":"https:\/\/cocosolis.com\/de\/wp-json\/wp\/v2\/types\/page"}],"author":[{"embeddable":true,"href":"https:\/\/cocosolis.com\/de\/wp-json\/wp\/v2\/users\/1"}],"replies":[{"embeddable":true,"href":"https:\/\/cocosolis.com\/de\/wp-json\/wp\/v2\/comments?post=464"}],"version-history":[{"count":5,"href":"https:\/\/cocosolis.com\/de\/wp-json\/wp\/v2\/pages\/464\/revisions"}],"predecessor-version":[{"id":1000003202,"href":"https:\/\/cocosolis.com\/de\/wp-json\/wp\/v2\/pages\/464\/revisions\/1000003202"}],"wp:attachment":[{"href":"https:\/\/cocosolis.com\/de\/wp-json\/wp\/v2\/media?parent=464"}],"wp:term":[{"taxonomy":"page_roles","embeddable":true,"href":"https:\/\/cocosolis.com\/de\/wp-json\/wp\/v2\/page_roles?post=464"}],"curies":[{"name":"wp","href":"https:\/\/api.w.org\/{rel}","templated":true}]}}