{"id":446,"date":"2022-05-06T15:46:46","date_gmt":"2022-05-06T13:46:46","guid":{"rendered":"http:\/\/cocosolis.com\/en\/?page_id=446"},"modified":"2023-04-23T18:24:47","modified_gmt":"2023-04-23T16:24:47","slug":"contacts","status":"publish","type":"page","link":"https:\/\/cocosolis.com\/de\/contacts\/","title":{"rendered":"Kontakt"},"content":{"rendered":"\n<h2 class=\"wp-block-heading\">Kontaktieren Sie uns<\/h2>\n\n\n\n<p>Wenn Sie uns kontaktieren m\u00f6chten, k\u00f6nnen Sie eine der folgenden M\u00f6glichkeiten nutzen:<\/p>\n\n\n\n<ul class=\"wp-block-list\">\n<li>senden Sie uns eine Nachricht auf&nbsp;<strong><a href=\"https:\/\/www.facebook.com\/cocosolisde\/\" target=\"_blank\" rel=\"noreferrer noopener\">Facebook<\/a><\/strong><\/li>\n\n\n\n<li>senden Sie uns eine Nachricht auf&nbsp;<strong><a href=\"https:\/\/www.instagram.com\/cocosolis.official\/\" target=\"_blank\" rel=\"noreferrer noopener\">Instagram<\/a><\/strong><\/li>\n\n\n\n<li>senden Sie uns eine E-Mail\u00a0<a href=\"mailto:de@cocosolis.com\">de@cocosolis.com<\/a><\/li>\n\n\n\n<li>rufen Sie uns an +49 32 214 219 773<\/li>\n\n\n\n<li>Adresse Bulgarien, 1407 Sofia, 53V, Vaptsarov Blvd<\/li>\n<\/ul>\n","protected":false},"excerpt":{"rendered":"<p>Kontaktieren Sie uns Wenn Sie uns kontaktieren m\u00f6chten, k\u00f6nnen Sie eine der folgenden M\u00f6glichkeiten nutzen:<\/p>\n","protected":false},"author":1,"featured_media":100000426,"parent":0,"menu_order":0,"comment_status":"closed","ping_status":"closed","template":"","meta":{"_acf_changed":false,"footnotes":""},"page_roles":[34],"class_list":["post-446","page","type-page","status-publish","has-post-thumbnail","hentry","page_roles-contacts"],"acf":[],"_links":{"self":[{"href":"https:\/\/cocosolis.com\/de\/wp-json\/wp\/v2\/pages\/446","targetHints":{"allow":["GET"]}}],"collection":[{"href":"https:\/\/cocosolis.com\/de\/wp-json\/wp\/v2\/pages"}],"about":[{"href":"https:\/\/cocosolis.com\/de\/wp-json\/wp\/v2\/types\/page"}],"author":[{"embeddable":true,"href":"https:\/\/cocosolis.com\/de\/wp-json\/wp\/v2\/users\/1"}],"replies":[{"embeddable":true,"href":"https:\/\/cocosolis.com\/de\/wp-json\/wp\/v2\/comments?post=446"}],"version-history":[{"count":9,"href":"https:\/\/cocosolis.com\/de\/wp-json\/wp\/v2\/pages\/446\/revisions"}],"predecessor-version":[{"id":1000003422,"href":"https:\/\/cocosolis.com\/de\/wp-json\/wp\/v2\/pages\/446\/revisions\/1000003422"}],"wp:featuredmedia":[{"embeddable":true,"href":"https:\/\/cocosolis.com\/de\/wp-json\/"}],"wp:attachment":[{"href":"https:\/\/cocosolis.com\/de\/wp-json\/wp\/v2\/media?parent=446"}],"wp:term":[{"taxonomy":"page_roles","embeddable":true,"href":"https:\/\/cocosolis.com\/de\/wp-json\/wp\/v2\/page_roles?post=446"}],"curies":[{"name":"wp","href":"https:\/\/api.w.org\/{rel}","templated":true}]}}