{"id":1000025120,"date":"2026-01-30T12:43:45","date_gmt":"2026-01-30T11:43:45","guid":{"rendered":"https:\/\/cocosolis.com\/de\/?page_id=1000025120"},"modified":"2026-01-30T12:43:55","modified_gmt":"2026-01-30T11:43:55","slug":"vday-2026","status":"publish","type":"page","link":"https:\/\/cocosolis.com\/de\/terms-of-use\/vday-2026\/","title":{"rendered":"Allgemeine Gesch\u00e4ftsbedingungen des Aktionsangebotes \u201cVDay Promo\u201d"},"content":{"rendered":"\n<h2 class=\"wp-block-heading\"><strong>Allgemeine Gesch\u00e4ftsbedingungen des Aktionsangebotes <\/strong><strong>\u201cVDay Promo\u201d<\/strong><\/h2>\n\n\n\n<ol class=\"wp-block-list\">\n<li><strong>Veranstalter des Aktionsangebotes<\/strong>\n<ol class=\"wp-block-list\">\n<li>Veranstalter des Aktionsangebotes \u201cVDay Promo\u201d ist PURMERUL Ltd. mit Sitz in Bulgarien, 4002 Plovdiv, Lyuleburgas 22, Et. 4, App. 9, UIC 201172065.<\/li>\n<\/ol>\n<\/li>\n\n\n\n<li><strong>Offizielle Regelungen<\/strong>\n<ol class=\"wp-block-list\">\n<li>Die Teilnehmer des Aktionsangebotes sind verpflichtet die Bedingungen der unten beschriebenen Regelungen einzuhalten, diese werden als \u201eoffizielle Regelungen\u201c bezeichnet.<\/li>\n\n\n\n<li>Die offiziellen Regelungen werden vor Beginn der Aktion unter <a href=\"http:\/\/www.cocosolis.com\/de\/\">www.cocosolis.com\/de\/<\/a> ver\u00f6ffentlicht. Weitere Informationen k\u00f6nnen Sie werktags zwischen 09:30 und 17:00 Uhr unter der Telefonnummer +49 32 214 219 773 erhalten (die Geb\u00fchren richten sich nach dem jeweiligen Tarif des Anrufers).<\/li>\n\n\n\n<li>Der Veranstalter der Aktion beh\u00e4lt sich das Recht vor, die offiziellen Regelungen jederzeit durch \u00f6ffentliche Bekanntgabe zu \u00e4ndern oder zu erg\u00e4nzen.<\/li>\n<\/ol>\n<\/li>\n\n\n\n<li><strong>Gebiet des Aktionsangebotes<\/strong>\n<ol class=\"wp-block-list\">\n<li>Das Aktionsangebot wird f\u00fcr das Gebiet der Bundesrepublik Deutschland organisiert und durchgef\u00fchrt.<\/li>\n<\/ol>\n<\/li>\n\n\n\n<li><strong>Teilnahmeberechtigung<\/strong>\n<ol class=\"wp-block-list\">\n<li>Zur Teilnahme am Aktionsangebot ist jede nat\u00fcrliche Person berechtigt, die \u00e4lter als 18 Jahre ist und ihren Wohnsitz in der Bundesrepublik Deutschland hat.<\/li>\n\n\n\n<li>Ausgenommen von einer Teilnahme am Aktionsangebot sind Mitarbeiter von PURMERUL Ltd., von allen am Aktionsangebot beteiligten Unternehmen, sowie jeweils deren Angeh\u00f6rige.<\/li>\n<\/ol>\n<\/li>\n<\/ol>\n\n\n\n<ol start=\"5\" class=\"wp-block-list\">\n<li><strong>Dauer des Aktionsangebotes<\/strong>\n<ol class=\"wp-block-list\">\n<li>Die Aktion gilt solange der Vorrat reicht.<\/li>\n<\/ol>\n<\/li>\n\n\n\n<li><strong>Teilnehmende Produkte<\/strong>\n<ol class=\"wp-block-list\">\n<li>Die Aktion umfasst alle Produkte, die unter <a href=\"http:\/\/www.cocosolis.com\/de\/\">www.cocosolis.com\/de\/<\/a> erh\u00e4ltlich sind.<\/li>\n<\/ol>\n<\/li>\n\n\n\n<li><strong>Teilnahmehandlung<\/strong>\n<ol class=\"wp-block-list\">\n<li>Diese Aktion erm\u00f6glicht es dem Kunden, GROW kostenlos zu erhalten, wenn er Produkt(e) seiner Wahl aus dem COCOSOLIS-Shop im Wert von \u00fcber \u20ac28 hinzuf\u00fcgt (Versandkosten nicht inbegriffen). Das Geschenk wird automatisch angewendet, sobald der Nutzer Produkt(e) in den Warenkorb legt.<\/li>\n\n\n\n<li>Im Falle des Gewinns eines kostenlosen Produkts erh\u00e4lt der Kunde ein zus\u00e4tzliches Angebot, ein weiteres kostenloses Produkt zu erhalten, wenn er seiner Bestellung ein weiteres Produkt bzw. weitere Produkte seiner Wahl im Mindestwert von \u20ac28 hinzuf\u00fcgt.<\/li>\n\n\n\n<li>Beim Erreichen eines bestimmten Bestellwerts erhalten Kunden zus\u00e4tzlich einen GROW Scalp Massager als Geschenk.<\/li>\n\n\n\n<li>Das Angebot gilt nur auf der offiziellen COCOSOLIS-Website und nur solange der Vorrat reicht. Kunden k\u00f6nnen au\u00dferdem ausgew\u00e4hlte Produkte kaufen, die in speziellen Promo-Paketen mit einem festgelegten prozentualen Rabatt enthalten sind.<\/li>\n\n\n\n<li>Um von dem Aktionsangebot profitieren zu k\u00f6nnen, k\u00f6nnen die Teilnehmer ihre Bestellung auf der Seite <a href=\"https:\/\/cocosolis.com\/de\/\">https:\/\/cocosolis.com\/de\/<\/a> aufgeben.<\/li>\n\n\n\n<li>Die Lieferung erfolgt \u00fcber einen Versandpartner an die vom Teilnehmer angegebene Adresse.<\/li>\n\n\n\n<li>Alle anderen Standard-, Aktions-Paketangebote und Aktions-Rabattcodes sind w\u00e4hrend des in Punkt 5 genannten Aktionszeitraums NICHT g\u00fcltig.<\/li>\n<\/ol>\n<\/li>\n<\/ol>\n\n\n\n<ol start=\"8\" class=\"wp-block-list\">\n<li><strong>Streitigkeiten und Haftung<\/strong>\n<ol class=\"wp-block-list\">\n<li>Streitigkeiten zwischen dem Veranstalter und den Teilnehmern werden einvernehmlich beigelegt. Sollte dies nicht m\u00f6glich sein, so wird die Streitigkeit durch die zust\u00e4ndigen Gerichte in der Republik Bulgarien beigelegt.<\/li>\n\n\n\n<li>Der Veranstalter wird nicht daf\u00fcr verantwortlich sein Rabatte gew\u00e4hren zu m\u00fcssen, die au\u00dferhalb der in diesen Regeln angegebenen Fristen und Mengen beantragt werden.<\/li>\n\n\n\n<li>Der Veranstalter des Aktionsangebotes tr\u00e4gt keine Verantwortung, wenn der Teilnehmer eine ung\u00fcltige oder nicht korrespondierende E-Mail-Adresse oder Telefonnummer angegeben hat.<\/li>\n<\/ol>\n<\/li>\n<\/ol>\n\n\n\n<ol start=\"9\" class=\"wp-block-list\">\n<li><strong>Austausch und R\u00fcckgabe von Produkten<\/strong>\n<ol class=\"wp-block-list\">\n<li>In \u00dcbereinstimmung mit dem Verbraucherschutzgesetz hat der Teilnehmer das Recht, die gekauften Produkte ohne Sanktionen und ohne Angabe von Gr\u00fcnden zur\u00fcckzugeben. Hierf\u00fcr muss PURMERUL LTD innerhalb von vierzehn (14) Tagen ab dem Datum des Sendungserhalts informiert werden.<\/li>\n\n\n\n<li>Produkte, die zur\u00fcckgegeben werden, m\u00fcssen binnen vierzehn (14) Tage ab dem Datum, an dem die Entscheidung zur R\u00fccksendung der gekauften Produkte mitgeteilt wurde, an PURMERUL LTD zur\u00fcckgesandt werden.<\/li>\n\n\n\n<li>Unter bestimmten Umst\u00e4nden ist es m\u00f6glich, ein Produkt umzutauschen.<\/li>\n\n\n\n<li>Bitte lesen Sie die vollst\u00e4ndigen Bedingungen unserer R\u00fcckgabe- und Umtauschrichtlinien hier: <a href=\"https:\/\/cocosolis.com\/de\/return-policy\/\">https:\/\/cocosolis.com\/de\/return-policy\/<\/a><\/li>\n<\/ol>\n<\/li>\n\n\n\n<li><strong>Beendigung des Aktionsangebotes<\/strong>\n<ol class=\"wp-block-list\">\n<li>Der Veranstalter hat das unwiderrufliche Recht, das Aktionsangebot jederzeit zu beenden und dies gem\u00e4\u00df Punkt 2 der offiziellen Regelungen, im Falle von Missbrauch, Versto\u00df gegen die Regelungen, bei h\u00f6herer Gewalt oder aus anderen objektiven Gr\u00fcnden anzuk\u00fcndigen. Bei Missbrauch, Fehlverhalten oder Versto\u00df eines Teilnehmers gegen die offiziellen Regelungen hat der Veranstalter das Recht, ihn auszuschlie\u00dfen. In diesen F\u00e4llen wird den Teilnehmern keine Entsch\u00e4digung geschuldet.<\/li>\n<\/ol>\n<\/li>\n\n\n\n<li><strong>Schutz personenbezogener Daten. Werbung<\/strong>\n<ol class=\"wp-block-list\">\n<li>Bitte lesen Sie sich die vollst\u00e4ndigen Gesch\u00e4ftsbedingungen unserer Datenschutzrichtlinie hier durch: <a href=\"https:\/\/cocosolis.com\/de\/privacy-policy\/\">https:\/\/cocosolis.com\/de\/privacy-policy\/<\/a>\u00a0<\/li>\n<\/ol>\n<\/li>\n\n\n\n<li><strong>Niedrigster Preis, zu dem das Produkt in den letzten 30 Tagen verkauft wurde.<\/strong>\n<ol class=\"wp-block-list\">\n<li>Wird f\u00fcr jede Aktion separat ermittelt und bezeichnet den niedrigsten Preis, zu dem das Produkt in den letzten 30 Tagen vor Beginn der aktuellen Aktion auf der Webseite verkauft wurde.<\/li>\n\n\n\n<li>Das Produkt, f\u00fcr das wir diesen Preis anzeigen, kann m\u00f6glicherweise im vorherigen Zeitraum zu einem niedrigeren Preis gekauft worden sein, wenn der Kunde einen zus\u00e4tzlichen Gutschein\/Promocode f\u00fcr einen individuellen Rabatt verwendet hat.<\/li>\n\n\n\n<li>Kann von dem Preis abweichen, zu dem das Produkt unmittelbar vor der aktuellen Aktion verkauft wurde.<\/li>\n\n\n\n<li>Bezieht sich nur auf den Preis des Produkts auf der offiziellen COCOSOLIS Webseite und ber\u00fccksichtigt nicht die Preise in den einzelnen physischen Gesch\u00e4ften, in denen das Produkt erh\u00e4ltlich ist.<\/li>\n\n\n\n<li>Es kann einen Unterschied zwischen dem \u201eniedrigsten Preis\u201c f\u00fcr ein und dasselbe Produkt bei unterschiedlichen Werbeaktionen geben.<\/li>\n\n\n\n<li>Werbeaktionen auf der Webseite und deren Bedingungen k\u00f6nnen von Rabatten und Aktionen in physischen Gesch\u00e4ften, in denen COCOSOLIS Produkte erh\u00e4ltlich sind, abweichen. Bei einer Bestellung auf der Webseite gelten ausschlie\u00dflich die auf der Webseite angek\u00fcndigten und f\u00fcr den Online-Shop geltenden Gesch\u00e4ftsbedingungen.<\/li>\n\n\n\n<li>Bei Aktionspaketen entspricht \u201eNiedrigster Preis der letzten 30 Tage\u201c dem regul\u00e4ren Preis der im Aktionspaket enthaltenen Produkte.<\/li>\n<\/ol>\n<\/li>\n<\/ol>\n","protected":false},"excerpt":{"rendered":"<p>Allgemeine Gesch\u00e4ftsbedingungen des Aktionsangebotes \u201cVDay Promo\u201d<\/p>\n","protected":false},"author":1000000384,"featured_media":0,"parent":464,"menu_order":0,"comment_status":"closed","ping_status":"closed","template":"","meta":{"_acf_changed":false,"footnotes":""},"page_roles":[],"class_list":["post-1000025120","page","type-page","status-publish","hentry"],"acf":[],"_links":{"self":[{"href":"https:\/\/cocosolis.com\/de\/wp-json\/wp\/v2\/pages\/1000025120","targetHints":{"allow":["GET"]}}],"collection":[{"href":"https:\/\/cocosolis.com\/de\/wp-json\/wp\/v2\/pages"}],"about":[{"href":"https:\/\/cocosolis.com\/de\/wp-json\/wp\/v2\/types\/page"}],"author":[{"embeddable":true,"href":"https:\/\/cocosolis.com\/de\/wp-json\/wp\/v2\/users\/1000000384"}],"replies":[{"embeddable":true,"href":"https:\/\/cocosolis.com\/de\/wp-json\/wp\/v2\/comments?post=1000025120"}],"version-history":[{"count":1,"href":"https:\/\/cocosolis.com\/de\/wp-json\/wp\/v2\/pages\/1000025120\/revisions"}],"predecessor-version":[{"id":1000025121,"href":"https:\/\/cocosolis.com\/de\/wp-json\/wp\/v2\/pages\/1000025120\/revisions\/1000025121"}],"up":[{"embeddable":true,"href":"https:\/\/cocosolis.com\/de\/wp-json\/wp\/v2\/pages\/464"}],"wp:attachment":[{"href":"https:\/\/cocosolis.com\/de\/wp-json\/wp\/v2\/media?parent=1000025120"}],"wp:term":[{"taxonomy":"page_roles","embeddable":true,"href":"https:\/\/cocosolis.com\/de\/wp-json\/wp\/v2\/page_roles?post=1000025120"}],"curies":[{"name":"wp","href":"https:\/\/api.w.org\/{rel}","templated":true}]}}