{"id":408,"date":"2022-05-06T14:49:07","date_gmt":"2022-05-06T12:49:07","guid":{"rendered":"http:\/\/cocosolis.com\/en\/?post_type=product&#038;p=408"},"modified":"2026-04-06T15:27:56","modified_gmt":"2026-04-06T13:27:56","slug":"hair-oil-mask-3in1","status":"publish","type":"product","link":"https:\/\/cocosolis.com\/cz\/product\/hair-oil-mask-3in1\/","title":{"rendered":"HAIR Oil Mask 3in1"},"content":{"rendered":"","protected":false},"excerpt":{"rendered":"","protected":false},"featured_media":1000004562,"template":"","meta":{"_acf_changed":false},"product_brand":[],"product_cat":[17],"product_tag":[],"product_template":[69],"class_list":{"0":"post-408","1":"product","2":"type-product","3":"status-publish","4":"has-post-thumbnail","6":"product_cat-hair","7":"product_template-v-2024-clean","9":"first","10":"instock","11":"shipping-taxable","12":"purchasable","13":"product-type-simple"},"acf":{"_v2024__listing_and_sharing_info__listing_category":"HAIR","_v2024__listing_and_sharing_info__product_type":"Oil Mask 3in1","_v2024__listing__and_sharing_info__listing_below_title_in_product_page":"P\u0159\u00edrodn\u00ed olej-maska 3v1 pro intenzivn\u00ed v\u00fd\u017eivu a obnovu vlas\u016f.","_v2024__listing_and_sharing_info__listing_description":"P\u0159\u00edrodn\u00ed olej-maska 3v1 pro intenzivn\u00ed v\u00fd\u017eivu a obnovu vlas\u016f.","_v2024__listing_and_sharing_info__image":1000000381,"_v2024__product_hero__hero_type":"carousel","_v2024__product_hero__product_slider_gallery":[{"_v2024__product_hero__product_slider_gallery__image":1000006601,"_v2024__product_hero__product_slider_gallery__video_link":""},{"_v2024__product_hero__product_slider_gallery__image":1000006602,"_v2024__product_hero__product_slider_gallery__video_link":""},{"_v2024__product_hero__product_slider_gallery__image":1000006603,"_v2024__product_hero__product_slider_gallery__video_link":""},{"_v2024__product_hero__product_slider_gallery__image":1000006604,"_v2024__product_hero__product_slider_gallery__video_link":""},{"_v2024__product_hero__product_slider_gallery__image":1000006605,"_v2024__product_hero__product_slider_gallery__video_link":""},{"_v2024__product_hero__product_slider_gallery__image":1000006606,"_v2024__product_hero__product_slider_gallery__video_link":""},{"_v2024__product_hero__product_slider_gallery__image":1000006608,"_v2024__product_hero__product_slider_gallery__video_link":"https:\/\/player.vimeo.com\/progressive_redirect\/playback\/1042810739\/rendition\/720p\/file.mp4?loc=external&amp;log_user=0&amp;signature=f6fea80feb0b1b101def45208a79dbd900b0946c56fa93f5b0e266dc3c73f75e&amp;user_id=110095091"}],"_v2024__before_and_after_image":1000006531,"_v2024__before_and_after_image_mobile":1000006532,"_v2024__product_hero__quantity":"110 ML","_v2024__product_hero__product_disclamer":"","_v2024__why_use__should_show":"visible","_v2024__why_use__description_text":"Uzdravuje a obnovuje po\u0161kozen\u00e9 vlasy. Zabra\u0148uje krepat\u011bn\u00ed, rozt\u0159epen\u00fdm kone\u010dk\u016fm a zamot\u00e1v\u00e1n\u00ed. Dod\u00e1v\u00e1 lesk a hedv\u00e1bnou jemnost.","_v2024__why_use__text_content":"<ul>\r\n \t<li>Pou\u017e\u00edvejte jednou t\u00fddn\u011b k hloubkov\u00e9mu proma\u0161t\u011bn\u00ed vlasov\u00e9 poko\u017eky a vlas\u016f p\u0159ed myt\u00edm pro intenzivn\u00ed pos\u00edlen\u00ed a obnovu<\/li>\r\n \t<li>Pro velmi such\u00e9 kone\u010dky pou\u017eijte jednu kapku po sprchov\u00e1n\u00ed<\/li>\r\n \t<li>Na pl\u00e1\u017ei zabra\u0148uje vysou\u0161en\u00ed a po\u0161kozen\u00ed vlas\u016f a z\u00e1rove\u0148 je vy\u017eivuje<\/li>\r\n \t<li>Obsahuje speci\u00e1ln\u00ed sm\u011bs sedmi p\u0159\u00edrodn\u00edch organick\u00fdch olej\u016f obohacenou o p\u0159\u00edrodn\u00ed vitamin E<\/li>\r\n \t<li>P\u0159\u00edrodn\u00ed poskytovatel vitam\u00edn\u016f, miner\u00e1l\u016f, biologicky aktivn\u00edch l\u00e1tek a antioxidant\u016f<\/li>\r\n \t<li>S v\u016fn\u00ed kokosov\u00e9ho ml\u00e9ka<\/li>\r\n<\/ul>","_v2024__why_use__product_notes_and_remarks":"","_v2024__why_use__background_color":"#FBF1EB","_v2024__why_use__heading_color":"#816c65","_v2024__why_use__text_color":"#816c65","_v2024__why_use__image_desktop":1000006690,"_v2024__why_use__image_mobile":1000006691,"_v2024__stats_show":false,"_v2024__stats_repeater":null,"_v2024__stats_repeater_disclaimer":null,"_v2024__benefits__icons_repeater":[{"_v2024__benefit__icons_repeater_icon":1000006749,"_v2024__benefit__icons_repeater_text":"DOD\u00c1V\u00c1 LESK A HEDV\u00c1BNOU JEMNOST"},{"_v2024__benefit__icons_repeater_icon":1000006740,"_v2024__benefit__icons_repeater_text":"INTENZIVN\u011a VY\u017dIVUJE A OBNOVUJE"},{"_v2024__benefit__icons_repeater_icon":1000006746,"_v2024__benefit__icons_repeater_text":"BIO &amp; P\u0158\u00cdRODN\u00cd SLO\u017dKY"},{"_v2024__benefit__icons_repeater_icon":1000006734,"_v2024__benefit__icons_repeater_text":"JEMN\u00c1 KOKOSOV\u00c1 V\u016eN\u011a"}],"_v2024__image_ingreddients__intro_text":"Kombinace bio olej\u016f, kter\u00e9 se vz\u00e1jemn\u011b dopl\u0148uj\u00ed, pro viditeln\u011b lesklej\u0161\u00ed, jemn\u011bj\u0161\u00ed a \u017eiv\u011bj\u0161\u00ed vlasy ji\u017e po prvn\u00edm pou\u017eit\u00ed.","_v2024__image_ingreddients__additional_description":"","_v2024__image_ingreddients__disclamer_inner":"","_v2024__image_ingredients__repeater":[{"_v2024__image_ingredients__ingredient_image":1000006710,"_v2024__image_ingredients__ingredient_title":"OLEJ Z KAM\u00c9LIE ","_v2024__image_ingredients__ingredient_description":"Vy\u017eivuj\u00edc\u00ed olej, kter\u00fd snadno pronik\u00e1 do vlas\u016f a dod\u00e1v\u00e1 jim objem, hebkost a dlouhotrvaj\u00edc\u00ed ochranu."},{"_v2024__image_ingredients__ingredient_image":1000006728,"_v2024__image_ingredients__ingredient_title":"TAMANU OLEJ","_v2024__image_ingredients__ingredient_description":"Zklid\u0148uje podr\u00e1\u017ed\u011bn\u00ed poko\u017eky hlavy, rychle se vst\u0159eb\u00e1v\u00e1, nemast\u00ed a usnad\u0148uje roz\u010des\u00e1v\u00e1n\u00ed vlas\u016f."},{"_v2024__image_ingredients__ingredient_image":1000006717,"_v2024__image_ingredients__ingredient_title":"JOJOBA OLEJ","_v2024__image_ingredients__ingredient_description":"Siln\u00e9 regenera\u010dn\u00ed a mazotvorn\u00e9 vlastnosti pro zdravou poko\u017eku hlavy a leskl\u00e9 vlasy."},{"_v2024__image_ingredients__ingredient_image":1000006707,"_v2024__image_ingredients__ingredient_title":"OLEJ Z ARGANU  ","_v2024__image_ingredients__ingredient_description":"Dod\u00e1v\u00e1 vlas\u016fm a poko\u017ece hlavy vitam\u00edny a mastn\u00e9 kyseliny a chr\u00e1n\u00ed p\u0159ed \u0161kodliv\u00fdmi \u00fa\u010dinky slunce a v\u011btru."},{"_v2024__image_ingredients__ingredient_image":1000006712,"_v2024__image_ingredients__ingredient_title":"KOKOSOV\u00dd OLEJ","_v2024__image_ingredients__ingredient_description":"Vy\u017eivuje a zvlh\u010duje, chr\u00e1n\u00ed p\u0159ed po\u0161kozen\u00edm slune\u010dn\u00edm z\u00e1\u0159en\u00edm a dod\u00e1v\u00e1 vlas\u016fm hedv\u00e1bnou hladkost a pru\u017enost."},{"_v2024__image_ingredients__ingredient_image":1000006724,"_v2024__image_ingredients__ingredient_title":"OLIVOV\u00dd OLEJ","_v2024__image_ingredients__ingredient_description":"Hydratuje, posiluje a vy\u017eivuje vlasy. Chr\u00e1n\u00ed je p\u0159ed sluncem a p\u0159ed \u00fa\u010dinky tepeln\u00fdch \u00faprav, jako je lisov\u00e1n\u00ed a kulma."},{"_v2024__image_ingredients__ingredient_image":1000006706,"_v2024__image_ingredients__ingredient_title":"OLEJ ZE SLADK\u00ddCH MANDL\u00cd","_v2024__image_ingredients__ingredient_description":"Podporuje r\u016fst vlas\u016f a omezuje jejich vypad\u00e1v\u00e1n\u00ed d\u00edky bohat\u00e9mu obsahu vitam\u00edn\u016f a esenci\u00e1ln\u00edch mastn\u00fdch kyselin."},{"_v2024__image_ingredients__ingredient_image":1000006730,"_v2024__image_ingredients__ingredient_title":"P\u0158\u00cdRODN\u00cd VITAMIN E","_v2024__image_ingredients__ingredient_description":"Siln\u00fd antioxidant, kter\u00fd stimuluje r\u016fst vlas\u016f a pe\u010duje o zdrav\u00ed poko\u017eky hlavy."}],"_v2024__image_ingredients__all_ingredients":"COCOS NUCIFERA OIL*, PRUNUS AMYGDALUS DULCIS OIL*, OLEA EUROPAEA FRUIT OIL*, SIMMONDSIA CHINENSIS SEED OIL*, CAMELLIA OLEIFERA SEED OIL*, ARGANIA SPINOSA KERNEL OIL*, CALOPHYLLUM INOPHYLLUM SEED OIL*, TOCOPHEROL, HELIANTHUS ANNUUS SEED OIL, PARFUM <strong>(COCONUT OIL*, SWEET ALMOND OIL*, OLIVE OIL*, JOJOBA OIL*, CAMELLIA OIL*, ARGAN OIL*, TAMANU OIL*, NATURAL VITAMIN E, SUNFLOWER SEED OIL, PARFUM)<\/strong>\r\n\r\n<em>* Certifikovan\u00e9 bio slo\u017eky<\/em>\r\n\r\n<em>Vezm\u011bte pros\u00edm na v\u011bdom\u00ed, \u017ee seznam slo\u017eek se m\u016f\u017ee v pr\u016fb\u011bhu \u010dasu m\u00edrn\u011b m\u011bnit v d\u016fsledku vylep\u0161en\u00ed v\u00fdrobku. Aktu\u00e1ln\u00ed informace naleznete na obalu v\u00fdrobku.<\/em>","_v2024__usage_content__left_content":"<h4>INTENZIVN\u00cd MASKA P\u0158ED SPRCHOV\u00c1N\u00cdM<\/h4>\r\n<ol>\r\n \t<li>Naneste velk\u00e9 mno\u017estv\u00ed oleje na vlasy a poko\u017eku hlavy.<\/li>\r\n \t<li>Zabalte do stre\u010dov\u00e9 f\u00f3lie a p\u0159es ni tepl\u00fdm ru\u010dn\u00edkem.<\/li>\r\n \t<li>Po\u010dkejte alespo\u0148 40 minut nebo p\u0159es noc.<\/li>\r\n \t<li>Umyjte \u0161amponem.<\/li>\r\n<\/ol>\r\n<h4>V\u00dd\u017dIVA PO SPR\u0160E<\/h4>\r\nPro v\u011bt\u0161\u00ed v\u00fd\u017eivu a lesk naneste velmi mal\u00e9 mno\u017estv\u00ed (jednu kapku) oleje na kone\u010dky vlas\u016f.\r\n<h4>POD SLUNCEM A NA PL\u00c1\u017dI<\/h4>\r\nNaneste mal\u00e9 mno\u017estv\u00ed oleje na kone\u010dky vlas\u016f nebo na celou poko\u017eku hlavy. Nep\u0159eh\u00e1n\u011bjte to, abyste si vlasy p\u0159\u00edli\u0161 nezmastili. Na konci dne si vlasy d\u016fkladn\u011b umyjte.","_v2024__usage_content__right_bottom_content":"","_v2024__usage_content__note":"Olej neobsahuje filtr proti UV z\u00e1\u0159en\u00ed.","_v2024__usage_content__storage":"Skladujte na chladn\u00e9m a such\u00e9m m\u00edst\u011b. Neskladujte v chladni\u010dce. Produkt tvrdne p\u0159i skladov\u00e1n\u00ed p\u0159i n\u00edzk\u00fdch teplot\u00e1ch a obsah lahvi\u010dky nevyt\u00e9k\u00e1 pumpou. Ke zkapaln\u011bn\u00ed nechte p\u0159i pokojov\u00e9 teplot\u011b nad 25\u00b0C. Neotev\u00edrejte pros\u00edm lahvi\u010dku, kdy\u017e produkt ztvrdne, proto\u017ee by mohlo doj\u00edt k po\u0161kozen\u00ed pumpy.\r\n\r\n&nbsp;\r\n\r\nPouze pro venkovn\u00ed pou\u017eit\u00ed. V p\u0159\u00edpad\u011b podr\u00e1\u017ed\u011bn\u00ed p\u0159esta\u0148te p\u0159\u00edpravek pou\u017e\u00edvat. Nepou\u017e\u00edvejte na po\u0161kozenou nebo poran\u011bnou poko\u017eku hlavy. Vyhn\u011bte se kontaktu s o\u010dima. Uchov\u00e1vejte mimo dosah d\u011bt\u00ed! Uchov\u00e1vejte na such\u00e9m a chladn\u00e9m m\u00edst\u011b."},"_links":{"self":[{"href":"https:\/\/cocosolis.com\/cz\/wp-json\/wp\/v2\/product\/408","targetHints":{"allow":["GET"]}}],"collection":[{"href":"https:\/\/cocosolis.com\/cz\/wp-json\/wp\/v2\/product"}],"about":[{"href":"https:\/\/cocosolis.com\/cz\/wp-json\/wp\/v2\/types\/product"}],"wp:featuredmedia":[{"embeddable":true,"href":"https:\/\/cocosolis.com\/cz\/wp-json\/"}],"wp:attachment":[{"href":"https:\/\/cocosolis.com\/cz\/wp-json\/wp\/v2\/media?parent=408"}],"wp:term":[{"taxonomy":"product_brand","embeddable":true,"href":"https:\/\/cocosolis.com\/cz\/wp-json\/wp\/v2\/product_brand?post=408"},{"taxonomy":"product_cat","embeddable":true,"href":"https:\/\/cocosolis.com\/cz\/wp-json\/wp\/v2\/product_cat?post=408"},{"taxonomy":"product_tag","embeddable":true,"href":"https:\/\/cocosolis.com\/cz\/wp-json\/wp\/v2\/product_tag?post=408"},{"taxonomy":"product_template","embeddable":true,"href":"https:\/\/cocosolis.com\/cz\/wp-json\/wp\/v2\/product_template?post=408"}],"curies":[{"name":"wp","href":"https:\/\/api.w.org\/{rel}","templated":true}]}}