{"id":390,"date":"2022-05-06T13:33:20","date_gmt":"2022-05-06T11:33:20","guid":{"rendered":"http:\/\/cocosolis.com\/en\/?post_type=product&#038;p=390"},"modified":"2026-04-06T15:27:50","modified_gmt":"2026-04-06T13:27:50","slug":"skin-collagen-booster-dry-oil","status":"publish","type":"product","link":"https:\/\/cocosolis.com\/cz\/product\/skin-collagen-booster-dry-oil\/","title":{"rendered":"SKIN Collagen Booster Dry Oil"},"content":{"rendered":"","protected":false},"excerpt":{"rendered":"","protected":false},"featured_media":1000004575,"template":"","meta":{"_acf_changed":false},"product_brand":[],"product_cat":[19],"product_tag":[],"product_template":[69],"class_list":{"0":"post-390","1":"product","2":"type-product","3":"status-publish","4":"has-post-thumbnail","6":"product_cat-skin","7":"product_template-v-2024-clean","9":"first","10":"instock","11":"shipping-taxable","12":"purchasable","13":"product-type-simple"},"acf":{"_v2024__listing_and_sharing_info__listing_category":"SKIN","_v2024__listing_and_sharing_info__product_type":"Collagen Booster Dry Oil","_v2024__listing__and_sharing_info__listing_below_title_in_product_page":"Such\u00fd olej s p\u0159irozen\u00fdm anti-age \u00fa\u010dinkem. Obnovuje a vitalizuje poko\u017eku.","_v2024__listing_and_sharing_info__listing_description":"Such\u00fd olej s p\u0159irozen\u00fdm anti-age \u00fa\u010dinkem. Obnovuje a vitalizuje poko\u017eku.","_v2024__listing_and_sharing_info__image":1000000388,"_v2024__product_hero__hero_type":"carousel","_v2024__product_hero__product_slider_gallery":[{"_v2024__product_hero__product_slider_gallery__image":1000006655,"_v2024__product_hero__product_slider_gallery__video_link":""},{"_v2024__product_hero__product_slider_gallery__image":1000006657,"_v2024__product_hero__product_slider_gallery__video_link":""},{"_v2024__product_hero__product_slider_gallery__image":1000006658,"_v2024__product_hero__product_slider_gallery__video_link":""},{"_v2024__product_hero__product_slider_gallery__image":1000006659,"_v2024__product_hero__product_slider_gallery__video_link":""},{"_v2024__product_hero__product_slider_gallery__image":1000006660,"_v2024__product_hero__product_slider_gallery__video_link":""},{"_v2024__product_hero__product_slider_gallery__image":1000006661,"_v2024__product_hero__product_slider_gallery__video_link":""},{"_v2024__product_hero__product_slider_gallery__image":1000006662,"_v2024__product_hero__product_slider_gallery__video_link":"https:\/\/player.vimeo.com\/progressive_redirect\/playback\/1042663906\/rendition\/720p\/file.mp4?loc=external&amp;log_user=0&amp;signature=238d8a957ddf9f4279b519ffa65d3564d72b070ccb832dc58ea158b16d18c32d&amp;user_id=110095091"}],"_v2024__before_and_after_image":1000006537,"_v2024__before_and_after_image_mobile":1000006538,"_v2024__product_hero__quantity":"110 ML","_v2024__product_hero__product_disclamer":"","_v2024__why_use__should_show":"visible","_v2024__why_use__description_text":"P\u0159\u00edrodn\u00ed such\u00fd olej s \u00fa\u010dinky proti st\u00e1rnut\u00ed. Pom\u00e1h\u00e1 udr\u017eovat vysokou hladinu kolagenu a zvy\u0161uje pru\u017enost.","_v2024__why_use__text_content":"<ul>\r\n \t<li>Sni\u017euje v\u00fdskyt jemn\u00fdch linek a vr\u00e1sek.<\/li>\r\n \t<li>Dokonale obnovuje, hydratuje a dod\u00e1v\u00e1 pleti vitam\u00edny<\/li>\r\n \t<li>Udr\u017euje ple\u0165 hladkou, mladistvou a pevnou<\/li>\r\n \t<li>Speci\u00e1ln\u00ed sm\u011bs 6 vz\u00e1cn\u00fdch bio olej\u016f ze superovoce a patentovan\u00e9 p\u0159\u00edrodn\u00ed \u00fa\u010dinn\u00e9 l\u00e1tky. Vegansk\u00e9<\/li>\r\n \t<li>Rychle a do hloubky se vst\u0159eb\u00e1v\u00e1<\/li>\r\n \t<li>Vhodn\u00fd na obli\u010dej i t\u011blo, pro jemnou a citlivou ple\u0165<\/li>\r\n \t<li>S omamnou v\u016fn\u00ed exotick\u00e9ho ovoce<\/li>\r\n<\/ul>","_v2024__why_use__product_notes_and_remarks":"","_v2024__why_use__background_color":"#FBF1EB","_v2024__why_use__heading_color":"#816c65","_v2024__why_use__text_color":"#816c65","_v2024__why_use__image_desktop":1000006698,"_v2024__why_use__image_mobile":1000006699,"_v2024__stats_show":false,"_v2024__stats_repeater":null,"_v2024__stats_repeater_disclaimer":null,"_v2024__benefits__icons_repeater":[{"_v2024__benefit__icons_repeater_icon":1000006731,"_v2024__benefit__icons_repeater_text":"ANTI-AGE \u00da\u010cINEK"},{"_v2024__benefit__icons_repeater_icon":1000006742,"_v2024__benefit__icons_repeater_text":"PATENTOVAN\u00c1 P\u0158\u00cdRODN\u00cd \u00da\u010cINN\u00c1 L\u00c1TKA"},{"_v2024__benefit__icons_repeater_icon":1000006738,"_v2024__benefit__icons_repeater_text":"NA OBLI\u010cEJ A T\u011aLO"},{"_v2024__benefit__icons_repeater_icon":1000006737,"_v2024__benefit__icons_repeater_text":"V\u016eN\u011a EXOTICK\u00c9HO OVOCE"}],"_v2024__image_ingreddients__intro_text":"Objevte p\u0159\u00edrodn\u00ed slo\u017eky tohoto vysoce \u00fa\u010dinn\u00e9ho p\u0159\u00edpravku proti st\u00e1rnut\u00ed: patentovanou \u00fa\u010dinnou l\u00e1tku a oleje z exotick\u00fdch superovoce pro sv\u011b\u017e\u00ed, z\u00e1\u0159ivou a pru\u017enou ple\u0165.","_v2024__image_ingreddients__additional_description":"","_v2024__image_ingreddients__disclamer_inner":"","_v2024__image_ingredients__repeater":[{"_v2024__image_ingredients__ingredient_image":1000006704,"_v2024__image_ingredients__ingredient_title":"\u00da\u010cINN\u00c1 L\u00c1TKA SE SLADKOU LUPINOU\u00ae ","_v2024__image_ingredients__ingredient_description":"Stimuluje tvorbu vysoce kvalitn\u00edho kolagenu, zpev\u0148uje a zpru\u017e\u0148uje poko\u017eku, remodeluje povadlou ple\u0165."},{"_v2024__image_ingredients__ingredient_image":1000006726,"_v2024__image_ingredients__ingredient_title":"OLEJ Z NARU","_v2024__image_ingredients__ingredient_description":"Poskytuje antioxida\u010dn\u00ed ochranu p\u0159ed \u0161kodliv\u00fdmi vlivy prost\u0159ed\u00ed. Redukuje p\u00f3ry a vr\u00e1sky."},{"_v2024__image_ingredients__ingredient_image":1000006725,"_v2024__image_ingredients__ingredient_title":"MARAKUJOV\u00dd OLEJ","_v2024__image_ingredients__ingredient_description":"Hydratuje a zjem\u0148uje, revitalizuje unavenou ple\u0165 a navrac\u00ed j\u00ed mladistv\u00fd lesk."},{"_v2024__image_ingredients__ingredient_image":1000006715,"_v2024__image_ingredients__ingredient_title":"OLEJ Z GOJI BERRY","_v2024__image_ingredients__ingredient_description":"Extr\u00e9mn\u011b bohat\u00fd na antioxidanty, zabra\u0148uje p\u0159ed\u010dasn\u00e9mu st\u00e1rnut\u00ed. Stimuluje tvorbu kolagenu a zaji\u0161\u0165uje z\u00e1\u0159ivou ple\u0165."},{"_v2024__image_ingredients__ingredient_image":1000006727,"_v2024__image_ingredients__ingredient_title":"\u0160\u00cdPKOV\u00dd OLEJ","_v2024__image_ingredients__ingredient_description":"Zesv\u011btluje a vyrovn\u00e1v\u00e1 t\u00f3n pleti, odstra\u0148uje jizvy. Dod\u00e1v\u00e1 j\u00ed hladkost a bezchybnost."},{"_v2024__image_ingredients__ingredient_image":1000006712,"_v2024__image_ingredients__ingredient_title":"KOKOSOV\u00dd OLEJ","_v2024__image_ingredients__ingredient_description":"Snadno se vst\u0159eb\u00e1v\u00e1, hloubkov\u011b hydratuje a zanech\u00e1v\u00e1 poko\u017eku hebkou a vl\u00e1\u010dnou."},{"_v2024__image_ingredients__ingredient_image":1000006711,"_v2024__image_ingredients__ingredient_title":"KAKAOV\u00c9 M\u00c1SLO","_v2024__image_ingredients__ingredient_description":"Skv\u011bl\u00e1 \"potrava\" pro poko\u017eku. Regeneruje ji a zabra\u0148uje vzniku stri\u00ed a jemn\u00fdch vr\u00e1sek."},{"_v2024__image_ingredients__ingredient_image":1000006705,"_v2024__image_ingredients__ingredient_title":"AKTIVN\u00cd P\u0158\u00cdSADY","_v2024__image_ingredients__ingredient_description":"Extrahuje se z vysoce kvalitn\u00edho olivov\u00e9ho oleje a zaji\u0161\u0165uje rychl\u00e9 vst\u0159eb\u00e1v\u00e1n\u00ed olej\u016f poko\u017ekou."},{"_v2024__image_ingredients__ingredient_image":1000006730,"_v2024__image_ingredients__ingredient_title":"P\u0158\u00cdRODN\u00cd VITAMIN E","_v2024__image_ingredients__ingredient_description":"Siln\u00fd antioxidant, kter\u00fd bojuje proti zn\u00e1mk\u00e1m st\u00e1rnut\u00ed a podporuje p\u0159irozen\u00fd proces hojen\u00ed poko\u017eky."}],"_v2024__image_ingredients__all_ingredients":"CAPRYLIC\/CAPRIC TRIGLYCERIDE, COCOS NUCIFERA OIL*, OCTYLDODECYL OLIVATE, THEOBROMA CACAO SEED BUTTER*, PASSIFLORA EDULIS SEED OIL, HELIANTHUS ANNUUS SEED OIL*, LUPINUS ALBUS SEED EXTRACT, TOCOPHEROL, PUNICA GRANATUM SEED OIL*, ROSA CANINA SEED EXTRACT, LYCIUM BARBARUM SEED OIL*, PARFUM <strong>(NATURAL EMOLLIENT, COCONUT OIL*, OCTYLDODECYL OLIVATE (FROM OLIVE OIL), CACAO SEED BUTTER*, PASSION FRUIT SEED OIL*, SUNFLOWER SEED OIL*, WHITE LUPIN SEED EXTRACT, NATURAL VITAMIN E, POMEGRANATE SEED OIL*, ROSE HIP SEED OIL, GOJI BERRY SEED OIL*, PARFUM) <\/strong>\r\n\r\n<em>* Certifikovan\u00e9 bio slo\u017eky<\/em>\r\n\r\n<em>Vezm\u011bte pros\u00edm na v\u011bdom\u00ed, \u017ee seznam slo\u017eek se m\u016f\u017ee v pr\u016fb\u011bhu \u010dasu m\u00edrn\u011b m\u011bnit v d\u016fsledku vylep\u0161en\u00ed v\u00fdrobku. Aktu\u00e1ln\u00ed informace naleznete na obalu v\u00fdrobku.<\/em>","_v2024__usage_content__left_content":"Vhodn\u00e9 na obli\u010dej a t\u011blo. Pro dosa\u017een\u00ed nejlep\u0161\u00edch v\u00fdsledk\u016f aplikujte r\u00e1no a ve\u010der na po\u017eadovan\u00e1 m\u00edsta nebo na cel\u00fd obli\u010dej a t\u011blo.\r\n\r\nAplikujte na suchou nebo vlhkou poko\u017eku. Nejl\u00e9pe se vst\u0159eb\u00e1v\u00e1 ihned po sprchov\u00e1n\u00ed, na je\u0161t\u011b vlhk\u00e9 poko\u017ece.","_v2024__usage_content__right_bottom_content":"","_v2024__usage_content__note":"","_v2024__usage_content__storage":"Skladujte na chladn\u00e9m a such\u00e9m m\u00edst\u011b. Neskladujte v chladni\u010dce. Produkt tvrdne p\u0159i skladov\u00e1n\u00ed p\u0159i n\u00edzk\u00fdch teplot\u00e1ch a obsah lahvi\u010dky nevyt\u00e9k\u00e1 pumpou. Ke zkapaln\u011bn\u00ed nechte p\u0159i pokojov\u00e9 teplot\u011b nad 25\u00b0C. Neotev\u00edrejte pros\u00edm lahvi\u010dku, kdy\u017e produkt ztvrdne, proto\u017ee by mohlo doj\u00edt k po\u0161kozen\u00ed pumpy.\r\n\r\n&nbsp;\r\n\r\nPouze pro venkovn\u00ed pou\u017eit\u00ed. V p\u0159\u00edpad\u011b podr\u00e1\u017ed\u011bn\u00ed p\u0159esta\u0148te p\u0159\u00edpravek pou\u017e\u00edvat. Nepou\u017e\u00edvejte na po\u0161kozenou nebo poran\u011bnou poko\u017eku. Vyhn\u011bte se kontaktu s o\u010dima. Uchov\u00e1vejte mimo dosah d\u011bt\u00ed!"},"_links":{"self":[{"href":"https:\/\/cocosolis.com\/cz\/wp-json\/wp\/v2\/product\/390","targetHints":{"allow":["GET"]}}],"collection":[{"href":"https:\/\/cocosolis.com\/cz\/wp-json\/wp\/v2\/product"}],"about":[{"href":"https:\/\/cocosolis.com\/cz\/wp-json\/wp\/v2\/types\/product"}],"wp:featuredmedia":[{"embeddable":true,"href":"https:\/\/cocosolis.com\/cz\/wp-json\/"}],"wp:attachment":[{"href":"https:\/\/cocosolis.com\/cz\/wp-json\/wp\/v2\/media?parent=390"}],"wp:term":[{"taxonomy":"product_brand","embeddable":true,"href":"https:\/\/cocosolis.com\/cz\/wp-json\/wp\/v2\/product_brand?post=390"},{"taxonomy":"product_cat","embeddable":true,"href":"https:\/\/cocosolis.com\/cz\/wp-json\/wp\/v2\/product_cat?post=390"},{"taxonomy":"product_tag","embeddable":true,"href":"https:\/\/cocosolis.com\/cz\/wp-json\/wp\/v2\/product_tag?post=390"},{"taxonomy":"product_template","embeddable":true,"href":"https:\/\/cocosolis.com\/cz\/wp-json\/wp\/v2\/product_template?post=390"}],"curies":[{"name":"wp","href":"https:\/\/api.w.org\/{rel}","templated":true}]}}