{"id":385,"date":"2022-05-06T13:10:21","date_gmt":"2022-05-06T11:10:21","guid":{"rendered":"http:\/\/cocosolis.com\/en\/?post_type=product&#038;p=385"},"modified":"2026-04-06T15:27:46","modified_gmt":"2026-04-06T13:27:46","slug":"skin-stretch-mark-dry-oil","status":"publish","type":"product","link":"https:\/\/cocosolis.com\/cz\/product\/skin-stretch-mark-dry-oil\/","title":{"rendered":"SKIN Stretch Mark Dry Oil"},"content":{"rendered":"","protected":false},"excerpt":{"rendered":"","protected":false},"featured_media":1000004576,"template":"","meta":{"_acf_changed":false},"product_brand":[],"product_cat":[19],"product_tag":[],"product_template":[69],"class_list":{"0":"post-385","1":"product","2":"type-product","3":"status-publish","4":"has-post-thumbnail","6":"product_cat-skin","7":"product_template-v-2024-clean","9":"first","10":"instock","11":"shipping-taxable","12":"purchasable","13":"product-type-simple"},"acf":{"_v2024__listing_and_sharing_info__listing_category":"SKIN","_v2024__listing_and_sharing_info__product_type":"Stretch Mark Dry Oil","_v2024__listing__and_sharing_info__listing_below_title_in_product_page":"Such\u00fd olej proti stri\u00edm. Vhodn\u00fd tak\u00e9 pro dehydratovanou a st\u00e1rnouc\u00ed ple\u0165.","_v2024__listing_and_sharing_info__listing_description":"Such\u00fd olej proti stri\u00edm. Vhodn\u00fd tak\u00e9 pro dehydratovanou a st\u00e1rnouc\u00ed ple\u0165.","_v2024__listing_and_sharing_info__image":1000000389,"_v2024__product_hero__hero_type":"carousel","_v2024__product_hero__product_slider_gallery":[{"_v2024__product_hero__product_slider_gallery__image":1000006663,"_v2024__product_hero__product_slider_gallery__video_link":""},{"_v2024__product_hero__product_slider_gallery__image":1000006664,"_v2024__product_hero__product_slider_gallery__video_link":""},{"_v2024__product_hero__product_slider_gallery__image":1000006665,"_v2024__product_hero__product_slider_gallery__video_link":""},{"_v2024__product_hero__product_slider_gallery__image":1000006666,"_v2024__product_hero__product_slider_gallery__video_link":""},{"_v2024__product_hero__product_slider_gallery__image":1000006667,"_v2024__product_hero__product_slider_gallery__video_link":""},{"_v2024__product_hero__product_slider_gallery__image":1000006668,"_v2024__product_hero__product_slider_gallery__video_link":""},{"_v2024__product_hero__product_slider_gallery__image":1000006669,"_v2024__product_hero__product_slider_gallery__video_link":"https:\/\/player.vimeo.com\/progressive_redirect\/playback\/1042663930\/rendition\/540p\/file.mp4?loc=external&amp;log_user=0&amp;signature=78bb01a1fe3d2bf9676ed22a7bfa36db3f77502ecc6f889eb5d9c9c22c6d91f1"}],"_v2024__before_and_after_image":1000006539,"_v2024__before_and_after_image_mobile":1000006540,"_v2024__product_hero__quantity":"110 ML","_v2024__product_hero__product_disclamer":"","_v2024__why_use__should_show":"visible","_v2024__why_use__description_text":"Pom\u00e1h\u00e1 sni\u017eovat riziko vzniku stri\u00ed b\u011bhem t\u011bhotenstv\u00ed, p\u0159i n\u00e1hl\u00e9 zm\u011bn\u011b hmotnosti nebo rychl\u00e9m r\u016fstu. Zlep\u0161uje vzhled poko\u017eky a zvy\u0161uje jej\u00ed pru\u017enost.","_v2024__why_use__text_content":"<ul>\r\n \t<li>Pom\u00e1h\u00e1 udr\u017eovat vysokou hladinu kolagenu v poko\u017ece<\/li>\r\n \t<li>P\u0159\u00edzniv\u011b p\u016fsob\u00ed na suchou a st\u00e1rnouc\u00ed poko\u017eku<\/li>\r\n \t<li>Obsahuje patentovanou p\u0159\u00edrodn\u00ed \u00fa\u010dinnou l\u00e1tku proti stri\u00edm s extraktem ze semen sladk\u00e9 b\u00edl\u00e9 lupiny<\/li>\r\n \t<li>Speci\u00e1ln\u00ed p\u0159\u00edrodn\u00ed vegansk\u00e9 slo\u017een\u00ed z vysoce kvalitn\u00edch bio olej\u016f lisovan\u00fdch za studena: vy\u017eivuje a obnovuje<\/li>\r\n \t<li>Rychle a do hloubky se vst\u0159eb\u00e1v\u00e1<\/li>\r\n \t<li>Vhodn\u00e9 pro jemnou a citlivou poko\u017eku<\/li>\r\n \t<li>Se sladkou mandarinkovou v\u016fn\u00ed<\/li>\r\n<\/ul>","_v2024__why_use__product_notes_and_remarks":"","_v2024__why_use__background_color":"#FBF1EB","_v2024__why_use__heading_color":"#816c65","_v2024__why_use__text_color":"#816c65","_v2024__why_use__image_desktop":1000006700,"_v2024__why_use__image_mobile":1000006701,"_v2024__stats_show":false,"_v2024__stats_repeater":null,"_v2024__stats_repeater_disclaimer":null,"_v2024__benefits__icons_repeater":[{"_v2024__benefit__icons_repeater_icon":1000006750,"_v2024__benefit__icons_repeater_text":"ZABRA\u0147UJE VZNIKU STRI\u00cd"},{"_v2024__benefit__icons_repeater_icon":1000006742,"_v2024__benefit__icons_repeater_text":"PATENTOVAN\u00c1 P\u0158\u00cdRODN\u00cd AKTIVN\u00cd SLO\u017dKA"},{"_v2024__benefit__icons_repeater_icon":1000006746,"_v2024__benefit__icons_repeater_text":"BIO &amp; P\u0158\u00cdRODN\u00cd SLO\u017dKY"},{"_v2024__benefit__icons_repeater_icon":1000006751,"_v2024__benefit__icons_repeater_text":"MANDARINKOV\u00c1 V\u016eN\u011a"}],"_v2024__image_ingreddients__intro_text":"Zcela p\u0159\u00edrodn\u00ed slo\u017een\u00ed. Je regenera\u010dn\u00ed, vyhlazuje poko\u017eku, stimuluje tvorbu kolagenu - podm\u00ednky, kter\u00e9 zabra\u0148uj\u00ed vzniku stri\u00ed, a poko\u017eka z\u016fst\u00e1v\u00e1 pru\u017en\u00e1, hydratovan\u00e1 a hladk\u00e1.","_v2024__image_ingreddients__additional_description":"","_v2024__image_ingreddients__disclamer_inner":"","_v2024__image_ingredients__repeater":[{"_v2024__image_ingredients__ingredient_image":1000006704,"_v2024__image_ingredients__ingredient_title":"\u00da\u010cINN\u00c1 L\u00c1TKA SE SLADKOU LUPINOU\u00ae","_v2024__image_ingredients__ingredient_description":"Stimuluje tvorbu vysoce kvalitn\u00edho kolagenu, zpev\u0148uje a zpru\u017e\u0148uje poko\u017eku, remodeluje povadlou ple\u0165."},{"_v2024__image_ingredients__ingredient_image":1000006729,"_v2024__image_ingredients__ingredient_title":"ESENCI\u00c1LN\u00cd OLEJ Z MANDARINKY","_v2024__image_ingredients__ingredient_description":"Regeneruje a vyhlazuje poko\u017eku, obnovuje jej\u00ed rovnov\u00e1hu a zabra\u0148uje tvorb\u011b stri\u00ed."},{"_v2024__image_ingredients__ingredient_image":1000006727,"_v2024__image_ingredients__ingredient_title":"\u0160\u00cdPKOV\u00dd OLEJ","_v2024__image_ingredients__ingredient_description":"Zesv\u011btluje a vyrovn\u00e1v\u00e1 t\u00f3n pleti, odstra\u0148uje jizvy. Dod\u00e1v\u00e1 j\u00ed hladkost a bezchybnost."},{"_v2024__image_ingredients__ingredient_image":1000006719,"_v2024__image_ingredients__ingredient_title":"EXTRAKT Z M\u011aS\u00cd\u010cKU","_v2024__image_ingredients__ingredient_description":"Zklid\u0148uje a regeneruje poko\u017eku, \u010d\u00edm\u017e se st\u00e1vaj\u00edc\u00ed strie a jizvy st\u00e1vaj\u00ed m\u00e9n\u011b viditeln\u00fdmi."},{"_v2024__image_ingredients__ingredient_image":1000006708,"_v2024__image_ingredients__ingredient_title":"AVOK\u00c1DOV\u00dd OLEJ","_v2024__image_ingredients__ingredient_description":"Bohat\u00fd na esenci\u00e1ln\u00ed mastn\u00e9 kyseliny a vitam\u00edny, hloubkov\u011b hydratuje poko\u017eku a pom\u00e1h\u00e1 p\u0159edch\u00e1zet vzniku stri\u00ed."},{"_v2024__image_ingredients__ingredient_image":1000006712,"_v2024__image_ingredients__ingredient_title":"KOKOSOV\u00dd OLEJ","_v2024__image_ingredients__ingredient_description":"Snadno se vst\u0159eb\u00e1v\u00e1, hloubkov\u011b hydratuje a zanech\u00e1v\u00e1 poko\u017eku hebkou a vl\u00e1\u010dnou."},{"_v2024__image_ingredients__ingredient_image":1000006711,"_v2024__image_ingredients__ingredient_title":"KAKAOV\u00c9 M\u00c1SLO","_v2024__image_ingredients__ingredient_description":"Skv\u011bl\u00e1 \"potrava\" pro poko\u017eku. Regeneruje ji a zabra\u0148uje vzniku stri\u00ed a jemn\u00fdch vr\u00e1sek."},{"_v2024__image_ingredients__ingredient_image":1000006706,"_v2024__image_ingredients__ingredient_title":"OLEJ ZE SLADK\u00ddCH MANDL\u00cd","_v2024__image_ingredients__ingredient_description":"Zklid\u0148uje a zlep\u0161uje strukturu a t\u00f3n pleti. Sni\u017euje zarudnut\u00ed a z\u00e1n\u011bty."},{"_v2024__image_ingredients__ingredient_image":1000006724,"_v2024__image_ingredients__ingredient_title":"OLIVOV\u00dd OLEJ","_v2024__image_ingredients__ingredient_description":"Hloubkov\u011b hydratuje poko\u017eku, zklid\u0148uje a vy\u017eivuje podr\u00e1\u017ed\u011bnou poko\u017eku."},{"_v2024__image_ingredients__ingredient_image":1000006705,"_v2024__image_ingredients__ingredient_title":"AKTIVN\u00cd P\u0158\u00cdSADY","_v2024__image_ingredients__ingredient_description":"Extrahuje se z vysoce kvalitn\u00edho olivov\u00e9ho oleje a zaji\u0161\u0165uje rychl\u00e9 vst\u0159eb\u00e1v\u00e1n\u00ed olej\u016f poko\u017ekou."},{"_v2024__image_ingredients__ingredient_image":1000006730,"_v2024__image_ingredients__ingredient_title":"P\u0158\u00cdRODN\u00cd VITAMIN E","_v2024__image_ingredients__ingredient_description":"Siln\u00fd antioxidant, kter\u00fd bojuje proti zn\u00e1mk\u00e1m st\u00e1rnut\u00ed a podporuje p\u0159irozen\u00fd proces hojen\u00ed poko\u017eky."}],"_v2024__image_ingredients__all_ingredients":"COCOS NUCIFERA OIL*, HELIANTHUS ANNUUS SEED OIL*, CALENDULA OFFICINALIS FLOWER EXTRACT*, SIMMONDSIA CHINENSIS SEED OIL*, PRUNUS AMYGDALUS DULCIS OIL*, THEOBROMA CACAO SEED BUTTER*, CUCUMIS SATIVUS SEED OIL*, ARGANIA SPINOSA KERNEL OIL*, OCTYLDODECYL OLIVATE, CAPRYLIC\/ CAPRIC TRIGLYCERIDE, TOCOPHEROL, MENTHA VIRIDIS LEAF OIL*, LIMONENE <strong>(COCONUT OIL*, SUNFLOWER SEED OIL*, CALENDULA FLOWER EXTRACT*, JOJOBA OIL*, SWEET ALMOND OIL*, CACAO SEED BUTTER*, CUCUMBER OIL*, ARGAN OIL*, OCTYLDODECYL OLIVATE FROM OLIVE OIL, CAPRYLIC CAPRIC TRIGLYCERIDE, NATURAL VITAMIN \u0415, SPEARMINT ESSENTIAL OIL*, LIMONENE)<\/strong>\r\n\r\n<em>* Certifikovan\u00e9 bio slo\u017eky<\/em>\r\n\r\n<em>Vezm\u011bte pros\u00edm na v\u011bdom\u00ed, \u017ee seznam slo\u017eek se m\u016f\u017ee v pr\u016fb\u011bhu \u010dasu m\u00edrn\u011b m\u011bnit v d\u016fsledku vylep\u0161en\u00ed v\u00fdrobku. Aktu\u00e1ln\u00ed informace naleznete na obalu v\u00fdrobku.<\/em>","_v2024__usage_content__left_content":"Aplikujte r\u00e1no a ve\u010der na po\u017eadovan\u00e1 m\u00edsta nebo na cel\u00e9 t\u011blo mas\u00e1\u017en\u00edmi pohyby.\r\n\r\nPro optim\u00e1ln\u00ed \u00fa\u010dinek nan\u00e1\u0161ejte ihned po sprchov\u00e1n\u00ed, kdy jsou p\u00f3ry otev\u0159en\u00e9 a p\u0159ipraven\u00e9 absorbovat maxim\u00e1ln\u00ed mno\u017estv\u00ed slo\u017eek \u010dist\u00fdch surov\u00fdch olej\u016f.","_v2024__usage_content__right_bottom_content":"","_v2024__usage_content__note":"* <em>V t\u011bhotenstv\u00ed - d\u016fle\u017eit\u00e9 v\u011bd\u011bt: navzdory zcela p\u0159\u00edrodn\u00edm slo\u017ek\u00e1m v\u00fdrobku doporu\u010dujeme 24 hodin p\u0159ed pou\u017eit\u00edm prov\u00e9st individu\u00e1ln\u00ed test sn\u00e1\u0161enlivosti na mal\u00e9 \u010d\u00e1sti t\u011bla.<\/em>","_v2024__usage_content__storage":"Skladujte na chladn\u00e9m a such\u00e9m m\u00edst\u011b. Neskladujte v chladni\u010dce. Produkt tvrdne p\u0159i skladov\u00e1n\u00ed p\u0159i n\u00edzk\u00fdch teplot\u00e1ch a obsah lahvi\u010dky nevyt\u00e9k\u00e1 pumpou. Ke zkapaln\u011bn\u00ed nechte p\u0159i pokojov\u00e9 teplot\u011b nad 25\u00b0C. Neotev\u00edrejte pros\u00edm lahvi\u010dku, kdy\u017e produkt ztvrdne, proto\u017ee by mohlo doj\u00edt k po\u0161kozen\u00ed pumpy.\r\n\r\n&nbsp;\r\n\r\nPouze pro venkovn\u00ed pou\u017eit\u00ed. V p\u0159\u00edpad\u011b podr\u00e1\u017ed\u011bn\u00ed p\u0159esta\u0148te p\u0159\u00edpravek pou\u017e\u00edvat. Nepou\u017e\u00edvejte na po\u0161kozenou nebo poran\u011bnou poko\u017eku. Vyhn\u011bte se kontaktu s o\u010dima. Uchov\u00e1vejte mimo dosah d\u011bt\u00ed!"},"_links":{"self":[{"href":"https:\/\/cocosolis.com\/cz\/wp-json\/wp\/v2\/product\/385","targetHints":{"allow":["GET"]}}],"collection":[{"href":"https:\/\/cocosolis.com\/cz\/wp-json\/wp\/v2\/product"}],"about":[{"href":"https:\/\/cocosolis.com\/cz\/wp-json\/wp\/v2\/types\/product"}],"wp:featuredmedia":[{"embeddable":true,"href":"https:\/\/cocosolis.com\/cz\/wp-json\/"}],"wp:attachment":[{"href":"https:\/\/cocosolis.com\/cz\/wp-json\/wp\/v2\/media?parent=385"}],"wp:term":[{"taxonomy":"product_brand","embeddable":true,"href":"https:\/\/cocosolis.com\/cz\/wp-json\/wp\/v2\/product_brand?post=385"},{"taxonomy":"product_cat","embeddable":true,"href":"https:\/\/cocosolis.com\/cz\/wp-json\/wp\/v2\/product_cat?post=385"},{"taxonomy":"product_tag","embeddable":true,"href":"https:\/\/cocosolis.com\/cz\/wp-json\/wp\/v2\/product_tag?post=385"},{"taxonomy":"product_template","embeddable":true,"href":"https:\/\/cocosolis.com\/cz\/wp-json\/wp\/v2\/product_template?post=385"}],"curies":[{"name":"wp","href":"https:\/\/api.w.org\/{rel}","templated":true}]}}