{"id":378,"date":"2022-05-06T10:01:23","date_gmt":"2022-05-06T10:01:23","guid":{"rendered":"http:\/\/cocosolis.com\/en\/?post_type=product&#038;p=378"},"modified":"2026-04-06T15:27:42","modified_gmt":"2026-04-06T13:27:42","slug":"cool-after-sun-oil","status":"publish","type":"product","link":"https:\/\/cocosolis.com\/cz\/product\/cool-after-sun-oil\/","title":{"rendered":"COOL After Sun Oil"},"content":{"rendered":"","protected":false},"excerpt":{"rendered":"","protected":false},"featured_media":1000004556,"template":"","meta":{"_acf_changed":false},"product_brand":[],"product_cat":[15],"product_tag":[],"product_template":[69],"class_list":{"0":"post-378","1":"product","2":"type-product","3":"status-publish","4":"has-post-thumbnail","6":"product_cat-suntan-body","7":"product_template-v-2024-clean","9":"first","10":"instock","11":"shipping-taxable","12":"purchasable","13":"product-type-variable","14":"has-default-attributes"},"acf":{"_v2024__listing_and_sharing_info__listing_category":"COOL","_v2024__listing_and_sharing_info__product_type":"After Sun Oil","_v2024__listing__and_sharing_info__listing_below_title_in_product_page":"Olej po opalov\u00e1n\u00ed. Revitalizuje, zklid\u0148uje a zvlh\u010duje. S osv\u011b\u017euj\u00edc\u00ed m\u00e1tou.","_v2024__listing_and_sharing_info__listing_description":"Olej po opalov\u00e1n\u00ed. Revitalizuje a zklid\u0148uje. S osv\u011b\u017euj\u00edc\u00ed m\u00e1tou.","_v2024__listing_and_sharing_info__image":1000000378,"_v2024__product_hero__hero_type":"carousel","_v2024__product_hero__product_slider_gallery":[{"_v2024__product_hero__product_slider_gallery__image":1000006581,"_v2024__product_hero__product_slider_gallery__video_link":""},{"_v2024__product_hero__product_slider_gallery__image":1000006582,"_v2024__product_hero__product_slider_gallery__video_link":""},{"_v2024__product_hero__product_slider_gallery__image":1000006583,"_v2024__product_hero__product_slider_gallery__video_link":""},{"_v2024__product_hero__product_slider_gallery__image":1000006584,"_v2024__product_hero__product_slider_gallery__video_link":""},{"_v2024__product_hero__product_slider_gallery__image":1000006585,"_v2024__product_hero__product_slider_gallery__video_link":""},{"_v2024__product_hero__product_slider_gallery__image":1000006586,"_v2024__product_hero__product_slider_gallery__video_link":""},{"_v2024__product_hero__product_slider_gallery__image":1000006587,"_v2024__product_hero__product_slider_gallery__video_link":""},{"_v2024__product_hero__product_slider_gallery__image":1000006588,"_v2024__product_hero__product_slider_gallery__video_link":"https:\/\/player.vimeo.com\/progressive_redirect\/playback\/1040390492\/rendition\/720p\/file.mp4?loc=external&amp;log_user=0&amp;signature=0f42e81c06d95987b1c9e3bdcba84d571579cbd174ca8cf161166ad5f2402e2a&amp;user_id=110095091"}],"_v2024__before_and_after_image":1000006527,"_v2024__before_and_after_image_mobile":1000006528,"_v2024__product_hero__quantity":"","_v2024__product_hero__product_disclamer":"","_v2024__why_use__should_show":"visible","_v2024__why_use__description_text":"Zklid\u0148uje poko\u017eku po opalov\u00e1n\u00ed nebo n\u00e1v\u0161t\u011bv\u011b sol\u00e1ria. Obnovuje, zvlh\u010duje a vy\u017eivuje do hloubky..","_v2024__why_use__text_content":"<ul>\r\n \t<li>P\u0159i ka\u017edodenn\u00edm pou\u017e\u00edv\u00e1n\u00ed je poko\u017eka jemn\u011bj\u0161\u00ed, hlad\u0161\u00ed a pru\u017en\u011bj\u0161\u00ed<\/li>\r\n \t<li>Zcela p\u0159\u00edrodn\u00ed slo\u017een\u00ed s bio p\u0159\u00edsadami, vegansk\u00e9<\/li>\r\n \t<li>Vhodn\u00e9 pro obli\u010dej i t\u011blo, jemnou a citlivou poko\u017eku<\/li>\r\n \t<li>S lahodnou v\u016fn\u00ed m\u00e1ty<\/li>\r\n<\/ul>","_v2024__why_use__product_notes_and_remarks":"","_v2024__why_use__background_color":"#FBF1EB","_v2024__why_use__heading_color":"#816c65","_v2024__why_use__text_color":"#816c65","_v2024__why_use__image_desktop":1000006686,"_v2024__why_use__image_mobile":1000006687,"_v2024__stats_show":false,"_v2024__stats_repeater":null,"_v2024__stats_repeater_disclaimer":null,"_v2024__benefits__icons_repeater":[{"_v2024__benefit__icons_repeater_icon":1000006736,"_v2024__benefit__icons_repeater_text":"OSV\u011a\u017dUJE A ZKLID\u0147UJE PO OPALOV\u00c1N\u00cd"},{"_v2024__benefit__icons_repeater_icon":1000006740,"_v2024__benefit__icons_repeater_text":"VY\u017dIVUJE A ZVLH\u010cUJE"},{"_v2024__benefit__icons_repeater_icon":1000006746,"_v2024__benefit__icons_repeater_text":"BIO &amp; P\u0158\u00cdRODN\u00cd SLO\u017dKY"},{"_v2024__benefit__icons_repeater_icon":1000006743,"_v2024__benefit__icons_repeater_text":"V\u016eN\u011a LAHODN\u00c9 M\u00c1TY"}],"_v2024__image_ingreddients__intro_text":"Zcela p\u0159\u00edrodn\u00ed produkt, p\u0159\u00edrodn\u00ed dodavatel vitam\u00edn\u016f, miner\u00e1l\u016f, biologicky aktivn\u00edch l\u00e1tek a antioxidant\u016f. Kombinace 9 bio olej\u016f zn\u00e1m\u00fdch pro sv\u00e9 zklid\u0148uj\u00edc\u00ed a osv\u011b\u017euj\u00edc\u00ed \u00fa\u010dinky. Obohaceno o p\u0159\u00edrodn\u00ed vitamin E.","_v2024__image_ingreddients__additional_description":"","_v2024__image_ingreddients__disclamer_inner":"","_v2024__image_ingredients__repeater":[{"_v2024__image_ingredients__ingredient_image":1000006721,"_v2024__image_ingredients__ingredient_title":"ESENCI\u00c1LN\u00cd OLEJ Z M\u00c1TY","_v2024__image_ingredients__ingredient_description":"Zklid\u0148uje a osv\u011b\u017euje poko\u017eku, sni\u017euje z\u00e1n\u011bty. Jeho sv\u011b\u017e\u00ed v\u016fn\u011b povzbuzuje smysly."},{"_v2024__image_ingredients__ingredient_image":1000006711,"_v2024__image_ingredients__ingredient_title":"KAKAOV\u00c9 M\u00c1SLO","_v2024__image_ingredients__ingredient_description":"B\u00e1je\u010dn\u00e1 \"potrava\" pro poko\u017eku. Regeneruje ji a zabra\u0148uje vzniku stri\u00ed. Podporuje tvorbu rovnom\u011brn\u00e9ho, syt\u00e9ho a tmav\u00e9ho op\u00e1len\u00ed."},{"_v2024__image_ingredients__ingredient_image":1000006719,"_v2024__image_ingredients__ingredient_title":"EXTRAKT Z M\u011aS\u00cd\u010cKU","_v2024__image_ingredients__ingredient_description":"M\u00e1 siln\u00fd zklid\u0148uj\u00edc\u00ed a regenera\u010dn\u00ed \u00fa\u010dinek na poko\u017eku po slun\u011bn\u00ed."},{"_v2024__image_ingredients__ingredient_image":1000006714,"_v2024__image_ingredients__ingredient_title":"OLEJ ZE SEMEN OKURKY","_v2024__image_ingredients__ingredient_description":"Intenzivn\u011b hydratuje: osv\u011b\u017euje, rychle se vst\u0159eb\u00e1v\u00e1 a revitalizuje. Zklid\u0148uje poko\u017eku sp\u00e1lenou sluncem."},{"_v2024__image_ingredients__ingredient_image":1000006707,"_v2024__image_ingredients__ingredient_title":"ARGANOV\u00dd OLEJ","_v2024__image_ingredients__ingredient_description":"\"Tekut\u00e9 zlato Maroka\" pro hedv\u00e1bn\u011b hladkou poko\u017eku. Chr\u00e1n\u00ed p\u0159ed \u0161kodliv\u00fdmi \u00fa\u010dinky slunce a v\u011btru."},{"_v2024__image_ingredients__ingredient_image":1000006705,"_v2024__image_ingredients__ingredient_title":"AKTIVN\u00cd P\u0158\u00cdSADY","_v2024__image_ingredients__ingredient_description":"Extrahuje se z vysoce kvalitn\u00edho olivov\u00e9ho oleje a zaji\u0161\u0165uje rychl\u00e9 vst\u0159eb\u00e1v\u00e1n\u00ed olej\u016f poko\u017ekou."},{"_v2024__image_ingredients__ingredient_image":1000006712,"_v2024__image_ingredients__ingredient_title":"KOKOSOV\u00dd OLEJ","_v2024__image_ingredients__ingredient_description":"Snadno se vst\u0159eb\u00e1v\u00e1, hloubkov\u011b hydratuje a zanech\u00e1v\u00e1 poko\u017eku hebkou a vl\u00e1\u010dnou. Chr\u00e1n\u00ed p\u0159ed slune\u010dn\u00edmi a sta\u0159eck\u00fdmi skvrnami a dod\u00e1v\u00e1 op\u00e1len\u00ed zlatavou barvu."},{"_v2024__image_ingredients__ingredient_image":1000006717,"_v2024__image_ingredients__ingredient_title":"JOJOBOV\u00dd OLEJ","_v2024__image_ingredients__ingredient_description":"Vyrovn\u00e1v\u00e1 tvorbu ko\u017en\u00edho mazu, zklid\u0148uje poko\u017eku a udr\u017euje ji hladkou a \u010distou, bez pup\u00ednk\u016f."},{"_v2024__image_ingredients__ingredient_image":1000006730,"_v2024__image_ingredients__ingredient_title":"P\u0158\u00cdRODN\u00cd VITAMIN E","_v2024__image_ingredients__ingredient_description":"Siln\u00fd antioxidant, kter\u00fd bojuje proti zn\u00e1mk\u00e1m st\u00e1rnut\u00ed a podporuje p\u0159irozen\u00fd proces hojen\u00ed poko\u017eky."}],"_v2024__image_ingredients__all_ingredients":"COCOS NUCIFERA OIL*, HELIANTHUS ANNUUS SEED OIL*, CALENDULA OFFICINALIS FLOWER EXTRACT*, SIMMONDSIA CHINENSIS SEED OIL*, PRUNUS AMYGDALUS DULCIS OIL*, THEOBROMA CACAO SEED BUTTER*, CUCUMIS SATIVUS SEED OIL*, ARGANIA SPINOSA KERNEL OIL*, OCTYLDODECYL OLIVATE, CAPRYLIC\/ CAPRIC TRIGLYCERIDE, TOCOPHEROL, MENTHA VIRIDIS LEAF OIL*, LIMONENE <strong>(COCONUT OIL*, SUNFLOWER SEED OIL*, CALENDULA FLOWER EXTRACT*, JOJOBA OIL*, SWEET ALMOND OIL*, CACAO SEED BUTTER*, CUCUMBER OIL*, ARGAN OIL*, OCTYLDODECYL OLIVATE FROM OLIVE OIL, CAPRYLIC CAPRIC TRIGLYCERIDE, NATURAL VITAMIN \u0415, SPEARMINT ESSENTIAL OIL*, LIMONENE)<\/strong>\r\n\r\n<em>* Certifikovan\u00e9 bio slo\u017eky<\/em>\r\n\r\n<em>Vezm\u011bte pros\u00edm na v\u011bdom\u00ed, \u017ee seznam slo\u017eek se m\u016f\u017ee v pr\u016fb\u011bhu \u010dasu m\u00edrn\u011b m\u011bnit v d\u016fsledku vylep\u0161en\u00ed v\u00fdrobku. Aktu\u00e1ln\u00ed informace naleznete na obalu v\u00fdrobku.<\/em>","_v2024__usage_content__left_content":"<h4>PO OPALOV\u00c1N\u00cd A SOL\u00c1RI\u00cdCH<\/h4>\r\nPro optim\u00e1ln\u00ed \u00fa\u010dinek nan\u00e1\u0161ejte ihned po sprchov\u00e1n\u00ed na vlhkou nebo suchou poko\u017eku, kdy jsou p\u00f3ry otev\u0159en\u00e9 a mohou maxim\u00e1ln\u011b absorbovat \u010dist\u00e9 olejov\u00e9 slo\u017eky.\r\n<h4>PRO KA\u017dD\u00dd DEN<\/h4>\r\nPou\u017e\u00edvejte denn\u011b po sprchov\u00e1n\u00ed pro hladkou a pru\u017enou poko\u017eku.\r\n<h4>PRO MAS\u00c1\u017d<\/h4>\r\n\u00da\u017easn\u00fd jako mas\u00e1\u017en\u00ed olej.","_v2024__usage_content__right_bottom_content":"","_v2024__usage_content__note":"<strong>VEZM\u011aTE PROS\u00cdM NA V\u011aDOM\u00cd<\/strong>: Olej neobsahuje filtr proti UV z\u00e1\u0159en\u00ed. Vyhn\u011bte se kontaktu s o\u010dima.","_v2024__usage_content__storage":"Skladujte na chladn\u00e9m a such\u00e9m m\u00edst\u011b. Neskladujte v chladni\u010dce. Produkt tvrdne p\u0159i skladov\u00e1n\u00ed p\u0159i n\u00edzk\u00fdch teplot\u00e1ch a obsah lahvi\u010dky nevyt\u00e9k\u00e1 pumpou. Ke zkapaln\u011bn\u00ed nechte p\u0159i pokojov\u00e9 teplot\u011b nad 25\u00b0C. Neotev\u00edrejte pros\u00edm lahvi\u010dku, kdy\u017e produkt ztvrdne, proto\u017ee by mohlo doj\u00edt k po\u0161kozen\u00ed pumpy.\r\n\r\n&nbsp;\r\n\r\nPouze pro venkovn\u00ed pou\u017eit\u00ed. V p\u0159\u00edpad\u011b podr\u00e1\u017ed\u011bn\u00ed p\u0159esta\u0148te p\u0159\u00edpravek pou\u017e\u00edvat. Nepou\u017e\u00edvejte na po\u0161kozenou nebo poran\u011bnou poko\u017eku. Vyhn\u011bte se kontaktu s o\u010dima. Uchov\u00e1vejte mimo dosah d\u011bt\u00ed!"},"_links":{"self":[{"href":"https:\/\/cocosolis.com\/cz\/wp-json\/wp\/v2\/product\/378","targetHints":{"allow":["GET"]}}],"collection":[{"href":"https:\/\/cocosolis.com\/cz\/wp-json\/wp\/v2\/product"}],"about":[{"href":"https:\/\/cocosolis.com\/cz\/wp-json\/wp\/v2\/types\/product"}],"wp:featuredmedia":[{"embeddable":true,"href":"https:\/\/cocosolis.com\/cz\/wp-json\/"}],"wp:attachment":[{"href":"https:\/\/cocosolis.com\/cz\/wp-json\/wp\/v2\/media?parent=378"}],"wp:term":[{"taxonomy":"product_brand","embeddable":true,"href":"https:\/\/cocosolis.com\/cz\/wp-json\/wp\/v2\/product_brand?post=378"},{"taxonomy":"product_cat","embeddable":true,"href":"https:\/\/cocosolis.com\/cz\/wp-json\/wp\/v2\/product_cat?post=378"},{"taxonomy":"product_tag","embeddable":true,"href":"https:\/\/cocosolis.com\/cz\/wp-json\/wp\/v2\/product_tag?post=378"},{"taxonomy":"product_template","embeddable":true,"href":"https:\/\/cocosolis.com\/cz\/wp-json\/wp\/v2\/product_template?post=378"}],"curies":[{"name":"wp","href":"https:\/\/api.w.org\/{rel}","templated":true}]}}