{"id":377,"date":"2022-05-06T09:39:32","date_gmt":"2022-05-06T07:39:32","guid":{"rendered":"http:\/\/cocosolis.com\/en\/?post_type=product&#038;p=377"},"modified":"2026-04-06T15:27:41","modified_gmt":"2026-04-06T13:27:41","slug":"glow-shimmer-oil","status":"publish","type":"product","link":"https:\/\/cocosolis.com\/cz\/product\/glow-shimmer-oil\/","title":{"rendered":"GLOW Shimmer Oil"},"content":{"rendered":"","protected":false},"excerpt":{"rendered":"","protected":false},"featured_media":1000004560,"template":"","meta":{"_acf_changed":false},"product_brand":[],"product_cat":[65],"product_tag":[],"product_template":[69],"class_list":{"0":"post-377","1":"product","2":"type-product","3":"status-publish","4":"has-post-thumbnail","6":"product_cat-shimmer","7":"product_template-v-2024-clean","9":"first","10":"instock","11":"shipping-taxable","12":"purchasable","13":"product-type-simple"},"acf":{"_v2024__listing_and_sharing_info__listing_category":"GLOW","_v2024__listing_and_sharing_info__product_type":"Shimmer Oil","_v2024__listing__and_sharing_info__listing_below_title_in_product_page":"P\u0159irozen\u011b rozjas\u0148uj\u00edc\u00ed a zvlh\u010duj\u00edc\u00ed olej s t\u0159pytiv\u00fdmi \u010d\u00e1sticemi.","_v2024__listing_and_sharing_info__listing_description":"P\u0159irozen\u011b rozjas\u0148uj\u00edc\u00ed a zvlh\u010duj\u00edc\u00ed olej s t\u0159pytiv\u00fdmi \u010d\u00e1sticemi.","_v2024__listing_and_sharing_info__image":1000000379,"_v2024__product_hero__hero_type":"carousel","_v2024__product_hero__product_slider_gallery":[{"_v2024__product_hero__product_slider_gallery__image":1000006589,"_v2024__product_hero__product_slider_gallery__video_link":""},{"_v2024__product_hero__product_slider_gallery__image":1000006590,"_v2024__product_hero__product_slider_gallery__video_link":""},{"_v2024__product_hero__product_slider_gallery__image":1000006592,"_v2024__product_hero__product_slider_gallery__video_link":""},{"_v2024__product_hero__product_slider_gallery__image":1000006595,"_v2024__product_hero__product_slider_gallery__video_link":""},{"_v2024__product_hero__product_slider_gallery__image":1000006597,"_v2024__product_hero__product_slider_gallery__video_link":""},{"_v2024__product_hero__product_slider_gallery__image":1000006598,"_v2024__product_hero__product_slider_gallery__video_link":""},{"_v2024__product_hero__product_slider_gallery__image":1000006599,"_v2024__product_hero__product_slider_gallery__video_link":""},{"_v2024__product_hero__product_slider_gallery__image":1000006600,"_v2024__product_hero__product_slider_gallery__video_link":"https:\/\/player.vimeo.com\/progressive_redirect\/playback\/1042663294\/rendition\/720p\/file.mp4?loc=external&amp;log_user=0&amp;signature=4a77c550e32d5a6556d523b51f504f302c104dcb23b05e46be97bc1ceb5db6e0&amp;user_id=110095091"}],"_v2024__before_and_after_image":1000006529,"_v2024__before_and_after_image_mobile":1000006530,"_v2024__product_hero__quantity":"110 ML","_v2024__product_hero__product_disclamer":"","_v2024__why_use__should_show":"visible","_v2024__why_use__description_text":"P\u0159\u00edrodn\u00ed rozjas\u0148uj\u00edc\u00ed olej. Dod\u00e1v\u00e1 pleti neodolateln\u00fd lesk a z\u00e1\u0159ivost. Pou\u017e\u00edvejte na pl\u00e1\u017ei, denn\u011b nebo pro zvl\u00e1\u0161tn\u00ed p\u0159\u00edle\u017eitosti.","_v2024__why_use__text_content":"<ul>\r\n \t<li>Zv\u00fdraz\u0148uje op\u00e1len\u00ed a odst\u00edn pleti<\/li>\r\n \t<li>Zvlh\u010duje a vy\u017eivuje do hloubky<\/li>\r\n \t<li>Dod\u00e1v\u00e1 poko\u017ece hedv\u00e1bnou hladkost a jemnost<\/li>\r\n \t<li>Obsahuje bio a p\u0159\u00edrodn\u00ed slo\u017eky v kombinaci s p\u0159\u00edrodn\u00edm vitam\u00ednem E. Vegansk\u00e9 slo\u017een\u00ed<\/li>\r\n \t<li>Rychle se vst\u0159eb\u00e1v\u00e1, nezanech\u00e1v\u00e1 mastn\u00e9 stopy<\/li>\r\n \t<li>Vhodn\u00fd na obli\u010dej i t\u011blo, pro jemnou a citlivou poko\u017eku<\/li>\r\n \t<li>S l\u00e1kavou v\u016fn\u00ed<\/li>\r\n<\/ul>","_v2024__why_use__product_notes_and_remarks":"<strong>D\u016eLE\u017dIT\u00c9<\/strong>: M\u016f\u017ee m\u00edrn\u011b zabarvit sv\u011btl\u00e9 oble\u010den\u00ed.","_v2024__why_use__background_color":"#FBF1EB","_v2024__why_use__heading_color":"#816c65","_v2024__why_use__text_color":"#816c65","_v2024__why_use__image_desktop":1000006688,"_v2024__why_use__image_mobile":1000006689,"_v2024__stats_show":false,"_v2024__stats_repeater":null,"_v2024__stats_repeater_disclaimer":null,"_v2024__benefits__icons_repeater":[{"_v2024__benefit__icons_repeater_icon":1000006749,"_v2024__benefit__icons_repeater_text":"NEODOLATELN\u00dd LESK A T\u0158PYT"},{"_v2024__benefit__icons_repeater_icon":1000006740,"_v2024__benefit__icons_repeater_text":"VY\u017dIVUJE A ZVLH\u010cUJE"},{"_v2024__benefit__icons_repeater_icon":1000006738,"_v2024__benefit__icons_repeater_text":"NA OBLI\u010cEJ A T\u011aLO"},{"_v2024__benefit__icons_repeater_icon":1000006735,"_v2024__benefit__icons_repeater_text":"V\u016eN\u011a SU\u0160ENEK"}],"_v2024__image_ingreddients__intro_text":"Kombinace bio olej\u016f, p\u0159\u00edrodn\u00edho vitaminu E a p\u0159\u00edrodn\u00ed sl\u00eddy (jemn\u00fdch miner\u00e1ln\u00edch \u010d\u00e1stic), kter\u00e1 dod\u00e1v\u00e1 pleti lesk.","_v2024__image_ingreddients__additional_description":"","_v2024__image_ingreddients__disclamer_inner":"","_v2024__image_ingredients__repeater":[{"_v2024__image_ingredients__ingredient_image":1000006720,"_v2024__image_ingredients__ingredient_title":"P\u0158\u00cdRODN\u00cd SL\u00cdDY","_v2024__image_ingredients__ingredient_description":"Jemn\u00e9 \u010d\u00e1ste\u010dky sl\u00eddy, z\u00edskan\u00e9 z p\u0159\u00edrodn\u00edch miner\u00e1l\u016f, prokazateln\u011b Fair Trade p\u016fvodu. Elegantn\u011b rozjas\u0148uje ple\u0165."},{"_v2024__image_ingredients__ingredient_image":1000006714,"_v2024__image_ingredients__ingredient_title":"OLEJ ZE SEMEN OKURKY","_v2024__image_ingredients__ingredient_description":"Intenzivn\u011b zvlh\u010duje: osv\u011b\u017euje, rychle se vst\u0159eb\u00e1v\u00e1 a revitalizuje. Zklid\u0148uje poko\u017eku sp\u00e1lenou sluncem."},{"_v2024__image_ingredients__ingredient_image":1000006712,"_v2024__image_ingredients__ingredient_title":"KOKOSOV\u00dd OLEJ","_v2024__image_ingredients__ingredient_description":"Snadno se vst\u0159eb\u00e1v\u00e1, hloubkov\u011b hydratuje a zanech\u00e1v\u00e1 poko\u017eku hebkou a vl\u00e1\u010dnou. Chr\u00e1n\u00ed p\u0159ed slune\u010dn\u00edmi a sta\u0159eck\u00fdmi skvrnami a dod\u00e1v\u00e1 op\u00e1len\u00ed zlatavou barvu."},{"_v2024__image_ingredients__ingredient_image":1000006711,"_v2024__image_ingredients__ingredient_title":"KAKAOV\u00c9 M\u00c1SLO","_v2024__image_ingredients__ingredient_description":"B\u00e1je\u010dn\u00e1 \"potrava\" pro poko\u017eku. Regeneruje ji a zabra\u0148uje vzniku stri\u00ed. Podporuje tvorbu rovnom\u011brn\u00e9ho, syt\u00e9ho a tmav\u00e9ho op\u00e1len\u00ed."},{"_v2024__image_ingredients__ingredient_image":1000006717,"_v2024__image_ingredients__ingredient_title":"JOJOBOV\u00dd OLEJ","_v2024__image_ingredients__ingredient_description":"Vyrovn\u00e1v\u00e1 tvorbu ko\u017en\u00edho mazu, zklid\u0148uje poko\u017eku a udr\u017euje ji hladkou a \u010distou, bez pup\u00ednk\u016f."},{"_v2024__image_ingredients__ingredient_image":1000006706,"_v2024__image_ingredients__ingredient_title":"OLEJ ZE SLADK\u00ddCH MANDL\u00cd","_v2024__image_ingredients__ingredient_description":"Zklid\u0148uje a zlep\u0161uje strukturu a t\u00f3n pleti. Sni\u017euje zarudnut\u00ed a z\u00e1n\u011bty."},{"_v2024__image_ingredients__ingredient_image":1000006730,"_v2024__image_ingredients__ingredient_title":"P\u0158\u00cdRODN\u00cd VITAMIN E","_v2024__image_ingredients__ingredient_description":"Siln\u00fd antioxidant, kter\u00fd bojuje proti zn\u00e1mk\u00e1m st\u00e1rnut\u00ed a podporuje p\u0159irozen\u00fd proces hojen\u00ed poko\u017eky."}],"_v2024__image_ingredients__all_ingredients":"CAPRYLIC\/CAPRIC TRIGLYCERIDE, COCOS NUCIFERA OIL*, PRUNUS AMYGDALUS DULCIS OIL*, STEARALKONIUM HECTORITE, PROPYLENE CARBONATE, OCTYLDODECYL OLIVATE, SIMMONDSIA CHINENSIS SEED OIL*, HYDROGENATED RAPESEED OIL, THEOBROMA CACAO SEED BUTTER*, CUCUMIS SATIVUS SEED OIL*, TOCOPHEROL, HELIANTHUS ANNUUS SEED OIL, PARFUM, MICA, CI 77891, CI 77491 <strong>(CAPRYLIC CAPRIC TRIGLYCERIDE, COCONUT OIL*, SWEET ALMOND OIL*, STEARALKONIUM HECTORITE, PROPYLENE CARBONATE, OCTYLDODECYL OLIVATE FROM OLIVE OIL, JOJOBA OIL*, HYDROGENATED RAPESEED OIL, CACAO SEED BUTTER*, CUCUMBER SEED OIL*, NATURAL VITAMIN \u0415, SUNFLOWER SEED OIL, PARFUM, MICA (SPARKLING MINERAL PIGMENTS), CI 77891, CI 77491)<\/strong>\r\n\r\n<em>* Certifikovan\u00e9 bio slo\u017eky<\/em>\r\n\r\n<em>Vezm\u011bte pros\u00edm na v\u011bdom\u00ed, \u017ee seznam slo\u017eek se m\u016f\u017ee v pr\u016fb\u011bhu \u010dasu m\u00edrn\u011b m\u011bnit v d\u016fsledku vylep\u0161en\u00ed v\u00fdrobku. Aktu\u00e1ln\u00ed informace naleznete na obalu v\u00fdrobku.<\/em>","_v2024__usage_content__left_content":"<h4>T\u0158PYT NA PL\u00c1\u017dI<\/h4>\r\nAplikujte na pl\u00e1\u017ei na nohy, pa\u017ee, b\u0159\u00ed\u0161ko, dekolt a l\u00edcn\u00ed kosti. Doporu\u010dujeme pou\u017e\u00edvat GLOW jako z\u00e1v\u011bre\u010dn\u00fd t\u0159et\u00ed krok po opalovac\u00edm ml\u00e9ku a opalovac\u00edm oleji COCOSOLIS.\r\n<h4>Z\u00c1\u0158IV\u00c1 TV\u00c1\u0158<\/h4>\r\nAplikujte na obli\u010dej a dekolt jako zv\u00fdrazn\u011bn\u00ed po nal\u00ed\u010den\u00ed nebo jej sm\u00edchejte s n\u011bkolika kapkami make-upu.\r\n<h4>\u0412\u0415VE\u010cERN\u00cd LESK<\/h4>\r\nNaneste na nohy, pa\u017ee, dekolt a l\u00edcn\u00ed kosti a ci\u0165te se jako hv\u011bzda ve\u010dera.\r\n<h4><\/h4>","_v2024__usage_content__right_bottom_content":"","_v2024__usage_content__note":"<strong>VEZM\u011aTE PROS\u00cdM NA V\u011aDOM\u00cd<\/strong>: M\u016f\u017ee m\u00edrn\u011b zabarvit sv\u011btl\u00e9 oble\u010den\u00ed. Olej neobsahuje UV filtr proti slune\u010dn\u00edmu z\u00e1\u0159en\u00ed. P\u0159i vystaven\u00ed p\u0159\u00edm\u00e9mu slune\u010dn\u00edmu sv\u011btlu se doporu\u010duje pou\u017e\u00edvat v kombinaci s p\u0159\u00edpravkem proti slune\u010dn\u00edmu z\u00e1\u0159en\u00ed. V\u00fdrobek nen\u00ed samoopaluj\u00edc\u00ed. Nadm\u011brn\u00e9 vystaven\u00ed slunci v\u00e1\u017en\u011b ohro\u017euje zdrav\u00ed. Skladujte na chladn\u00e9m a such\u00e9m m\u00edst\u011b. Neskladujte v chladni\u010dce.","_v2024__usage_content__storage":"Pouze pro venkovn\u00ed pou\u017eit\u00ed. V p\u0159\u00edpad\u011b podr\u00e1\u017ed\u011bn\u00ed p\u0159esta\u0148te p\u0159\u00edpravek pou\u017e\u00edvat. Nepou\u017e\u00edvejte na po\u0161kozenou nebo poran\u011bnou poko\u017eku. Vyhn\u011bte se kontaktu s o\u010dima. Uchov\u00e1vejte mimo dosah d\u011bt\u00ed!"},"_links":{"self":[{"href":"https:\/\/cocosolis.com\/cz\/wp-json\/wp\/v2\/product\/377","targetHints":{"allow":["GET"]}}],"collection":[{"href":"https:\/\/cocosolis.com\/cz\/wp-json\/wp\/v2\/product"}],"about":[{"href":"https:\/\/cocosolis.com\/cz\/wp-json\/wp\/v2\/types\/product"}],"wp:featuredmedia":[{"embeddable":true,"href":"https:\/\/cocosolis.com\/cz\/wp-json\/"}],"wp:attachment":[{"href":"https:\/\/cocosolis.com\/cz\/wp-json\/wp\/v2\/media?parent=377"}],"wp:term":[{"taxonomy":"product_brand","embeddable":true,"href":"https:\/\/cocosolis.com\/cz\/wp-json\/wp\/v2\/product_brand?post=377"},{"taxonomy":"product_cat","embeddable":true,"href":"https:\/\/cocosolis.com\/cz\/wp-json\/wp\/v2\/product_cat?post=377"},{"taxonomy":"product_tag","embeddable":true,"href":"https:\/\/cocosolis.com\/cz\/wp-json\/wp\/v2\/product_tag?post=377"},{"taxonomy":"product_template","embeddable":true,"href":"https:\/\/cocosolis.com\/cz\/wp-json\/wp\/v2\/product_template?post=377"}],"curies":[{"name":"wp","href":"https:\/\/api.w.org\/{rel}","templated":true}]}}