{"id":376,"date":"2022-05-06T09:36:50","date_gmt":"2022-05-06T09:36:50","guid":{"rendered":"http:\/\/cocosolis.com\/en\/?post_type=product&#038;p=376"},"modified":"2026-04-02T13:59:21","modified_gmt":"2026-04-02T11:59:21","slug":"uomo-suntan-body-oil","status":"publish","type":"product","link":"https:\/\/cocosolis.com\/cz\/product\/uomo-suntan-body-oil\/","title":{"rendered":"UOMO Suntan &amp; Body Oil"},"content":{"rendered":"","protected":false},"excerpt":{"rendered":"","protected":false},"featured_media":1000004584,"template":"","meta":{"_acf_changed":false},"product_brand":[],"product_cat":[15],"product_tag":[],"product_template":[69],"class_list":{"0":"post-376","1":"product","2":"type-product","3":"status-publish","4":"has-post-thumbnail","6":"product_cat-suntan-body","7":"product_template-v-2024-clean","9":"first","10":"instock","11":"shipping-taxable","12":"purchasable","13":"product-type-simple"},"acf":{"_v2024__listing_and_sharing_info__listing_category":"UOMO","_v2024__listing_and_sharing_info__product_type":"Suntan &amp; Body Oil","_v2024__listing__and_sharing_info__listing_below_title_in_product_page":"P\u0159\u00edrodn\u00ed olej pro rychl\u00e9 a syt\u00e9 op\u00e1len\u00ed na slunci i v sol\u00e1riu. Vhodn\u00fd i pro ka\u017edodenn\u00ed pou\u017eit\u00ed pro vy\u017eivenou poko\u017eku. S v\u016fn\u00ed BLACK COCONUT. Pro mu\u017ee.","_v2024__listing_and_sharing_info__listing_description":"Pro rychl\u00e9 syt\u00e9 op\u00e1len\u00ed a vy\u017eivenou poko\u017eku. S v\u016fn\u00ed BLACK COCONUT. Pro mu\u017ee.","_v2024__listing_and_sharing_info__image":1000000396,"_v2024__product_hero__hero_type":"carousel","_v2024__product_hero__product_slider_gallery":[{"_v2024__product_hero__product_slider_gallery__image":1000006670,"_v2024__product_hero__product_slider_gallery__video_link":""},{"_v2024__product_hero__product_slider_gallery__image":1000006671,"_v2024__product_hero__product_slider_gallery__video_link":""},{"_v2024__product_hero__product_slider_gallery__image":1000006672,"_v2024__product_hero__product_slider_gallery__video_link":""},{"_v2024__product_hero__product_slider_gallery__image":1000006673,"_v2024__product_hero__product_slider_gallery__video_link":""},{"_v2024__product_hero__product_slider_gallery__image":1000006674,"_v2024__product_hero__product_slider_gallery__video_link":""},{"_v2024__product_hero__product_slider_gallery__image":1000006675,"_v2024__product_hero__product_slider_gallery__video_link":"https:\/\/player.vimeo.com\/progressive_redirect\/playback\/1042663149\/rendition\/720p\/file.mp4?loc=external&amp;log_user=0&amp;signature=cffacd6a538da0924df49b6bf897080ce516dea056ba3325e165bbf5339b4c1f&amp;user_id=110095091"}],"_v2024__before_and_after_image":1000006541,"_v2024__before_and_after_image_mobile":1000006542,"_v2024__product_hero__quantity":"","_v2024__product_hero__product_disclamer":"","_v2024__why_use__should_show":"visible","_v2024__why_use__description_text":"P\u0159\u00edrodn\u00ed olej pro rychl\u00e9, syt\u00e9, rovnom\u011brn\u00e9 a dlouhotrvaj\u00edc\u00ed op\u00e1len\u00ed na pl\u00e1\u017ei i v sol\u00e1riu. Urychlete op\u00e1len\u00ed nebo pou\u017e\u00edvejte denn\u011b k v\u00fd\u017eiv\u011b a hydrataci poko\u017eky.","_v2024__why_use__text_content":"<ul>\r\n \t<li>Rychl\u00e9 a viditeln\u00e9 v\u00fdsledky za krat\u0161\u00ed dobu pobytu na slunci<\/li>\r\n \t<li>\u00da\u010dinn\u00e9 slo\u017een\u00ed s p\u0159\u00edrodn\u00edmi a bio slo\u017ekami, vegan<\/li>\r\n \t<li>Vhodn\u00e9 pro ka\u017edodenn\u00ed pou\u017eit\u00ed<\/li>\r\n \t<li>Vhodn\u00e9 pro obli\u010dej i t\u011blo, jemnou a citlivou poko\u017eku<\/li>\r\n \t<li>S v\u016fn\u00ed BLACK COCONUT - v\u00fdrazn\u00e1 kokosov\u00e1 v\u016fn\u011b s lehk\u00fdmi d\u0159evit\u00fdmi t\u00f3ny, jantarem a vanilkou<\/li>\r\n<\/ul>","_v2024__why_use__product_notes_and_remarks":"* Olej neobsahuje slune\u010dn\u00ed UV filtr.","_v2024__why_use__background_color":"#FBF1EB","_v2024__why_use__heading_color":"#816c65","_v2024__why_use__text_color":"#816c65","_v2024__why_use__image_desktop":1000006702,"_v2024__why_use__image_mobile":1000006703,"_v2024__stats_show":false,"_v2024__stats_repeater":null,"_v2024__stats_repeater_disclaimer":null,"_v2024__benefits__icons_repeater":[{"_v2024__benefit__icons_repeater_icon":1000006739,"_v2024__benefit__icons_repeater_text":"RYCHL\u00c9, INTENZIVN\u00cd A DLOUHOTRVAJ\u00cdC\u00cd OP\u00c1LEN\u00cd"},{"_v2024__benefit__icons_repeater_icon":1000006748,"_v2024__benefit__icons_repeater_text":"VIDITELN\u00c9 V\u00ddSLEDKY ZA KRAT\u0160\u00cd POBYT NA SLUNCI"},{"_v2024__benefit__icons_repeater_icon":1000006746,"_v2024__benefit__icons_repeater_text":"BIO &amp; P\u0158\u00cdRODN\u00cd SLO\u017dKY"},{"_v2024__benefit__icons_repeater_icon":1000006734,"_v2024__benefit__icons_repeater_text":"V\u016eN\u011a BLACK COOKONUT"}],"_v2024__image_ingreddients__intro_text":"Kombinace bio olej\u016f a p\u0159\u00edrodn\u00edho vitaminu E dod\u00e1v\u00e1 poko\u017ece mno\u017estv\u00ed prosp\u011b\u0161n\u00fdch l\u00e1tek a zaru\u010duje maxim\u00e1ln\u00ed v\u00fdsledky na pl\u00e1\u017ei i v sol\u00e1riu.","_v2024__image_ingreddients__additional_description":"","_v2024__image_ingreddients__disclamer_inner":"","_v2024__image_ingredients__repeater":[{"_v2024__image_ingredients__ingredient_image":1000006712,"_v2024__image_ingredients__ingredient_title":"KOKOSOV\u00dd OLEJ","_v2024__image_ingredients__ingredient_description":"B\u00e1je\u010dn\u00e1 \"potrava\" pro poko\u017eku. Regeneruje ji a zabra\u0148uje vzniku stri\u00ed. Podporuje tvorbu rovnom\u011brn\u00e9ho, syt\u00e9ho a tmav\u00e9ho op\u00e1len\u00ed."},{"_v2024__image_ingredients__ingredient_image":1000006711,"_v2024__image_ingredients__ingredient_title":"KAKAOV\u00c9 M\u00c1SLO","_v2024__image_ingredients__ingredient_description":"B\u00e1je\u010dn\u00e1 \"potrava\" pro poko\u017eku. Regeneruje ji a zabra\u0148uje vzniku stri\u00ed. Podporuje tvorbu rovnom\u011brn\u00e9ho, syt\u00e9ho a tmav\u00e9ho op\u00e1len\u00ed."},{"_v2024__image_ingredients__ingredient_image":1000006717,"_v2024__image_ingredients__ingredient_title":"JOJOBOV\u00dd OLEJ","_v2024__image_ingredients__ingredient_description":"Vyrovn\u00e1v\u00e1 tvorbu ko\u017en\u00edho mazu, zklid\u0148uje poko\u017eku a udr\u017euje ji hladkou a \u010distou, bez pup\u00ednk\u016f."},{"_v2024__image_ingredients__ingredient_image":1000006706,"_v2024__image_ingredients__ingredient_title":"OLEJ ZE SLADK\u00ddCH MANDL\u00cd","_v2024__image_ingredients__ingredient_description":"Zklid\u0148uje a zlep\u0161uje strukturu a t\u00f3n pleti. Sni\u017euje zarudnut\u00ed a z\u00e1n\u011bty."},{"_v2024__image_ingredients__ingredient_image":1000006730,"_v2024__image_ingredients__ingredient_title":"P\u0158\u00cdRODN\u00cd VITAMIN E","_v2024__image_ingredients__ingredient_description":"Siln\u00fd antioxidant, kter\u00fd bojuje proti zn\u00e1mk\u00e1m st\u00e1rnut\u00ed a podporuje p\u0159irozen\u00fd proces hojen\u00ed poko\u017eky."}],"_v2024__image_ingredients__all_ingredients":"COCOS NUCIFERA OIL*,COCONUT ALKANES, PRUNUS AMYGDALUS DULCIS OIL*, SIMMONDSIA CHINENSIS SEED OIL*, THEOBROMA CACAO SEED BUTTER*, TOCOPHEROL, HELIANTHUS ANNUUS SEED OIL, PARFUM, LINALOOL, COUMARINE, EUGENOL, ALPHA ISOMETHYL IONONE, CINNAMAL, HEXYL CINNAMAL <strong>&lt;(COCONUT OIL*, EMOLLIENT FROM COCONUT OIL, SWEET ALMOND OIL*, JOJOBA OIL*, CACAO BUTTER*, NATURAL VITAMIN E, SUNFLOWER SEED OIL, PARFUM, LINALOOL, COUMARINE, EUGENOL, ALPHA ISOMETHYL IONONE, CINNAMAL, HEXYL CINNAMAL)<\/strong>\r\n\r\n<em>* Certifikovan\u00e9 bio slo\u017eky<\/em>\r\n\r\n<em>Vezm\u011bte pros\u00edm na v\u011bdom\u00ed, \u017ee seznam slo\u017eek se m\u016f\u017ee v pr\u016fb\u011bhu \u010dasu m\u00edrn\u011b m\u011bnit v d\u016fsledku vylep\u0161en\u00ed v\u00fdrobku. Aktu\u00e1ln\u00ed informace naleznete na obalu v\u00fdrobku.<\/em>","_v2024__usage_content__left_content":"<h4>PRO OPALOV\u00c1N\u00cd NA SLUNCI A V SOL\u00c1RIU<\/h4>\r\nP\u0159i pobytu na slunci doporu\u010dujeme pou\u017e\u00edvat v kombinaci s opalovac\u00edm kr\u00e9mem:\r\n<ol>\r\n \t<li>Naneste opalovac\u00ed kr\u00e9m a po\u010dkejte 15 minut, ne\u017e se vst\u0159eb\u00e1.<\/li>\r\n \t<li>Naneste opalovac\u00ed olej.<\/li>\r\n \t<li>Opakujte ka\u017ed\u00e9 2 hodiny a po vylezen\u00ed z vody.<\/li>\r\n<\/ol>\r\n<h4>PRO KA\u017dD\u00dd DEN<\/h4>\r\nPou\u017e\u00edvejte ihned po sprchov\u00e1n\u00ed na vlhkou nebo suchou poko\u017eku, kdy\u017e jsou p\u00f3ry otev\u0159en\u00e9 a absorbuj\u00ed maxim\u00e1ln\u00ed mno\u017estv\u00ed slo\u017eek.\r\n<h4>PRO MAS\u00c1\u017d<\/h4>\r\n\u00da\u017easn\u00fd jako mas\u00e1\u017en\u00ed olej.","_v2024__usage_content__right_bottom_content":"","_v2024__usage_content__note":"<strong>VEZM\u011aTE PROS\u00cdM NA V\u011aDOM\u00cd<\/strong>: Olej neobsahuje UV filtr proti slune\u010dn\u00edmu z\u00e1\u0159en\u00ed. P\u0159i vystaven\u00ed p\u0159\u00edm\u00e9mu slune\u010dn\u00edmu sv\u011btlu se doporu\u010duje pou\u017e\u00edvat v kombinaci s p\u0159\u00edpravkem proti slune\u010dn\u00edmu z\u00e1\u0159en\u00ed. V\u00fdrobek nen\u00ed samoopaluj\u00edc\u00ed. Nadm\u011brn\u00e9 vystaven\u00ed slunci v\u00e1\u017en\u011b ohro\u017euje zdrav\u00ed.","_v2024__usage_content__storage":"Skladujte na chladn\u00e9m a such\u00e9m m\u00edst\u011b. Neskladujte v chladni\u010dce. Produkt tvrdne p\u0159i skladov\u00e1n\u00ed p\u0159i n\u00edzk\u00fdch teplot\u00e1ch a obsah lahvi\u010dky nevyt\u00e9k\u00e1 pumpou. Ke zkapaln\u011bn\u00ed nechte p\u0159i pokojov\u00e9 teplot\u011b nad 25\u00b0C. Neotev\u00edrejte pros\u00edm lahvi\u010dku, kdy\u017e produkt ztvrdne, proto\u017ee by mohlo doj\u00edt k po\u0161kozen\u00ed pumpy.\r\n\r\n&nbsp;\r\n\r\nPouze pro venkovn\u00ed pou\u017eit\u00ed. V p\u0159\u00edpad\u011b podr\u00e1\u017ed\u011bn\u00ed p\u0159esta\u0148te p\u0159\u00edpravek pou\u017e\u00edvat. Nepou\u017e\u00edvejte na po\u0161kozenou nebo poran\u011bnou poko\u017eku. Vyhn\u011bte se kontaktu s o\u010dima. Uchov\u00e1vejte mimo dosah d\u011bt\u00ed!"},"_links":{"self":[{"href":"https:\/\/cocosolis.com\/cz\/wp-json\/wp\/v2\/product\/376","targetHints":{"allow":["GET"]}}],"collection":[{"href":"https:\/\/cocosolis.com\/cz\/wp-json\/wp\/v2\/product"}],"about":[{"href":"https:\/\/cocosolis.com\/cz\/wp-json\/wp\/v2\/types\/product"}],"wp:featuredmedia":[{"embeddable":true,"href":"https:\/\/cocosolis.com\/cz\/wp-json\/"}],"wp:attachment":[{"href":"https:\/\/cocosolis.com\/cz\/wp-json\/wp\/v2\/media?parent=376"}],"wp:term":[{"taxonomy":"product_brand","embeddable":true,"href":"https:\/\/cocosolis.com\/cz\/wp-json\/wp\/v2\/product_brand?post=376"},{"taxonomy":"product_cat","embeddable":true,"href":"https:\/\/cocosolis.com\/cz\/wp-json\/wp\/v2\/product_cat?post=376"},{"taxonomy":"product_tag","embeddable":true,"href":"https:\/\/cocosolis.com\/cz\/wp-json\/wp\/v2\/product_tag?post=376"},{"taxonomy":"product_template","embeddable":true,"href":"https:\/\/cocosolis.com\/cz\/wp-json\/wp\/v2\/product_template?post=376"}],"curies":[{"name":"wp","href":"https:\/\/api.w.org\/{rel}","templated":true}]}}