{"id":1000108173,"date":"2026-04-24T15:53:34","date_gmt":"2026-04-24T13:53:34","guid":{"rendered":"https:\/\/cocosolis.com\/cz\/product\/one-all-in-one-leave-in-conditioner\/"},"modified":"2026-05-12T14:59:22","modified_gmt":"2026-05-12T12:59:22","slug":"one-all-in-one-leave-in-conditioner","status":"publish","type":"product","link":"https:\/\/cocosolis.com\/cz\/product\/one-all-in-one-leave-in-conditioner\/","title":{"rendered":"ONE. ALL IN ONE LEAVE-IN CONDITIONER"},"content":{"rendered":"","protected":false},"excerpt":{"rendered":"","protected":false},"featured_media":10000010295,"template":"","meta":{"_acf_changed":false},"product_brand":[],"product_cat":[17],"product_tag":[],"product_template":[69],"class_list":{"0":"post-1000108173","1":"product","2":"type-product","3":"status-publish","4":"has-post-thumbnail","6":"product_cat-hair","7":"product_template-v-2024-clean","9":"first","10":"instock","11":"shipping-taxable","12":"purchasable","13":"product-type-simple"},"acf":{"_v2024__listing_and_sharing_info__listing_category":"ONE","_v2024__listing_and_sharing_info__product_type":"All-in-one Leave-in Conditioner","_v2024__listing__and_sharing_info__listing_below_title_in_product_page":"Lehk\u00fd leave-in kondicion\u00e9r s 12  v\u00fdhod v jednom. Hydratuje a obnovuje. Vyhlazuje a dod\u00e1v\u00e1 z\u00e1\u0159iv\u00fd lesk. Usnad\u0148uje roz\u010des\u00e1v\u00e1n\u00ed i styling, redukuje krepat\u011bn\u00ed a zkracuje dobu f\u00e9nov\u00e1n\u00ed. Chr\u00e1n\u00ed p\u0159ed UV z\u00e1\u0159en\u00edm a teplem. Pom\u00e1h\u00e1 udr\u017eet barvu vlas\u016f z\u00e1\u0159ivou.","_v2024__listing_and_sharing_info__listing_description":"Leave-in kondicion\u00e9r  s 12 v\u00fdhod na vlasy. Hydratuje, regeneruje a chr\u00e1n\u00ed, ani\u017e by vlasy zat\u011b\u017eoval.","_v2024__listing_and_sharing_info__image":10000010296,"_v2024__product_hero__hero_type":"carousel","_v2024__product_hero__product_slider_gallery":[{"_v2024__product_hero__product_slider_gallery__image":10000010341,"_v2024__product_hero__product_slider_gallery__video_link":""},{"_v2024__product_hero__product_slider_gallery__image":10000010339,"_v2024__product_hero__product_slider_gallery__video_link":""},{"_v2024__product_hero__product_slider_gallery__image":10000010340,"_v2024__product_hero__product_slider_gallery__video_link":""},{"_v2024__product_hero__product_slider_gallery__image":10000010335,"_v2024__product_hero__product_slider_gallery__video_link":""},{"_v2024__product_hero__product_slider_gallery__image":10000010336,"_v2024__product_hero__product_slider_gallery__video_link":""},{"_v2024__product_hero__product_slider_gallery__image":10000010338,"_v2024__product_hero__product_slider_gallery__video_link":""},{"_v2024__product_hero__product_slider_gallery__image":10000010337,"_v2024__product_hero__product_slider_gallery__video_link":""},{"_v2024__product_hero__product_slider_gallery__image":10000010342,"_v2024__product_hero__product_slider_gallery__video_link":""},{"_v2024__product_hero__product_slider_gallery__image":10000010343,"_v2024__product_hero__product_slider_gallery__video_link":""}],"_v2024__before_and_after_image":10000010294,"_v2024__before_and_after_image_mobile":10000010293,"_v2024__product_hero__quantity":"150ml","_v2024__product_hero__product_disclamer":"","_v2024__why_use__should_show":"visible","_v2024__why_use__description_text":"<p><strong>Lehk\u00e1 jako kr\u00e9m, siln\u00e1 jako intenzivn\u00ed p\u00e9\u010de. Revolu\u010dn\u00ed slo\u017een\u00ed nov\u00e9 generace. Okam\u017eit\u011b se vst\u0159eb\u00e1v\u00e1 a nezat\u011b\u017euje vlasy. Must-have pro ka\u017ed\u00fd typ vlas\u016f:<\/strong><\/p>","_v2024__why_use__text_content":"<ol><li><strong>Hydratace:<\/strong> a\u017e o 30 % lep\u0161\u00ed zadr\u017een\u00ed vlhkosti*<\/li><li><strong>Hedv\u00e1bn\u00fd lesk:<\/strong> a\u017e o 51 % v\u00edce lesku u\u017e po 5 aplikac\u00edch*<\/li><li><strong>Snadn\u00e9 roz\u010des\u00e1v\u00e1n\u00ed:<\/strong> a\u017e o 83 % jednodu\u0161\u0161\u00ed \u010des\u00e1n\u00ed a \u00faprava vlas\u016f*<\/li><li>Ovl\u00e1dni neposlu\u0161n\u00e9 vlasy i statickou elekt\u0159inu*<\/li><li><strong>Rychleschnouc\u00ed efekt:<\/strong> a\u017e o 42 % rychlej\u0161\u00ed vysu\u0161en\u00ed vlas\u016f*<\/li><li>Zape\u010det\u00ed rozt\u0159epen\u00e9 kone\u010dky ochrann\u00fdm filmem*<\/li><li><strong>Obnovuje:<\/strong> opravuje mikropo\u0161kozen\u00ed a strukturu vlas\u016f, vy\u017eivuje*<\/li><li><strong>Hebkost a uhlazen\u00ed:<\/strong> vyhlazuje povrch vlas\u016f, zanech\u00e1v\u00e1 je jemn\u00e9*<\/li><li><strong>Pevnost:<\/strong> O 21 % vy\u0161\u0161\u00ed odolnost proti l\u00e1m\u00e1n\u00ed*<\/li><li><strong>Tepeln\u00e1 ochrana:<\/strong> chr\u00e1n\u00ed vlasy a\u017e do 220 \u00b0C*<\/li><li><strong>UV a antioxida\u010dn\u00ed \u0161t\u00edt:<\/strong> aktivn\u00ed ochrana a\u017e na 3 dny*<\/li><li><strong>Ochrana barvy:<\/strong> a\u017e o 50 % lep\u0161\u00ed zachov\u00e1n\u00ed barvy, chr\u00e1n\u00ed p\u0159ed blednut\u00edm*<\/li><\/ol>","_v2024__why_use__product_notes_and_remarks":"*Podle laboratorn\u00edch a instrument\u00e1ln\u00edch test\u016f aktivn\u00edch slo\u017eek.","_v2024__why_use__background_color":"#FBF1EB","_v2024__why_use__heading_color":"#816c65","_v2024__why_use__text_color":"#816c65","_v2024__why_use__image_desktop":10000010297,"_v2024__why_use__image_mobile":10000010298,"_v2024__stats_show":true,"_v2024__stats_repeater":[{"_v2024__stats_repeater_id":"hydration","_v2024__stats_repeater_number":30,"_v2024__stats_repeater_description_title":"HYDRATACE*","_v2024__stats_repeater_description":"","_v2024__stats_repeater_asterisks":"*"},{"_v2024__stats_repeater_id":"shine","_v2024__stats_repeater_number":51,"_v2024__stats_repeater_description_title":"V\u00cdCE LESKU*","_v2024__stats_repeater_description":"","_v2024__stats_repeater_asterisks":"*"},{"_v2024__stats_repeater_id":"easier_detangling","_v2024__stats_repeater_number":83,"_v2024__stats_repeater_description_title":"Snadn\u011bj\u0161\u00ed roz\u010des\u00e1v\u00e1n\u00ed*","_v2024__stats_repeater_description":"","_v2024__stats_repeater_asterisks":"*"},{"_v2024__stats_repeater_id":"faster_drying","_v2024__stats_repeater_number":42,"_v2024__stats_repeater_description_title":"RYCHLEJ\u0160\u00cd SU\u0160EN\u00cd*","_v2024__stats_repeater_description":"","_v2024__stats_repeater_asterisks":"*"}],"_v2024__stats_repeater_disclaimer":[{"_v2024__stats_repeater_disclaimer_text":"Podle laboratorn\u00edch a instrument\u00e1ln\u00edch test\u016f aktivn\u00edch slo\u017eek."}],"_v2024__benefits__icons_repeater":[{"_v2024__benefit__icons_repeater_icon":10000010291,"_v2024__benefit__icons_repeater_text":"POS\u00cdLEN\u00cd A HYDRATACE"},{"_v2024__benefit__icons_repeater_icon":10000010289,"_v2024__benefit__icons_repeater_text":"KONTROLA NAD VLASY"},{"_v2024__benefit__icons_repeater_icon":10000010290,"_v2024__benefit__icons_repeater_text":"LESK A HEBKOST"},{"_v2024__benefit__icons_repeater_icon":10000010288,"_v2024__benefit__icons_repeater_text":"MAXIM\u00c1LN\u00cd OCHRANA"}],"_v2024__image_ingreddients__intro_text":"<strong>Inteligentn\u00ed p\u0159\u00edrodn\u00ed slo\u017een\u00ed. \u010cty\u0159i modern\u00ed aktivn\u00ed slo\u017eky v kombinaci s bio kokosov\u00fdm olejem posiluj\u00ed vlasy zevnit\u0159, vytv\u00e1\u0159\u00ed ochrann\u00fd film zven\u010d\u00ed a zanech\u00e1vaj\u00ed vlasy viditeln\u011b hlad\u0161\u00ed a lesklej\u0161\u00ed.<\/strong>","_v2024__image_ingreddients__additional_description":"","_v2024__image_ingreddients__disclamer_inner":"","_v2024__image_ingredients__repeater":[{"_v2024__image_ingredients__ingredient_image":1000008646,"_v2024__image_ingredients__ingredient_title":"BIO-STRUCTURE PRO","_v2024__image_ingredients__ingredient_description":"<p>Aktivn\u00ed slo\u017eka ze zelen\u00fdch vla\u0161sk\u00fdch o\u0159ech\u016f, z\u00edskan\u00e1 patentovanou technologi\u00ed pro maxim\u00e1ln\u00ed vst\u0159ebatelnost v\u0161ech prosp\u011b\u0161n\u00fdch l\u00e1tek. Bohat\u00e1 na struktur\u00e1ln\u00ed fenoly \u2013 p\u016fsob\u00ed jako siln\u00fd antioxida\u010dn\u00ed \u0161t\u00edt proti voln\u00fdm radik\u00e1l\u016fm a \u0161kodliv\u00e9mu UV z\u00e1\u0159en\u00ed. Klinicky prok\u00e1zan\u00e1 ochrana barvy vlas\u016f p\u0159ed blednut\u00edm. Vlasy jsou po pou\u017eit\u00ed snadno roz\u010desateln\u00e9, hebk\u00e9 a z\u00e1\u0159iv\u011b leskl\u00e9.<\/p>"},{"_v2024__image_ingredients__ingredient_image":10000010286,"_v2024__image_ingredients__ingredient_title":"HYDRO-SAVE BIO","_v2024__image_ingredients__ingredient_description":"<p>Aktivn\u00ed slo\u017eka z bio ka\u0161tan\u016f z\u00edskan\u00e1 patentovan\u00fdm enzymatick\u00fdm procesem pro maxim\u00e1ln\u00ed vst\u0159ebatelnost. Bohat\u00e1 na proteiny, mastn\u00e9 kyseliny a cukry \u2013 vytv\u00e1\u0159\u00ed neviditeln\u00fd film, kter\u00fd uzav\u00edr\u00e1 kutikulu a obaluje vlasov\u00e9 vl\u00e1kno. Poskytuje silnou tepelnou ochranu, chr\u00e1n\u00ed vlasy p\u0159ed vysou\u0161en\u00edm a po\u0161kozen\u00edm od \u017eehli\u010dky \u010di f\u00e9nu. Opravuje nam\u00e1han\u00e9 kone\u010dky, intenzivn\u011b vy\u017eivuje a klinicky prokazateln\u011b zlep\u0161uje hydrataci. V\u00fdsledkem jsou hedv\u00e1bn\u011b hladk\u00e9 vlasy.<\/p>"},{"_v2024__image_ingredients__ingredient_image":10000010287,"_v2024__image_ingredients__ingredient_title":"QUINOA GLOSS","_v2024__image_ingredients__ingredient_description":"<p>Aktivn\u00ed slo\u017eka z quinoa sem\u00ednek \u2013 p\u0159\u00edrodn\u00ed protein s kompletn\u00edm aminokyselinov\u00fdm profilem. D\u00edky inovativn\u00ed technologii NPNF\u2122 hydrolyzovan\u00e9ho proteinu pronik\u00e1 hluboko do vlasov\u00e9ho vl\u00e1kna a obnovuje i siln\u011b po\u0161kozen\u00e9 vlasy. Vytv\u00e1\u0159\u00ed ochrann\u00fd film, kter\u00fd vlasy uhlad\u00ed, dod\u00e1 jim p\u0159irozen\u00fd lesk a hebkost. Usnad\u0148uje roz\u010des\u00e1v\u00e1n\u00ed a zv\u00fdraz\u0148uje definici vln a kudrlin.<\/p>"},{"_v2024__image_ingredients__ingredient_image":10000010285,"_v2024__image_ingredients__ingredient_title":"AMARANTH-SHIELD 3D","_v2024__image_ingredients__ingredient_description":"<p>Aktivn\u00ed slo\u017eka ze semen amarantu s technologi\u00ed 3D Matrix \u2013 postupn\u00e9 uvol\u0148ov\u00e1n\u00ed \u00fa\u010dinn\u00fdch l\u00e1tek hluboko do vlasov\u00e9ho vl\u00e1kna. Klinicky prok\u00e1zan\u00e9 pos\u00edlen\u00ed vnit\u0159n\u00ed struktury vlasu, v\u011bt\u0161\u00ed pru\u017enost a odolnost. Vyhlazuje povrch vlas\u016f, sni\u017euje t\u0159en\u00ed \u2013 pro hedv\u00e1bnou jemnost, z\u00e1\u0159iv\u00fd lesk a snadn\u00e9 roz\u010des\u00e1v\u00e1n\u00ed. Zkracuje dobu f\u00e9nov\u00e1n\u00ed, minimalizuje po\u0161kozen\u00ed teplem a udr\u017euje optim\u00e1ln\u00ed hydrataci.<\/p>"},{"_v2024__image_ingredients__ingredient_image":1000006712,"_v2024__image_ingredients__ingredient_title":"KOKOS","_v2024__image_ingredients__ingredient_description":"<p>Za\u017eij s\u00edlu studen\u011b lisovan\u00e9ho bio oleje bohat\u00e9ho na kyselinu laurovou! Hloubkov\u011b pronik\u00e1 do struktury vlas\u016f, chr\u00e1n\u00ed p\u0159ed ztr\u00e1tou proteinu a uzamyk\u00e1 vlhkost. Rozlu\u010d se se such\u00fdmi vlasy \u2013 u\u017eij si hebk\u00e9, hladk\u00e9 a z\u00e1\u0159iv\u011b leskl\u00e9 vlasy!<\/p>"}],"_v2024__image_ingredients__all_ingredients":"<p>AQUA*, MYRISTYL ALCOHOL*, COCONUT ALKANES*, BEHENTRIMONIUM CHLORIDE, COCOS NUCIFERA OIL*, PARFUM, HYDROLYZED CHESTNUT EXTRACT*, HYDROLYZED QUINOA*, HYDROLYZED WALNUT EXTRACT*, AMARANTHUS CAUDATUS SEED EXTRACT*, LYSINE*, LEVULINIC ACID*, GLYCERIN*, CETRIMONIUM CHLORIDE, SCLEROTIUM GUM*, PCA GLYCERYL OLEATE*, GLYCERYL CAPRYLATE*, ZEA MAYS STARCH*, CETYL ALCOHOL*, LAURYL ALCOHOL*, CITRIC ACID*, SODIUM LEVULINATE*, PENTYLENE GLYCOL*, SODIUM BENZOATE, POTASSIUM SORBATE, BENZYL ALCOHOL, CI 14720, BENZYL SALICYLATE<\/p><p>Vezm\u011bte pros\u00edm na v\u011bdom\u00ed, \u017ee seznam slo\u017eek se m\u016f\u017ee v pr\u016fb\u011bhu \u010dasu m\u00edrn\u011b m\u011bnit v d\u016fsledku vylep\u0161en\u00ed v\u00fdrobku. Aktu\u00e1ln\u00ed informace naleznete na obalu v\u00fdrobku.<\/p>","_v2024__usage_content__left_content":"<p><strong>KDE:<\/strong> po cel\u00e9 d\u00e9lce vlas\u016f<\/p><p><strong>KOLIK:<\/strong><\/p><p><strong>JAK:<\/strong> Naneste na \u010dist\u00e9, vlhk\u00e9 vlasy, pro\u010de\u0161te a upravte podle libosti<\/p><p><strong>JAK \u010cASTO:<\/strong> po ka\u017ed\u00e9m myt\u00ed vlas\u016f; vhodn\u00e9 pro ka\u017edodenn\u00ed pou\u017eit\u00ed<\/p><p><strong>PROS\u00cdME, VEZM\u011aTE NA V\u011aDOM\u00cd:<\/strong> Pouze pro venkovn\u00ed pou\u017eit\u00ed. V p\u0159\u00edpad\u011b podr\u00e1\u017ed\u011bn\u00ed p\u0159esta\u0148te p\u0159\u00edpravek pou\u017e\u00edvat. Vyhn\u011bte se kontaktu s o\u010dima. Uchov\u00e1vejte mimo dosah d\u011bt\u00ed! Uchov\u00e1vejte na such\u00e9m a chladn\u00e9m m\u00edst\u011b.<\/p>","_v2024__usage_content__right_bottom_content":"","_v2024__usage_content__note":"","_v2024__usage_content__storage":""},"_links":{"self":[{"href":"https:\/\/cocosolis.com\/cz\/wp-json\/wp\/v2\/product\/1000108173","targetHints":{"allow":["GET"]}}],"collection":[{"href":"https:\/\/cocosolis.com\/cz\/wp-json\/wp\/v2\/product"}],"about":[{"href":"https:\/\/cocosolis.com\/cz\/wp-json\/wp\/v2\/types\/product"}],"wp:featuredmedia":[{"embeddable":true,"href":"https:\/\/cocosolis.com\/cz\/wp-json\/"}],"wp:attachment":[{"href":"https:\/\/cocosolis.com\/cz\/wp-json\/wp\/v2\/media?parent=1000108173"}],"wp:term":[{"taxonomy":"product_brand","embeddable":true,"href":"https:\/\/cocosolis.com\/cz\/wp-json\/wp\/v2\/product_brand?post=1000108173"},{"taxonomy":"product_cat","embeddable":true,"href":"https:\/\/cocosolis.com\/cz\/wp-json\/wp\/v2\/product_cat?post=1000108173"},{"taxonomy":"product_tag","embeddable":true,"href":"https:\/\/cocosolis.com\/cz\/wp-json\/wp\/v2\/product_tag?post=1000108173"},{"taxonomy":"product_template","embeddable":true,"href":"https:\/\/cocosolis.com\/cz\/wp-json\/wp\/v2\/product_template?post=1000108173"}],"curies":[{"name":"wp","href":"https:\/\/api.w.org\/{rel}","templated":true}]}}