{"id":1000105296,"date":"2026-04-01T12:51:24","date_gmt":"2026-04-01T10:51:24","guid":{"rendered":"https:\/\/cocosolis.com\/cz\/product\/solis-gradual-tan-body-milk\/"},"modified":"2026-04-20T12:49:36","modified_gmt":"2026-04-20T10:49:36","slug":"solis-gradual-tan-body-milk","status":"publish","type":"product","link":"https:\/\/cocosolis.com\/cz\/product\/solis-gradual-tan-body-milk\/","title":{"rendered":"SOLIS Gradual Tan Body Milk"},"content":{"rendered":"","protected":false},"excerpt":{"rendered":"","protected":false},"featured_media":0,"template":"","meta":{"_acf_changed":false},"product_brand":[],"product_cat":[43],"product_tag":[],"product_template":[69],"class_list":{"0":"post-1000105296","1":"product","2":"type-product","3":"status-publish","5":"product_cat-self-tanner","6":"product_template-v-2024-clean","8":"first","9":"instock","10":"shipping-taxable","11":"purchasable","12":"product-type-simple"},"acf":{"_v2024__listing_and_sharing_info__listing_category":"SOLIS","_v2024__listing_and_sharing_info__product_type":"Gradual Tan Body Milk","_v2024__listing__and_sharing_info__listing_below_title_in_product_page":"P\u0159\u00edrodn\u00ed samoopalovac\u00ed t\u011blov\u00e9 ml\u00e9ko. Pro ka\u017edodenn\u00ed hydrataci a postupn\u011b se hromad\u00edc\u00ed bronzov\u00e9 op\u00e1len\u00ed.Lehk\u00e1, rychle se vst\u0159eb\u00e1vaj\u00edc\u00ed formule.","_v2024__listing_and_sharing_info__listing_description":"P\u0159\u00edrodn\u00ed samoopalovac\u00ed t\u011blov\u00e9 ml\u00e9ko. Pro ka\u017edodenn\u00ed hydrataci a postupn\u011b se hromad\u00edc\u00ed bronzov\u00e9 op\u00e1len\u00ed.","_v2024__listing_and_sharing_info__image":1000009847,"_v2024__product_hero__hero_type":"carousel","_v2024__product_hero__product_slider_gallery":[{"_v2024__product_hero__product_slider_gallery__image":1000009858,"_v2024__product_hero__product_slider_gallery__video_link":""},{"_v2024__product_hero__product_slider_gallery__image":1000009859,"_v2024__product_hero__product_slider_gallery__video_link":""},{"_v2024__product_hero__product_slider_gallery__image":1000009860,"_v2024__product_hero__product_slider_gallery__video_link":""},{"_v2024__product_hero__product_slider_gallery__image":1000009861,"_v2024__product_hero__product_slider_gallery__video_link":""},{"_v2024__product_hero__product_slider_gallery__image":1000009862,"_v2024__product_hero__product_slider_gallery__video_link":""},{"_v2024__product_hero__product_slider_gallery__image":1000009863,"_v2024__product_hero__product_slider_gallery__video_link":""},{"_v2024__product_hero__product_slider_gallery__image":1000009864,"_v2024__product_hero__product_slider_gallery__video_link":""},{"_v2024__product_hero__product_slider_gallery__image":1000009865,"_v2024__product_hero__product_slider_gallery__video_link":""}],"_v2024__before_and_after_image":1000009963,"_v2024__before_and_after_image_mobile":1000009962,"_v2024__product_hero__quantity":"200ml","_v2024__product_hero__product_disclamer":"","_v2024__why_use__should_show":"visible","_v2024__why_use__description_text":"<strong>\u010cist\u00e1 formule zam\u011b\u0159en\u00e1 na p\u00e9\u010di o poko\u017eku, kter\u00e1 kombinuje p\u0159\u00edrodn\u00ed DHA, bio kakaov\u00e9 m\u00e1slo, cen\u011bn\u00e9 jako p\u0159\u00edrodn\u00ed retinol, bio marulov\u00e9 m\u00e1slo pro anti-aging efekt a kyselinu hyaluronovou. Zanech\u00e1v\u00e1 poko\u017eku hedv\u00e1bn\u011b hladkou s op\u00e1len\u00edm, kter\u00e9 se vyv\u00edj\u00ed po dobu 8 hodin a kter\u00e9 m\u016f\u017ee\u0161 den za dnem zesilovat.<\/strong>","_v2024__why_use__text_content":"<ul>\r\n \t<li>Dod\u00e1v\u00e1 p\u0159irozen\u00fd odst\u00edn, kter\u00fd se s ka\u017ed\u00fdm nanesen\u00edm vrstv\u00ed<\/li>\r\n \t<li>Hlubok\u00e1 hydratace a anti-aging p\u00e9\u010de s \u00fa\u010dinnost\u00ed p\u0159\u00edrodn\u00edho retinolu z kakaov\u00e9ho m\u00e1sla<\/li>\r\n \t<li>Inovativn\u00ed formule, kter\u00e1 se p\u0159izp\u016fsob\u00ed barv\u011b poko\u017eky<\/li>\r\n \t<li>Lehk\u00e1, rychle se vst\u0159eb\u00e1vaj\u00edc\u00ed emulze, kter\u00e1 nezanech\u00e1v\u00e1 skvrny<\/li>\r\n \t<li>Aplikuje se rovnom\u011brn\u011b, bez skvrn<\/li>\r\n \t<li>Ide\u00e1ln\u00ed pro za\u010d\u00e1te\u010dn\u00edky v oblasti samoopalovac\u00edch p\u0159\u00edpravk\u016f<\/li>\r\n \t<li>Pro dosa\u017een\u00ed nejlep\u0161\u00edch v\u00fdsledk\u016f se nan\u00e1\u0161ej\u00ed pomoc\u00ed Self-tanning Mitt<\/li>\r\n \t<li>V\u016fn\u011b karamelov\u00e9ho latt\u00e9<\/li>\r\n<\/ul>","_v2024__why_use__product_notes_and_remarks":"","_v2024__why_use__background_color":"#eddacd","_v2024__why_use__heading_color":"#816c65","_v2024__why_use__text_color":"#816c65","_v2024__why_use__image_desktop":1000009848,"_v2024__why_use__image_mobile":1000009849,"_v2024__stats_show":false,"_v2024__stats_repeater":null,"_v2024__stats_repeater_disclaimer":null,"_v2024__benefits__icons_repeater":[{"_v2024__benefit__icons_repeater_icon":10000010005,"_v2024__benefit__icons_repeater_text":"P\u0158IROZEN\u011a VYPADAJ\u00cdC\u00cd OP\u00c1LEN\u00cd"},{"_v2024__benefit__icons_repeater_icon":10000010004,"_v2024__benefit__icons_repeater_text":"POSTUPN\u00c9 HROMAD\u011aN\u00cd"},{"_v2024__benefit__icons_repeater_icon":10000010003,"_v2024__benefit__icons_repeater_text":"KA\u017dDODENN\u00cd HYDRATACE"},{"_v2024__benefit__icons_repeater_icon":10000010002,"_v2024__benefit__icons_repeater_text":"V\u016eN\u011a KARAMELOV\u00c9 LATTE"}],"_v2024__image_ingreddients__intro_text":"<strong>Kombinace p\u0159\u00edrodn\u00edho opalovac\u00edho boosteru, kyseliny hyaluronov\u00e9 a hluboce hydrata\u010dn\u00edch za studena lisovan\u00fdch bio olej\u016f. Lehk\u00e1 formule pro rovnom\u011brn\u00fd, p\u0159irozen\u011b vypadaj\u00edc\u00ed t\u00f3n, kter\u00fd se postupn\u011b vrstv\u00ed a pot\u00e9 rovnom\u011brn\u011b vybledne.<\/strong>","_v2024__image_ingreddients__additional_description":"","_v2024__image_ingreddients__disclamer_inner":"","_v2024__image_ingredients__repeater":[{"_v2024__image_ingredients__ingredient_image":1000009843,"_v2024__image_ingredients__ingredient_title":"P\u0158\u00cdRODN\u00cd DHA","_v2024__image_ingredients__ingredient_description":"\u00da\u010dinn\u00e1 slo\u017eka rostlinn\u00e9ho p\u016fvodu z\u00edskan\u00e1 fermentac\u00ed. Reaguje s aminokyselinami poko\u017eky a umo\u017e\u0148uje dos\u00e1hnout p\u0159irozen\u011b vypadaj\u00edc\u00edho op\u00e1len\u00ed bez vystaven\u00ed slunci."},{"_v2024__image_ingredients__ingredient_image":1000009842,"_v2024__image_ingredients__ingredient_title":"HYALURONOV\u00c1 KYSELINA","_v2024__image_ingredients__ingredient_description":"Siln\u00fd zvlh\u010dova\u010d p\u0159\u00edrodn\u00edho p\u016fvodu. Zaji\u0161\u0165uje hlubokou hydrataci, kter\u00e1 pom\u00e1h\u00e1 rovnom\u011brn\u011bj\u0161\u00edmu rozvoji op\u00e1len\u00ed a jeho del\u0161\u00edmu udr\u017een\u00ed. Chr\u00e1n\u00ed p\u0159ed vznikem skvrn a pruh\u016f."},{"_v2024__image_ingredients__ingredient_image":1000009841,"_v2024__image_ingredients__ingredient_title":"MARULA","_v2024__image_ingredients__ingredient_description":"Lehk\u00e9, hluboce hydrata\u010dn\u00ed olej, bohat\u00fd na antioxidanty a esenci\u00e1ln\u00ed mastn\u00e9 kyseliny. Rychle a hluboce se vst\u0159eb\u00e1v\u00e1 a p\u0159ipravuje poko\u017eku na rovnom\u011brn\u00e9 op\u00e1len\u00ed. Udr\u017euje zdravou ko\u017en\u00ed bari\u00e9ru, co\u017e zaji\u0161\u0165uje plynul\u00e9 vyblednut\u00ed."},{"_v2024__image_ingredients__ingredient_image":1000009844,"_v2024__image_ingredients__ingredient_title":"CACAY","_v2024__image_ingredients__ingredient_description":"Tento olej, naz\u00fdvan\u00fd \u201ezlato Amazonie\u201c, m\u00e1 siln\u00fd omlazuj\u00edc\u00ed a hydrata\u010dn\u00ed \u00fa\u010dinek. Je mimo\u0159\u00e1dn\u011b bohat\u00fd na vitam\u00edn A a cen\u011bn\u00fd jako p\u0159\u00edrodn\u00ed retinol. Zaji\u0161\u0165uje hladk\u00fd, obnoven\u00fd z\u00e1klad pro rovnom\u011brn\u00fd t\u00f3n pleti."},{"_v2024__image_ingredients__ingredient_image":1000006712,"_v2024__image_ingredients__ingredient_title":"KOKOS","_v2024__image_ingredients__ingredient_description":"Snadno se vst\u0159eb\u00e1v\u00e1, hluboce hydratuje a udr\u017euje vlhkost v poko\u017ece. Vytv\u00e1\u0159\u00ed ochrannou bari\u00e9ru a zabra\u0148uje vzniku tmav\u00fdch skvrn v such\u00fdch oblastech, jako jsou lokty a kolena."}],"_v2024__image_ingredients__all_ingredients":"INCI: AQUA*, CAPRYLIC\/CAPRIC TRIGLYCERIDE*, COCO-CAPRYLATE\/CAPRATE*, DIHYDROXYACETONE*, PENTYLENE GLYCOL*, MAGNESIUM SULFATE, POLYGLYCERYL-6 STEARATE*, XANTHAN GUM*, COCOS NUCIFERA OIL*, SCLEROCARYA BIRREA SEED OIL*, CARYODENDRON ORINOCENSE SEED OIL*, SODIUM HYALURONATE*, LECITHIN*, PULLULAN*, CITRIC ACID*, C14-22 ALCOHOLS*, C12-20 ALKYL GLUCOSIDE*, MICROCRYSTALLINE CELLULOSE*, CELLULOSE GUM*, SCLEROTIUM GUM*, POLYGLYCERYL-6 BEHENATE*, POLYGLYCERYL-4 DIISOSTEARATE\/POLYHYDROXYSTEARATE\/SEBACATE*, POLYGLYCERYL-3 OLEATE*, DIISOSTEAROYL POLYGLYCERYL-3 DIMER DILINOLEATE*, HYDRATED SILICA*, TETRASODIUM GLUTAMATE DIACETATE, PARFUM*, VANILLIN, LINALOOL, CITRAL, BENZALDEHYDE\r\n\r\n*Slo\u017eky p\u0159\u00edrodn\u00edho p\u016fvodu\r\n\r\nVezm\u011bte pros\u00edm na v\u011bdom\u00ed, \u017ee seznam slo\u017eek se m\u016f\u017ee v pr\u016fb\u011bhu \u010dasu m\u00edrn\u011b m\u011bnit v d\u016fsledku vylep\u0161en\u00ed v\u00fdrobku. Aktu\u00e1ln\u00ed informace naleznete na obalu v\u00fdrobku.","_v2024__usage_content__left_content":"<strong>KDE:<\/strong> cel\u00e9 t\u011blo\r\n\r\n<strong>JAK \u010cASTO<\/strong>: Ka\u017ed\u00fd den jako hydrata\u010dn\u00ed t\u011blov\u00e9 ml\u00e9ko, dokud nedos\u00e1hne\u0161 bronzov\u00e9ho op\u00e1len\u00ed s po\u017eadovanou intenzitou.\r\n\r\n\u010c\u00edm \u010dast\u011bji si nan\u00e1\u0161\u00ed\u0161 SOLIS Gradual Tan Body Milk, t\u00edm syt\u011bj\u0161\u00ed bude tv\u00e9 op\u00e1len\u00ed.\r\n\r\n<strong>JAK:<\/strong>\r\n<ul>\r\n \t<li>1. Pro dosa\u017een\u00ed nejlep\u0161\u00edch v\u00fdsledk\u016f exfoliuj t\u011blo pomoc\u00ed Exfoliating Mitt 24 hodin p\u0159ed prvn\u00edm nanesen\u00edm.<\/li>\r\n \t<li>2. Na \u010distou a suchou poko\u017eku aplikuj ml\u00e9ko pomoc\u00ed rukavice Self-tanning Mitt jemn\u00fdmi mas\u00e1\u017en\u00edmi pohyby. Nan\u00e1\u0161ej \u0161etrn\u011b na lokty, kolena, kotn\u00edky, chodidla a ruce.<\/li>\r\n \t<li>3. Pokud ho aplikuje\u0161 bez rukavic, dob\u0159e si umyj ruce. Pro ochranu rukou p\u0159ed mo\u017en\u00fdm zabarven\u00edm doporu\u010dujeme pou\u017e\u00edt Self-tanning Mitt.<\/li>\r\n \t<li>4. Po\u010dkej, a\u017e se \u00fapln\u011b vs\u00e1kne, ne\u017e se obl\u00e9kne\u0161.<\/li>\r\n<\/ul>\r\n<strong>PROS\u00cdME, VEZM\u011aTE NA V\u011aDOM\u00cd:<\/strong> Skladujte na chladn\u00e9m, tmav\u00e9m a such\u00e9m m\u00edst\u011b. Vzhledem k p\u0159irozen\u00e9mu slo\u017een\u00ed se barva ple\u0165ov\u00e9ho ml\u00e9ka m\u016f\u017ee \u010dasem m\u011bnit, ale to neovliv\u0148uje jeho kvalitu ani \u00fa\u010dinnost. Pouze pro venkovn\u00ed pou\u017eit\u00ed. Prove\u010fte test na alergii 24 hodin p\u0159ed pou\u017eit\u00edm. V p\u0159\u00edpad\u011b podr\u00e1\u017ed\u011bn\u00ed p\u0159esta\u0148te p\u0159\u00edpravek pou\u017e\u00edvat. Nepou\u017e\u00edvejte na po\u0161kozenou nebo poran\u011bnou poko\u017eku. Zabra\u0148te kontaktu s o\u010dima. Tento v\u00fdrobek neobsahuje opalovac\u00ed kr\u00e9m a nechr\u00e1n\u00ed p\u0159ed slune\u010dn\u00edm sp\u00e1len\u00edm. Uchov\u00e1vejte mimo dosah d\u011bt\u00ed!","_v2024__usage_content__right_bottom_content":"","_v2024__usage_content__note":"","_v2024__usage_content__storage":""},"_links":{"self":[{"href":"https:\/\/cocosolis.com\/cz\/wp-json\/wp\/v2\/product\/1000105296","targetHints":{"allow":["GET"]}}],"collection":[{"href":"https:\/\/cocosolis.com\/cz\/wp-json\/wp\/v2\/product"}],"about":[{"href":"https:\/\/cocosolis.com\/cz\/wp-json\/wp\/v2\/types\/product"}],"wp:attachment":[{"href":"https:\/\/cocosolis.com\/cz\/wp-json\/wp\/v2\/media?parent=1000105296"}],"wp:term":[{"taxonomy":"product_brand","embeddable":true,"href":"https:\/\/cocosolis.com\/cz\/wp-json\/wp\/v2\/product_brand?post=1000105296"},{"taxonomy":"product_cat","embeddable":true,"href":"https:\/\/cocosolis.com\/cz\/wp-json\/wp\/v2\/product_cat?post=1000105296"},{"taxonomy":"product_tag","embeddable":true,"href":"https:\/\/cocosolis.com\/cz\/wp-json\/wp\/v2\/product_tag?post=1000105296"},{"taxonomy":"product_template","embeddable":true,"href":"https:\/\/cocosolis.com\/cz\/wp-json\/wp\/v2\/product_template?post=1000105296"}],"curies":[{"name":"wp","href":"https:\/\/api.w.org\/{rel}","templated":true}]}}