{"id":1000101005,"date":"2026-01-23T13:48:38","date_gmt":"2026-01-23T12:48:38","guid":{"rendered":"https:\/\/cocosolis.com\/cz\/product\/aura-peptide-shimmer-spray-pink\/"},"modified":"2026-04-06T15:30:38","modified_gmt":"2026-04-06T13:30:38","slug":"aura-peptide-shimmer-spray-pink","status":"publish","type":"product","link":"https:\/\/cocosolis.com\/cz\/product\/aura-peptide-shimmer-spray-pink\/","title":{"rendered":"AURA PINK Peptide Shimmer Spray"},"content":{"rendered":"","protected":false},"excerpt":{"rendered":"","protected":false},"featured_media":1000009419,"template":"","meta":{"_acf_changed":false},"product_brand":[],"product_cat":[65],"product_tag":[],"product_template":[69],"class_list":{"0":"post-1000101005","1":"product","2":"type-product","3":"status-publish","4":"has-post-thumbnail","6":"product_cat-shimmer","7":"product_template-v-2024-clean","9":"first","10":"instock","11":"shipping-taxable","12":"purchasable","13":"product-type-simple"},"acf":{"_v2024__listing_and_sharing_info__listing_category":"AURA PINK","_v2024__listing_and_sharing_info__product_type":"Peptide Shimmer Spray","_v2024__listing__and_sharing_info__listing_below_title_in_product_page":"P\u0159\u00edrodn\u00ed t\u0159pytiv\u00fd sprej s peptidy na obli\u010dej, t\u011blo a vlasy. Rozza\u0159uje, hydratuje a omlazuje.<br><strong>Lesk: Pink<\/strong>","_v2024__listing_and_sharing_info__listing_description":"P\u0159\u00edrodn\u00ed t\u0159pytiv\u00fd sprej s peptidy na obli\u010dej, t\u011blo a vlasy.<br><strong>Lesk: Pink<\/strong>","_v2024__listing_and_sharing_info__image":1000009418,"_v2024__product_hero__hero_type":"carousel","_v2024__product_hero__product_slider_gallery":[{"_v2024__product_hero__product_slider_gallery__image":1000009497,"_v2024__product_hero__product_slider_gallery__video_link":""},{"_v2024__product_hero__product_slider_gallery__image":1000009496,"_v2024__product_hero__product_slider_gallery__video_link":""},{"_v2024__product_hero__product_slider_gallery__image":1000009495,"_v2024__product_hero__product_slider_gallery__video_link":""},{"_v2024__product_hero__product_slider_gallery__image":1000009494,"_v2024__product_hero__product_slider_gallery__video_link":""},{"_v2024__product_hero__product_slider_gallery__image":1000009493,"_v2024__product_hero__product_slider_gallery__video_link":""},{"_v2024__product_hero__product_slider_gallery__image":1000009492,"_v2024__product_hero__product_slider_gallery__video_link":""}],"_v2024__before_and_after_image":null,"_v2024__before_and_after_image_mobile":null,"_v2024__product_hero__quantity":"100 ML","_v2024__product_hero__product_disclamer":"","_v2024__why_use__should_show":"visible","_v2024__why_use__description_text":"<p><strong>Spojte elegantn\u00ed lesk s aktivn\u00ed p\u00e9\u010d\u00ed proti st\u00e1rnut\u00ed pleti. Ci\u0165te se z\u00e1\u0159iv\u011b a sv\u011b\u017ee od hlavy a\u017e k pat\u011b.<\/strong><\/p>","_v2024__why_use__text_content":"<ul><li>Jemn\u011b rozz\u00e1\u0159\u00ed ultrafine \u010d\u00e1sticemi mika<\/li><li>Okam\u017eit\u011b hydratuje, udr\u017euje vlhkost a omlazuje ple\u0165<\/li><li>Kombinuje peptidy ve vysok\u00e9m obsahu s kyselinou hyaluronovou, glycerinem, panthenolem a kokosovou vodou<\/li><li>Neodolateln\u00e1 v\u016fn\u011b jahodov\u00e9ho cheesecaku<\/li><li>Ide\u00e1ln\u00ed na obli\u010dej, t\u011blo a vlasy<\/li><\/ul>","_v2024__why_use__product_notes_and_remarks":"","_v2024__why_use__background_color":"#eddacd","_v2024__why_use__heading_color":"#816c65","_v2024__why_use__text_color":"#816c65","_v2024__why_use__image_desktop":1000009504,"_v2024__why_use__image_mobile":1000009505,"_v2024__stats_show":false,"_v2024__stats_repeater":null,"_v2024__stats_repeater_disclaimer":null,"_v2024__benefits__icons_repeater":[{"_v2024__benefit__icons_repeater_icon":1000006749,"_v2024__benefit__icons_repeater_text":"ELEGANTN\u011a ROZZ\u00c1\u0158\u00cd"},{"_v2024__benefit__icons_repeater_icon":1000006740,"_v2024__benefit__icons_repeater_text":"OKAM\u017dIT\u011a HYDRATUJE"},{"_v2024__benefit__icons_repeater_icon":1000004600,"_v2024__benefit__icons_repeater_text":"OMLAZUJE"},{"_v2024__benefit__icons_repeater_icon":1000009506,"_v2024__benefit__icons_repeater_text":"VON\u00cd PO JAHODOV\u00c9M CHEESECAKE"}],"_v2024__image_ingreddients__intro_text":"<strong>Ultrajemn\u00e9 \u010d\u00e1stice z p\u0159\u00edrodn\u00ed sl\u00eddy pracuj\u00ed v symbi\u00f3ze s \u00fa\u010dinn\u00fdmi aktivn\u00edmi l\u00e1tkami a kokosovou vodou a vytv\u00e1\u0159ej\u00ed skute\u010dn\u011b z\u00e1\u0159ivou poko\u017eku a vlasy.<\/strong>","_v2024__image_ingreddients__additional_description":"","_v2024__image_ingreddients__disclamer_inner":"","_v2024__image_ingredients__repeater":[{"_v2024__image_ingredients__ingredient_image":1000008648,"_v2024__image_ingredients__ingredient_title":"PEPTIDY","_v2024__image_ingredients__ingredient_description":"<p>Je klinicky prok\u00e1z\u00e1no, \u017ee tyto p\u0159\u00edrodn\u00ed peptidy zpomaluj\u00ed proces st\u00e1rnut\u00ed t\u00edm, \u017ee stimuluj\u00ed tvorbu kolagenu a elastinu. Tonizuj\u00ed a viditeln\u011b zpev\u0148uj\u00ed poko\u017eku, sjednocuj\u00ed barvu pleti a redukuj\u00ed tmav\u00e9 skvrny. Zlep\u0161uj\u00ed hydrataci t\u00edm, \u017ee udr\u017euj\u00ed a zvy\u0161uj\u00ed vlhkost v poko\u017ece.<\/p>"},{"_v2024__image_ingredients__ingredient_image":1000004599,"_v2024__image_ingredients__ingredient_title":"KYSELINA HYALURONOV\u00c1","_v2024__image_ingredients__ingredient_description":"<p>Vytv\u00e1\u0159\u00ed na poko\u017ece ochrann\u00fd film, kter\u00fd posiluje bari\u00e9rovou funkci a sni\u017euje ztr\u00e1tu vody. Okam\u017eit\u011b zpev\u0148uje a vyhlazuje poko\u017eku.<\/p>"},{"_v2024__image_ingredients__ingredient_image":1000004605,"_v2024__image_ingredients__ingredient_title":"PANTHENOL","_v2024__image_ingredients__ingredient_description":"<p>Hydratuje a zpev\u0148uje poko\u017eku t\u00edm, \u017ee p\u0159itahuje a udr\u017euje vlhkost. Zklid\u0148uje, podporuje p\u0159irozen\u00e9 hojiv\u00e9 procesy a obnovuje po opalov\u00e1n\u00ed.<\/p>"},{"_v2024__image_ingredients__ingredient_image":1000006712,"_v2024__image_ingredients__ingredient_title":"KOKOSOV\u00c1 VODA","_v2024__image_ingredients__ingredient_description":"<p>Osv\u011b\u017euje a revitalizuje poko\u017eku t\u00edm, \u017ee j\u00ed dod\u00e1v\u00e1 hydrataci a dopl\u0148uje vitam\u00edny, miner\u00e1ly a antioxidanty. Hydratuje a vy\u017eivuje vlasy, usnad\u0148uje jejich roz\u010des\u00e1v\u00e1n\u00ed.<\/p>"},{"_v2024__image_ingredients__ingredient_image":1000002909,"_v2024__image_ingredients__ingredient_title":"GLYCERIN","_v2024__image_ingredients__ingredient_description":"<p>Siln\u00fd zvlh\u010duj\u00edc\u00ed prost\u0159edek: p\u0159itahuje vlhkost a udr\u017euje ji v poko\u017ece. Vypl\u0148uje jemn\u00e9 vr\u00e1sky a dod\u00e1v\u00e1 pleti hladkost a pru\u017enost.<\/p>"}],"_v2024__image_ingredients__all_ingredients":"<p>AQUA, PENTYLENE GLYCOL*, PROPANEDIOL*, COCOS NUCIFERA WATER*, LACTOBACILLUS FERMENT*, HEXAPEPTIDE-11*, GLYCOLIPIDS*, LEUCONOSTOC\/RADISH ROOT FERMENT LYSATE FILTRATE*, SODIUM HYALURONATE*, PANTHENOL, GLYCERIN*, CITRIC ACID*, POLYGLYCERYL-6 CAPRYLATE*, POLYGLYCERYL-4 CAPRATE*, AROMA, PROPYLENE GLYCOL, SODIUM BENZOATE, MICA*, CALCIUM TITANIUM BOROSILICATE*, TIN OXIDE*, CI 77891*, CI 77491*, VANILLIN, LINALOOL<\/p><p>*Slo\u017eky p\u0159\u00edrodn\u00edho p\u016fvodu<\/p><p>**P\u0159\u00edrodn\u00ed aroma slo\u017eky<\/p><p>Vezm\u011bte pros\u00edm na v\u011bdom\u00ed, \u017ee seznam slo\u017eek se m\u016f\u017ee v pr\u016fb\u011bhu \u010dasu m\u00edrn\u011b m\u011bnit v d\u016fsledku vylep\u0161en\u00ed v\u00fdrobku. Aktu\u00e1ln\u00ed informace naleznete na obalu v\u00fdrobku.<\/p>","_v2024__usage_content__left_content":"<p><strong>T\u0159pytiv\u00fd efekt je nejv\u00edce viditeln\u00fd na p\u0159\u00edm\u00e9m sv\u011btle.<\/strong><\/p><p><strong>KDE:<\/strong> obli\u010dej, t\u011blo a vlasy<\/p><p><strong>KA\u017dD\u00dd DEN:<\/strong> po l\u00ed\u010den\u00ed pro jemn\u00e9 rozz\u00e1\u0159en\u00ed<\/p><p><strong>NA P\u00c1RTY: <\/strong>v\u00edce vrstev pro okouzluj\u00edc\u00ed p\u0159\u00edtomnost<\/p><p><strong>NA PL\u00c1\u017dI: <\/strong>pro z\u00e1\u0159ivou hydrataci<\/p><p><strong>PO PL\u00c1\u017dI:<\/strong> pro zklidn\u011bn\u00ed a obnovu pleti<\/p><p><strong>JAK:<\/strong><\/p><ul><li>1. P\u0159ed pou\u017eit\u00edm dob\u0159e prot\u0159epejte!<\/li><li>2. Nast\u0159\u00edkejte ze vzd\u00e1lenosti 20 \u2013 50 cm, abyste zajistili rovnom\u011brn\u00e9 pokryt\u00ed.<\/li><li>3. Vyhn\u011bte se rozmaz\u00e1v\u00e1n\u00ed rukama nebo \u0161t\u011btcem.<\/li><li>4. Naneste jednu vrstvu a nechte zaschnout.<\/li><li>5. Pro dosa\u017een\u00ed intenzivn\u011bj\u0161\u00edho lesku naneste dal\u0161\u00ed vrstvy.<\/li><\/ul>","_v2024__usage_content__right_bottom_content":"","_v2024__usage_content__note":"<p>UPOZORN\u011aN\u00cd<\/p><p>Skladujte na chladn\u00e9m, tmav\u00e9m a such\u00e9m m\u00edst\u011b. Pouze pro venkovn\u00ed pou\u017eit\u00ed. V p\u0159\u00edpad\u011b podr\u00e1\u017ed\u011bn\u00ed p\u0159esta\u0148te p\u0159\u00edpravek pou\u017e\u00edvat. Nepou\u017e\u00edvejte na po\u0161kozenou nebo poran\u011bnou poko\u017eku. Vyhn\u011bte se kontaktu s o\u010dima. Uchov\u00e1vejte mimo dosah d\u011bt\u00ed!<\/p><p>V\u00fdrobek neobsahuje UV filtr proti slune\u010dn\u00edmu z\u00e1\u0159en\u00ed. P\u0159i vystaven\u00ed p\u0159\u00edm\u00e9mu slune\u010dn\u00edmu sv\u011btlu se doporu\u010duje pou\u017e\u00edvat v kombinaci s p\u0159\u00edpravkem proti slune\u010dn\u00edmu z\u00e1\u0159en\u00ed. V\u00fdrobek nen\u00ed samoopaluj\u00edc\u00ed. Nadm\u011brn\u00e9 vystaven\u00ed slunci v\u00e1\u017en\u011b ohro\u017euje zdrav\u00ed.<\/p>","_v2024__usage_content__storage":""},"_links":{"self":[{"href":"https:\/\/cocosolis.com\/cz\/wp-json\/wp\/v2\/product\/1000101005","targetHints":{"allow":["GET"]}}],"collection":[{"href":"https:\/\/cocosolis.com\/cz\/wp-json\/wp\/v2\/product"}],"about":[{"href":"https:\/\/cocosolis.com\/cz\/wp-json\/wp\/v2\/types\/product"}],"wp:featuredmedia":[{"embeddable":true,"href":"https:\/\/cocosolis.com\/cz\/wp-json\/"}],"wp:attachment":[{"href":"https:\/\/cocosolis.com\/cz\/wp-json\/wp\/v2\/media?parent=1000101005"}],"wp:term":[{"taxonomy":"product_brand","embeddable":true,"href":"https:\/\/cocosolis.com\/cz\/wp-json\/wp\/v2\/product_brand?post=1000101005"},{"taxonomy":"product_cat","embeddable":true,"href":"https:\/\/cocosolis.com\/cz\/wp-json\/wp\/v2\/product_cat?post=1000101005"},{"taxonomy":"product_tag","embeddable":true,"href":"https:\/\/cocosolis.com\/cz\/wp-json\/wp\/v2\/product_tag?post=1000101005"},{"taxonomy":"product_template","embeddable":true,"href":"https:\/\/cocosolis.com\/cz\/wp-json\/wp\/v2\/product_template?post=1000101005"}],"curies":[{"name":"wp","href":"https:\/\/api.w.org\/{rel}","templated":true}]}}