{"id":1000086963,"date":"2025-07-07T15:11:00","date_gmt":"2025-07-07T13:11:00","guid":{"rendered":"https:\/\/cocosolis.com\/cz\/product\/lift-anti-aging-serum\/"},"modified":"2026-04-06T15:28:50","modified_gmt":"2026-04-06T13:28:50","slug":"lift-anti-aging-serum","status":"publish","type":"product","link":"https:\/\/cocosolis.com\/cz\/product\/lift-anti-aging-serum\/","title":{"rendered":"LIFT+ Anti-aging Serum"},"content":{"rendered":"","protected":false},"excerpt":{"rendered":"","protected":false},"featured_media":1000008657,"template":"","meta":{"_acf_changed":false},"product_brand":[],"product_cat":[19],"product_tag":[],"product_template":[69],"class_list":{"0":"post-1000086963","1":"product","2":"type-product","3":"status-publish","4":"has-post-thumbnail","6":"product_cat-skin","7":"product_template-v-2024-clean","9":"first","10":"instock","11":"shipping-taxable","12":"purchasable","13":"product-type-simple"},"acf":{"_v2024__listing_and_sharing_info__listing_category":"LIFT+","_v2024__listing_and_sharing_info__product_type":"Anti-aging Serum","_v2024__listing__and_sharing_info__listing_below_title_in_product_page":"Omlazuj\u00edc\u00ed s\u00e9rum-booster. Vysoce koncentrovan\u00e9 slo\u017een\u00ed s liftingov\u00fdm \u00fa\u010dinkem.<br><strong>Oblast: krk, dekolt a prsa<\/strong>","_v2024__listing_and_sharing_info__listing_description":"Omlazuj\u00edc\u00ed s\u00e9rum-booster. Vysoce koncentrovan\u00e9 slo\u017een\u00ed s liftingov\u00fdm \u00fa\u010dinkem.<br><strong>Oblast: krk, dekolt a prsa<\/strong>","_v2024__listing_and_sharing_info__image":1000008658,"_v2024__product_hero__hero_type":"carousel","_v2024__product_hero__product_slider_gallery":[{"_v2024__product_hero__product_slider_gallery__image":1000008339,"_v2024__product_hero__product_slider_gallery__video_link":""},{"_v2024__product_hero__product_slider_gallery__image":1000008347,"_v2024__product_hero__product_slider_gallery__video_link":""},{"_v2024__product_hero__product_slider_gallery__image":1000008348,"_v2024__product_hero__product_slider_gallery__video_link":""},{"_v2024__product_hero__product_slider_gallery__image":1000008349,"_v2024__product_hero__product_slider_gallery__video_link":""},{"_v2024__product_hero__product_slider_gallery__image":1000008350,"_v2024__product_hero__product_slider_gallery__video_link":""},{"_v2024__product_hero__product_slider_gallery__image":1000008351,"_v2024__product_hero__product_slider_gallery__video_link":""},{"_v2024__product_hero__product_slider_gallery__image":1000008352,"_v2024__product_hero__product_slider_gallery__video_link":""},{"_v2024__product_hero__product_slider_gallery__image":1000008340,"_v2024__product_hero__product_slider_gallery__video_link":""}],"_v2024__before_and_after_image":"","_v2024__before_and_after_image_mobile":"","_v2024__product_hero__quantity":"50 ML","_v2024__product_hero__product_disclamer":"","_v2024__why_use__should_show":"visible","_v2024__why_use__description_text":"Liftingov\u00e9 s\u00e9rum ve spreji na krk, dekolt a prsa. S 9 \u00fa\u010dinn\u00fdmi slo\u017ekami, u nich\u017e bylo klinicky prok\u00e1z\u00e1no, \u017ee p\u016fsob\u00ed proti st\u00e1rnut\u00ed, vyp\u00ednaj\u00ed a stimuluj\u00ed kolagen \u2013 viditeln\u00e9 v\u00fdsledky ji\u017e za m\u011bs\u00edc.","_v2024__why_use__text_content":"<ul>\r\n \t<li><strong>Transforma\u010dn\u00ed \u00fa\u010dinek<\/strong>: zved\u00e1 a zpev\u0148uje poko\u017eku krku a poprs\u00ed<\/li>\r\n \t<li><strong>Dopl\u0148kov\u00fd \u00fa\u010dinek<\/strong>: vyhlazuje vr\u00e1sky a omlazuje<\/li>\r\n \t<li><strong>V\u016fn\u011b<\/strong>: jemn\u00e1 hru\u0161ka<\/li>\r\n \t<li><strong>Oblast<\/strong>: krk, dekolt a prsa<\/li>\r\n<\/ul>","_v2024__why_use__product_notes_and_remarks":"","_v2024__why_use__background_color":"#FBF1EB","_v2024__why_use__heading_color":"#816c65","_v2024__why_use__text_color":"#816c65","_v2024__why_use__image_desktop":1000008629,"_v2024__why_use__image_mobile":1000008630,"_v2024__stats_show":false,"_v2024__stats_repeater":null,"_v2024__stats_repeater_disclaimer":null,"_v2024__benefits__icons_repeater":[{"_v2024__benefit__icons_repeater_icon":1000008669,"_v2024__benefit__icons_repeater_text":"ZVED\u00c1"},{"_v2024__benefit__icons_repeater_icon":1000008668,"_v2024__benefit__icons_repeater_text":"ZPEV\u0147UJE"},{"_v2024__benefit__icons_repeater_icon":1000008674,"_v2024__benefit__icons_repeater_text":"OMLAZUJE"},{"_v2024__benefit__icons_repeater_icon":1000008670,"_v2024__benefit__icons_repeater_text":"VON\u00cd PO JEMN\u00c1 HRU\u0160CE"}],"_v2024__image_ingreddients__intro_text":"\u00da\u010dinn\u00e1 sm\u011bs kolagenov\u00fdch posilova\u010d\u016f, \u00fa\u010dinn\u00fdch slo\u017eek proti st\u00e1rnut\u00ed a hydrata\u010dn\u00edch \u00fa\u010dinn\u00fdch l\u00e1tek p\u016fsob\u00ed synergicky s rostlinn\u00fdmi v\u00fdta\u017eky na omlazen\u00ed krku, dekoltu a poprs\u00ed.","_v2024__image_ingreddients__additional_description":"","_v2024__image_ingreddients__disclamer_inner":"","_v2024__image_ingredients__repeater":[{"_v2024__image_ingredients__ingredient_image":1000008643,"_v2024__image_ingredients__ingredient_title":"DERMOSCULPT\u2122","_v2024__image_ingredients__ingredient_description":"Inovace proti stri\u00edm s \u00fa\u010dinkem 360\u00b0 Green Collagen Builder efekt. Siln\u00e1 \u00fa\u010dinn\u00e1 slo\u017eka, kter\u00e1 stimuluje tvorbu kolagenu a kl\u00ed\u010dov\u00fdch glykosaminoglykan\u016f (GAGs), jako je kyselina hyaluronov\u00e1. Posiluje strukturu poko\u017eky, zvy\u0161uje jej\u00ed elasticitu, poskytuje hloubkovou hydrataci a liftingov\u00fd efekt."},{"_v2024__image_ingredients__ingredient_image":1000008639,"_v2024__image_ingredients__ingredient_title":"BODYFERM\u2122","_v2024__image_ingredients__ingredient_description":"Zpev\u0148uje problematick\u00e9 partie, podporuje mikrocirkulaci, spou\u0161t\u00ed procesy rozpou\u0161t\u011bn\u00ed podko\u017en\u00edho tuku. P\u016fsob\u00ed na celkovou remodelaci t\u011bla."},{"_v2024__image_ingredients__ingredient_image":1000008651,"_v2024__image_ingredients__ingredient_title":"RHODYSSEY\u2122","_v2024__image_ingredients__ingredient_description":"Stimuluje mitochondri\u00e1ln\u00ed aktivitu a synt\u00e9zu kyseliny hyaluronov\u00e9 pro hloubkovou hydrataci a regeneraci poko\u017eky. Vyp\u00edn\u00e1, vyhlazuje a posiluje ko\u017en\u00ed bari\u00e9ru. Zvy\u0161uje pru\u017enost a obnovuje mladistv\u00fd vzhled."},{"_v2024__image_ingredients__ingredient_image":1000008648,"_v2024__image_ingredients__ingredient_title":"PEPTIDY","_v2024__image_ingredients__ingredient_description":"Inovativn\u00ed peptidov\u00fd komplex, kter\u00fd stimuluje obnovu poko\u017eky, redukuje vr\u00e1sky a zlep\u0161uje jej\u00ed pru\u017enost. Regeneruje kolagenovou s\u00ed\u0165, zpomaluje st\u00e1rnut\u00ed bun\u011bk a posiluje strukturu pleti pro mladistv\u011bj\u0161\u00ed vzhled."},{"_v2024__image_ingredients__ingredient_image":1000008647,"_v2024__image_ingredients__ingredient_title":"GUARANA","_v2024__image_ingredients__ingredient_description":"Extrakt bohat\u00fd na kofein, kter\u00fd stimuluje odbour\u00e1v\u00e1n\u00ed tuk\u016f a zlep\u0161uje mikrocirkulaci. Sni\u017euje zadr\u017eov\u00e1n\u00ed tekutin."},{"_v2024__image_ingredients__ingredient_image":1000008650,"_v2024__image_ingredients__ingredient_title":"HRU\u0160KA PICHLAV\u00c1","_v2024__image_ingredients__ingredient_description":"Tento extrakt sni\u017euje viditelnost celulitidy t\u00edm, \u017ee zlep\u0161uje strukturu a pru\u017enost poko\u017eky. Hydratuje, detoxikuje a podporuje regeneraci."},{"_v2024__image_ingredients__ingredient_image":1000008646,"_v2024__image_ingredients__ingredient_title":"ZELEN\u00dd O\u0158ECH","_v2024__image_ingredients__ingredient_description":"Extrakt se siln\u00fdmi antioxida\u010dn\u00edmi a detoxika\u010dn\u00edmi \u00fa\u010dinky. P\u016fsob\u00ed na metabolismus tuk\u016f, zlep\u0161uje pru\u017enost a tvaruje siluetu."},{"_v2024__image_ingredients__ingredient_image":1000008644,"_v2024__image_ingredients__ingredient_title":"DRA\u010c\u00cd OVOCE","_v2024__image_ingredients__ingredient_description":"Tento extrakt zlep\u0161uje pru\u017enost, z\u00e1\u0159ivost a obnovuje strukturu poko\u017eky."},{"_v2024__image_ingredients__ingredient_image":1000004197,"_v2024__image_ingredients__ingredient_title":"COCOS","_v2024__image_ingredients__ingredient_description":"Hluboce hydrata\u010dn\u00ed, vy\u017eivuj\u00edc\u00ed a zvl\u00e1\u010d\u0148uj\u00edc\u00ed extrakt. Podporuje ko\u017en\u00ed bari\u00e9ru, zlep\u0161uje elasticitu a dod\u00e1v\u00e1 poko\u017ece hladk\u00fd a pevn\u00fd vzhled."}],"_v2024__image_ingredients__all_ingredients":"AQUA*, GLYCERIN*, POLYSORBATE 20, CHLORELLA VULGARIS EXTRACT*, PUNICA GRANATUM PERICARP EXTRACT*, CORYLUS AVELLANA SEED EXTRACT*, SACCHAROMYCES FERMENT LYSATE FILTRATE*, HYDROLYZED RHODOPHYCEAE EXTRACT*, MARIS AQUA*, HYDROLYZED WALNUT EXTRACT*, PALMITOYL TRIPEPTIDE-1, PALMITOYL TETRAPEPTIDE-7, COCOS NUCIFERA FRUIT EXTRACT*, CITRIC ACID*, SODIUM LEVULINATE*, LACTIC ACID*, SODIUM LACTATE*, PARFUM, SODIUM PHYTATE*, CARBOMER, BUTYLENE GLYCOL, PHENETHYL ALCOHOL*, SODIUM BENZOATE, POTASSIUM SORBATE, DIMETHYL PHENETHYL ACETATE, ROSE KETONES\r\n\r\n<em>* Slo\u017eky p\u0159\u00edrodn\u00edho p\u016fvodu<\/em>\r\n\r\n<em>Vezm\u011bte pros\u00edm na v\u011bdom\u00ed, \u017ee seznam slo\u017eek se m\u016f\u017ee v pr\u016fb\u011bhu \u010dasu m\u00edrn\u011b m\u011bnit v d\u016fsledku vylep\u0161en\u00ed v\u00fdrobku. Aktu\u00e1ln\u00ed informace naleznete na obalu v\u00fdrobku.<\/em>","_v2024__usage_content__left_content":"<strong>KDE<\/strong>: krk, dekolt a poprs\u00ed\r\n\r\n<strong>KDY<\/strong>: r\u00e1no a ve\u010der\r\n\r\n<strong>JAK<\/strong>: nast\u0159\u00edkejte na \u010distou a suchou ple\u0165 a jemn\u011b mas\u00edrujte, dokud se nevst\u0159eb\u00e1","_v2024__usage_content__right_bottom_content":"","_v2024__usage_content__note":"<strong>UPOZORN\u011aN\u00cd<\/strong>\r\n\r\nSkladujte na chladn\u00e9m, tmav\u00e9m a such\u00e9m m\u00edst\u011b. Pouze pro vn\u011bj\u0161\u00ed pou\u017eit\u00ed. V p\u0159\u00edpad\u011b podr\u00e1\u017ed\u011bn\u00ed p\u0159esta\u0148te p\u0159\u00edpravek pou\u017e\u00edvat. Nepou\u017e\u00edvejte na po\u0161kozenou nebo poran\u011bnou poko\u017eku. Vyhn\u011bte se kontaktu s o\u010dima.","_v2024__usage_content__storage":""},"_links":{"self":[{"href":"https:\/\/cocosolis.com\/cz\/wp-json\/wp\/v2\/product\/1000086963","targetHints":{"allow":["GET"]}}],"collection":[{"href":"https:\/\/cocosolis.com\/cz\/wp-json\/wp\/v2\/product"}],"about":[{"href":"https:\/\/cocosolis.com\/cz\/wp-json\/wp\/v2\/types\/product"}],"wp:featuredmedia":[{"embeddable":true,"href":"https:\/\/cocosolis.com\/cz\/wp-json\/"}],"wp:attachment":[{"href":"https:\/\/cocosolis.com\/cz\/wp-json\/wp\/v2\/media?parent=1000086963"}],"wp:term":[{"taxonomy":"product_brand","embeddable":true,"href":"https:\/\/cocosolis.com\/cz\/wp-json\/wp\/v2\/product_brand?post=1000086963"},{"taxonomy":"product_cat","embeddable":true,"href":"https:\/\/cocosolis.com\/cz\/wp-json\/wp\/v2\/product_cat?post=1000086963"},{"taxonomy":"product_tag","embeddable":true,"href":"https:\/\/cocosolis.com\/cz\/wp-json\/wp\/v2\/product_tag?post=1000086963"},{"taxonomy":"product_template","embeddable":true,"href":"https:\/\/cocosolis.com\/cz\/wp-json\/wp\/v2\/product_template?post=1000086963"}],"curies":[{"name":"wp","href":"https:\/\/api.w.org\/{rel}","templated":true}]}}