{"id":1000086962,"date":"2025-07-07T15:10:59","date_gmt":"2025-07-07T13:10:59","guid":{"rendered":"https:\/\/cocosolis.com\/cz\/product\/slim-shaping-serum\/"},"modified":"2026-04-30T08:05:26","modified_gmt":"2026-04-30T06:05:26","slug":"slim-shaping-serum","status":"publish","type":"product","link":"https:\/\/cocosolis.com\/cz\/product\/slim-shaping-serum\/","title":{"rendered":"SLIM+ Shaping Serum"},"content":{"rendered":"","protected":false},"excerpt":{"rendered":"","protected":false},"featured_media":1000008661,"template":"","meta":{"_acf_changed":false},"product_brand":[],"product_cat":[19],"product_tag":[],"product_template":[69],"class_list":{"0":"post-1000086962","1":"product","2":"type-product","3":"status-publish","4":"has-post-thumbnail","6":"product_cat-skin","7":"product_template-v-2024-clean","9":"first","10":"instock","11":"shipping-taxable","12":"purchasable","13":"product-type-simple"},"acf":{"_v2024__listing_and_sharing_info__listing_category":"SLIM+","_v2024__listing_and_sharing_info__product_type":"Shaping Serum","_v2024__listing__and_sharing_info__listing_below_title_in_product_page":"Tvarov\u00e1n\u00ed s\u00e9ra-koncentr\u00e1tu.. C\u00edlen\u011b p\u016fsob\u00ed proti tuku, ochabl\u00e9 k\u016f\u017ei a stri\u00edm. Zmen\u0161uje obvody.<br><strong>Z\u00f3na: b\u0159icho a pa\u017ee<\/strong>","_v2024__listing_and_sharing_info__listing_description":"Tvarov\u00e1n\u00ed s\u00e9ra-koncentr\u00e1tu. C\u00edlen\u011b p\u016fsob\u00ed proti tuku, ochabl\u00e9 k\u016f\u017ei a stri\u00edm.<br><strong>Z\u00f3na: b\u0159icho a pa\u017ee<\/strong>","_v2024__listing_and_sharing_info__image":1000008662,"_v2024__product_hero__hero_type":"carousel","_v2024__product_hero__product_slider_gallery":[{"_v2024__product_hero__product_slider_gallery__image":1000008529,"_v2024__product_hero__product_slider_gallery__video_link":""},{"_v2024__product_hero__product_slider_gallery__image":1000008537,"_v2024__product_hero__product_slider_gallery__video_link":""},{"_v2024__product_hero__product_slider_gallery__image":1000008538,"_v2024__product_hero__product_slider_gallery__video_link":""},{"_v2024__product_hero__product_slider_gallery__image":1000008539,"_v2024__product_hero__product_slider_gallery__video_link":""},{"_v2024__product_hero__product_slider_gallery__image":1000008540,"_v2024__product_hero__product_slider_gallery__video_link":""},{"_v2024__product_hero__product_slider_gallery__image":1000008541,"_v2024__product_hero__product_slider_gallery__video_link":""},{"_v2024__product_hero__product_slider_gallery__image":1000008542,"_v2024__product_hero__product_slider_gallery__video_link":""},{"_v2024__product_hero__product_slider_gallery__image":1000008530,"_v2024__product_hero__product_slider_gallery__video_link":""}],"_v2024__before_and_after_image":"","_v2024__before_and_after_image_mobile":"","_v2024__product_hero__quantity":"100 ML","_v2024__product_hero__product_disclamer":"","_v2024__why_use__should_show":"visible","_v2024__why_use__description_text":"C\u00edlen\u00fd p\u0159\u00edpravek na b\u0159icho a pa\u017ee. 9 p\u0159\u00edrodn\u00edch slo\u017eek, u kter\u00fdch bylo klinicky prok\u00e1z\u00e1no, \u017ee p\u016fsob\u00ed na tuk a zpev\u0148uj\u00ed poko\u017eku. Viditeln\u00e9 v\u00fdsledky za m\u011bs\u00edc.","_v2024__why_use__text_content":"<ul>\r\n \t<li><strong>Transforma\u010dn\u00ed \u00fa\u010dinek<\/strong>: zmen\u0161uje obvod, zpev\u0148uje a tvaruje<\/li>\r\n \t<li><strong>Dopl\u0148kov\u00fd \u00fa\u010dinek<\/strong>: zvy\u0161uje pru\u017enost poko\u017eky a zabra\u0148uje vzniku stri\u00ed<\/li>\r\n \t<li><strong>V\u016fn\u011b<\/strong>: \u010derven\u00fd pomeran\u010d<\/li>\r\n \t<li><strong>Oblast<\/strong>: b\u0159icho a pa\u017ee<\/li>\r\n<\/ul>","_v2024__why_use__product_notes_and_remarks":"","_v2024__why_use__background_color":"#FBF1EB","_v2024__why_use__heading_color":"#816c65","_v2024__why_use__text_color":"#816c65","_v2024__why_use__image_desktop":1000008633,"_v2024__why_use__image_mobile":1000008634,"_v2024__stats_show":false,"_v2024__stats_repeater":null,"_v2024__stats_repeater_disclaimer":null,"_v2024__benefits__icons_repeater":[{"_v2024__benefit__icons_repeater_icon":1000008673,"_v2024__benefit__icons_repeater_text":"ZMEN\u0160UJE OBVOD"},{"_v2024__benefit__icons_repeater_icon":1000008666,"_v2024__benefit__icons_repeater_text":"ZPEV\u0147UJE A TVARUJE"},{"_v2024__benefit__icons_repeater_icon":1000008671,"_v2024__benefit__icons_repeater_text":"CHR\u00c1N\u00cd P\u0158ED STRIEMI"},{"_v2024__benefit__icons_repeater_icon":1000008663,"_v2024__benefit__icons_repeater_text":"VON\u00cd PO \u010cERVEN\u00c9M POMERAN\u010cI"}],"_v2024__image_ingreddients__intro_text":"Bohat\u00e9 p\u0159\u00edrodn\u00ed slo\u017een\u00ed s inovativn\u00edmi slo\u017ekami, kter\u00e9 spaluj\u00ed tuky, stimuluj\u00ed kolagen a hydratuj\u00ed poko\u017eku. Jejich efekt je umocn\u011bn 5 rostlinn\u00fdmi v\u00fdta\u017eky.","_v2024__image_ingreddients__additional_description":"","_v2024__image_ingreddients__disclamer_inner":"","_v2024__image_ingredients__repeater":[{"_v2024__image_ingredients__ingredient_image":1000008649,"_v2024__image_ingredients__ingredient_title":"PINK PEPPERSLIM\u2122","_v2024__image_ingredients__ingredient_description":"P\u0159idan\u00fd ve dvojn\u00e1sobn\u00e9 d\u00e1vce zaji\u0161\u0165uje aktivn\u00ed spalov\u00e1n\u00ed tuk\u016f a mikrocirkulaci. Omezuje ukl\u00e1d\u00e1n\u00ed tukov\u00fdch z\u00e1sob, dr\u00e9nuje."},{"_v2024__image_ingredients__ingredient_image":1000008643,"_v2024__image_ingredients__ingredient_title":"DERMOSCULPT\u2122","_v2024__image_ingredients__ingredient_description":"Inovace proti stri\u00edm s \u00fa\u010dinkem 360\u00b0 Green Collagen Builder efekt. Siln\u00e1 \u00fa\u010dinn\u00e1 slo\u017eka, kter\u00e1 stimuluje tvorbu kolagenu a kl\u00ed\u010dov\u00fdch glykosaminoglykan\u016f (GAGs), jako je kyselina hyaluronov\u00e1. Posiluje strukturu poko\u017eky, zvy\u0161uje jej\u00ed elasticitu, poskytuje hloubkovou hydrataci a liftingov\u00fd efekt."},{"_v2024__image_ingredients__ingredient_image":1000008639,"_v2024__image_ingredients__ingredient_title":"BODYFERM\u2122","_v2024__image_ingredients__ingredient_description":"Prokazateln\u011b sni\u017euje obvod b\u0159icha a pa\u017e\u00ed. Zpev\u0148uje problematick\u00e9 partie, podporuje mikrocirkulaci, spou\u0161t\u00ed procesy rozpou\u0161t\u011bn\u00ed podko\u017en\u00edho tuku."},{"_v2024__image_ingredients__ingredient_image":1000002902,"_v2024__image_ingredients__ingredient_title":"AQUAXYL\u2122 + GLYCERIN","_v2024__image_ingredients__ingredient_description":"Kombinace pro silnou hydrataci. Synt\u00e9za ceramid\u016f a p\u016fsoben\u00ed proti st\u00e1rnut\u00ed. Poko\u017eka z\u016fst\u00e1v\u00e1 z\u00e1\u0159iv\u00e1, hladk\u00e1 a hydratovan\u00e1 po v\u00edce ne\u017e 24 hodin."},{"_v2024__image_ingredients__ingredient_image":1000008647,"_v2024__image_ingredients__ingredient_title":"GUARANA","_v2024__image_ingredients__ingredient_description":"Extrakt bohat\u00fd na kofein, kter\u00fd stimuluje odbour\u00e1v\u00e1n\u00ed tuk\u016f a zlep\u0161uje mikrocirkulaci. Sni\u017euje zadr\u017eov\u00e1n\u00ed tekutin."},{"_v2024__image_ingredients__ingredient_image":1000008650,"_v2024__image_ingredients__ingredient_title":"HRU\u0160KA PICHLAV\u00c1","_v2024__image_ingredients__ingredient_description":"Tento extrakt sni\u017euje viditelnost celulitidy t\u00edm, \u017ee zlep\u0161uje strukturu a pru\u017enost poko\u017eky. Hydratuje, detoxikuje a podporuje regeneraci."},{"_v2024__image_ingredients__ingredient_image":1000008638,"_v2024__image_ingredients__ingredient_title":"\u010cERVEN\u00dd POMERAN\u010c","_v2024__image_ingredients__ingredient_description":"Extrakt, kter\u00fd stimuluje krevn\u00ed ob\u011bh a sni\u017euje hromad\u011bn\u00ed tuku. Obsahuje antioxidanty, zlep\u0161uje pru\u017enost a tonus poko\u017eky."},{"_v2024__image_ingredients__ingredient_image":1000008645,"_v2024__image_ingredients__ingredient_title":"ZELEN\u00c1 K\u00c1VA","_v2024__image_ingredients__ingredient_description":"Extrakt, kter\u00fd stimuluje termogenezi, zrychluje metabolismus poko\u017eky a pom\u00e1h\u00e1 odbour\u00e1vat tuk. Obsahuje kyselinu chlorogenovou, kter\u00e1 zlep\u0161uje mikrocirkulaci a sni\u017euje viditelnost celulitidy."},{"_v2024__image_ingredients__ingredient_image":1000004197,"_v2024__image_ingredients__ingredient_title":"COCOS","_v2024__image_ingredients__ingredient_description":"Hluboce hydrata\u010dn\u00ed, vy\u017eivuj\u00edc\u00ed a zvl\u00e1\u010d\u0148uj\u00edc\u00ed extrakt. Podporuje ko\u017en\u00ed bari\u00e9ru, zlep\u0161uje elasticitu a dod\u00e1v\u00e1 poko\u017ece hladk\u00fd a pevn\u00fd vzhled."}],"_v2024__image_ingredients__all_ingredients":"AQUA*, GLYCERIN*, POLYSORBATE 20, PUNICA GRANATUM PERICARP EXTRACT*, CORYLUS AVELLANA SEED EXTRACT*, SACCHAROMYCES FERMENT LYSATE FILTRATE*, CHLORELLA VULGARIS EXTRACT*, SCHINUS TEREBINTHIFOLIA SEED EXTRACT*, XYLITYLGLUCOSIDE*, ANHYDROXYLITOL*, XYLITOL*, VACCINIUM MYRTILLUS FRUIT EXTRACT*, COFFEA ARABICA SEED EXTRACT*, OPUNTIA FICUS-INDICA FLOWER EXTRACT*, HYLOCEREUS UNDATUS FRUIT EXTRACT*, COCOS NUCIFERA FRUIT EXTRACT*, CAPSICUM FRUTESCENS FRUIT EXTRACT*, PAULLINIA CUPANA SEED EXTRACT*, CITRIC ACID*, ACACIA SENEGAL GUM*, XANTHAN GUM*, LACTIC ACID*, SODIUM LEVULINATE*, CITRUS AURANTIUM PEEL OIL*, SODIUM PHYTATE*, SODIUM BENZOATE, POTASSIUM SORBATE, LIMONENE, PINENE, LINALOOL\r\n\r\n<em>* P\u0159\u00edrodn\u00ed slo\u017eky<\/em>\r\n\r\n<em>Vezm\u011bte pros\u00edm na v\u011bdom\u00ed, \u017ee seznam slo\u017eek se m\u016f\u017ee v pr\u016fb\u011bhu \u010dasu m\u00edrn\u011b m\u011bnit v d\u016fsledku vylep\u0161en\u00ed v\u00fdrobku. Aktu\u00e1ln\u00ed informace naleznete na obalu v\u00fdrobku.<\/em>","_v2024__usage_content__left_content":"<strong>KDE<\/strong>: b\u0159icho a ruce\r\n\r\n<strong>KDY<\/strong>: r\u00e1no a ve\u010der\r\n\r\n<strong>JAK<\/strong>: naneste na \u010distou a suchou poko\u017eku mas\u00e1\u017en\u00edmi pohyby, dokud se pln\u011b nevst\u0159eb\u00e1\r\n\r\n<strong>PRO NEJLEP\u0160\u00cd V\u00ddSLEDKY<\/strong>: kombinujte s na\u0161\u00edm mas\u00e1\u017en\u00edm p\u0159\u00edstrojem BODY GUA SHA a olejem serie SKIN podle z\u00e1kladn\u00edch pot\u0159eb va\u0161\u00ed poko\u017eky","_v2024__usage_content__right_bottom_content":"","_v2024__usage_content__note":"<strong>UPOZORN\u011aN\u00cd<\/strong>\r\n\r\nSkladujte na chladn\u00e9m, tmav\u00e9m a such\u00e9m m\u00edst\u011b. Pouze pro vn\u011bj\u0161\u00ed pou\u017eit\u00ed. V p\u0159\u00edpad\u011b podr\u00e1\u017ed\u011bn\u00ed p\u0159esta\u0148te pou\u017e\u00edvat. Nepou\u017e\u00edvejte na po\u0161kozenou nebo poran\u011bnou poko\u017eku.","_v2024__usage_content__storage":""},"_links":{"self":[{"href":"https:\/\/cocosolis.com\/cz\/wp-json\/wp\/v2\/product\/1000086962","targetHints":{"allow":["GET"]}}],"collection":[{"href":"https:\/\/cocosolis.com\/cz\/wp-json\/wp\/v2\/product"}],"about":[{"href":"https:\/\/cocosolis.com\/cz\/wp-json\/wp\/v2\/types\/product"}],"wp:featuredmedia":[{"embeddable":true,"href":"https:\/\/cocosolis.com\/cz\/wp-json\/"}],"wp:attachment":[{"href":"https:\/\/cocosolis.com\/cz\/wp-json\/wp\/v2\/media?parent=1000086962"}],"wp:term":[{"taxonomy":"product_brand","embeddable":true,"href":"https:\/\/cocosolis.com\/cz\/wp-json\/wp\/v2\/product_brand?post=1000086962"},{"taxonomy":"product_cat","embeddable":true,"href":"https:\/\/cocosolis.com\/cz\/wp-json\/wp\/v2\/product_cat?post=1000086962"},{"taxonomy":"product_tag","embeddable":true,"href":"https:\/\/cocosolis.com\/cz\/wp-json\/wp\/v2\/product_tag?post=1000086962"},{"taxonomy":"product_template","embeddable":true,"href":"https:\/\/cocosolis.com\/cz\/wp-json\/wp\/v2\/product_template?post=1000086962"}],"curies":[{"name":"wp","href":"https:\/\/api.w.org\/{rel}","templated":true}]}}