{"id":1000085693,"date":"2025-07-02T05:20:44","date_gmt":"2025-07-02T03:20:44","guid":{"rendered":"https:\/\/cocosolis.com\/cz\/product\/body-gua-sha-anti-cellulite-sculpting-massager\/"},"modified":"2026-04-02T14:00:26","modified_gmt":"2026-04-02T12:00:26","slug":"body-gua-sha-anti-cellulite-sculpting-massager","status":"publish","type":"product","link":"https:\/\/cocosolis.com\/cz\/product\/body-gua-sha-anti-cellulite-sculpting-massager\/","title":{"rendered":"BODY GUA SHA Anti-cellulite &amp; Sculpting Massager"},"content":{"rendered":"","protected":false},"excerpt":{"rendered":"<p>Mas\u00e1\u017en\u00ed p\u0159\u00edstroj z p\u0159\u00edrodn\u00edho d\u0159eva. Vyhlazuje celulitidu a formuje postavu.<\/p>\n","protected":false},"featured_media":1000008683,"template":"","meta":{"_acf_changed":false},"product_brand":[],"product_cat":[19],"product_tag":[],"product_template":[69],"class_list":{"0":"post-1000085693","1":"product","2":"type-product","3":"status-publish","4":"has-post-thumbnail","6":"product_cat-skin","7":"product_template-v-2024-clean","9":"first","10":"instock","11":"shipping-taxable","12":"purchasable","13":"product-type-simple"},"acf":{"_v2024__listing_and_sharing_info__listing_category":"BODY GUA SHA","_v2024__listing_and_sharing_info__product_type":"Anti-cellulite &amp; Sculpting Massager","_v2024__listing__and_sharing_info__listing_below_title_in_product_page":"Mas\u00e1\u017en\u00ed p\u0159\u00edstroj z p\u0159\u00edrodn\u00edho d\u0159eva. Vyhlazuje celulitidu a formuje postavu. Stimuluje krevn\u00ed ob\u011bh a lymfodren\u00e1\u017e.","_v2024__listing_and_sharing_info__listing_description":"Mas\u00e1\u017en\u00ed p\u0159\u00edstroj z p\u0159\u00edrodn\u00edho d\u0159eva. Vyhlazuje celulitidu a formuje postavu.","_v2024__listing_and_sharing_info__image":1000008683,"_v2024__product_hero__hero_type":"carousel","_v2024__product_hero__product_slider_gallery":[{"_v2024__product_hero__product_slider_gallery__image":1000008055,"_v2024__product_hero__product_slider_gallery__video_link":""},{"_v2024__product_hero__product_slider_gallery__image":1000008108,"_v2024__product_hero__product_slider_gallery__video_link":""},{"_v2024__product_hero__product_slider_gallery__image":1000008056,"_v2024__product_hero__product_slider_gallery__video_link":""},{"_v2024__product_hero__product_slider_gallery__image":1000008109,"_v2024__product_hero__product_slider_gallery__video_link":""},{"_v2024__product_hero__product_slider_gallery__image":1000008110,"_v2024__product_hero__product_slider_gallery__video_link":""},{"_v2024__product_hero__product_slider_gallery__image":1000008111,"_v2024__product_hero__product_slider_gallery__video_link":""}],"_v2024__before_and_after_image":"","_v2024__before_and_after_image_mobile":"","_v2024__product_hero__quantity":"","_v2024__product_hero__product_disclamer":"","_v2024__why_use__should_show":"visible","_v2024__why_use__description_text":"","_v2024__why_use__text_content":"<ul>\r\n \t<li>Viditeln\u011b redukuje celulitidu t\u00edm, \u017ee rozb\u00edj\u00ed fibr\u00f3zn\u00ed nahromad\u011bn\u00ed<\/li>\r\n \t<li>Zam\u011b\u0159uje se na \u00faporn\u00e9 tukov\u00e9 z\u00e1soby na stehnech, b\u0159i\u0161e a zadku<\/li>\r\n \t<li>Tvaruje siluetu a zvy\u0161uje pru\u017enost poko\u017eky<\/li>\r\n \t<li>Stimuluje krevn\u00ed ob\u011bh, lymfatickou dren\u00e1\u017e a odstra\u0148ov\u00e1n\u00ed toxin\u016f<\/li>\r\n \t<li>Nab\u00edz\u00ed maxim\u00e1ln\u00ed anticelulitidn\u00ed a lipolytick\u00fd \u00fa\u010dinek v kombinaci s na\u0161\u00edm nejprod\u00e1van\u011bj\u0161\u00edm t\u011blov\u00fdm olejem SKIN Anti-cellulite Body Oil<\/li>\r\n \t<li>Lehk\u00fd, ergonomick\u00fd, vyroben\u00fd z kvalitn\u00edho bukov\u00e9ho d\u0159eva s vysokou odolnost\u00ed<\/li>\r\n<\/ul>","_v2024__why_use__product_notes_and_remarks":"","_v2024__why_use__background_color":"#FBF1EB","_v2024__why_use__heading_color":"#816c65","_v2024__why_use__text_color":"#816c65","_v2024__why_use__image_desktop":1000008061,"_v2024__why_use__image_mobile":1000008062,"_v2024__stats_show":false,"_v2024__stats_repeater":null,"_v2024__stats_repeater_disclaimer":null,"_v2024__benefits__icons_repeater":null,"_v2024__image_ingreddients__intro_text":"","_v2024__image_ingreddients__additional_description":"","_v2024__image_ingreddients__disclamer_inner":"","_v2024__image_ingredients__repeater":null,"_v2024__image_ingredients__all_ingredients":"","_v2024__usage_content__left_content":"<strong>KDE<\/strong>: stehna, zadek, b\u0159icho, ruce a obli\u010dej\r\n\r\n<strong>JAK \u010cASTO<\/strong>: denn\u011b nebo alespo\u0148 4kr\u00e1t t\u00fddn\u011b\r\n<p class=\"product_guaSha_advice\"><strong>TIP: pou\u017e\u00edvejte v\u017edy s t\u011blov\u00fdm olejem, pro maxim\u00e1ln\u00ed \u00fa\u010dinek doporu\u010dujeme <a href=\"https:\/\/cocosolis.com\/cz\/product\/skin-anti-cellulite-dry-oil\/\" target=\"_blank\" rel=\"noopener\">SKIN Anti-cellulite<\/a><\/strong><\/p>\r\n\r\n<ol>\r\n \t<li>Na \u010distou a suchou poko\u017eku naneste dostate\u010dn\u00e9 mno\u017estv\u00ed t\u011blov\u00e9ho oleje SKIN.<\/li>\r\n \t<li>Mas\u00edrujte 5-10 minut ka\u017edou oblast hladk\u00fdmi pohyby ve sm\u011bru toku lymfy: od okraj\u016f t\u011bla do st\u0159edu.<\/li>\r\n \t<li>O\u010dist\u011bte m\u011bkk\u00fdm, such\u00fdm nebo m\u00edrn\u011b navlh\u010den\u00fdm had\u0159\u00edkem. Doporu\u010duje se neom\u00fdvat vodou.<\/li>\r\n \t<li>Skladujte na such\u00e9m m\u00edst\u011b (nejl\u00e9pe ne v koupeln\u011b) a mimo dosah zdroj\u016f tepla.<\/li>\r\n<\/ol>\r\n<h4 class=\"ingredientsAndUsage_usage_grid_left_title\">MATERI\u00c1L<\/h4>\r\n100% bukov\u00e9 d\u0159evo\r\n\r\n<em>Pro opakovan\u00e9 pou\u017eit\u00ed. Pou\u017e\u00edvejte s vhodn\u00fdm t\u011blov\u00fdm olejem. Nepou\u017e\u00edvejte na podr\u00e1\u017ed\u011bnou, po\u0161kozenou nebo zan\u00edcenou poko\u017eku. P\u0159esta\u0148te pou\u017e\u00edvat p\u0159i podr\u00e1\u017ed\u011bn\u00ed nebo nepohodl\u00ed. Nen\u00ed to hra\u010dka. Uchov\u00e1vejte na such\u00e9m m\u00edst\u011b, mimo vlhkost a teplo, mimo dosah d\u011bt\u00ed. Po pou\u017eit\u00ed \u010dist\u011bte m\u011bkk\u00fdm, such\u00fdm nebo m\u00edrn\u011b vlhk\u00fdm had\u0159\u00edkem. Neoplachujte vodou. Slo\u017een\u00ed: 100% buk.\r\n<\/em>\r\n\r\n&nbsp;","_v2024__usage_content__right_bottom_content":"","_v2024__usage_content__note":"","_v2024__usage_content__storage":""},"_links":{"self":[{"href":"https:\/\/cocosolis.com\/cz\/wp-json\/wp\/v2\/product\/1000085693","targetHints":{"allow":["GET"]}}],"collection":[{"href":"https:\/\/cocosolis.com\/cz\/wp-json\/wp\/v2\/product"}],"about":[{"href":"https:\/\/cocosolis.com\/cz\/wp-json\/wp\/v2\/types\/product"}],"wp:featuredmedia":[{"embeddable":true,"href":"https:\/\/cocosolis.com\/cz\/wp-json\/"}],"wp:attachment":[{"href":"https:\/\/cocosolis.com\/cz\/wp-json\/wp\/v2\/media?parent=1000085693"}],"wp:term":[{"taxonomy":"product_brand","embeddable":true,"href":"https:\/\/cocosolis.com\/cz\/wp-json\/wp\/v2\/product_brand?post=1000085693"},{"taxonomy":"product_cat","embeddable":true,"href":"https:\/\/cocosolis.com\/cz\/wp-json\/wp\/v2\/product_cat?post=1000085693"},{"taxonomy":"product_tag","embeddable":true,"href":"https:\/\/cocosolis.com\/cz\/wp-json\/wp\/v2\/product_tag?post=1000085693"},{"taxonomy":"product_template","embeddable":true,"href":"https:\/\/cocosolis.com\/cz\/wp-json\/wp\/v2\/product_template?post=1000085693"}],"curies":[{"name":"wp","href":"https:\/\/api.w.org\/{rel}","templated":true}]}}