{"id":1000081892,"date":"2025-06-16T10:18:48","date_gmt":"2025-06-16T08:18:48","guid":{"rendered":"https:\/\/cocosolis.com\/cz\/?post_type=product&#038;p=1000081892"},"modified":"2026-04-06T15:28:44","modified_gmt":"2026-04-06T13:28:44","slug":"capri-after-sun-tan-extending-lotion","status":"publish","type":"product","link":"https:\/\/cocosolis.com\/cz\/product\/capri-after-sun-tan-extending-lotion\/","title":{"rendered":"CAPRI After Sun Tan-Extending Lotion"},"content":{"rendered":"","protected":false},"excerpt":{"rendered":"<p>Lotion po opalov\u00e1n\u00ed s obsahem TOSOLIN\u2122. Obnovuje a hydratuje.<\/p>\n","protected":false},"featured_media":1000007980,"template":"","meta":{"_acf_changed":false},"product_brand":[],"product_cat":[15],"product_tag":[],"product_template":[69],"class_list":{"0":"post-1000081892","1":"product","2":"type-product","3":"status-publish","4":"has-post-thumbnail","6":"product_cat-suntan-body","7":"product_template-v-2024-clean","9":"first","10":"instock","11":"shipping-taxable","12":"purchasable","13":"product-type-simple"},"acf":{"_v2024__listing_and_sharing_info__listing_category":"CAPRI","_v2024__listing_and_sharing_info__product_type":"After Sun Tan-Extending Lotion","_v2024__listing__and_sharing_info__listing_below_title_in_product_page":"Lotion po opalov\u00e1n\u00ed pro prodlou\u017een\u00ed pleti s obsahem TOSOLIN\u2122. Osv\u011b\u017euje, zklid\u0148uje a hydratuje poko\u017eku. P\u0159i ka\u017edodenn\u00edm pou\u017e\u00edv\u00e1n\u00ed uchov\u00e1 op\u00e1len\u00ed a\u017e po dobu 3 m\u011bs\u00edc\u016f.","_v2024__listing_and_sharing_info__listing_description":"Lotion po opalov\u00e1n\u00ed s obsahem TOSOLIN\u2122. Obnovuje a hydratuje.","_v2024__listing_and_sharing_info__image":1000007981,"_v2024__product_hero__hero_type":"carousel","_v2024__product_hero__product_slider_gallery":[{"_v2024__product_hero__product_slider_gallery__image":1000007893,"_v2024__product_hero__product_slider_gallery__video_link":""},{"_v2024__product_hero__product_slider_gallery__image":1000007901,"_v2024__product_hero__product_slider_gallery__video_link":""},{"_v2024__product_hero__product_slider_gallery__image":1000007902,"_v2024__product_hero__product_slider_gallery__video_link":""},{"_v2024__product_hero__product_slider_gallery__image":1000007903,"_v2024__product_hero__product_slider_gallery__video_link":""},{"_v2024__product_hero__product_slider_gallery__image":1000007904,"_v2024__product_hero__product_slider_gallery__video_link":""},{"_v2024__product_hero__product_slider_gallery__image":1000007905,"_v2024__product_hero__product_slider_gallery__video_link":""},{"_v2024__product_hero__product_slider_gallery__image":1000007906,"_v2024__product_hero__product_slider_gallery__video_link":""},{"_v2024__product_hero__product_slider_gallery__image":1000007907,"_v2024__product_hero__product_slider_gallery__video_link":""}],"_v2024__before_and_after_image":1000007863,"_v2024__before_and_after_image_mobile":1000007864,"_v2024__product_hero__quantity":"100 ML","_v2024__product_hero__product_disclamer":"","_v2024__why_use__should_show":"visible","_v2024__why_use__description_text":"Zajist\u011bte si kvalitn\u00ed p\u00e9\u010di o poko\u017eku po opalov\u00e1n\u00ed a zachovejte si z\u00e1\u0159\u00edc\u00ed opalen\u00ed je\u0161t\u011b dlouho po skon\u010den\u00ed dovolen\u00e9. Sta\u010d\u00ed v\u00e1m k tomu jenom tento lotion s p\u0159\u00edrodn\u00edmi \u00fa\u010dinn\u00fdmi l\u00e1tkami, organick\u00fdmi oleji, vitam\u00edny a v\u016fn\u00ed letn\u00ed dovolen\u00e9 v It\u00e1lii.","_v2024__why_use__text_content":"<ul>\r\n \t<li>Klinicky prok\u00e1z\u00e1no, \u017ee p\u0159i ka\u017edodenn\u00edm pou\u017e\u00edv\u00e1n\u00ed zachov\u00e1v\u00e1 opalen\u00ed a\u017e po dobu 3 m\u011bs\u00edc\u016f<\/li>\r\n \t<li>Okam\u017eit\u011b osv\u011b\u017euje a zklid\u0148uje poko\u017eku po opalov\u00e1n\u00ed<\/li>\r\n \t<li>Sni\u017euje zarudnut\u00ed a pocit napjat\u00e9 a \u201ehork\u00e9\u201c poko\u017eky<\/li>\r\n \t<li>Hloubkov\u011b hydratuje, podporuje regeneraci a posiluje ko\u017en\u00ed bari\u00e9ru<\/li>\r\n \t<li>St\u0159edomo\u0159sk\u00e1 v\u016fn\u011b Dolce Capri s \u010derstvou hru\u0161kou a jasm\u00ednem<\/li>\r\n \t<li>Ide\u00e1ln\u00ed na t\u011blo a obli\u010dej<\/li>\r\n<\/ul>","_v2024__why_use__product_notes_and_remarks":"","_v2024__why_use__background_color":"#FBF1EB","_v2024__why_use__heading_color":"#816c65","_v2024__why_use__text_color":"#816c65","_v2024__why_use__image_desktop":1000007978,"_v2024__why_use__image_mobile":1000007979,"_v2024__stats_show":false,"_v2024__stats_repeater":null,"_v2024__stats_repeater_disclaimer":null,"_v2024__benefits__icons_repeater":[{"_v2024__benefit__icons_repeater_icon":1000007987,"_v2024__benefit__icons_repeater_text":"UKLID\u0147UJE"},{"_v2024__benefit__icons_repeater_icon":1000007985,"_v2024__benefit__icons_repeater_text":"HYDRATUJE"},{"_v2024__benefit__icons_repeater_icon":1000007984,"_v2024__benefit__icons_repeater_text":"PRODLO\u017dUJE OPALEN\u00cd"},{"_v2024__benefit__icons_repeater_icon":1000007986,"_v2024__benefit__icons_repeater_text":"V\u016eN\u011a DOLCE CAPRI HRU\u0160KY A JASM\u00cdNU"}],"_v2024__image_ingreddients__intro_text":"Z\u00e1kladem jedine\u010dn\u00fdch vlastnost\u00ed CAPRI je p\u0159\u00edrodn\u00ed \u00fa\u010dinn\u00e1 l\u00e1tka TOSOLIN\u2122, kter\u00e1 poskytuje komplexn\u00ed p\u00e9\u010di po opalov\u00e1n\u00ed a prodlu\u017euje opalen\u00ed a\u017e na 3 m\u011bs\u00edce. Koktejl \u00fa\u010dinn\u00fdch zvlh\u010duj\u00edc\u00edch l\u00e1tek, vitam\u00edn\u016f a organick\u00fdch olej\u016f dopl\u0148uje a posiluje jeho p\u016fsoben\u00ed a udr\u017euje ple\u0165 bronzovou a z\u00e1\u0159ivou.","_v2024__image_ingreddients__additional_description":"","_v2024__image_ingreddients__disclamer_inner":"","_v2024__image_ingredients__repeater":[{"_v2024__image_ingredients__ingredient_image":7983,"_v2024__image_ingredients__ingredient_title":"TOSOLIN\u2122","_v2024__image_ingredients__ingredient_description":"<p>P\u0159\u00edrodn\u00ed \u00fa\u010dinn\u00e1 l\u00e1tka, u kter\u00e9 bylo klinicky prok\u00e1z\u00e1no, \u017ee prodlo\u017euje op\u00e1len\u00ed t\u00edm, \u017ee stimuluje produkci melaninu a stabilizuje pigmentaci. Zklid\u0148uje poko\u017eku, sni\u017euje zarudnut\u00ed a z\u00e1n\u011bt. Poskytuje silnou antioxida\u010dn\u00ed ochranu proti po\u0161kozen\u00ed UV z\u00e1\u0159en\u00edm. Posiluje ko\u017en\u00ed bari\u00e9ru, podporuje obnovu kolagenu a poskytuje dlouhotrvaj\u00edc\u00ed hydrataci.<\/p>"},{"_v2024__image_ingredients__ingredient_image":7982,"_v2024__image_ingredients__ingredient_title":"BIZABOLOL","_v2024__image_ingredients__ingredient_description":"<p>M\u00e1 siln\u00fd protiz\u00e1n\u011btliv\u00fd \u00fa\u010dinek, zklid\u0148uje zarudnut\u00ed a podr\u00e1\u017ed\u011bn\u00ed po slun\u011bn\u00ed. Pom\u00e1h\u00e1 obnovovat ko\u017en\u00ed bari\u00e9ru a chr\u00e1n\u00ed p\u0159ed oxida\u010dn\u00edm stresem. Zvy\u0161uje \u00fa\u010dinek ostatn\u00edch \u00fa\u010dinn\u00fdch l\u00e1tek.<\/p>\n"},{"_v2024__image_ingredients__ingredient_image":2911,"_v2024__image_ingredients__ingredient_title":"KYSELINA HYALURONOV\u00c1","_v2024__image_ingredients__ingredient_description":"<p>Po slun\u011bn\u00ed poskytuje hloubkovou a dlouhotrvaj\u00edc\u00ed hydrataci t\u00edm, \u017ee zadr\u017euje vlhkost. Zklid\u0148uje podr\u00e1\u017ed\u011bn\u00ed a podporuje regeneraci ko\u017en\u00ed bari\u00e9ry.<\/p>\n"},{"_v2024__image_ingredients__ingredient_image":7074,"_v2024__image_ingredients__ingredient_title":"PANTENOL","_v2024__image_ingredients__ingredient_description":"<p>Obnovuje vlhkost a zlep\u0161uje pru\u017enost poko\u017eky. Zklid\u0148uje a podporuje regeneraci po slun\u011bn\u00ed.<\/p>\n"},{"_v2024__image_ingredients__ingredient_image":6730,"_v2024__image_ingredients__ingredient_title":"P\u0158\u00cdRODN\u00cd VITAMIN E","_v2024__image_ingredients__ingredient_description":"<p>Siln\u00fd antioxidant, kter\u00fd chr\u00e1n\u00ed poko\u017eku p\u0159ed po\u0161kozen\u00edm UV z\u00e1\u0159en\u00edm, hydratuje ji a zklid\u0148uje. Sni\u017euje z\u00e1n\u011bty a prodlu\u017euje zdrav\u00fd vzhled opalen\u00ed.<\/p>\n"},{"_v2024__image_ingredients__ingredient_image":2909,"_v2024__image_ingredients__ingredient_title":"GLYCERINE","_v2024__image_ingredients__ingredient_description":"<p>Siln\u00fd zvlh\u010duj\u00edc\u00ed prost\u0159edek, kter\u00fd udr\u017euje vlhkost a udr\u017euje poko\u017eku jemnou a hladkou. Pom\u00e1h\u00e1 dos\u00e1hnout rovnom\u011brn\u011bj\u0161\u00edho a dlouhotrvaj\u00edc\u00edho vzhledu opalen\u00ed.<\/p>\n"},{"_v2024__image_ingredients__ingredient_image":2906,"_v2024__image_ingredients__ingredient_title":"KOKOSOV\u00dd OLEJ","_v2024__image_ingredients__ingredient_description":"<p>Hydratuje a vy\u017eivuje poko\u017eku po opalov\u00e1n\u00ed. Zabra\u0148uje olupov\u00e1n\u00ed a vysu\u0161ov\u00e1n\u00ed a pom\u00e1h\u00e1 k del\u0161\u00edmu op\u00e1len\u00ed.<\/p>\n"},{"_v2024__image_ingredients__ingredient_image":3680,"_v2024__image_ingredients__ingredient_title":"MELOUNOV\u00dd OLEJ","_v2024__image_ingredients__ingredient_description":"<p>Obsahuje antioxidanty, vitaminy A, C a esenci\u00e1ln\u00ed mastn\u00e9 kyseliny. Hloubkov\u011b hydratuje, omlazuje a chr\u00e1n\u00ed poko\u017eku.<\/p>\n"},{"_v2024__image_ingredients__ingredient_image":6717,"_v2024__image_ingredients__ingredient_title":"JOJOBA OIL","_v2024__image_ingredients__ingredient_description":"<p>Vyrovn\u00e1v\u00e1 produkci ko\u017en\u00edho mazu, zklid\u0148uje poko\u017eku a udr\u017euje ji hladkou a \u010distou, bez pup\u00ednk\u016f.<\/p>\n"}],"_v2024__image_ingredients__all_ingredients":"AQUA*, CAPRYLYL CAPRYLATE\/CAPRATE*, POLYGLYCERYL-6 STEARATE*, CETEARYL ALCOHOL*, PENTYLENE GLYCOL*, 4-T-BUTYLCYCLOHEXANOL, COCOS NUCIFERA OIL*, GLYCERIN*, BISABOLOL*, SODIUMHYALURONATE*, MANNOSE*, GLUCOSE*, BETA-GLUCAN*, PANTHENOL, CITRULLUS LANATUS SEED OIL*, SIMMONDSIA CHINENSIS SEED OIL*, TOCOPHEROL*, HELIANTHUS ANNUUS SEED OIL*, CITRIC ACID*, XANTHAN GUM*, POLYGLYCERYL-6 BEHENATE*, ARACHIDYL ALCOHOL*, BEHENYL ALCOHOL*, ARACHIDYL GLUCOSIDE*, PARFUM, TETRASODIUM GLUTAMATE DIACETATE, PHENOXYETHANOL, BENZYL ALCOHOL, DEHYDROACETIC ACID, DIMETHYL PHENETHYL ACETATE, ROSE KETONES\r\n\r\n<em>*Ingredients from natural origin<\/em>\r\n\r\n<em>Vezm\u011bte pros\u00edm na v\u011bdom\u00ed, \u017ee seznam slo\u017eek se m\u016f\u017ee v pr\u016fb\u011bhu \u010dasu m\u00edrn\u011b m\u011bnit v d\u016fsledku vylep\u0161en\u00ed v\u00fdrobku. Aktu\u00e1ln\u00ed informace naleznete na obalu v\u00fdrobku.<\/em>","_v2024__usage_content__left_content":"<strong>KDE<\/strong>: obli\u010dej a t\u011blo\r\n\r\n<strong>KDY<\/strong>:\r\n<ul>\r\n \t<li><strong>P\u0158ED SLUN\u011aN\u00cdM<\/strong>: ka\u017ed\u00fd den p\u0159ed pobytem na slunci pro p\u0159\u00edpravu poko\u017eky a sn\u00ed\u017een\u00ed pravd\u011bpodobnosti zarudnut\u00ed.<\/li>\r\n \t<li><strong>PO SLUNCI<\/strong>: ka\u017ed\u00fd den po slun\u011bn\u00ed pro zklidn\u011bn\u00ed a hydrataci poko\u017eky.<\/li>\r\n \t<li><strong>PO DOVOLEN\u00c9<\/strong>: ka\u017ed\u00fd den m\u00edsto ka\u017edodenn\u00edho lotionu, abyste prodlou\u017eili opalen\u00ed poko\u017eku a\u017e na 3 m\u011bs\u00edce.<\/li>\r\n<\/ul>\r\n<strong>JAK<\/strong>: naneste bohat\u011b na \u010distou poko\u017eku lehk\u00fdmi mas\u00e1\u017en\u00edmi tahy\r\n<p class=\"freshIdea\"><strong>SV\u011a\u017d\u00cd N\u00c1PAD<\/strong>: uchov\u00e1vejte lotion v chladni\u010dce, abyste p\u0159i aplikaci po dni str\u00e1ven\u00e9m na pl\u00e1\u017ei dodali pleti chladiv\u00fd efekt.<\/p>","_v2024__usage_content__right_bottom_content":"","_v2024__usage_content__note":"<strong>UPOZORN\u011aN\u00cd<\/strong>: Skladujte na chladn\u00e9m a such\u00e9m m\u00edst\u011b. Pouze k vn\u011bj\u0161\u00edmu pou\u017eit\u00ed. Pokud se objev\u00ed podr\u00e1\u017ed\u011bn\u00ed, p\u0159eru\u0161te pou\u017e\u00edv\u00e1n\u00ed. Nepou\u017e\u00edvejte na po\u0161kozenou nebo poran\u011bnou poko\u017eku. Vzhledem k p\u0159irozen\u00e9mu slo\u017een\u00ed se barva ple\u0165ov\u00e9ho ml\u00e9ka m\u016f\u017ee \u010dasem m\u011bnit, ale to neovliv\u0148uje jeho kvalitu ani \u00fa\u010dinnost.","_v2024__usage_content__storage":""},"_links":{"self":[{"href":"https:\/\/cocosolis.com\/cz\/wp-json\/wp\/v2\/product\/1000081892","targetHints":{"allow":["GET"]}}],"collection":[{"href":"https:\/\/cocosolis.com\/cz\/wp-json\/wp\/v2\/product"}],"about":[{"href":"https:\/\/cocosolis.com\/cz\/wp-json\/wp\/v2\/types\/product"}],"wp:featuredmedia":[{"embeddable":true,"href":"https:\/\/cocosolis.com\/cz\/wp-json\/"}],"wp:attachment":[{"href":"https:\/\/cocosolis.com\/cz\/wp-json\/wp\/v2\/media?parent=1000081892"}],"wp:term":[{"taxonomy":"product_brand","embeddable":true,"href":"https:\/\/cocosolis.com\/cz\/wp-json\/wp\/v2\/product_brand?post=1000081892"},{"taxonomy":"product_cat","embeddable":true,"href":"https:\/\/cocosolis.com\/cz\/wp-json\/wp\/v2\/product_cat?post=1000081892"},{"taxonomy":"product_tag","embeddable":true,"href":"https:\/\/cocosolis.com\/cz\/wp-json\/wp\/v2\/product_tag?post=1000081892"},{"taxonomy":"product_template","embeddable":true,"href":"https:\/\/cocosolis.com\/cz\/wp-json\/wp\/v2\/product_template?post=1000081892"}],"curies":[{"name":"wp","href":"https:\/\/api.w.org\/{rel}","templated":true}]}}