{"id":1000067837,"date":"2025-03-20T10:01:51","date_gmt":"2025-03-20T09:01:51","guid":{"rendered":"https:\/\/cocosolis.com\/cz\/product\/grow-hair-growth-massager\/"},"modified":"2026-04-02T14:00:24","modified_gmt":"2026-04-02T12:00:24","slug":"grow-hair-growth-massager","status":"publish","type":"product","link":"https:\/\/cocosolis.com\/cz\/product\/grow-hair-growth-massager\/","title":{"rendered":"GROW Scalp Massager"},"content":{"rendered":"","protected":false},"excerpt":{"rendered":"<p>Mas\u00e9r poko\u017eky hlavy. Stimuluje r\u016fst vlas\u016f. \u010cist\u00ed jemn\u011b a do hloubky.<\/p>\n","protected":false},"featured_media":1000007069,"template":"","meta":{"_acf_changed":false},"product_brand":[],"product_cat":[17],"product_tag":[],"product_template":[69],"class_list":{"0":"post-1000067837","1":"product","2":"type-product","3":"status-publish","4":"has-post-thumbnail","6":"product_cat-hair","7":"product_template-v-2024-clean","9":"first","10":"instock","11":"shipping-taxable","12":"purchasable","13":"product-type-simple"},"acf":{"_v2024__listing_and_sharing_info__listing_category":"GROW","_v2024__listing_and_sharing_info__product_type":"Scalp Massager","_v2024__listing__and_sharing_info__listing_below_title_in_product_page":"Mas\u00e9r poko\u017eky hlavy. Stimuluje r\u016fst vlas\u016f. P\u011bn\u00ed \u0161ampon pro hloubkov\u00e9 a jemn\u00e9 \u010di\u0161t\u011bn\u00ed. Exfoliuje.","_v2024__listing_and_sharing_info__listing_description":"Mas\u00e9r poko\u017eky hlavy. Stimuluje r\u016fst vlas\u016f. \u010cist\u00ed jemn\u011b a do hloubky.","_v2024__listing_and_sharing_info__image":1000007068,"_v2024__product_hero__hero_type":"carousel","_v2024__product_hero__product_slider_gallery":[{"_v2024__product_hero__product_slider_gallery__image":1000007047,"_v2024__product_hero__product_slider_gallery__video_link":""},{"_v2024__product_hero__product_slider_gallery__image":1000007161,"_v2024__product_hero__product_slider_gallery__video_link":""},{"_v2024__product_hero__product_slider_gallery__image":1000007048,"_v2024__product_hero__product_slider_gallery__video_link":""},{"_v2024__product_hero__product_slider_gallery__image":1000007049,"_v2024__product_hero__product_slider_gallery__video_link":""},{"_v2024__product_hero__product_slider_gallery__image":1000007050,"_v2024__product_hero__product_slider_gallery__video_link":""},{"_v2024__product_hero__product_slider_gallery__image":1000007162,"_v2024__product_hero__product_slider_gallery__video_link":""}],"_v2024__before_and_after_image":"","_v2024__before_and_after_image_mobile":"","_v2024__product_hero__quantity":"","_v2024__product_hero__product_disclamer":"","_v2024__why_use__should_show":"visible","_v2024__why_use__description_text":"","_v2024__why_use__text_content":"<ul>\r\n \t<li>Vytv\u00e1\u0159\u00ed bohatou p\u011bnu pro hloubkov\u00e9 a rovnom\u011brn\u00e9 \u010di\u0161t\u011bn\u00ed<\/li>\r\n \t<li>Jemn\u011b exfoliuje a odstra\u0148uje n\u00e1nosy jin\u00fdch produkt\u016f a odum\u0159el\u00e9 ko\u017en\u00ed bu\u0148ky<\/li>\r\n \t<li>Stimuluje prokrven\u00ed vlasov\u00e9 poko\u017eky<\/li>\r\n \t<li>Napom\u00e1h\u00e1 vst\u0159eb\u00e1v\u00e1n\u00ed n\u00e1sledn\u011b aplikovan\u00fdch produkt\u016f, jako je nap\u0159\u00edklad s\u00e9rum<\/li>\r\n \t<li>Urychluje r\u016fst vlas\u016f<\/li>\r\n \t<li>Vhodn\u00e9 pro v\u0161echny typy vlas\u016f, v\u010detn\u011b jemn\u00fdch, hust\u00fdch a kudrnat\u00fdch, a tak\u00e9 pro d\u011bti a mu\u017ee<\/li>\r\n \t<li>Vyrobeno z vysoce kvalitn\u00edho silikonu m\u011bkk\u00e9ho na dotek, s ergonomick\u00fdm designem a velmi jemn\u00fdmi hroty<\/li>\r\n<\/ul>","_v2024__why_use__product_notes_and_remarks":"","_v2024__why_use__background_color":"#FBF1EB","_v2024__why_use__heading_color":"#816c65","_v2024__why_use__text_color":"#816c65","_v2024__why_use__image_desktop":1000007062,"_v2024__why_use__image_mobile":1000007063,"_v2024__stats_show":false,"_v2024__stats_repeater":null,"_v2024__stats_repeater_disclaimer":null,"_v2024__benefits__icons_repeater":null,"_v2024__image_ingreddients__intro_text":"","_v2024__image_ingreddients__additional_description":"","_v2024__image_ingreddients__disclamer_inner":"","_v2024__image_ingredients__repeater":null,"_v2024__image_ingredients__all_ingredients":"","_v2024__usage_content__left_content":"<ol>\r\n \t<li>Navlh\u010dete vlasy a poko\u017eku hlavy.<\/li>\r\n \t<li>Jemn\u00fdmi mas\u00e1\u017en\u00edmi pohyby naneste <a href=\"\/cz\/product\/grow-hair-growth-shampoo\/\">\u0161ampon GROW<\/a><\/li>\r\n \t<li>Pou\u017eijte mas\u00e9r GROW na poko\u017eku hlavy. Jemn\u011b j\u00edm pohybujte v mal\u00fdch krou\u017ec\u00edch po dobu 2-3 minut.<\/li>\r\n \t<li>\u0160ampon dob\u0159e opl\u00e1chn\u011bte.<\/li>\r\n \t<li>Naneste <a href=\"\/cz\/product\/grow-hair-growth-conditioner\">kondicion\u00e9r GROW<\/a> na poko\u017eku hlavy (pokud nem\u00e1te mastn\u00e9 vlasy) a do d\u00e9lek a po 5 minut\u00e1ch opl\u00e1chn\u011bte.<\/li>\r\n<\/ol>\r\n<h4>MATERI\u00c1L<\/h4>\r\n100% silikon m\u011bkk\u00fd na dotek, bez BPA (bisfenol A)","_v2024__usage_content__right_bottom_content":"","_v2024__usage_content__note":"","_v2024__usage_content__storage":""},"_links":{"self":[{"href":"https:\/\/cocosolis.com\/cz\/wp-json\/wp\/v2\/product\/1000067837","targetHints":{"allow":["GET"]}}],"collection":[{"href":"https:\/\/cocosolis.com\/cz\/wp-json\/wp\/v2\/product"}],"about":[{"href":"https:\/\/cocosolis.com\/cz\/wp-json\/wp\/v2\/types\/product"}],"wp:featuredmedia":[{"embeddable":true,"href":"https:\/\/cocosolis.com\/cz\/wp-json\/"}],"wp:attachment":[{"href":"https:\/\/cocosolis.com\/cz\/wp-json\/wp\/v2\/media?parent=1000067837"}],"wp:term":[{"taxonomy":"product_brand","embeddable":true,"href":"https:\/\/cocosolis.com\/cz\/wp-json\/wp\/v2\/product_brand?post=1000067837"},{"taxonomy":"product_cat","embeddable":true,"href":"https:\/\/cocosolis.com\/cz\/wp-json\/wp\/v2\/product_cat?post=1000067837"},{"taxonomy":"product_tag","embeddable":true,"href":"https:\/\/cocosolis.com\/cz\/wp-json\/wp\/v2\/product_tag?post=1000067837"},{"taxonomy":"product_template","embeddable":true,"href":"https:\/\/cocosolis.com\/cz\/wp-json\/wp\/v2\/product_template?post=1000067837"}],"curies":[{"name":"wp","href":"https:\/\/api.w.org\/{rel}","templated":true}]}}