{"id":1000067836,"date":"2025-03-20T10:01:50","date_gmt":"2025-03-20T09:01:50","guid":{"rendered":"https:\/\/cocosolis.com\/cz\/product\/grow-hair-growth-conditioner\/"},"modified":"2026-04-06T15:28:38","modified_gmt":"2026-04-06T13:28:38","slug":"grow-hair-growth-conditioner","status":"publish","type":"product","link":"https:\/\/cocosolis.com\/cz\/product\/grow-hair-growth-conditioner\/","title":{"rendered":"GROW Growth &amp; Anti-aging Conditioner"},"content":{"rendered":"","protected":false},"excerpt":{"rendered":"<p>Kondicion\u00e9r na r\u016fst vlas\u016f s KERASCALP\u2122. S \u00fa\u010dinkem proti st\u00e1rnut\u00ed.<\/p>\n","protected":false},"featured_media":1000007067,"template":"","meta":{"_acf_changed":false},"product_brand":[],"product_cat":[17],"product_tag":[],"product_template":[69],"class_list":{"0":"post-1000067836","1":"product","2":"type-product","3":"status-publish","4":"has-post-thumbnail","6":"product_cat-hair","7":"product_template-v-2024-clean","9":"first","10":"instock","11":"shipping-taxable","12":"purchasable","13":"product-type-simple"},"acf":{"_v2024__listing_and_sharing_info__listing_category":"GROW","_v2024__listing_and_sharing_info__product_type":"Growth &amp; Anti-aging Conditioner","_v2024__listing__and_sharing_info__listing_below_title_in_product_page":"Kondicion\u00e9r na r\u016fst vlas\u016f s KERASCALP\u2122. S \u00fa\u010dinkem proti st\u00e1rnut\u00ed. Klinicky prok\u00e1z\u00e1no, \u017ee vlasy jsou siln\u011bj\u0161\u00ed, pln\u011bj\u0161\u00ed a lesklej\u0161\u00ed.","_v2024__listing_and_sharing_info__listing_description":"Kondicion\u00e9r na r\u016fst vlas\u016f s KERASCALP\u2122. S \u00fa\u010dinkem proti st\u00e1rnut\u00ed.","_v2024__listing_and_sharing_info__image":1000007066,"_v2024__product_hero__hero_type":"carousel","_v2024__product_hero__product_slider_gallery":[{"_v2024__product_hero__product_slider_gallery__image":1000007039,"_v2024__product_hero__product_slider_gallery__video_link":""},{"_v2024__product_hero__product_slider_gallery__image":1000007086,"_v2024__product_hero__product_slider_gallery__video_link":""},{"_v2024__product_hero__product_slider_gallery__image":1000007087,"_v2024__product_hero__product_slider_gallery__video_link":""},{"_v2024__product_hero__product_slider_gallery__image":1000007088,"_v2024__product_hero__product_slider_gallery__video_link":""},{"_v2024__product_hero__product_slider_gallery__image":1000007089,"_v2024__product_hero__product_slider_gallery__video_link":""},{"_v2024__product_hero__product_slider_gallery__image":1000007040,"_v2024__product_hero__product_slider_gallery__video_link":""},{"_v2024__product_hero__product_slider_gallery__image":"","_v2024__product_hero__product_slider_gallery__video_link":""},{"_v2024__product_hero__product_slider_gallery__image":1000007090,"_v2024__product_hero__product_slider_gallery__video_link":""}],"_v2024__before_and_after_image":1000007035,"_v2024__before_and_after_image_mobile":1000007036,"_v2024__product_hero__quantity":"200 ML","_v2024__product_hero__product_disclamer":"","_v2024__why_use__should_show":"visible","_v2024__why_use__description_text":"Tento kondicion\u00e9r s KERASCALP\u2122 nejen vy\u017eivuje, ale tak\u00e9 posiluje a omlazuje vlasy od ko\u0159\u00ednk\u016f a\u017e po kone\u010dky. V\u00fdsledkem jsou vlasy, kter\u00e9 snadno rostou a t\u011b\u017eko se l\u00e1mou.","_v2024__why_use__text_content":"<ul>\r\n \t<li>Hloubkov\u011b zvlh\u010duje, zjem\u0148uje, usnad\u0148uje roz\u010des\u00e1v\u00e1n\u00ed a zabra\u0148uje krepat\u011bn\u00ed vlas\u016f<\/li>\r\n \t<li>Pro maxim\u00e1ln\u00ed \u00fa\u010dinek lze aplikovat i ke ko\u0159\u00ednk\u016fm norm\u00e1ln\u00edch a such\u00fdch vlas\u016f<\/li>\r\n \t<li>Prom\u011b\u0148uje tenk\u00e9 vlasy bez \u017eivota t\u00edm, \u017ee posiluje folikuly<\/li>\r\n \t<li>Omlazuje poko\u017eku hlavy a vlasy, v\u00fdrazn\u011b redukuje \u0161ediny<\/li>\r\n \t<li>Funguje na v\u0161echny typy vlas\u016f<\/li>\r\n \t<li>Neobsahuje parabeny, SLES, SLS, paraf\u00edn, silikony ani slo\u017eky \u017eivo\u010di\u0161n\u00e9ho p\u016fvodu<\/li>\r\n \t<li>\u041evl\u00e1d\u00e1 \u010dich s ovocnou v\u016fn\u00ed<\/li>\r\n<\/ul>","_v2024__why_use__product_notes_and_remarks":"","_v2024__why_use__background_color":"#FBF1EB","_v2024__why_use__heading_color":"#816c65","_v2024__why_use__text_color":"#816c65","_v2024__why_use__image_desktop":1000007060,"_v2024__why_use__image_mobile":1000007061,"_v2024__stats_show":true,"_v2024__stats_repeater":[{"_v2024__stats_repeater_id":"stats_stronger_follicles","_v2024__stats_repeater_number":60,"_v2024__stats_repeater_description_title":"siln\u011bj\u0161\u00edch folikul\u016f","_v2024__stats_repeater_description":"","_v2024__stats_repeater_asterisks":""},{"_v2024__stats_repeater_id":"stats_more_thickness","_v2024__stats_repeater_number":56,"_v2024__stats_repeater_description_title":"v\u011bt\u0161\u00ed hustoty","_v2024__stats_repeater_description":"","_v2024__stats_repeater_asterisks":""},{"_v2024__stats_repeater_id":"stats_more_density","_v2024__stats_repeater_number":49,"_v2024__stats_repeater_description_title":"v\u011bt\u0161\u00ed tlou\u0161\u0165ky","_v2024__stats_repeater_description":"","_v2024__stats_repeater_asterisks":""},{"_v2024__stats_repeater_id":"stats_more_shine","_v2024__stats_repeater_number":51,"_v2024__stats_repeater_description_title":"v\u011bt\u0161\u00edho lesku","_v2024__stats_repeater_description":"","_v2024__stats_repeater_asterisks":""}],"_v2024__stats_repeater_disclaimer":[{"_v2024__stats_repeater_disclaimer_text":"Podle in vitro a in vivo test\u016f \u00fa\u010dinn\u00e9 l\u00e1tky Kerascalp\u2122."}],"_v2024__benefits__icons_repeater":[{"_v2024__benefit__icons_repeater_icon":1000007085,"_v2024__benefit__icons_repeater_text":"HLOUBKOV\u00c1 V\u00dd\u017dIVA"},{"_v2024__benefit__icons_repeater_icon":1000007081,"_v2024__benefit__icons_repeater_text":"\u00da\u010cINEK PROTI ST\u00c1RNUT\u00cd"},{"_v2024__benefit__icons_repeater_icon":1000007082,"_v2024__benefit__icons_repeater_text":"V\u00cdCE HUSTOTY A LESKU"},{"_v2024__benefit__icons_repeater_icon":1000007084,"_v2024__benefit__icons_repeater_text":"VYTVO\u0158EN\u00dd ODBORN\u00cdKY"}],"_v2024__image_ingreddients__intro_text":"Z\u00e1kladem transforma\u010dn\u00edho \u00fa\u010dinku kondicion\u00e9ru GROW je p\u0159\u00edrodn\u00ed \u00fa\u010dinn\u00e1 l\u00e1tka KERASCALP\u2122, kter\u00e1 je kombinac\u00ed tis\u00edcilet\u00e9 tradice \u00e1jurv\u00e9dy a sou\u010dasn\u00e9ho v\u011bdeck\u00e9ho v\u00fdzkumu. V kombinaci s \u010dist\u00fdmi rostlinn\u00fdmi v\u00fdta\u017eky a vitaminy zaji\u0161\u0165uje siln\u00e9 a kr\u00e1sn\u00e9 vlasy, kter\u00e9 rostou.","_v2024__image_ingreddients__additional_description":"","_v2024__image_ingreddients__disclamer_inner":"","_v2024__image_ingredients__repeater":[{"_v2024__image_ingredients__ingredient_image":1000007073,"_v2024__image_ingredients__ingredient_title":"KERASCALP\u2122","_v2024__image_ingredients__ingredient_description":"P\u0159\u00edrodn\u00ed \u00fa\u010dinn\u00e1 l\u00e1tka, v\u00fdta\u017eek z plod\u016f amly, zn\u00e1m\u00fd sv\u00fdmi adaptogenn\u00edmi \u00fa\u010dinky a \u00fa\u010dinky proti st\u00e1rnut\u00ed, pou\u017e\u00edvan\u00fd v \u00e1jurv\u00e9dsk\u00e9 medic\u00edn\u011b. Stimuluje tvorbu Kolagenu XVII, kter\u00fd posiluje folikuly a zpomaluje procesy \u0159\u00eddnut\u00ed, vypad\u00e1v\u00e1n\u00ed a \u0161ediv\u011bn\u00ed vlas\u016f, a tak\u00e9 sni\u017euje aktivitu elast\u00e1zy, kter\u00e1 po\u0161kozuje folikuly a vede k jejich st\u00e1rnut\u00ed. Klinicky prok\u00e1z\u00e1no, \u017ee vlasy jsou siln\u011bj\u0161\u00ed, pln\u011bj\u0161\u00ed, odoln\u011bj\u0161\u00ed a lesklej\u0161\u00ed."},{"_v2024__image_ingredients__ingredient_image":1000007074,"_v2024__image_ingredients__ingredient_title":"PANTHENOL","_v2024__image_ingredients__ingredient_description":"Hydratuje a zklid\u0148uje poko\u017eku hlavy, posiluje folikuly, redukuje krepat\u011bn\u00ed a zanech\u00e1v\u00e1 vlasy leskl\u00e9 a hladk\u00e9."},{"_v2024__image_ingredients__ingredient_image":1000006712,"_v2024__image_ingredients__ingredient_title":"KOKOSOV\u00dd OLEJ","_v2024__image_ingredients__ingredient_description":"Hloubkov\u011b vy\u017eivuje a hydratuje, posiluje strukturu vlas\u016f a dod\u00e1v\u00e1 jim hedv\u00e1bnou hladkost a pru\u017enost."},{"_v2024__image_ingredients__ingredient_image":1000007075,"_v2024__image_ingredients__ingredient_title":"EXTRAKT ZE \u0160\u00cdPK\u016e","_v2024__image_ingredients__ingredient_description":"Nab\u00edj\u00ed vlasy a poko\u017eku hlavy vitam\u00edny a antioxidanty, revitalizuje je a zvy\u0161uje jejich odolnost."},{"_v2024__image_ingredients__ingredient_image":1000007072,"_v2024__image_ingredients__ingredient_title":"EXTRAKT Z V\u0158ESU","_v2024__image_ingredients__ingredient_description":"D\u00edky sv\u00fdm antioxida\u010dn\u00edm a protiz\u00e1n\u011btliv\u00fdm vlastnostem posiluje folikuly a vlasy jsou siln\u011bj\u0161\u00ed a \u017eiv\u011bj\u0161\u00ed."},{"_v2024__image_ingredients__ingredient_image":1000007076,"_v2024__image_ingredients__ingredient_title":"EXTRAKT Z VIOLKY TROJBAREVN\u00c9","_v2024__image_ingredients__ingredient_description":"Intenzivn\u011b vy\u017eivuje, hydratuje a zlep\u0161uje prokrven\u00ed vlas\u016f, \u010d\u00edm\u017e podporuje r\u016fst vlas\u016f."},{"_v2024__image_ingredients__ingredient_image":1000007077,"_v2024__image_ingredients__ingredient_title":"EXTRAKT Z VERBENY","_v2024__image_ingredients__ingredient_description":"S antiseptick\u00fdmi \u00fa\u010dinky pom\u00e1h\u00e1 regenerovat poko\u017eku hlavy a posiluje vlasy."},{"_v2024__image_ingredients__ingredient_image":1000006730,"_v2024__image_ingredients__ingredient_title":"P\u0158\u00cdRODN\u00cd VITAMIN E","_v2024__image_ingredients__ingredient_description":"Siln\u00fd antioxidant, kter\u00fd stimuluje r\u016fst vlas\u016f a pe\u010duje o zdrav\u00ed poko\u017eky hlavy."}],"_v2024__image_ingredients__all_ingredients":"Aqua, Myristyl Alcohol**, Glycerin**, Behentrimonium Chloride, Cetyl Palmitate, Panthenol, Cocos Nucifera Oil*, Coconut Alkanes**, Propanediol**, Phyllanthus Emblica Fruit Extract**, Rosa Canina Flower Extract*, Calluna Vulgaris Flower Extract*, Viola Tricolor Extract*, Centaurium Erythraea Flower Extract*, Verbena Officinalis Flower Extract*, Cetyl Alcohol**, Lauryl Alcohol**, Citric Acid**, Parfum, Sodium Levulinate**, Sodium Benzoate, Potassium Sorbate, Limonene, Citrus Aurantium Peel Oil, Hexyl Cinnamal, Linalool, Tetramethyl Acetyloctahydronaphthalenes, Citrus Limon Oil\r\n\r\n<i>*Certified Organic Ingredients\r\n**Ingredients From Natural Origin<\/i>\r\n\r\n<em>Vezm\u011bte pros\u00edm na v\u011bdom\u00ed, \u017ee seznam slo\u017eek se m\u016f\u017ee v pr\u016fb\u011bhu \u010dasu m\u00edrn\u011b m\u011bnit v d\u016fsledku vylep\u0161en\u00ed v\u00fdrobku. Aktu\u00e1ln\u00ed informace naleznete na obalu v\u00fdrobku.<\/em>","_v2024__usage_content__left_content":"<strong>KDE<\/strong>: vlasy a poko\u017eka hlavy (neaplikujte na poko\u017eku hlavy s mastn\u00fdmi vlasy)\r\n\r\n<strong>JAK<\/strong>: naneste na mokr\u00e9 vlasy (a poko\u017eku hlavy) lehk\u00fdmi mas\u00e1\u017en\u00edmi tahy, po\u010dkejte minim\u00e1ln\u011b 5 minut, ne\u017e za\u010dne p\u016fsobit, a opl\u00e1chn\u011bte.\r\n\r\n<strong>JAK \u010cASTO<\/strong>: v z\u00e1vislosti na b\u011b\u017en\u00e9m myt\u00ed vlas\u016f\r\n\r\n<strong>PRO NEJLEP\u0160\u00cd V\u00ddSLEDKY<\/strong>: kombinujte se <a href=\"https:\/\/cocosolis.com\/cz\/product\/grow-hair-growth-shampoo\/\">\u0161amponem GROW<\/a> a <a href=\"https:\/\/cocosolis.com\/cz\/product\/grow-hair-growth-serum-spray\/\">s\u00e9rem ve spreji GROW<\/a>","_v2024__usage_content__right_bottom_content":"","_v2024__usage_content__note":"","_v2024__usage_content__storage":"Pouze pro venkovn\u00ed pou\u017eit\u00ed. V p\u0159\u00edpad\u011b podr\u00e1\u017ed\u011bn\u00ed p\u0159esta\u0148te p\u0159\u00edpravek pou\u017e\u00edvat. Nepou\u017e\u00edvejte na po\u0161kozenou nebo poran\u011bnou poko\u017eku hlavy. Vyhn\u011bte se kontaktu s o\u010dima. Uchov\u00e1vejte mimo dosah d\u011bt\u00ed! Uchov\u00e1vejte na such\u00e9m a chladn\u00e9m m\u00edst\u011b."},"_links":{"self":[{"href":"https:\/\/cocosolis.com\/cz\/wp-json\/wp\/v2\/product\/1000067836","targetHints":{"allow":["GET"]}}],"collection":[{"href":"https:\/\/cocosolis.com\/cz\/wp-json\/wp\/v2\/product"}],"about":[{"href":"https:\/\/cocosolis.com\/cz\/wp-json\/wp\/v2\/types\/product"}],"wp:featuredmedia":[{"embeddable":true,"href":"https:\/\/cocosolis.com\/cz\/wp-json\/"}],"wp:attachment":[{"href":"https:\/\/cocosolis.com\/cz\/wp-json\/wp\/v2\/media?parent=1000067836"}],"wp:term":[{"taxonomy":"product_brand","embeddable":true,"href":"https:\/\/cocosolis.com\/cz\/wp-json\/wp\/v2\/product_brand?post=1000067836"},{"taxonomy":"product_cat","embeddable":true,"href":"https:\/\/cocosolis.com\/cz\/wp-json\/wp\/v2\/product_cat?post=1000067836"},{"taxonomy":"product_tag","embeddable":true,"href":"https:\/\/cocosolis.com\/cz\/wp-json\/wp\/v2\/product_tag?post=1000067836"},{"taxonomy":"product_template","embeddable":true,"href":"https:\/\/cocosolis.com\/cz\/wp-json\/wp\/v2\/product_template?post=1000067836"}],"curies":[{"name":"wp","href":"https:\/\/api.w.org\/{rel}","templated":true}]}}