{"id":1000034426,"date":"2024-07-01T12:18:51","date_gmt":"2024-07-01T10:18:51","guid":{"rendered":"https:\/\/cocosolis.com\/cz\/product\/aura-peptide-shimmer-spray\/"},"modified":"2026-04-06T15:28:33","modified_gmt":"2026-04-06T13:28:33","slug":"aura-peptide-shimmer-spray-nude","status":"publish","type":"product","link":"https:\/\/cocosolis.com\/cz\/product\/aura-peptide-shimmer-spray-nude\/","title":{"rendered":"AURA Peptide Shimmer Spray"},"content":{"rendered":"","protected":false},"excerpt":{"rendered":"","protected":false},"featured_media":1000004972,"template":"","meta":{"_acf_changed":false},"product_brand":[],"product_cat":[65],"product_tag":[],"product_template":[69],"class_list":{"0":"post-1000034426","1":"product","2":"type-product","3":"status-publish","4":"has-post-thumbnail","6":"product_cat-shimmer","7":"product_template-v-2024-clean","9":"first","10":"instock","11":"shipping-taxable","12":"purchasable","13":"product-type-simple"},"acf":{"_v2024__listing_and_sharing_info__listing_category":"AURA NUDE","_v2024__listing_and_sharing_info__product_type":"Peptide Shimmer Spray","_v2024__listing__and_sharing_info__listing_below_title_in_product_page":"P\u0159\u00edrodn\u00ed t\u0159pytiv\u00fd sprej s peptidy na obli\u010dej, t\u011blo a vlasy. Rozza\u0159uje, hydratuje a omlazuje.\n<br><strong>Lesk: Nude<\/strong>","_v2024__listing_and_sharing_info__listing_description":"P\u0159\u00edrodn\u00ed t\u0159pytiv\u00fd sprej s peptidy na obli\u010dej, t\u011blo a vlasy. Rozza\u0159uje, hydratuje a omlazuje.\n<br><strong>Lesk: Nude<\/strong>","_v2024__listing_and_sharing_info__image":1000004987,"_v2024__product_hero__hero_type":"carousel","_v2024__product_hero__product_slider_gallery":[{"_v2024__product_hero__product_slider_gallery__image":1000006868,"_v2024__product_hero__product_slider_gallery__video_link":""},{"_v2024__product_hero__product_slider_gallery__image":1000006874,"_v2024__product_hero__product_slider_gallery__video_link":""},{"_v2024__product_hero__product_slider_gallery__image":1000006875,"_v2024__product_hero__product_slider_gallery__video_link":""},{"_v2024__product_hero__product_slider_gallery__image":1000006876,"_v2024__product_hero__product_slider_gallery__video_link":""},{"_v2024__product_hero__product_slider_gallery__image":1000006869,"_v2024__product_hero__product_slider_gallery__video_link":""},{"_v2024__product_hero__product_slider_gallery__image":1000006870,"_v2024__product_hero__product_slider_gallery__video_link":""}],"_v2024__before_and_after_image":1000006866,"_v2024__before_and_after_image_mobile":1000006867,"_v2024__product_hero__quantity":"100ml","_v2024__product_hero__product_disclamer":"","_v2024__why_use__should_show":"visible","_v2024__why_use__description_text":"<p>Spojte elegantn\u00ed lesk s aktivn\u00ed p\u00e9\u010d\u00ed proti st\u00e1rnut\u00ed pleti. Ci\u0165te se z\u00e1\u0159iv\u011b a sv\u011b\u017ee od hlavy a\u017e k pat\u011b.<\/p>\n","_v2024__why_use__text_content":"<ul>\n<li>Jemn\u011b rozza\u0159uje d\u00edky ultrajemn\u00fdm \u010d\u00e1stic\u00edm z p\u0159\u00edrodn\u00ed sl\u00eddy<\/li>\n<li>Okam\u017eit\u011b hydratuje, udr\u017euje vlhkost a omlazuje ple\u0165<\/li>\n<li>Kombinuje peptidy ve vysok\u00e9m obsahu s kyselinou hyaluronovou, glycerinem, panthenolem a kokosovou vodou<\/li>\n<li>Okouzluj\u00edc\u00ed malinov\u00e1 v\u016fn\u011b<\/li>\n<li>Ide\u00e1ln\u00ed na obli\u010dej, t\u011blo a vlasy<\/li>\n<\/ul>\n","_v2024__why_use__product_notes_and_remarks":"","_v2024__why_use__background_color":"#FBF1EB","_v2024__why_use__heading_color":"#816c65","_v2024__why_use__text_color":"#816c65","_v2024__why_use__image_desktop":1000004974,"_v2024__why_use__image_mobile":1000004975,"_v2024__stats_show":false,"_v2024__stats_repeater":null,"_v2024__stats_repeater_disclaimer":null,"_v2024__benefits__icons_repeater":[{"_v2024__benefit__icons_repeater_icon":1000002896,"_v2024__benefit__icons_repeater_text":"ELEGANTN\u011a ROZZ\u00c1\u0158\u00cd"},{"_v2024__benefit__icons_repeater_icon":1000002891,"_v2024__benefit__icons_repeater_text":"OKAM\u017dIT\u011a HYDRATUJE"},{"_v2024__benefit__icons_repeater_icon":1000004600,"_v2024__benefit__icons_repeater_text":"OMLAZUJE"},{"_v2024__benefit__icons_repeater_icon":1000004978,"_v2024__benefit__icons_repeater_text":"VON\u00cd PO \u0160\u0164AVNAT\u00ddCH MALIN\u00c1CH"}],"_v2024__image_ingreddients__intro_text":"<p>Ultrajemn\u00e9 \u010d\u00e1stice z p\u0159\u00edrodn\u00ed sl\u00eddy pracuj\u00ed v symbi\u00f3ze s \u00fa\u010dinn\u00fdmi aktivn\u00edmi l\u00e1tkami a kokosovou vodou a vytv\u00e1\u0159ej\u00ed skute\u010dn\u011b z\u00e1\u0159ivou poko\u017eku a vlasy.<\/p>\n","_v2024__image_ingreddients__additional_description":"","_v2024__image_ingreddients__disclamer_inner":"","_v2024__image_ingredients__repeater":[{"_v2024__image_ingredients__ingredient_image":1000004979,"_v2024__image_ingredients__ingredient_title":"PEPTIDY","_v2024__image_ingredients__ingredient_description":"<p>Je klinicky prok\u00e1z\u00e1no, \u017ee tyto p\u0159\u00edrodn\u00ed peptidy zpomaluj\u00ed proces st\u00e1rnut\u00ed t\u00edm, \u017ee stimuluj\u00ed tvorbu kolagenu a elastinu. Tonizuj\u00ed a viditeln\u011b zpev\u0148uj\u00ed poko\u017eku, sjednocuj\u00ed barvu pleti a redukuj\u00ed tmav\u00e9 skvrny. Zlep\u0161uj\u00ed hydrataci t\u00edm, \u017ee udr\u017euj\u00ed a zvy\u0161uj\u00ed vlhkost v poko\u017ece.<\/p>\n"},{"_v2024__image_ingredients__ingredient_image":1000004599,"_v2024__image_ingredients__ingredient_title":"KYSELINA HYALURONOV\u00c1","_v2024__image_ingredients__ingredient_description":"<p>Vytv\u00e1\u0159\u00ed na poko\u017ece ochrann\u00fd film, kter\u00fd posiluje bari\u00e9rovou funkci a sni\u017euje ztr\u00e1tu vody. Okam\u017eit\u011b zpev\u0148uje a vyhlazuje poko\u017eku.<\/p>\n"},{"_v2024__image_ingredients__ingredient_image":1000004605,"_v2024__image_ingredients__ingredient_title":"PANTHENOL","_v2024__image_ingredients__ingredient_description":"<p>Hydratuje a zpev\u0148uje poko\u017eku t\u00edm, \u017ee p\u0159itahuje a udr\u017euje vlhkost. Zklid\u0148uje, podporuje p\u0159irozen\u00e9 hojiv\u00e9 procesy a obnovuje po opalov\u00e1n\u00ed.<\/p>\n"},{"_v2024__image_ingredients__ingredient_image":1000004197,"_v2024__image_ingredients__ingredient_title":"KOKOSOV\u00c1 VODA","_v2024__image_ingredients__ingredient_description":"<p>Osv\u011b\u017euje a revitalizuje poko\u017eku t\u00edm, \u017ee j\u00ed dod\u00e1v\u00e1 hydrataci a dopl\u0148uje vitam\u00edny, miner\u00e1ly a antioxidanty. Hydratuje a vy\u017eivuje vlasy, usnad\u0148uje jejich roz\u010des\u00e1v\u00e1n\u00ed.<\/p>\n"},{"_v2024__image_ingredients__ingredient_image":1000002909,"_v2024__image_ingredients__ingredient_title":"GLYCERIN","_v2024__image_ingredients__ingredient_description":"<p>Siln\u00fd zvlh\u010duj\u00edc\u00ed prost\u0159edek: p\u0159itahuje vlhkost a udr\u017euje ji v poko\u017ece. Vypl\u0148uje jemn\u00e9 vr\u00e1sky a dod\u00e1v\u00e1 pleti hladkost a pru\u017enost.<\/p>\n"}],"_v2024__image_ingredients__all_ingredients":"<p>AQUA*, PENTYLENE GLYCOL*, HEXAPEPTIDE-11*, COCOS NUCIFERA (COCONUT) WATER*, SODIUM HYALURONATE, PROPANEDIOL*, PANTHENOL, PROPYLENE GLYCOL, GLYCERIN*, CITRIC ACID*, SODIUM BENZOATE, POLYGLYCERYL-6 CAPRYLATE*, POLYGLYCERYL-4 CAPRATE*, PARFUM, CALCIUM TITANIUM BOROSILICATE*, TIN OXIDE*, MICA*, CI 77891*, CI 77491*<\/p>\n<p><em>*Slo\u017eky p\u0159\u00edrodn\u00edho p\u016fvodu<\/em><br \/>\n<em>**P\u0159\u00edrodn\u00ed aroma slo\u017eky<\/em><\/p>\n<p>Vezm\u011bte pros\u00edm na v\u011bdom\u00ed, \u017ee seznam slo\u017eek se m\u016f\u017ee v pr\u016fb\u011bhu \u010dasu m\u00edrn\u011b m\u011bnit v d\u016fsledku vylep\u0161en\u00ed v\u00fdrobku. Aktu\u00e1ln\u00ed informace naleznete na obalu v\u00fdrobku.<\/p>\n","_v2024__usage_content__left_content":"<p><strong>T\u0159pytiv\u00fd efekt je nejv\u00edce viditeln\u00fd na p\u0159\u00edm\u00e9m sv\u011btle.<\/strong><\/p>\n<p><strong>KDE<\/strong>: obli\u010dej, t\u011blo a vlasy<br \/>\n<strong>KA\u017dD\u00dd DEN<\/strong>: po l\u00ed\u010den\u00ed pro jemn\u00e9 rozz\u00e1\u0159en\u00ed<br \/>\n<strong>NA P\u00c1RTY<\/strong>: v\u00edce vrstev pro okouzluj\u00edc\u00ed p\u0159\u00edtomnost<br \/>\n<strong>NA PL\u00c1\u017dI<\/strong>: pro z\u00e1\u0159ivou hydrataci<br \/>\n<strong>PO PL\u00c1\u017dI<\/strong>: pro zklidn\u011bn\u00ed a obnovu pleti<\/p>\n<p><strong>JAK<\/strong>:<\/p>\n<ol>\n<li>P\u0159ed pou\u017eit\u00edm dob\u0159e prot\u0159epejte!<\/li>\n<li>Nast\u0159\u00edkejte ze vzd\u00e1lenosti 20 \u2013 50 cm, abyste zajistili rovnom\u011brn\u00e9 pokryt\u00ed.<\/li>\n<li>Vyhn\u011bte se rozmaz\u00e1v\u00e1n\u00ed rukama nebo \u0161t\u011btcem.<\/li>\n<li>Naneste jednu vrstvu a nechte zaschnout.<\/li>\n<li>Pro dosa\u017een\u00ed intenzivn\u011bj\u0161\u00edho lesku naneste dal\u0161\u00ed vrstvy.<\/li>\n<\/ol>\n","_v2024__usage_content__right_bottom_content":"","_v2024__usage_content__note":"","_v2024__usage_content__storage":"<p>UPOZORN\u011aN\u00cd: Skladujte na chladn\u00e9m, tmav\u00e9m a such\u00e9m m\u00edst\u011b. Pouze pro venkovn\u00ed pou\u017eit\u00ed. V p\u0159\u00edpad\u011b podr\u00e1\u017ed\u011bn\u00ed p\u0159esta\u0148te p\u0159\u00edpravek pou\u017e\u00edvat. Nepou\u017e\u00edvejte na po\u0161kozenou nebo poran\u011bnou poko\u017eku. Vyhn\u011bte se kontaktu s o\u010dima. Uchov\u00e1vejte mimo dosah d\u011bt\u00ed!<\/p>\n<p>&nbsp;<\/p>\n<p>V\u00fdrobek neobsahuje UV filtr proti slune\u010dn\u00edmu z\u00e1\u0159en\u00ed. P\u0159i vystaven\u00ed p\u0159\u00edm\u00e9mu slune\u010dn\u00edmu sv\u011btlu se doporu\u010duje pou\u017e\u00edvat v kombinaci s p\u0159\u00edpravkem proti slune\u010dn\u00edmu z\u00e1\u0159en\u00ed. V\u00fdrobek nen\u00ed samoopaluj\u00edc\u00ed. Nadm\u011brn\u00e9 vystaven\u00ed slunci v\u00e1\u017en\u011b ohro\u017euje zdrav\u00ed.<\/p>\n"},"_links":{"self":[{"href":"https:\/\/cocosolis.com\/cz\/wp-json\/wp\/v2\/product\/1000034426","targetHints":{"allow":["GET"]}}],"collection":[{"href":"https:\/\/cocosolis.com\/cz\/wp-json\/wp\/v2\/product"}],"about":[{"href":"https:\/\/cocosolis.com\/cz\/wp-json\/wp\/v2\/types\/product"}],"wp:featuredmedia":[{"embeddable":true,"href":"https:\/\/cocosolis.com\/cz\/wp-json\/"}],"wp:attachment":[{"href":"https:\/\/cocosolis.com\/cz\/wp-json\/wp\/v2\/media?parent=1000034426"}],"wp:term":[{"taxonomy":"product_brand","embeddable":true,"href":"https:\/\/cocosolis.com\/cz\/wp-json\/wp\/v2\/product_brand?post=1000034426"},{"taxonomy":"product_cat","embeddable":true,"href":"https:\/\/cocosolis.com\/cz\/wp-json\/wp\/v2\/product_cat?post=1000034426"},{"taxonomy":"product_tag","embeddable":true,"href":"https:\/\/cocosolis.com\/cz\/wp-json\/wp\/v2\/product_tag?post=1000034426"},{"taxonomy":"product_template","embeddable":true,"href":"https:\/\/cocosolis.com\/cz\/wp-json\/wp\/v2\/product_template?post=1000034426"}],"curies":[{"name":"wp","href":"https:\/\/api.w.org\/{rel}","templated":true}]}}