{"id":467,"date":"2022-05-06T15:55:54","date_gmt":"2022-05-06T13:55:54","guid":{"rendered":"http:\/\/cocosolis.com\/en\/?page_id=467"},"modified":"2025-02-07T10:47:30","modified_gmt":"2025-02-07T09:47:30","slug":"delivery","status":"publish","type":"page","link":"https:\/\/cocosolis.com\/cz\/delivery\/","title":{"rendered":"Objedn\u00e1vka a doprava"},"content":{"rendered":"\n<h2 class=\"wp-block-heading\">Objedn\u00e1vka a doprava<\/h2>\n\n\n\n<h5 class=\"wp-block-heading\">OBJEDN\u00c1VKA A DORU\u010cEN\u00cd:<\/h5>\n\n\n\n<p>Objedn\u00e1vka m\u016f\u017eete ud\u011blat:<\/p>\n\n\n\n<ul class=\"wp-block-list\">\n<li>Prost\u0159ednictv\u00edm na\u0161eho e-shopu:&nbsp;<a href=\"https:\/\/cocosolis.com\/cz\/store\/\">www.cocosolis.com\/cz\/store\/<\/a><\/li>\n\n\n\n<li>Na osobn\u00ed Facebook zpr\u00e1vu.<\/li>\n\n\n\n<li>Na pevn\u00e9 lince&nbsp;+420 2 2888 1959<\/li>\n<\/ul>\n\n\n\n<p>Po obdr\u017een\u00ed objedn\u00e1vky u\u017eivatel dostane e-mailov\u00e9 potvrzen\u00ed.<\/p>\n\n\n\n<h5 class=\"wp-block-heading\">CENA DOD\u00c1VKY:<\/h5>\n\n\n\n<p>Dod\u00e1vka v r\u00e1mci zem\u011b je&nbsp;<strong>bezplatn\u00e1 nad 1200 k\u010d<\/strong>.<\/p>\n\n\n\n<h5 class=\"wp-block-heading\">DOBA DORU\u010cEN\u00cd:<\/h5>\n\n\n\n<p>Po zad\u00e1n\u00ed objedn\u00e1vky na\u0161i konzultanti v\u00e1s budou kontaktovat pro up\u0159esn\u011bn\u00ed podrobnosti o doru\u010den\u00ed. D\u00e1le V\u00e1s budou t\u00e9\u017e informovat o p\u0159esn\u00fd den doru\u010den\u00ed po\u017eadovan\u00e9 produkty. Datum doru\u010den\u00ed je do 2-3 pracovn\u00edch dn\u00ed od potvrzen\u00ed objedn\u00e1vky.<\/p>\n\n\n\n<h5 class=\"wp-block-heading\">KTEROU KUR\u00ddRN\u00cd SPOLE\u010cNOST M\u016e\u017dU O\u010cEK\u00c1VAT NA DORU\u010cEN\u00cd<\/h5>\n\n\n\n<p>Obdr\u017e\u00edte zbo\u017e\u00ed prost\u0159ednictv\u00edm kur\u00fdrn\u00ed spole\u010dnosti \u00a0PPL.<\/p>\n\n\n\n<p>Aktualizace 06.04.2023<\/p>\n\n\n\n<p><\/p>\n","protected":false},"excerpt":{"rendered":"<p>Objedn\u00e1vka a doprava OBJEDN\u00c1VKA A DORU\u010cEN\u00cd: Objedn\u00e1vka m\u016f\u017eete ud\u011blat: Po obdr\u017een\u00ed objedn\u00e1vky u\u017eivatel dostane e-mailov\u00e9 potvrzen\u00ed. CENA DOD\u00c1VKY: Dod\u00e1vka v r\u00e1mci zem\u011b je&nbsp;bezplatn\u00e1 nad 1200 k\u010d. DOBA DORU\u010cEN\u00cd: Po zad\u00e1n\u00ed objedn\u00e1vky na\u0161i konzultanti v\u00e1s budou kontaktovat pro up\u0159esn\u011bn\u00ed podrobnosti o doru\u010den\u00ed. D\u00e1le V\u00e1s budou t\u00e9\u017e informovat o p\u0159esn\u00fd den doru\u010den\u00ed po\u017eadovan\u00e9 produkty. Datum doru\u010den\u00ed je &hellip; <a href=\"https:\/\/cocosolis.com\/cz\/delivery\/\">Pokra\u010dov\u00e1n\u00ed<\/a><\/p>\n","protected":false},"author":1,"featured_media":0,"parent":0,"menu_order":0,"comment_status":"closed","ping_status":"closed","template":"","meta":{"_acf_changed":false,"footnotes":""},"page_roles":[36],"class_list":["post-467","page","type-page","status-publish","hentry","page_roles-legal"],"acf":[],"_links":{"self":[{"href":"https:\/\/cocosolis.com\/cz\/wp-json\/wp\/v2\/pages\/467","targetHints":{"allow":["GET"]}}],"collection":[{"href":"https:\/\/cocosolis.com\/cz\/wp-json\/wp\/v2\/pages"}],"about":[{"href":"https:\/\/cocosolis.com\/cz\/wp-json\/wp\/v2\/types\/page"}],"author":[{"embeddable":true,"href":"https:\/\/cocosolis.com\/cz\/wp-json\/wp\/v2\/users\/1"}],"replies":[{"embeddable":true,"href":"https:\/\/cocosolis.com\/cz\/wp-json\/wp\/v2\/comments?post=467"}],"version-history":[{"count":7,"href":"https:\/\/cocosolis.com\/cz\/wp-json\/wp\/v2\/pages\/467\/revisions"}],"predecessor-version":[{"id":1000064449,"href":"https:\/\/cocosolis.com\/cz\/wp-json\/wp\/v2\/pages\/467\/revisions\/1000064449"}],"wp:attachment":[{"href":"https:\/\/cocosolis.com\/cz\/wp-json\/wp\/v2\/media?parent=467"}],"wp:term":[{"taxonomy":"page_roles","embeddable":true,"href":"https:\/\/cocosolis.com\/cz\/wp-json\/wp\/v2\/page_roles?post=467"}],"curies":[{"name":"wp","href":"https:\/\/api.w.org\/{rel}","templated":true}]}}