{"id":464,"date":"2022-05-06T15:55:17","date_gmt":"2022-05-06T13:55:17","guid":{"rendered":"http:\/\/cocosolis.com\/en\/?page_id=464"},"modified":"2022-06-17T12:17:26","modified_gmt":"2022-06-17T10:17:26","slug":"terms-of-use","status":"publish","type":"page","link":"https:\/\/cocosolis.com\/cz\/terms-of-use\/","title":{"rendered":"Podm\u00ednky u\u017e\u00edv\u00e1n\u00ed t\u011bchto str\u00e1nek"},"content":{"rendered":"\n<h2 class=\"wp-block-heading\">Podm\u00ednky u\u017e\u00edv\u00e1n\u00ed t\u011bchto str\u00e1nek<\/h2>\n\n\n\n<p>V\u00edtejte na na\u0161ich webov\u00fdch str\u00e1nk\u00e1ch (\u201ecocosolis.com\u201c). Tyto \u201ePodm\u00ednky u\u017e\u00edv\u00e1n\u00ed\u201c upravuj\u00ed p\u0159\u00edstup na str\u00e1nky COCOSOLIS.COM a jejich pou\u017eit\u00ed.<\/p>\n\n\n\n<p>P\u0159\u00edstup na str\u00e1nky a jejich pou\u017e\u00edv\u00e1n\u00ed, jako\u017e i n\u00e1kup produkt\u016f z COCOSOLIS.COM jsou zalo\u017eeny na p\u0159edpokladu, \u017ee se skute\u010dnost\u00ed na\u010d\u00edt\u00e1n\u00ed str\u00e1nek z koncov\u00e9ho za\u0159\u00edzen\u00ed se U\u017eivatel zavazuje p\u0159e\u010d\u00edst si tyto V\u0161eobecn\u00e9 podm\u00ednky pou\u017e\u00edv\u00e1n\u00ed str\u00e1nky a p\u0159\u00edlohy k nim.<\/p>\n\n\n\n<p>Tyto Podm\u00ednky p\u0159edstavuj\u00ed dohodu, kterou se \u0159\u00edd\u00ed vztah mezi PURMERUL OOD jako spr\u00e1vce webov\u00fdch str\u00e1nek&nbsp;<a href=\"http:\/\/www.cocosolis.com\/\">www.cocosolis.com<\/a>&nbsp; a jejich koncov\u00fdch u\u017eivatel\u016f.<\/p>\n\n\n\n<p>Tato dohoda se vztahuje na informa\u010dn\u00ed slu\u017eby a syst\u00e9my dostupn\u00e9 prost\u0159ednictv\u00edm Str\u00e1nek, jejich mobiln\u00edch verz\u00ed, jako\u017e i na v\u0161echny ostatn\u00ed aplikace a slu\u017eby, kter\u00e9 souvisej\u00ed nebo mohou b\u00fdt spojeny s webov\u00fdmi str\u00e1nkami. Tato smlouva je platn\u00e1, dokud U\u017eivatel neukon\u010d\u00ed pou\u017e\u00edv\u00e1n\u00ed Slu\u017eeb dostupn\u00fdch na Str\u00e1nk\u00e1ch.<\/p>\n\n\n\n<p>PURMERUL OOD je obchodn\u00ed spole\u010dnost se s\u00eddlem a adresou spr\u00e1vy: m\u011bsto Plovdiv, 4002, rayon Tsentralen, ul. Lyuleburgaz 22, et. 4, ap. 9. Spole\u010dnost je zaps\u00e1na pod I\u010c 201172065 v Obchodn\u00edm rejst\u0159\u00edku a rejst\u0159\u00edku neziskov\u00fdch pr\u00e1vnick\u00fdch osob veden\u00e9m Registra\u010dn\u00ed agenturou.<\/p>\n\n\n\n<p>Dal\u0161\u00ed pr\u00e1vn\u00ed informace naleznete v \u010d\u00e1stech:&nbsp;<a href=\"https:\/\/cocosolis.com\/cz\/terms-of-sale\/\" target=\"_blank\" rel=\"noreferrer noopener\">V\u0161eobecn\u00e9 podm\u00ednky prodeje<\/a>,&nbsp;<a href=\"https:\/\/cocosolis.com\/cz\/return-policy\/\" target=\"_blank\" rel=\"noreferrer noopener\">Politika vr\u00e1cen\u00ed zbo\u017e\u00ed<\/a>&nbsp;a&nbsp;<a href=\"https:\/\/cocosolis.com\/cz\/privacy-policy\/\" target=\"_blank\" rel=\"noreferrer noopener\">Politika osobn\u00edch \u00fadaj\u016f str\u00e1nek<\/a>&nbsp;COCOSOLIS.COM.<\/p>\n\n\n\n<p>\u00da\u010del Str\u00e1nek je vyj\u00e1d\u0159en t\u011bmito hlavn\u00edmi sm\u011bry:<\/p>\n\n\n\n<ol class=\"wp-block-list\"><li>Informov\u00e1n\u00ed U\u017eivatel\u016f o \u010dinnosti spole\u010dnosti, jej\u00ed historii, vizi, posl\u00e1n\u00ed, hodnot\u00e1ch, podnikov\u00e9 a soci\u00e1ln\u00ed odpov\u011bdnosti a produktech a slu\u017eb\u00e1ch, kter\u00e9 nab\u00edz\u00ed.<\/li><li>Poskytov\u00e1n\u00ed p\u0159\u00edstupu na platformu, jej\u00edm\u017e prost\u0159ednictv\u00edm mohou U\u017eivatel\u00e9 zad\u00e1vat objedn\u00e1vky zbo\u017e\u00ed online, uzav\u00edrat smlouvy o prodeji zbo\u017e\u00ed nab\u00edzen\u00e9ho Spole\u010dnost\u00ed a sd\u00edlet recenze a hodnocen\u00ed nab\u00edzen\u00e9ho zbo\u017e\u00ed.<\/li><li>Informov\u00e1n\u00ed U\u017eivatel\u016f str\u00e1nek o podrobnostech kontaktu se Spole\u010dnost\u00ed v p\u0159\u00edpad\u011b, \u017ee pot\u0159ebuj\u00ed dal\u0161\u00ed informace, maj\u00ed ot\u00e1zky t\u00fdkaj\u00edc\u00ed se nab\u00edzen\u00fdch produkt\u016f a slu\u017eeb, cht\u011bj\u00ed pos\u00edlat p\u0159ipom\u00ednky nebo doporu\u010den\u00ed, jako\u017e i dost\u00e1vat informace o jejich pr\u00e1vech a zp\u016fsobu jejich uplatn\u011bn\u00ed.<\/li><\/ol>\n\n\n\n<p>P\u0159\u00edstup ke COCOSOLIS.COM a jejich pou\u017e\u00edv\u00e1n\u00ed, v\u010detn\u011b zobrazov\u00e1n\u00ed webov\u00fdch str\u00e1nek, komunikace s COCOSOLIS.COM a souvisej\u00edc\u00edch webov\u00fdch str\u00e1nek a zdroj\u016f soci\u00e1ln\u00edch m\u00e9di\u00ed, n\u00e1kup\u016f na webov\u00fdch str\u00e1nk\u00e1ch, prov\u00e1d\u011bj\u00ed na\u0161i u\u017eivatel\u00e9 v\u00fdlu\u010dn\u011b pro osobn\u00ed \u00fa\u010dely, kter\u00e9 by v \u017e\u00e1dn\u00e9m p\u0159\u00edpad\u011b nem\u011bly b\u00fdt spojeny se \u017e\u00e1dnou obchodn\u00ed, hospod\u00e1\u0159skou nebo odbornou \u010dinnost\u00ed.<\/p>\n\n\n\n<p>COCOSOLIS.COM neodpov\u00edd\u00e1 za pou\u017eit\u00ed str\u00e1nek a jejich obsahu \u017e\u00e1dn\u00fdm z jejich u\u017eivatel\u016f, kter\u00e9 nen\u00ed v souladu se z\u00e1kony a jin\u00fdmi pr\u00e1vn\u00edmi p\u0159edpisy. A konkr\u00e9tn\u011bji se m\u016f\u017ee st\u00e1t, \u017ee budete zodpov\u011bdn\u00ed za poskytnut\u00ed nepravdiv\u00fdch, zav\u00e1d\u011bj\u00edc\u00edch informac\u00ed nebo \u00fadaj\u016f t\u00fdkaj\u00edc\u00edch se t\u0159et\u00edch stran (v p\u0159\u00edpad\u011b, \u017ee t\u0159et\u00ed strana nedala sv\u016fj souhlas), jako\u017e i za jak\u00e9koli zneu\u017eit\u00ed t\u011bchto \u00fadaj\u016f nebo informac\u00ed.<\/p>\n\n\n\n<ol class=\"wp-block-list\"><li>Registrace a komunikace<\/li><\/ol>\n\n\n\n<p>Pokud chcete vyu\u017e\u00edvat na\u0161e slu\u017eby, mus\u00edte b\u00fdt dosp\u011bl\u00fd a p\u0159ijmout tyto Podm\u00ednky. P\u0159ijet\u00edm t\u011bchto Podm\u00ednek U\u017eivatel souhlas\u00ed s t\u00edm, \u017ee komunikace s n\u00edm bude prob\u00edhat prost\u0159ednictv\u00edm poskytnut\u00fdch elektronick\u00fdch komunika\u010dn\u00edch kan\u00e1l\u016f \u2013 telefonicky, e-mailem, SMS-kami a jin\u00fdmi elektronick\u00fdmi kan\u00e1ly. U\u017eivatel souhlas\u00ed s t\u00edm, \u017ee bude adres\u00e1tem a bude dost\u00e1vat elektronick\u00e9 pod\u00e1n\u00ed od Str\u00e1nek a jejich spr\u00e1vce.<\/p>\n\n\n\n<p>Strany se dohodly, \u017ee e-maily p\u0159edstavuj\u00ed elektronick\u00e9 pod\u00e1n\u00ed a \u017ee doprovodn\u00e9 informace p\u0159edstavuj\u00ed identifikaci autora jako dr\u017eitele t\u011bchto elektronick\u00fdch pod\u00e1n\u00ed a jsou elektronick\u00fdm podpisem, kter\u00fdm strany uzn\u00e1vaj\u00ed jako rovnocenn\u00fd vlastnoru\u010dn\u00edho podpisu ve vz\u00e1jemn\u00fdch vztaz\u00edch.<\/p>\n\n\n\n<p>Produkty si m\u016f\u017eete zakoupit i registrac\u00ed na t\u011bchto str\u00e1nk\u00e1ch, abyste mohli vyu\u017e\u00edvat na\u0161e slu\u017eby. Registrace je bezplatn\u00e1. U\u017eivatel m\u016f\u017ee registraci kdykoli odm\u00edtnout. U\u017eivatel se zavazuje poskytnout \u00fapln\u00e9, pravdiv\u00e9 a p\u0159esn\u00e9 informace p\u0159i registraci i p\u0159i zad\u00e1v\u00e1n\u00ed objedn\u00e1vky bez registrace profilu. P\u0159\u00edstupov\u00e1 pr\u00e1va jsou osobn\u00ed a nemohou se p\u0159ev\u00e1d\u011bt na t\u0159et\u00ed strany. Neodpov\u00edd\u00e1me za neopr\u00e1vn\u011bn\u00fd p\u0159\u00edstup k va\u0161emu profilu.<\/p>\n\n\n\n<ol class=\"wp-block-list\" start=\"2\"><li>Pr\u00e1va du\u0161evn\u00edho vlastnictv\u00ed<\/li><\/ol>\n\n\n\n<p>U\u017eivatel m\u00e1 pr\u00e1vo na p\u0159\u00edstup ke Slu\u017eb\u00e1m poskytovan\u00fdm prost\u0159ednictv\u00edm t\u011bchto Str\u00e1nek v re\u00e1ln\u00e9m \u010dase (online) v souladu s po\u017eadavky na p\u0159\u00edstup.<\/p>\n\n\n\n<p>Pr\u00e1vo na p\u0159\u00edstup ud\u011bleno U\u017eivateli nezahrnuje pr\u00e1vo kop\u00edrovat nebo reprodukovat informace nebo pou\u017e\u00edvat chr\u00e1n\u011bn\u00e9 objekty du\u0161evn\u00edho nebo pr\u016fmyslov\u00e9ho vlastnictv\u00ed, s v\u00fdjimkou mal\u00e9ho mno\u017estv\u00ed informac\u00ed ur\u010den\u00fdch pouze pro osobn\u00ed pou\u017eit\u00ed, pokud takov\u00e9 pou\u017eit\u00ed nepo\u0161kod\u00ed opr\u00e1vn\u011bn\u00e9 z\u00e1jmy autor\u016f nebo jin\u00fdch dr\u017eitel\u016f pr\u00e1v du\u0161evn\u00edho nebo pr\u016fmyslov\u00e9ho vlastnictv\u00ed, a rozmno\u017eov\u00e1n\u00ed nebo reprodukov\u00e1n\u00ed bylo provedeno pro nekomer\u010dn\u00ed \u00fa\u010dely.<\/p>\n\n\n\n<p>COCOSOLIS.COM, v\u010detn\u011b (ale nejen) d\u011bl, fotografi\u00ed, obr\u00e1zk\u016f, dialog\u016f, hudby, zvuk\u016f, videa, dokument\u016f, kreseb, obr\u00e1zk\u016f, log a jak\u00fdchkoliv jin\u00fdch materi\u00e1l\u016f publikovan\u00fdch na COCOSOLIS.COM v jak\u00e9mkoli form\u00e1tu, v\u010detn\u011b menu, webov\u00fdch str\u00e1nek, grafik, barev, sch\u00e9mat, n\u00e1stroj\u016f, druh\u016f p\u00edsma, design webov\u00fdch str\u00e1nek, diagram\u016f, pl\u00e1n\u016f, metod, proces\u016f, funkc\u00ed a softwaru, kter\u00e9 jsou sou\u010d\u00e1st\u00ed COCOSOLIS.COM, jsou chr\u00e1n\u011bny autorsk\u00fdm pr\u00e1vem a jin\u00fdm pr\u00e1vem du\u0161evn\u00edho vlastnictv\u00ed COCOSOLIS.COM a p\u0159\u00edslu\u0161n\u00fdch dr\u017eitel\u016f pr\u00e1v. Nen\u00ed povolena \u010d\u00e1ste\u010dn\u00e1 nebo \u00fapln\u00e1 reprodukce COCOSOLIS.COM nebo jejich obsahu v jak\u00e9koliv form\u011b bez p\u00edsemn\u00e9ho souhlasu COCOSOLIS.COM.<\/p>\n\n\n\n<p>COCOSOLIS.COM m\u00e1 v\u00fdhradn\u00ed pr\u00e1vo povolit nebo zak\u00e1zat jakoukoliv reprodukci (a\u0165 u\u017e p\u0159\u00edmou nebo nep\u0159\u00edmou, do\u010dasnou nebo trvalou nebo z jak\u00e9hokoli jin\u00e9ho d\u016fvodu nebo v jak\u00e9koliv form\u011b, zcela nebo \u010d\u00e1ste\u010dn\u011b) COCOSOLIS.COM a jejich obsahu.<\/p>\n\n\n\n<p>Auto\u0159i d\u00edl publikovan\u00fdch na COCOSOLIS.COM maj\u00ed pr\u00e1vo kdykoliv se dom\u00e1hat autorstv\u00ed sv\u00fdch d\u011bl a postavit se proti zkreslen\u00ed nebo jin\u00e9 \u00faprav\u011b sv\u00fdch d\u011bl, v\u010detn\u011b jak\u00fdchkoli zm\u011bn sv\u00fdch d\u011bl, kter\u00e9 mohou nep\u0159\u00edzniv\u011b ovlivnit \u010dest a pov\u011bst p\u0159\u00edslu\u0161n\u00fdch autor\u016f.<\/p>\n\n\n\n<p>U\u017eivatel\u00e9 na\u0161ich str\u00e1nek jsou povinni dodr\u017eovat autorsk\u00e1 pr\u00e1va autor\u016f, kte\u0159\u00ed se rozhodli publikovat sv\u00e1 d\u00edla na COCOSOLIS.COM nebo spolupracovaly s COCOSOLIS.COM p\u0159i tvorb\u011b nov\u00fdch v\u00fdrazn\u00fdch a um\u011bleck\u00fdch d\u011bl, kter\u00e9 jsou ur\u010deny k publikov\u00e1n\u00ed nejen na str\u00e1nek nebo kter\u00e9 jsou ned\u00edlnou sou\u010d\u00e1st\u00ed str\u00e1nek.<br>V \u017e\u00e1dn\u00e9m p\u0159\u00edpad\u011b nen\u00ed dovoleno jak\u00fdmkoli zp\u016fsobem nebo v jak\u00e9koliv form\u011b pou\u017e\u00edvat obsah str\u00e1nek ani \u017e\u00e1dn\u00e9 jednotliv\u00e9 d\u00edlo chr\u00e1n\u011bn\u00e9 autorsk\u00fdm pr\u00e1vem nebo jak\u00fdmkoli jin\u00fdm pr\u00e1vem du\u0161evn\u00edho vlastnictv\u00ed.<\/p>\n\n\n\n<ol class=\"wp-block-list\" start=\"3\"><li>Ochrann\u00e9 zn\u00e1mky a n\u00e1zvy dom\u00e9n<\/li><\/ol>\n\n\n\n<p>PURMERUL OOD je v\u00fdhradn\u00edm vlastn\u00edkem log a registrovan\u00e9 ochrann\u00e9 zn\u00e1mky \u201eCOCOSOLIS\u201c a jak\u00fdchkoliv dal\u0161\u00edch atribut\u016f, kter\u00e9 obsahuj\u00ed slovo \u201eCOCOSOLIS\u201c a n\u00e1zev dom\u00e9ny \u201eCOCOSOLIS.COM\u201c.<\/p>\n\n\n\n<p>PURMERUL OOD m\u00e1 pr\u00e1vo v\u00fdhradn\u00edho u\u017e\u00edv\u00e1n\u00ed sv\u00fdch vlastn\u00edch ochrann\u00fdch zn\u00e1mek.<\/p>\n\n\n\n<p>Nen\u00ed dovoleno pou\u017e\u00edvat tyto ochrann\u00e9 zn\u00e1mky na jin\u00e9 produkty nebo slu\u017eby bez souhlasu spole\u010dnosti PURMERUL OOD.<\/p>\n\n\n\n<ol class=\"wp-block-list\" start=\"4\"><li>Odkazy na jin\u00e9 str\u00e1nky<\/li><\/ol>\n\n\n\n<p>Cocosolis.com obsahuje odkazy na jin\u00e9 str\u00e1nky, kter\u00e9 nijak nesouvis\u00ed s COCOSOLIS.COM.<\/p>\n\n\n\n<p>COCOSOLIS.COM nekontroluje tyto webov\u00e9 str\u00e1nky ani jejich obsah. COCOSOLIS.COM neodpov\u00edd\u00e1 za obsah t\u011bchto str\u00e1nek a\/nebo za pravidla, kter\u00e1 p\u0159ijali v souvislosti (ale nejen) s va\u0161imi osobn\u00edmi \u00fadaji p\u0159i n\u00e1v\u0161t\u011bv\u011b t\u011bchto str\u00e1nek. Tyto t\u0159et\u00ed strany pravd\u011bpodobn\u011b shroma\u017e\u010fuj\u00ed osobn\u00ed u\u017eivatelsk\u00e9 \u00fadaje, jejich\u017e re\u017eim je regulov\u00e1n podle obecn\u00fdch podm\u00ednek pro pou\u017e\u00edv\u00e1n\u00ed a ochranu osobn\u00edch \u00fadaj\u016f, kter\u00e9 byly jimi p\u0159ijaty. P\u0159i p\u0159\u00edstupu na tyto str\u00e1nky prost\u0159ednictv\u00edm odkaz\u016f poskytnut\u00fdch na str\u00e1nk\u00e1ch COCOSOLIS.COM si pros\u00edm pozorn\u011b p\u0159e\u010dt\u011bte podm\u00ednky jejich pou\u017e\u00edv\u00e1n\u00ed i jejich pravidla o d\u016fv\u011brnosti. Na\u0161e Podm\u00ednky pou\u017e\u00edv\u00e1n\u00ed a Politika osobn\u00edch \u00fadaj\u016f se nevztahuj\u00ed na webov\u00e9 str\u00e1nky t\u0159et\u00edch stran.<\/p>\n\n\n\n<ol class=\"wp-block-list\" start=\"5\"><li>Podm\u00ednky u\u017e\u00edv\u00e1n\u00ed obsahu<\/li><\/ol>\n\n\n\n<p>COCOSOLIS.COM vynakl\u00e1daj\u00ed maxim\u00e1ln\u00ed \u00fasil\u00ed, aby na sv\u00fdch webov\u00fdch str\u00e1nk\u00e1ch zabr\u00e1nili uve\u0159ej\u0148ov\u00e1n\u00ed obsahu, kter\u00fd by mohl b\u00fdt pova\u017eov\u00e1n za poru\u0161en\u00ed ob\u010dansk\u00fdch postoj\u016f nebo lidsk\u00fdch pr\u00e1v a d\u016fstojnosti ve v\u0161ech jejich form\u00e1ch a projevech. COCOSOLIS.COM v\u0161ak nezaru\u010duje, \u017ee obsah str\u00e1nek je vhodn\u00fd nebo z\u00e1konn\u00fd pro jak\u00e9koliv publikum nebo zda je leg\u00e1ln\u00ed ve v\u0161ech zem\u00edch.<\/p>\n\n\n\n<p>V p\u0159\u00edpad\u011b, \u017ee se takov\u00fd obsah v n\u011bkter\u00e9 z t\u011bchto zem\u00ed pova\u017euje za nez\u00e1konn\u00fd, neodpov\u00edd\u00e1me za va\u0161e rozhodnut\u00ed nav\u0161t\u011bvovat a pou\u017e\u00edvat na\u0161e str\u00e1nky. Pokud se je p\u0159esto rozhodnete pou\u017e\u00edvat, informujeme v\u00e1s, \u017ee vyu\u017e\u00edv\u00e1n\u00ed slu\u017eeb poskytovan\u00fdch COCOSOLIS. COM je zcela na va\u0161\u00ed osobn\u00ed odpov\u011bdnosti.<\/p>\n\n\n\n<p>COCOSOLIS.COM podnik\u00e1 kroky k zaji\u0161t\u011bn\u00ed toho, aby byl obsah COCOSOLIS.COM spr\u00e1vn\u00fd a neobsahoval nepravdiv\u00e9 nebo zastaral\u00e9 informace. COCOSOLIS.COM v\u0161ak neodpov\u00edd\u00e1 za p\u0159esnost a \u00faplnost obsahu zve\u0159ejn\u011bn\u00e9ho na jejich webov\u00fdch str\u00e1nk\u00e1ch.<\/p>\n\n\n\n<p>COCOSOLIS.COM nem\u016f\u017ee zaru\u010dit, \u017ee str\u00e1nky budou nep\u0159etr\u017eit\u011b fungovat bez p\u0159eru\u0161en\u00ed a chyb v d\u016fsledku internetov\u00e9ho p\u0159ipojen\u00ed. V p\u0159\u00edpad\u011b pot\u00ed\u017e\u00ed s pou\u017e\u00edv\u00e1n\u00edm na\u0161ich str\u00e1nek, pros\u00edm kontaktujte n\u00e1s. Z\u00e1stupce COCOSOLIS.COM bude v\u00e1m k dispozici, aby pomohl obnovit v\u00e1\u0161 p\u0159\u00edstup k str\u00e1nk\u00e1m, pokud a nakolik je to mo\u017en\u00e9.<\/p>\n\n\n\n<p>COCOSOLIS.COM p\u0159ij\u00edm\u00e1 vhodn\u00e1 technick\u00e1 a organiza\u010dn\u00ed opat\u0159en\u00ed k zaji\u0161t\u011bn\u00ed bezpe\u010dnosti slu\u017eeb COCOSOLIS.COM s c\u00edlem zabr\u00e1nit neopr\u00e1vn\u011bn\u00e9mu pou\u017eit\u00ed nebo p\u0159\u00edstupu k \u00fadaj\u016fm, jako\u017e i zabr\u00e1nit rizik\u016fm \u0161\u00ed\u0159en\u00ed, zni\u010den\u00ed a ztr\u00e1ty dat a d\u016fv\u011brn\u00fdch informac\u00ed t\u00fdkaj\u00edc\u00edch se u\u017eivatel\u016f COCOSOLIS.COM, jako\u017e i zabr\u00e1nit neopr\u00e1vn\u011bn\u00e9mu nebo nez\u00e1konn\u00e9mu p\u0159\u00edstupu k t\u011bmto \u00fadaj\u016fm a informac\u00edm.<\/p>\n\n\n\n<ol class=\"wp-block-list\" start=\"6\"><li>Pr\u00e1va a povinnosti u\u017eivatele<\/li><\/ol>\n\n\n\n<p>U\u017eivatel m\u00e1 pr\u00e1vo pou\u017e\u00edvat str\u00e1nky podle omezen\u00ed popsan\u00fdch v\u00fd\u0161e v bod\u011b 2 Pr\u00e1va du\u0161evn\u00edho vlastnictv\u00ed.<\/p>\n\n\n\n<p>U\u017eivatel se zavazuje p\u0159i vyu\u017e\u00edv\u00e1n\u00ed poskytovan\u00fdch Slu\u017eeb:<\/p>\n\n\n\n<ol class=\"wp-block-list\"><li>aby nevykon\u00e1val \u0161kodliv\u00e9 \u010dinnosti ve smyslu t\u011bchto Podm\u00ednek pou\u017e\u00edv\u00e1n\u00ed;<\/li><li>aby nez\u00edsk\u00e1val technick\u00fdmi prost\u0159edky ani technick\u00fdm zp\u016fsobem \u017e\u00e1dn\u00e9 informa\u010dn\u00ed zdroje nebo jejich \u010d\u00e1sti, zahrnut\u00e9 do datab\u00e1z\u00ed, p\u0159\u00edstupn\u00e9 prost\u0159ednictv\u00edm t\u011bchto str\u00e1nek, a aby t\u00edmto zp\u016fsobem nevytv\u00e1\u0159el svou vlastn\u00ed datab\u00e1zi v elektronick\u00e9 nebo jak\u00e9koli jin\u00e9 form\u011b;<\/li><li>aby se nevyd\u00e1val za jinou osobu nebo z\u00e1stupcem osoby, kterou nen\u00ed opr\u00e1vn\u011bn zastupovat, nebo jin\u00fdm zp\u016fsobem zav\u00e1d\u011bl Str\u00e1nky nebo t\u0159et\u00ed strany o sv\u00e9 toto\u017enosti nebo p\u0159\u00edslu\u0161nosti k ur\u010dit\u00e9 skupin\u011b lid\u00ed;<\/li><li>aby okam\u017eit\u011b informoval Spole\u010dnost o ka\u017ed\u00e9m p\u0159\u00edpad\u011b sp\u00e1chan\u00e9ho nebo zji\u0161t\u011bn\u00e9ho poru\u0161en\u00ed p\u0159i pou\u017e\u00edv\u00e1n\u00ed poskytovan\u00fdch Slu\u017eeb;<\/li><li>aby nevykon\u00e1val \u010dinnosti, kter\u00e9 zahrnuj\u00ed pou\u017eit\u00ed v\u00edr\u016f, bot\u016f, \u010derv\u016f nebo jin\u00e9ho druhu po\u010d\u00edta\u010dov\u00e9ho k\u00f3du, soubor\u016f nebo program\u016f, kter\u00e9 p\u0159eru\u0161uj\u00ed, ni\u010d\u00ed nebo omezuj\u00ed funk\u010dnost po\u010d\u00edta\u010dov\u00e9ho softwaru nebo hardwaru nebo telekomunika\u010dn\u00edho za\u0159\u00edzen\u00ed, nebo jin\u00fdm zp\u016fsobit umo\u017e\u0148uj\u00ed neopr\u00e1vn\u011bn\u00e9 pou\u017eit\u00ed nebo p\u0159\u00edstup k po\u010d\u00edta\u010dov\u00e9mu za\u0159\u00edzen\u00ed nebo po\u010d\u00edta\u010dov\u00e9 s\u00edti.<\/li><li>Omezen\u00ed odpov\u011bdnosti Spole\u010dnosti<\/li><\/ol>\n\n\n\n<p>Spole\u010dnost poskytuje na pou\u017eit\u00ed Slu\u017eby prost\u0159ednictv\u00edm t\u011bchto str\u00e1nek \u201etak, jak jsou\u201c a \u201etak, jak jsou dostupn\u00e9\u201c. Spole\u010dnost nezaru\u010duje ani neslibuje konkr\u00e9tn\u00ed v\u00fdsledky vypl\u00fdvaj\u00edc\u00ed z pou\u017e\u00edv\u00e1n\u00ed nebo z dlouhodob\u00e9 mo\u017enosti vyu\u017e\u00edv\u00e1n\u00ed Slu\u017eeb.<\/p>\n\n\n\n<p>Spole\u010dnost neposkytuje z\u00e1ruky, \u017ee:<\/p>\n\n\n\n<ol class=\"wp-block-list\"><li>pou\u017e\u00edv\u00e1n\u00ed Slu\u017eeb u\u017eivatelem bude nep\u0159etr\u017eit\u00e9, v\u010dasn\u00e9, zabezpe\u010den\u00e9 a bezpe\u010dn\u00e9 nebo bezchybn\u00e9;<\/li><li>p\u0159\u00edpadn\u00e9 nedostatky v Slu\u017eb\u00e1ch budou opraveny;<\/li><li>poskytovan\u00e9 Slu\u017eby nebo slu\u017eby, na nich\u017e jsou tyto slu\u017eby postaven\u00e9, nebudou obsahovat viry nebo jin\u00e9 \u0161kodliv\u00e9 komponenty;<\/li><\/ol>\n\n\n\n<p>Za \u017e\u00e1dn\u00fdch okolnost\u00ed nebude Spole\u010dnost zodpov\u011bdn\u00e1 za \u017e\u00e1dn\u00e9 ztr\u00e1ty, po\u0161kozen\u00ed nebo \u0161kody vypl\u00fdvaj\u00edc\u00ed z:<\/p>\n\n\n\n<ol class=\"wp-block-list\"><li>vyu\u017e\u00edv\u00e1n\u00ed Slu\u017eeb;<\/li><li>probl\u00e9m\u016f nebo technick\u00e9 nefunk\u010dnosti v souvislosti s vyu\u017e\u00edv\u00e1n\u00edm Slu\u017eeb;<\/li><li>materi\u00e1l\u016f sta\u017een\u00e9 prost\u0159ednictv\u00edm Slu\u017eeb nebo v souvislosti se Slu\u017ebami;<\/li><li>u\u017eivatelsk\u00e9ho obsahu;<\/li><li>z chov\u00e1n\u00ed U\u017eivatel\u016f v souvislosti se Slu\u017ebami bez ohledu na to, zda v re\u00e1ln\u00e9m \u010dase (on-line) nebo ne (off-line).<\/li><\/ol>\n\n\n\n<p>Spole\u010dnost neodpov\u00edd\u00e1 za to, \u017ee U\u017eivatel nem\u00e1 p\u0159\u00edstup na str\u00e1nky z d\u016fvodu probl\u00e9m\u016f, kter\u00e9 nem\u016f\u017ee ovlivnit \u2013 software, hardware, probl\u00e9m s p\u0159ipojen\u00edm na internet nebo vy\u0161\u0161\u00ed moc.<\/p>\n\n\n\n<p>U\u017eivatel souhlas\u00ed, \u017ee bude zodpov\u011bdn\u00fd za ve\u0161ker\u00e9 n\u00e1klady spojen\u00e9 s \u00fadr\u017ebou, servisem nebo p\u0159ipojen\u00edm sv\u00e9ho po\u010d\u00edta\u010dov\u00e9ho syst\u00e9mu nebo jin\u00e9ho majetku pot\u0159ebn\u00e9ho k pou\u017e\u00edv\u00e1n\u00ed Slu\u017eeb U\u017eivatelem.<\/p>\n\n\n\n<p>Spole\u010dnost si vyhrazuje pr\u00e1vo systematicky zasahovat do cel\u00e9 funk\u010dnosti str\u00e1nek, v\u010detn\u011b (ale nejen) pozastaven\u00ed p\u0159\u00edstupu k nim, pokud k tomu existuje opr\u00e1vn\u011bn\u00fd d\u016fvod.<\/p>\n\n\n\n<ol class=\"wp-block-list\" start=\"8\"><li>Sankce<\/li><\/ol>\n\n\n\n<p>Spole\u010dnost v pln\u00e9m rozsahu povolen\u00e9m platn\u00fdm z\u00e1konem neodpov\u00edd\u00e1 za \u0161kody, kter\u00e9 vzniknou u\u017eivateli a kter\u00e9 jsou: 1. nep\u0159\u00edm\u00e9; 2. n\u00e1sleduj\u00edc\u00ed; 3. n\u00e1hodn\u00e9; 4. sank\u010dn\u00ed, v\u010detn\u011b od\u0161kodn\u011bn\u00ed za u\u0161l\u00fd zisk vypl\u00fdvaj\u00edc\u00ed z pou\u017e\u00edv\u00e1n\u00ed nebo nemo\u017enosti vyu\u017e\u00edvat Slu\u017eby.<\/p>\n\n\n\n<p>Bez ohledu na v\u00fd\u0161e uveden\u00e9 se odpov\u011bdnost Spole\u010dnosti v\u016f\u010di u\u017eivateli za jak\u00fdkoliv \u010din nebo opomenut\u00ed, v souvislosti s vyu\u017e\u00edv\u00e1n\u00edm nebo z d\u016fvodu vyu\u017e\u00edv\u00e1n\u00ed Slu\u017eeb, bude v\u017edy omezena na pokutu ve v\u00fd\u0161i hodnoty uskute\u010dn\u011bn\u00e9ho n\u00e1kupu. V p\u0159\u00edpad\u011b neuskute\u010dn\u011bn\u00ed n\u00e1kupu Spole\u010dnost neodpov\u00edd\u00e1 za \u017e\u00e1dn\u00e9 sv\u00e9 \u010diny nebo opomenut\u00ed.<\/p>\n\n\n\n<ol class=\"wp-block-list\" start=\"9\"><li>Zm\u011bna<\/li><\/ol>\n\n\n\n<p>COCOSOLIS.COM m\u016f\u017ee zm\u011bnit nebo aktualizovat v\u0161echny nebo \u010d\u00e1st t\u011bchto Podm\u00ednek u\u017e\u00edv\u00e1n\u00ed. V takov\u00e9m p\u0159\u00edpad\u011b se v t\u00e9to \u010d\u00e1sti uve\u0159ejn\u00ed aktu\u00e1ln\u00ed informace. Nov\u00e9 Podm\u00ednky u\u017e\u00edv\u00e1n\u00ed by m\u011bly vstoupit v platnost dnem jejich uve\u0159ejn\u011bn\u00ed na COCOSOLIS.COM.<\/p>\n\n\n\n<p>Pokud nesouhlas\u00edte se v\u0161emi nebo s \u010d\u00e1stmi Podm\u00ednek u\u017e\u00edv\u00e1n\u00ed str\u00e1nek COCOSOLIS.COM, neneseme odpov\u011bdnost za va\u0161e rozhodnut\u00ed nav\u0161t\u011bvovat a pou\u017e\u00edvat na\u0161e str\u00e1nky.<\/p>\n\n\n\n<ol class=\"wp-block-list\" start=\"10\"><li>Lh\u016fta a ukon\u010den\u00ed<\/li><\/ol>\n\n\n\n<p>Tato dohoda vstupuje v platnost okam\u017eit\u011b po jej\u00edm p\u0159ijet\u00ed U\u017eivatelem a je platn\u00e1 a\u017e do ukon\u010den\u00ed pou\u017e\u00edv\u00e1n\u00ed slu\u017eeb.<\/p>\n\n\n\n<ol class=\"wp-block-list\" start=\"11\"><li>Pou\u017eiteln\u00e9 pr\u00e1vn\u00ed p\u0159edpisy<\/li><\/ol>\n\n\n\n<p>Strany pova\u017euj\u00ed vz\u00e1jemn\u00e9 porozum\u011bn\u00ed a p\u0159ijateln\u00e9 \u00fastupky za z\u00e1kladn\u00ed z\u00e1sadu prov\u00e1d\u011bn\u00ed t\u00e9to dohody. V tomto smyslu se strany dohodly na \u0159e\u0161en\u00ed spor\u016f, kter\u00e9 mezi nimi vznikly, v duchu dobr\u00e9 v\u016fle a prost\u0159ednictv\u00edm jedn\u00e1n\u00ed.<\/p>\n\n\n\n<p>V\u0161echny spory, neshody nebo n\u00e1roky, kter\u00e9 vzniknou z pln\u011bn\u00ed nebo nepln\u011bn\u00ed nebo v souvislosti s pln\u011bn\u00edm nebo nepln\u011bn\u00edm t\u00e9to dohody, m\u011bly by strany vy\u0159e\u0161it jedn\u00e1n\u00edm a dobrou v\u016fl\u00ed ka\u017ed\u00e9 z nich.<\/p>\n\n\n\n<p>V p\u0159\u00edpad\u011b nemo\u017enosti vy\u0159e\u0161it spory, kter\u00e9 vzniknou v souvislosti s touto smlouvou a v d\u016fsledku t\u00e9to smlouvy, jej\u00ed pln\u011bn\u00ed, resp. nepln\u011bn\u00ed, se smluvn\u00ed strany dohodly, \u017ee je vy\u0159e\u0161\u00ed na p\u0159\u00edslu\u0161n\u00e9m soudu, ur\u010den\u00e9m v souladu s pravidly pravomoci. V p\u0159\u00edpad\u011b soukrom\u00e9ho sporu s mezin\u00e1rodn\u00edm prvkem m\u011bl by se soud, kter\u00fd by m\u011bl pravomoc rozhodovat ve sporu, ur\u010dit podle pravidel mezin\u00e1rodn\u00edho pr\u00e1va soukrom\u00e9ho.<\/p>\n\n\n\n<p>Rozhodn\u00fdm pr\u00e1vem podle t\u00e9to dohody je pr\u00e1vo zem\u011b, v n\u00ed\u017e je spr\u00e1vce registrov\u00e1n, v tomto p\u0159\u00edpad\u011b Bulharsk\u00e1 republika.<\/p>\n\n\n\n<p>Actualizace 04\/07\/2020<\/p>\n","protected":false},"excerpt":{"rendered":"<p>Podm\u00ednky u\u017e\u00edv\u00e1n\u00ed t\u011bchto str\u00e1nek V\u00edtejte na na\u0161ich webov\u00fdch str\u00e1nk\u00e1ch (\u201ecocosolis.com\u201c). Tyto \u201ePodm\u00ednky u\u017e\u00edv\u00e1n\u00ed\u201c upravuj\u00ed p\u0159\u00edstup na str\u00e1nky COCOSOLIS.COM a jejich pou\u017eit\u00ed. P\u0159\u00edstup na str\u00e1nky a jejich pou\u017e\u00edv\u00e1n\u00ed, jako\u017e i n\u00e1kup produkt\u016f z COCOSOLIS.COM jsou zalo\u017eeny na p\u0159edpokladu, \u017ee se skute\u010dnost\u00ed na\u010d\u00edt\u00e1n\u00ed str\u00e1nek z koncov\u00e9ho za\u0159\u00edzen\u00ed se U\u017eivatel zavazuje p\u0159e\u010d\u00edst si tyto V\u0161eobecn\u00e9 podm\u00ednky pou\u017e\u00edv\u00e1n\u00ed str\u00e1nky &hellip; <a href=\"https:\/\/cocosolis.com\/cz\/terms-of-use\/\">Pokra\u010dov\u00e1n\u00ed<\/a><\/p>\n","protected":false},"author":1,"featured_media":0,"parent":0,"menu_order":0,"comment_status":"closed","ping_status":"closed","template":"","meta":{"_acf_changed":false,"footnotes":""},"page_roles":[36],"class_list":["post-464","page","type-page","status-publish","hentry","page_roles-legal"],"acf":[],"_links":{"self":[{"href":"https:\/\/cocosolis.com\/cz\/wp-json\/wp\/v2\/pages\/464","targetHints":{"allow":["GET"]}}],"collection":[{"href":"https:\/\/cocosolis.com\/cz\/wp-json\/wp\/v2\/pages"}],"about":[{"href":"https:\/\/cocosolis.com\/cz\/wp-json\/wp\/v2\/types\/page"}],"author":[{"embeddable":true,"href":"https:\/\/cocosolis.com\/cz\/wp-json\/wp\/v2\/users\/1"}],"replies":[{"embeddable":true,"href":"https:\/\/cocosolis.com\/cz\/wp-json\/wp\/v2\/comments?post=464"}],"version-history":[{"count":4,"href":"https:\/\/cocosolis.com\/cz\/wp-json\/wp\/v2\/pages\/464\/revisions"}],"predecessor-version":[{"id":525,"href":"https:\/\/cocosolis.com\/cz\/wp-json\/wp\/v2\/pages\/464\/revisions\/525"}],"wp:attachment":[{"href":"https:\/\/cocosolis.com\/cz\/wp-json\/wp\/v2\/media?parent=464"}],"wp:term":[{"taxonomy":"page_roles","embeddable":true,"href":"https:\/\/cocosolis.com\/cz\/wp-json\/wp\/v2\/page_roles?post=464"}],"curies":[{"name":"wp","href":"https:\/\/api.w.org\/{rel}","templated":true}]}}