{"id":461,"date":"2022-05-06T15:54:55","date_gmt":"2022-05-06T13:54:55","guid":{"rendered":"http:\/\/cocosolis.com\/en\/?page_id=461"},"modified":"2022-06-17T12:17:20","modified_gmt":"2022-06-17T10:17:20","slug":"terms-of-sale","status":"publish","type":"page","link":"https:\/\/cocosolis.com\/cz\/terms-of-sale\/","title":{"rendered":"Pravidla pro n\u00e1kup"},"content":{"rendered":"\n<h2 class=\"wp-block-heading\">Pravidla pro n\u00e1kup<\/h2>\n\n\n\n<p>N\u00e1sleduj\u00edc\u00ed podm\u00ednky prodeje \u0159\u00edd\u00ed nab\u00eddku a prodej produkt\u016f na na\u0161ich webov\u00fdch str\u00e1nk\u00e1ch (\u201ecocosolis.com\u201c). Produkty, zakoupen\u00e9 na cocosolis.com, se prod\u00e1vaj\u00ed p\u0159\u00edmo od firmy PURERMER, se s\u00eddlem v Bulharsku, Plovdiv PS\u010c 4002, Liuleburgas 22, patro 4, apt. 9, UIC 201172065, da\u0148ov\u00e9 \u010d\u00edslo a \u010d\u00edslo DPH BG201172065.<\/p>\n\n\n\n<h5 class=\"wp-block-heading\">1. Prodejn\u00ed pravidla na str\u00e1nk\u00e1ch cocosolis.com<\/h5>\n\n\n\n<p>1.1 PURERMELL s.r.o nab\u00edz\u00ed produkty na prodej na adrese \u201ecocosolis.com\u201c.<br>1.2 PURERMER s.r.o si vyhrazuje pr\u00e1vo nezpracov\u00e1vat a prov\u00e1d\u011bt p\u0159\u00edkazy, kter\u00e9 nespl\u0148uj\u00ed pravidla prodeje spole\u010dnosti cocosolis.com.<br>1.3 Tyto prodejn\u00ed podm\u00ednky se \u0159\u00edd\u00ed p\u0159ij\u00edm\u00e1n\u00edm a prov\u00e1d\u011bn\u00edm zak\u00e1zek t\u00fdkaj\u00edc\u00edch se produkt\u016f cocosolis.com mezi u\u017eivateli str\u00e1nek cocosolis.com a PURERMER.<\/p>\n\n\n\n<h5 class=\"wp-block-heading\">2. Jak zadat objedn\u00e1vku na cocosolis.com<\/h5>\n\n\n\n<p>2.1 Chcete-li objednat na n\u00e1kup jednoho nebo v\u00edce produkt\u016f na str\u00e1nk\u00e1ch cocosolis.com, mus\u00edte vyplnit online formul\u00e1\u0159 a odeslat jej elektronicky podle pokyn\u016f.<br>2.2 Objedn\u00e1vkov\u00fd formul\u00e1\u0159 (objedn\u00e1vka) obsahuje informace o hlavn\u00edch vlastnostech ka\u017ed\u00e9ho objednan\u00e9ho produktu a cen\u011b jednotky (v\u010detn\u011b v\u0161ech p\u0159\u00edslu\u0161n\u00fdch dan\u00ed a poplatk\u016f), druhu platby, kterou m\u016f\u017eete pou\u017e\u00edt k n\u00e1kupu ka\u017ed\u00e9ho produktu, kupn\u00edch podm\u00ednek zakoupen\u00fdch produkt\u016f , n\u00e1klady na dopravu a dopravu. Na t\u00e9to webov\u00e9 str\u00e1nce naleznete odkazy na podm\u00ednky vr\u00e1cen\u00ed zakoupen\u00fdch produkt\u016f, n\u00e1klady na dopravu a p\u0159epravu, jako\u017e i podrobnosti o prodejci, po\u0161tovn\u00ed a e-mailov\u00e9 adresy, jako\u017e i term\u00edn, kter\u00fdm obchodn\u00edk sl\u00edb\u00ed dod\u00e1vku zbo\u017e\u00ed. Informace o podm\u00ednk\u00e1ch pro uplatn\u011bn\u00ed va\u0161eho pr\u00e1va na odstoupen\u00ed od smlouvy, postupy a lh\u016fty pro vr\u00e1cen\u00ed n\u00e1kupu, informace o okolnostech, za kter\u00fdch byste ztratili sv\u00e9 pr\u00e1vo odstoupit od smlouvy, naleznete v souladu se z\u00e1kony na ochranu spot\u0159ebitele.<br>2.3 Po\u0159ad\u00ed se pova\u017euje za doru\u010den\u00e9, kdy\u017e PURERMEL obdr\u017eel objedn\u00e1vkov\u00fd formul\u00e1\u0159 (objedn\u00e1vku) elektronicky a informace o objedn\u00e1vce byly potvrzeny jako spr\u00e1vn\u00e9.<br>2.4 P\u0159ed\u00e1n\u00ed objedn\u00e1vkov\u00e9ho formul\u00e1\u0159e je povinnost\u00ed uhradit stanovenou \u010d\u00e1stku. Formul\u00e1\u0159 objedn\u00e1vky bude ulo\u017een v na\u0161\u00ed datab\u00e1zi po dobu pot\u0159ebnou k zpracov\u00e1n\u00ed objedn\u00e1vky a podle z\u00e1kona.<br>2.5 Po obdr\u017een\u00ed objedn\u00e1vky bude PURERMER zpracov\u00e1vat Va\u0161i objedn\u00e1vku.<br>2.6 PURERMER sro si vyhrazuje pr\u00e1vo neupravovat objedn\u00e1vky, pokud jsou ne\u00fapln\u00e9 nebo nep\u0159esn\u00e9, nebo produkty ji\u017e nejsou k dispozici (skladem). V t\u011bchto p\u0159\u00edpadech, budeme v\u00e1s informovat e-mailem, \u017ee dohoda nen\u00ed spln\u011bna a \u017ee PURMERUL Ltd. nedopustil svou PO s uveden\u00edm d\u016fvod\u016f. Pokud zobrazen\u00e9 na cocosolis.com produkty jsou b\u011bhem posledn\u00ed n\u00e1v\u0161t\u011bv\u011b dan\u00e9ho m\u00edsta nebo po PURMERUL Ltd. ji\u017e nen\u00ed k dispozici z\u00edskala formul\u00e1\u0159e (p\u0159ihl\u00e1\u0161ky) za \u00fa\u010delem PURMERUL Ltd. v\u00e1s bude informovat o nedostatku objednan\u00e9ho zbo\u017e\u00ed do deseti (10) dn\u00ed od data, kdy spole\u010dnost PURMERUL sro obdr\u017eela va\u0161i objedn\u00e1vku.<br>Byla-li formul\u00e1\u0159 (\u017e\u00e1dost) odesl\u00e1n\u00ed objedn\u00e1vky a cena byla pro produkty, kter\u00e9 ji\u017e nejsou k dispozici PURMERUL Ltd. uhrad\u00ed \u010d\u00e1stku zaplacenou za tyto v\u00fdrobky bez zbyte\u010dn\u00e9ho prodlen\u00ed a dohody mezi stranami bude pova\u017eov\u00e1n za ukon\u010den\u00fd zaplaceno.<br>2.7 Pod\u00e1n\u00edm objedn\u00e1vkov\u00e9ho formul\u00e1\u0159e spole\u010dnosti PURERMER sro souhlas\u00edte a souhlas\u00edte s t\u00edm, \u017ee budete dodr\u017eovat ustanoven\u00ed t\u011bchto V\u0161eobecn\u00fdch obchodn\u00edch podm\u00ednek k prodeji spole\u010dnosti PURERMER LTD. Pokud nesouhlas\u00edte s n\u011bkter\u00fdmi ustanoven\u00edmi t\u011bchto Smluvn\u00edch podm\u00ednek, nepos\u00edlejte sv\u016fj formul\u00e1\u0159 objedn\u00e1vky (N\u00e1kupn\u00ed objedn\u00e1vka) na adresu cocosolis.com.<br>2.8 Jakmile smlouva vstoup\u00ed v platnost, prod\u00e1vaj\u00edc\u00ed v\u00e1m za\u0161le e-mail s potvrzen\u00edm o p\u0159ijet\u00ed \u017e\u00e1dosti o n\u00e1kup. Odesl\u00e1n\u00edm objedn\u00e1vkov\u00e9ho formul\u00e1\u0159e souhlas\u00edte s obecn\u00fdmi obchodn\u00edmi podm\u00ednkami a dal\u0161\u00edmi podm\u00ednkami obsa\u017een\u00fdmi v cocosolis.com a souhlas\u00edte s nimi prost\u0159ednictv\u00edm odkaz\u016f, v\u010detn\u011b smluvn\u00edch podm\u00ednek, z\u00e1sad ochrany osobn\u00edch \u00fadaj\u016f a z\u00e1sad pro vr\u00e1cen\u00ed.<br>2.9 R\u00e1di bychom v\u00e1m p\u0159ipomn\u011bli, \u017ee v\u0161echny zakoupen\u00e9 v\u00fdrobky jsou ur\u010deny pro pou\u017eit\u00ed v zemi, od kter\u00e9 jsou objedn\u00e1ny. Pokud jste se v\u0161ak rozhodli vyv\u00e1\u017eet v\u00fdrobky do jin\u00e9 zem\u011b, budete odpov\u00eddat za dodr\u017eov\u00e1n\u00ed v\u00fdvozn\u00edho pr\u00e1va zem\u011b n\u00e1kupu a dovozn\u00edho pr\u00e1va zem\u011b, ve kter\u00e9 je dov\u00e1\u017e\u00edte. Spole\u010dnost PURERMER sro nen\u00ed za to odpov\u011bdn\u00e1.<\/p>\n\n\n\n<h5 class=\"wp-block-heading\">3. Z\u00e1ruky na v\u00fdrobky. Ceny produkt\u016f<\/h5>\n\n\n\n<p>3.1 Na str\u00e1nk\u00e1ch cocosolis.com nab\u00edz\u00edme luxusn\u00ed a vysoce kvalitn\u00ed v\u00fdrobky na prodej.<br>3.2 Hlavn\u00ed rysy produkt\u016f jsou uvedeny na str\u00e1nk\u00e1ch cocosolis.com na ka\u017ed\u00e9 str\u00e1nce produktu.<br>3.3 Ceny se mohou m\u011bnit. P\u0159ed odesl\u00e1n\u00edm objedn\u00e1vkov\u00e9ho formul\u00e1\u0159e (objedn\u00e1vky) zkontrolujte kone\u010dnou cenu.<br>3.4 Objednvky ud\u011blany na str\u00e1nk\u00e1ch podle zem\u00ed a adres, kter\u00fdm PURERMEL Ltd nem\u016f\u017ee doru\u010dit, budou automaticky zru\u0161eny.<br>3.5 V souladu se z\u00e1kony o ochran\u011b spot\u0159ebitele budete zodpov\u011bdn\u00ed za jak\u00e9koli sn\u00ed\u017een\u00ed hodnoty produkt\u016f zakoupen\u00fdch na cocosolis.com vypl\u00fdvaj\u00edc\u00edch z jak\u00e9hokoli pou\u017eit\u00ed stejn\u00fdch v\u00fdrobk\u016f, ne\u017e je jejich zam\u00fd\u0161len\u00e9 pou\u017eit\u00ed. Pokud se tedy rozhodnete uplatnit va\u0161e pr\u00e1vo na vr\u00e1cen\u00ed zakoupen\u00fdch produkt\u016f, spole\u010dnost COCOSOLIS je opr\u00e1vn\u011bna nep\u0159ijmout vr\u00e1cen\u00e9 produkty nebo zcela nevymo\u017eit \u010d\u00e1stky zaplacen\u00e9 za zakoupen\u00e9 produkty, kter\u00e9 byly zm\u011bn\u011bny nebo po\u0161kozeny.<\/p>\n\n\n\n<h5 class=\"wp-block-heading\">4. Platby<\/h5>\n\n\n\n<p>4.1 Platba hodnoty produkt\u016f a odpov\u00eddaj\u00edc\u00ed n\u00e1klady na dopravu a dod\u00e1n\u00ed mus\u00ed b\u00fdt provedena jedn\u00edm z postup\u016f uveden\u00fdch v objedn\u00e1vkov\u00e9m formul\u00e1\u0159i. Za \u017e\u00e1dn\u00fdch okolnost\u00ed v\u00e1m nebude \u00fa\u010dtov\u00e1no v\u00edce, ne\u017e je \u010d\u00e1stka ur\u010den\u00e1 prod\u00e1vaj\u00edc\u00edm ve vztahu k p\u0159edem zvolen\u00e9mu zp\u016fsobu platby.<br>4.2 V p\u0159\u00edpad\u011b platby kreditn\u00ed nebo debetn\u00ed kartu, v\u0161echny informace (nap\u0159\u00edklad \u010d\u00edslo karty nebo datum vypr\u0161en\u00ed platnosti), bude zasl\u00e1n \u0161ifrovanou protokolem do banky, kter\u00e1 umo\u017e\u0148uje vzd\u00e1len\u00fd elektronick\u00fdch platebn\u00edch slu\u017eeb, ani\u017e by t\u0159et\u00edm osob\u00e1m, aby m\u011bly n\u011bkterou p\u0159\u00edstup k nim. Tyto \u00fadaje nebudou vyu\u017e\u00edv\u00e1ny PURMERUL s.r.o krom\u011b prov\u00e1d\u011bn\u00ed postupu vztahuj\u00edc\u00edho se k zakoupen\u00ed \u010di vyd\u00e1v\u00e1n\u00edm n\u00e1hrad v p\u0159\u00edpad\u011b vr\u00e1cen\u00ed zbo\u017e\u00ed v souladu se sv\u00fdmi pr\u00e1vy ke sta\u017een\u00ed nebo k hl\u00e1\u0161en\u00ed p\u0159\u00edpad\u016f podvodu ze strany policie.<\/p>\n\n\n\n<h5 class=\"wp-block-heading\">5. Zv\u00fdhodn\u011bn\u00e9 k\u00f3dy<\/h5>\n\n\n\n<p>5.1 K\u00f3dy slev jsou personalizovan\u00e9 k\u00f3dy, kter\u00e9 v\u00e1m umo\u017e\u0148uj\u00ed vyu\u017e\u00edt slevy na n\u00e1kupy na str\u00e1nk\u00e1ch cocosolis.com.<br>5.2 K\u00f3dy slevy nelze za \u017e\u00e1dn\u00fdch okolnost\u00ed vym\u011b\u0148ovat za pen\u00edze;<\/p>\n\n\n\n<h5 class=\"wp-block-heading\">6. Pr\u00e1vo vr\u00e1tit se v souladu se z\u00e1kony na ochranu spot\u0159ebitele<\/h5>\n\n\n\n<p>6.1 S v\u00fdhradou z\u00e1kon\u016f na ochranu spot\u0159ebitele m\u016f\u017eete vr\u00e1tit produkty zakoupen\u00e9 od spole\u010dnosti cocosolis.com bez jak\u00e9hokoli postihu a bez ud\u00e1n\u00ed d\u016fvodu do 14 dn\u016f od obdr\u017een\u00ed zakoupen\u00fdch produkt\u016f na str\u00e1nk\u00e1ch cocosolis.com.<br>6.2 Jakmile uplatn\u00edte sv\u00e9 pr\u00e1vo odstoupit od smlouvy, je nutn\u00e9 v\u00fdrobky vr\u00e1tit Prod\u00e1vaj\u00edc\u00edmu zasl\u00e1n\u00edm kuri\u00e9rem do \u010dtrn\u00e1cti (14) dn\u016f od informov\u00e1n\u00ed Prod\u00e1vaj\u00edc\u00edho o va\u0161em rozhodnut\u00ed o zru\u0161en\u00ed smlouvy (n\u00e1kupu).<\/p>\n\n\n\n<h5 class=\"wp-block-heading\">7. Odpov\u011bdnost<\/h5>\n\n\n\n<p>Informace o slo\u017ek\u00e1ch pou\u017eit\u00fdch v kosmetick\u00fdch prost\u0159edc\u00edch COCOSOLIS.COM, kter\u00e9 se nach\u00e1zej\u00ed na Str\u00e1nk\u00e1ch, nejsou ur\u010deny ani by se nem\u011bly interpretovat jako rady nebo doporu\u010den\u00ed t\u00fdkaj\u00edc\u00ed se pou\u017e\u00edv\u00e1n\u00ed kosmetick\u00e9ho p\u0159\u00edpravku. Pokud m\u00e1te ot\u00e1zky t\u00fdkaj\u00edc\u00ed se pou\u017eit\u00ed kosmetick\u00e9ho v\u00fdrobku, p\u0159e\u010dt\u011bte si \u0161t\u00edtek, kter\u00fd se nach\u00e1z\u00ed na v\u00fdrobku, kontaktujte n\u00e1s nebo se obra\u0165te na l\u00e9ka\u0159sk\u00e9ho odborn\u00edka.<\/p>\n\n\n\n<p>Pou\u017e\u00edv\u00e1n\u00edm t\u011bchto str\u00e1nek berete na v\u011bdom\u00ed a souhlas\u00edte s t\u00edm, \u017ee informace zobrazen\u00e9 na t\u011bchto str\u00e1nk\u00e1ch, v\u010detn\u011b informac\u00ed poskytnut\u00fdch experty nebo l\u00e9ka\u0159sk\u00fdmi odborn\u00edky, jsou ur\u010deny pouze pro obecn\u00e9 vzd\u011bl\u00e1vac\u00ed \u00fa\u010dely. Na\u0161e v\u00fdrobky nemohou zp\u016fsobit zdravotn\u00ed probl\u00e9my. Podle va\u0161\u00ed m\u00edn\u011bn\u00ed v\u017edy vyhledejte rady zdravotn\u00edka nebo jinou kvalifikovanou pomoc ve v\u011bcech t\u00fdkaj\u00edc\u00edch se jak\u00e9hokoliv zdravotn\u00edho stavu.<\/p>\n\n\n\n<p>Spol\u00e9h\u00e1n\u00ed se na jak\u00e9koliv informace poskytnut\u00e9 Str\u00e1nkami je na va\u0161e vlastn\u00ed riziko.<\/p>\n\n\n\n<h5 class=\"wp-block-heading\">8. Z\u00e1kon<\/h5>\n\n\n\n<p>7.1 Tyto V\u0161eobecn\u00e9 obchodn\u00ed podm\u00ednky se \u0159\u00edd\u00ed bulharsk\u00fdm pr\u00e1vem.<\/p>\n\n\n\n<h5 class=\"wp-block-heading\">9. Zm\u011bny a aktualizace<\/h5>\n\n\n\n<p>Obecn\u00e9 obchodn\u00ed podm\u00ednky mohou b\u00fdt zm\u011bn\u011bny v d\u016fsledku nov\u00fdch z\u00e1kon\u016f a p\u0159edpis\u016f nebo z jin\u00fdch d\u016fvod\u016f. Nov\u00e9 obchodn\u00ed podm\u00ednky by m\u011bly b\u00fdt platn\u00e9 ode dne jejich zve\u0159ejn\u011bn\u00ed na str\u00e1nk\u00e1ch cocosolis.com.<\/p>\n\n\n\n<p>Aktualizace 04\/07\/2020<\/p>\n","protected":false},"excerpt":{"rendered":"<p>Pravidla pro n\u00e1kup N\u00e1sleduj\u00edc\u00ed podm\u00ednky prodeje \u0159\u00edd\u00ed nab\u00eddku a prodej produkt\u016f na na\u0161ich webov\u00fdch str\u00e1nk\u00e1ch (\u201ecocosolis.com\u201c). Produkty, zakoupen\u00e9 na cocosolis.com, se prod\u00e1vaj\u00ed p\u0159\u00edmo od firmy PURERMER, se s\u00eddlem v Bulharsku, Plovdiv PS\u010c 4002, Liuleburgas 22, patro 4, apt. 9, UIC 201172065, da\u0148ov\u00e9 \u010d\u00edslo a \u010d\u00edslo DPH BG201172065. 1. Prodejn\u00ed pravidla na str\u00e1nk\u00e1ch cocosolis.com 1.1 PURERMELL &hellip; <a href=\"https:\/\/cocosolis.com\/cz\/terms-of-sale\/\">Pokra\u010dov\u00e1n\u00ed<\/a><\/p>\n","protected":false},"author":1,"featured_media":0,"parent":0,"menu_order":0,"comment_status":"closed","ping_status":"closed","template":"","meta":{"_acf_changed":false,"footnotes":""},"page_roles":[36],"class_list":["post-461","page","type-page","status-publish","hentry","page_roles-legal"],"acf":[],"_links":{"self":[{"href":"https:\/\/cocosolis.com\/cz\/wp-json\/wp\/v2\/pages\/461","targetHints":{"allow":["GET"]}}],"collection":[{"href":"https:\/\/cocosolis.com\/cz\/wp-json\/wp\/v2\/pages"}],"about":[{"href":"https:\/\/cocosolis.com\/cz\/wp-json\/wp\/v2\/types\/page"}],"author":[{"embeddable":true,"href":"https:\/\/cocosolis.com\/cz\/wp-json\/wp\/v2\/users\/1"}],"replies":[{"embeddable":true,"href":"https:\/\/cocosolis.com\/cz\/wp-json\/wp\/v2\/comments?post=461"}],"version-history":[{"count":4,"href":"https:\/\/cocosolis.com\/cz\/wp-json\/wp\/v2\/pages\/461\/revisions"}],"predecessor-version":[{"id":524,"href":"https:\/\/cocosolis.com\/cz\/wp-json\/wp\/v2\/pages\/461\/revisions\/524"}],"wp:attachment":[{"href":"https:\/\/cocosolis.com\/cz\/wp-json\/wp\/v2\/media?parent=461"}],"wp:term":[{"taxonomy":"page_roles","embeddable":true,"href":"https:\/\/cocosolis.com\/cz\/wp-json\/wp\/v2\/page_roles?post=461"}],"curies":[{"name":"wp","href":"https:\/\/api.w.org\/{rel}","templated":true}]}}