{"id":446,"date":"2022-05-06T15:46:46","date_gmt":"2022-05-06T13:46:46","guid":{"rendered":"http:\/\/cocosolis.com\/en\/?page_id=446"},"modified":"2023-04-23T18:26:13","modified_gmt":"2023-04-23T16:26:13","slug":"contacts","status":"publish","type":"page","link":"https:\/\/cocosolis.com\/cz\/contacts\/","title":{"rendered":"Kontakty"},"content":{"rendered":"\n<h2 class=\"wp-block-heading\">Kontaktujte n\u00e1s<\/h2>\n\n\n\n<p>Pokud n\u00e1s chcete kontaktovat, pou\u017eijte jednu z n\u00e1sleduj\u00edc\u00edch mo\u017enost\u00ed<\/p>\n\n\n\n<ul class=\"wp-block-list\">\n<li>po\u0161lete n\u00e1m zpr\u00e1vu na&nbsp;<strong><a href=\"https:\/\/www.facebook.com\/cocosoliscz\/\" target=\"_blank\" rel=\"noreferrer noopener\">Facebook<\/a><\/strong><\/li>\n\n\n\n<li>po\u0161lete n\u00e1m zpr\u00e1vu na&nbsp;<strong><a href=\"https:\/\/www.instagram.com\/cocosolis.official\/\" target=\"_blank\" rel=\"noreferrer noopener\">Instagram<\/a><\/strong><\/li>\n\n\n\n<li>po\u0161lete n\u00e1m email\u00a0<a href=\"mailto:cz@cocosolis.com\">cz@cocosolis.com<\/a> <\/li>\n\n\n\n<li>zavolej n\u00e1m +420 2 2888 1959<\/li>\n\n\n\n<li>adresa Bulgaria, 1407 Sofia, 53V, Vaptsarov Blvd<\/li>\n<\/ul>\n","protected":false},"excerpt":{"rendered":"<p>Kontaktujte n\u00e1s Pokud n\u00e1s chcete kontaktovat, pou\u017eijte jednu z n\u00e1sleduj\u00edc\u00edch mo\u017enost\u00ed<\/p>\n","protected":false},"author":1,"featured_media":100000426,"parent":0,"menu_order":0,"comment_status":"closed","ping_status":"closed","template":"","meta":{"_acf_changed":false,"footnotes":""},"page_roles":[34],"class_list":["post-446","page","type-page","status-publish","has-post-thumbnail","hentry","page_roles-contacts"],"acf":[],"_links":{"self":[{"href":"https:\/\/cocosolis.com\/cz\/wp-json\/wp\/v2\/pages\/446","targetHints":{"allow":["GET"]}}],"collection":[{"href":"https:\/\/cocosolis.com\/cz\/wp-json\/wp\/v2\/pages"}],"about":[{"href":"https:\/\/cocosolis.com\/cz\/wp-json\/wp\/v2\/types\/page"}],"author":[{"embeddable":true,"href":"https:\/\/cocosolis.com\/cz\/wp-json\/wp\/v2\/users\/1"}],"replies":[{"embeddable":true,"href":"https:\/\/cocosolis.com\/cz\/wp-json\/wp\/v2\/comments?post=446"}],"version-history":[{"count":8,"href":"https:\/\/cocosolis.com\/cz\/wp-json\/wp\/v2\/pages\/446\/revisions"}],"predecessor-version":[{"id":1000005441,"href":"https:\/\/cocosolis.com\/cz\/wp-json\/wp\/v2\/pages\/446\/revisions\/1000005441"}],"wp:featuredmedia":[{"embeddable":true,"href":"https:\/\/cocosolis.com\/cz\/wp-json\/"}],"wp:attachment":[{"href":"https:\/\/cocosolis.com\/cz\/wp-json\/wp\/v2\/media?parent=446"}],"wp:term":[{"taxonomy":"page_roles","embeddable":true,"href":"https:\/\/cocosolis.com\/cz\/wp-json\/wp\/v2\/page_roles?post=446"}],"curies":[{"name":"wp","href":"https:\/\/api.w.org\/{rel}","templated":true}]}}