{"id":1000102532,"date":"2026-02-27T10:21:18","date_gmt":"2026-02-27T09:21:18","guid":{"rendered":"https:\/\/cocosolis.com\/cz\/?page_id=1000102532"},"modified":"2026-02-27T10:21:32","modified_gmt":"2026-02-27T09:21:32","slug":"women-day-2026","status":"publish","type":"page","link":"https:\/\/cocosolis.com\/cz\/terms-of-use\/women-day-2026\/","title":{"rendered":"\u00dapln\u00e9 podm\u00ednky a pravidla akce \u201cWomen&#8217;s Day Promo\u201d"},"content":{"rendered":"\n<h2 class=\"wp-block-heading\"><strong>\u00dapln\u00e9 podm\u00ednky a pravidla akce <\/strong><strong>\u201cWomen&#8217;s Day Promo\u201d<\/strong><strong>&nbsp;&nbsp;<\/strong><\/h2>\n\n\n\n<ol class=\"wp-block-list\">\n<li><strong>Organiz\u00e1tor akce<\/strong>\n<ol class=\"wp-block-list\">\n<li>Organiz\u00e1tor akce \u201cWomen&#8217;s Day Promo\u201d je spole\u010dnost PURMERUL s. r. o. se s\u00eddlem v Bulharsku, Plovdiv PS\u010c 4002, Lyuleburgas 22, poschod\u00ed 4, ap. 9, DI\u010c 201172065.<\/li>\n<\/ol>\n<\/li>\n\n\n\n<li><strong>Ofici\u00e1ln\u00ed pravidla<\/strong>\n<ol class=\"wp-block-list\">\n<li>\u00da\u010dastn\u00edci Akce jsou povinni dodr\u017eovat podm\u00ednek a pravidel popsan\u00fdch n\u00ed\u017ee, naz\u00fdvan\u00fdch Ofici\u00e1ln\u00ed pravidla.<\/li>\n\n\n\n<li>Ofici\u00e1ln\u00ed pravidla jsou zve\u0159ejn\u011bna p\u0159ed zah\u00e1jen\u00edm akce na <a href=\"http:\/\/www.cocosolis.com\/cz\/\">www.cocosolis.com\/cz\/<\/a>. V\u00edce informac\u00ed z\u00edsk\u00e1te na tel. \u010d\u00edsle + 420 2 2888 1959 (sazba hovoru je stanovena podle tarifu volaj\u00edc\u00edho) ka\u017ed\u00fd pracovn\u00ed den v \u010dasov\u00e9m rozmez\u00ed od 09:30 do 18:00.<\/li>\n\n\n\n<li>Po\u0159adatel akce si vyhrazuje pr\u00e1vo kdykoliv zm\u011bnit nebo doplnit ofici\u00e1ln\u00ed pravidla ve\u0159ejn\u00fdm ozn\u00e1men\u00edm.<\/li>\n<\/ol>\n<\/li>\n\n\n\n<li><strong>\u00dazem\u00ed veden\u00ed akce<\/strong>\n<ol class=\"wp-block-list\">\n<li>Akce je organizov\u00e1na a prob\u00edh\u00e1 na \u00fazem\u00ed \u010cesk\u00e9 republiky.<\/li>\n<\/ol>\n<\/li>\n\n\n\n<li><strong>Pr\u00e1vo na \u00fa\u010dast<\/strong>\n<ol class=\"wp-block-list\">\n<li>Akce se mohou z\u00fa\u010dastnit v\u0161echny osoby star\u0161\u00ed 18 let, kter\u00e9 maj\u00ed bydli\u0161t\u011b na \u00fazem\u00ed \u010cesk\u00e9 republiky.<\/li>\n\n\n\n<li>Akce se nesm\u00ed z\u00fa\u010dastnit zam\u011bstnanci spole\u010dnosti PURMERUL s. r. o., v\u0161ichni partne\u0159i a agentury spojen\u00e9 s Akc\u00ed, jako\u017e i rodinn\u00ed p\u0159\u00edslu\u0161n\u00edci v\u0161ech v\u00fd\u0161e uveden\u00fdch osob.<\/li>\n<\/ol>\n<\/li>\n\n\n\n<li><strong>Doba trv\u00e1n\u00ed akce<\/strong>\n<ol class=\"wp-block-list\">\n<li>Akce plat\u00ed do vy\u010derp\u00e1n\u00ed z\u00e1sob.<\/li>\n<\/ol>\n<\/li>\n\n\n\n<li><strong>Z\u00fa\u010dastn\u011bn\u00e9 produkty<\/strong>\n<ol class=\"wp-block-list\">\n<li>Akce zahrnuje v\u0161echny produkty dostupn\u00e9 na <a href=\"http:\/\/www.cocosolis.com\/cz\/\">www.cocosolis.com\/cz\/<\/a>.\u00a0<\/li>\n<\/ol>\n<\/li>\n\n\n\n<li><strong>Popis akce a mechanismus \u00fa\u010dasti v akci<\/strong>\n<ol class=\"wp-block-list\">\n<li>P\u0159i n\u00e1v\u0161t\u011bv\u011b webu se zobraz\u00ed hra COCOSOLIS. Pro z\u00edsk\u00e1n\u00ed ceny mus\u00ed u\u017eivatel nejprve zadat sv\u016fj e-mail. Po \u00fasp\u011b\u0161n\u00e9m zad\u00e1n\u00ed e-mailu m\u00e1 u\u017eivatel mo\u017enost vyhr\u00e1t jednu z cen, kter\u00e9 byly p\u0159edem ozn\u00e1meny p\u0159ed zah\u00e1jen\u00edm hry.<\/li>\n\n\n\n<li>Tato akce umo\u017e\u0148uje z\u00e1kazn\u00edkovi z\u00edskat bestseller zdarma jako d\u00e1rek p\u0159i p\u0159id\u00e1n\u00ed vybran\u00e9ho produktu\/produkt\u016f z webu COCOSOLIS v hodnot\u011b nad 570 K\u010d (cena dopravy nen\u00ed zahrnuta). D\u00e1rek bude automaticky p\u0159id\u00e1n po vlo\u017een\u00ed produktu\/produkt\u016f do ko\u0161\u00edku.<\/li>\n\n\n\n<li>Mo\u017en\u00e9 v\u00fdhry jsou:<\/li>\n<\/ol>\n<\/li>\n<\/ol>\n\n\n\n<p>\u2022 GROW Hair Growth Serum Spray<\/p>\n\n\n\n<p>\u2022 GROW Growth &amp; Anti-aging Shampoo<\/p>\n\n\n\n<p>\u2022 GROW Growth &amp; Anti-aging Conditioner<\/p>\n\n\n\n<p>\u2022 SLIM+ Shaping Serum<\/p>\n\n\n\n<p>\u2022 HOT+ Fat-burning Serum<\/p>\n\n\n\n<p>\u2022 SKIN+ Anti-cellulite Serum<\/p>\n\n\n\n<ol start=\"4\" class=\"wp-block-list\">\n<li>V p\u0159\u00edpad\u011b z\u00edsk\u00e1n\u00ed bezplatn\u00e9ho produktu obdr\u017e\u00ed z\u00e1kazn\u00edk dodate\u010dnou nab\u00eddku z\u00edskat je\u0161t\u011b jeden bezplatn\u00fd produkt, pokud ke sv\u00e9 objedn\u00e1vce p\u0159id\u00e1 dal\u0161\u00ed vybran\u00fd produkt\/produkty v minim\u00e1ln\u00ed hodnot\u011b 570 K\u010d.<\/li>\n\n\n\n<li>P\u0159i dosa\u017een\u00ed ur\u010dit\u00e9 hodnoty objedn\u00e1vky z\u00e1kazn\u00edci obdr\u017e\u00ed d\u00e1rek: COCOSOLIS Cloud Pouch.<\/li>\n\n\n\n<li>Nab\u00eddka plat\u00ed pouze na ofici\u00e1ln\u00edm webu COCOSOLIS, do vy\u010derp\u00e1n\u00ed z\u00e1sob. Z\u00e1kazn\u00edci si tak\u00e9 mohou zakoupit vybran\u00e9 produkty zahrnut\u00e9 ve speci\u00e1ln\u00edch promo bal\u00ed\u010dc\u00edch s p\u0159edem stanovenou procentn\u00ed slevou.<\/li>\n\n\n\n<li>B\u011bhem akce mohou v\u011brn\u00ed z\u00e1kazn\u00edci sb\u00edrat body, ale nemohou je pou\u017e\u00edt.<\/li>\n\n\n\n<li>Chcete-li vyu\u017e\u00edt v\u00fdhody t\u00e9to akce, mohou \u00fa\u010dastn\u00edci krom\u011b str\u00e1nky <a href=\"https:\/\/cocosolis.com\/cz\/\">https:\/\/cocosolis.com\/cz\/<\/a> zadat tak\u00e9 objedn\u00e1vku n\u00e1sleduj\u00edc\u00edmi zp\u016fsoby:\n<ol class=\"wp-block-list\">\n<li>zavol\u00e1n\u00edm na tel. + 420 2 2888 1959<\/li>\n\n\n\n<li>zasl\u00e1n\u00edm osobn\u00ed zpr\u00e1vy na COCOSOLIS v Facebook: <a href=\"http:\/\/www.facebook.com\/cocosoliscz\">www.facebook.com\/cocosoliscz<\/a>\u00a0<\/li>\n\n\n\n<li>zasl\u00e1n\u00edm osobn\u00ed zpr\u00e1vy na COCOSOLIS v Instagram: <a href=\"http:\/\/www.instagram.com\/cocosolis.official\">www.instagram.com\/cocosolis.official<\/a>\u00a0\u00a0<\/li>\n<\/ol>\n<\/li>\n\n\n\n<li>Doru\u010dov\u00e1n\u00ed se prov\u00e1d\u00ed prost\u0159ednictv\u00edm kur\u00fdrn\u00ed spole\u010dnosti PPL na adresu uvedenou \u00da\u010dastn\u00edkem nebo do kur\u00fdrn\u00ed kancel\u00e1\u0159e vybran\u00e9 \u00da\u010dastn\u00edkem. Pokud u\u017eivatel neposkytne p\u0159\u00edstup a podm\u00ednky pro dod\u00e1n\u00ed zbo\u017e\u00ed na ur\u010den\u00e9 adrese ve stanoven\u00e9 lh\u016ft\u011b nebo pokud nep\u0159ijde do PPL ParcelShopu, aby zbo\u017e\u00ed obdr\u017eel v\u010das, je organiz\u00e1tor osvobozen od povinnosti splnit po\u017eadovanou dod\u00e1vku.<\/li>\n\n\n\n<li>V\u0161echny ostatn\u00ed standardn\u00ed nab\u00eddky a a\u043a\u010dn\u00ed bal\u00ed\u010dky a \u0430\u043a\u010dn\u00ed k\u00f3dy NEJSOU platn\u00e9 b\u011bhem \u0430\u043a\u010dn\u00edho obdob\u00ed uveden\u00e9 v bod\u011b 5.<\/li>\n<\/ol>\n\n\n\n<ol start=\"8\" class=\"wp-block-list\">\n<li><strong>Spory a odpov\u011bdnost<\/strong>\n<ol class=\"wp-block-list\">\n<li>Spory mezi Po\u0159adatelem a jeho \u00da\u010dastn\u00edky budou \u0159e\u0161eny vz\u00e1jemnou dohodou. Nedosa\u017een\u00ed takov\u00e9 dohody bude m\u00edt za n\u00e1sledek jej\u00ed p\u0159ed\u00e1n\u00ed k p\u0159\u00edslu\u0161n\u00e9mu soud\u016f v Bulharsk\u00e9 republice.<\/li>\n\n\n\n<li>Po\u0159adatel nebude odpov\u011bdn\u00fd za poskytov\u00e1n\u00ed cen podan\u00fdch mimo term\u00edny a mno\u017estv\u00ed uveden\u00e1 v t\u011bchto pravidlech.\u00a0<\/li>\n\n\n\n<li>Po\u0159adatel akce nen\u00ed odpov\u011bdn\u00fd, pokud \u00fa\u010dastn\u00edk uvedl neplatnou nebo neodpov\u00eddaj\u00edc\u00ed e-mailovou adresu nebo kontaktn\u00ed telefonn\u00ed \u010d\u00edslo.<\/li>\n<\/ol>\n<\/li>\n\n\n\n<li><strong>V\u00fdm\u011bna a vr\u00e1cen\u00ed produkt\u016f<\/strong>\n<ol class=\"wp-block-list\">\n<li>V souladu se z\u00e1konem na ochranu spot\u0159ebitele m\u00e1 \u00fa\u010dastn\u00edk pr\u00e1vo vr\u00e1tit zakoupen\u00e9 v\u00fdrobky bez jak\u00fdchkoli sankc\u00ed a bez ud\u00e1n\u00ed d\u016fvodu. Mus\u00edte pouze informovat COCOSOLIS.COM do \u010dtrn\u00e1cti (14) dn\u016f ode dne doru\u010den\u00ed z\u00e1silky.<\/li>\n\n\n\n<li>Vr\u00e1cen\u00e9 zbo\u017e\u00ed mus\u00ed b\u00fdt zasl\u00e1ny zp\u011bt do COCOSOLIS do sedmi (7) dn\u016f ode dne, kdy byly pod\u00e1ny informace o rozhodnut\u00ed vr\u00e1tit zakoupen\u00e9 produkty.<\/li>\n\n\n\n<li>Za ur\u010dit\u00fdch okolnost\u00ed je mo\u017en\u00e9 vym\u011bnit v\u00fdrobek za jin\u00fd.\u00a0<\/li>\n\n\n\n<li>P\u0159e\u010dt\u011bte si pros\u00edm ve\u0161ker\u00e9 podm\u00ednky na\u0161ich z\u00e1sad pro vracen\u00ed a v\u00fdm\u011bnu zde: <a href=\"https:\/\/cocosolis.com\/cz\/return-policy\/\">https:\/\/cocosolis.com\/cz\/return-policy\/<\/a>\u00a0\u00a0<\/li>\n<\/ol>\n<\/li>\n\n\n\n<li><strong>Ukon\u010den\u00ed akce<\/strong>\n<ol class=\"wp-block-list\">\n<li>Po\u0159adatel m\u00e1 nezadateln\u00e9 pr\u00e1vo akci ukon\u010dit a ozn\u00e1mit ji v souladu s bodem 2 t\u011bchto ofici\u00e1ln\u00edch pravidel, v p\u0159\u00edpad\u011b zneu\u017eit\u00ed, poru\u0161en\u00ed pravidel, v p\u0159\u00edpad\u011b vy\u0161\u0161\u00ed moci nebo z jin\u00fdch objektivn\u00edch d\u016fvod\u016f. V p\u0159\u00edpad\u011b zneu\u017e\u00edv\u00e1n\u00ed, pochyben\u00ed nebo poru\u0161en\u00ed ofici\u00e1ln\u00edch pravidel \u00fa\u010dastn\u00edkem m\u00e1 po\u0159adatel pr\u00e1vo diskvalifikovat ho. V t\u011bchto p\u0159\u00edpadech nen\u00ed \u00fa\u010dastn\u00edk\u016fm poskytnuta \u017e\u00e1dn\u00e1 n\u00e1hrada.<\/li>\n<\/ol>\n<\/li>\n\n\n\n<li><strong>Ochrana osobn\u00edch \u00fadaj\u016f. Publicita\u00a0<\/strong>\n<ol class=\"wp-block-list\">\n<li>P\u0159e\u010dt\u011bte si pros\u00edm pe\u010dliv\u011b na\u0161e z\u00e1sady ochrany osobn\u00edch \u00fadaj\u016f: <a href=\"https:\/\/cocosolis.com\/cz\/privacy-policy\/\">https:\/\/cocosolis.com\/cz\/privacy-policy\/<\/a>\u00a0<\/li>\n<\/ol>\n<\/li>\n\n\n\n<li><strong>Nejni\u017e\u0161\u00ed cena, za kterou se produkt prodal za posledn\u00edch 30 dn\u00ed.<\/strong>\n<ol class=\"wp-block-list\">\n<li>Ur\u010duje se samostatn\u011b pro ka\u017edou propaga\u010dn\u00ed akci a znamen\u00e1 nejni\u017e\u0161\u00ed cenu, za kterou se produkt prod\u00e1val na webu v posledn\u00edch 30 dnech p\u0159ed aktu\u00e1ln\u00ed propaga\u010dn\u00ed akc\u00ed.<\/li>\n\n\n\n<li>V\u00fdrobek, u kter\u00e9ho uv\u00e1d\u00edme tuto cenu, mohl b\u00fdt v p\u0159edchoz\u00edm obdob\u00ed zakoupen za ni\u017e\u0161\u00ed cenu, pokud z\u00e1kazn\u00edk pou\u017eil dal\u0161\u00ed poukaz\/ promok\u00f3d na individu\u00e1ln\u00ed slevu.<\/li>\n\n\n\n<li>M\u016f\u017ee se li\u0161it od ceny, za kterou byl produkt prod\u00e1v\u00e1n bezprost\u0159edn\u011b p\u0159ed aktu\u00e1ln\u00ed akc\u00ed.<\/li>\n\n\n\n<li>Vztahuje se pouze na cenu v\u00fdrobku na ofici\u00e1ln\u00edch internetov\u00fdch str\u00e1nk\u00e1ch spole\u010dnosti COCOSOLIS a nezohled\u0148uje ceny v jednotliv\u00fdch kamenn\u00fdch prodejn\u00e1ch, kde je v\u00fdrobek k dispozici.<\/li>\n\n\n\n<li>Mezi \u201enejni\u017e\u0161\u00ed cenou\u201c stejn\u00e9ho produktu v r\u016fzn\u00fdch propaga\u010dn\u00edch akc\u00edch, m\u016f\u017ee b\u00fdt rozd\u00edl.<\/li>\n\n\n\n<li>Akce na webov\u00fdch str\u00e1nk\u00e1ch a jejich podm\u00ednky se mohou li\u0161it od slev a akc\u00ed v kamenn\u00fdch prodejn\u00e1ch, kde jsou v\u00fdrobky COCOSOLIS k dispozici. P\u0159i objedn\u00e1v\u00e1n\u00ed na webov\u00fdch str\u00e1nk\u00e1ch plat\u00ed pouze podm\u00ednky vyhl\u00e1\u0161en\u00e9 na webov\u00fdch str\u00e1nk\u00e1ch a platn\u00e9 pro internetov\u00fd obchod.<\/li>\n\n\n\n<li>U ak\u010dn\u00edch bal\u00ed\u010dk\u016f odpov\u00edd\u00e1 \u201eNejni\u017e\u0161\u00ed cena za posledn\u00edch 30 dn\u00ed\u201c b\u011b\u017en\u00e9 cen\u011b produkt\u016f zahrnut\u00fdch do ak\u010dn\u00edho bal\u00ed\u010dku.<\/li>\n<\/ol>\n<\/li>\n<\/ol>\n","protected":false},"excerpt":{"rendered":"<p>\u00dapln\u00e9 podm\u00ednky a pravidla akce \u201cWomen&#8217;s Day Promo\u201d&nbsp;&nbsp; \u2022 GROW Hair Growth Serum Spray \u2022 GROW Growth &amp; Anti-aging Shampoo \u2022 GROW Growth &amp; Anti-aging Conditioner \u2022 SLIM+ Shaping Serum \u2022 HOT+ Fat-burning Serum \u2022 SKIN+ Anti-cellulite Serum<\/p>\n","protected":false},"author":1000000384,"featured_media":0,"parent":464,"menu_order":0,"comment_status":"closed","ping_status":"closed","template":"","meta":{"_acf_changed":false,"footnotes":""},"page_roles":[],"class_list":["post-1000102532","page","type-page","status-publish","hentry"],"acf":[],"_links":{"self":[{"href":"https:\/\/cocosolis.com\/cz\/wp-json\/wp\/v2\/pages\/1000102532","targetHints":{"allow":["GET"]}}],"collection":[{"href":"https:\/\/cocosolis.com\/cz\/wp-json\/wp\/v2\/pages"}],"about":[{"href":"https:\/\/cocosolis.com\/cz\/wp-json\/wp\/v2\/types\/page"}],"author":[{"embeddable":true,"href":"https:\/\/cocosolis.com\/cz\/wp-json\/wp\/v2\/users\/1000000384"}],"replies":[{"embeddable":true,"href":"https:\/\/cocosolis.com\/cz\/wp-json\/wp\/v2\/comments?post=1000102532"}],"version-history":[{"count":1,"href":"https:\/\/cocosolis.com\/cz\/wp-json\/wp\/v2\/pages\/1000102532\/revisions"}],"predecessor-version":[{"id":1000102533,"href":"https:\/\/cocosolis.com\/cz\/wp-json\/wp\/v2\/pages\/1000102532\/revisions\/1000102533"}],"up":[{"embeddable":true,"href":"https:\/\/cocosolis.com\/cz\/wp-json\/wp\/v2\/pages\/464"}],"wp:attachment":[{"href":"https:\/\/cocosolis.com\/cz\/wp-json\/wp\/v2\/media?parent=1000102532"}],"wp:term":[{"taxonomy":"page_roles","embeddable":true,"href":"https:\/\/cocosolis.com\/cz\/wp-json\/wp\/v2\/page_roles?post=1000102532"}],"curies":[{"name":"wp","href":"https:\/\/api.w.org\/{rel}","templated":true}]}}