{"id":1000096515,"date":"2025-10-03T11:35:24","date_gmt":"2025-10-03T09:35:24","guid":{"rendered":"https:\/\/cocosolis.com\/cz\/?page_id=1000096515"},"modified":"2025-10-03T11:35:24","modified_gmt":"2025-10-03T09:35:24","slug":"skin-campaign-2025","status":"publish","type":"page","link":"https:\/\/cocosolis.com\/cz\/terms-of-use\/skin-campaign-2025\/","title":{"rendered":"\u00dapln\u00e9 podm\u00ednky a pravidla akce \u201cSKIN promocode\u201d"},"content":{"rendered":"<h2><b>\u00dapln\u00e9 podm\u00ednky a pravidla akce <\/b><b>\u201cSKIN promocode\u201d<\/b><b>\u00a0\u00a0<\/b><\/h2>\n<ul>\n<li aria-level=\"1\">\n<h3><b>Organiz\u00e1tor akce<\/b><\/h3>\n<\/li>\n<\/ul>\n<ol>\n<li style=\"list-style-type: none;\">\n<ol>\n<li style=\"list-style-type: none;\">\n<ol>\n<li style=\"font-weight: 400;\" aria-level=\"2\"><span style=\"font-weight: 400;\">Organiz\u00e1tor akce<\/span> <span style=\"font-weight: 400;\">\u201cSKIN promocode\u201d<\/span> <span style=\"font-weight: 400;\">je spole\u010dnost PURMERUL s. r. o. se s\u00eddlem v Bulharsku, Plovdiv PS\u010c 4002, Lyuleburgas 22, poschod\u00ed 4, ap. 9, DI\u010c 201172065.<\/span><\/li>\n<\/ol>\n<\/li>\n<\/ol>\n<\/li>\n<\/ol>\n<ul>\n<li aria-level=\"1\">\n<h3><b>Ofici\u00e1ln\u00ed pravidla<\/b><\/h3>\n<\/li>\n<\/ul>\n<ol>\n<li style=\"list-style-type: none;\">\n<ol>\n<li style=\"list-style-type: none;\">\n<ol>\n<li style=\"font-weight: 400;\" aria-level=\"2\"><span style=\"font-weight: 400;\">\u00da\u010dastn\u00edci Akce jsou povinni dodr\u017eovat podm\u00ednek a pravidel popsan\u00fdch n\u00ed\u017ee, naz\u00fdvan\u00fdch Ofici\u00e1ln\u00ed pravidla.<\/span><\/li>\n<li style=\"font-weight: 400;\" aria-level=\"2\"><span style=\"font-weight: 400;\">Ofici\u00e1ln\u00ed pravidla jsou zve\u0159ejn\u011bna p\u0159ed zah\u00e1jen\u00edm akce na <\/span><a href=\"http:\/\/www.cocosolis.com\/cz\/\"><span style=\"font-weight: 400;\">www.cocosolis.com\/cz\/<\/span><\/a><span style=\"font-weight: 400;\">. V\u00edce informac\u00ed z\u00edsk\u00e1te na tel. \u010d\u00edsle + 420 2 2888 1959 (sazba hovoru je stanovena podle tarifu volaj\u00edc\u00edho) ka\u017ed\u00fd pracovn\u00ed den v \u010dasov\u00e9m rozmez\u00ed od 09:30 do 18:00.<\/span><\/li>\n<li style=\"font-weight: 400;\" aria-level=\"2\"><span style=\"font-weight: 400;\">Po\u0159adatel akce si vyhrazuje pr\u00e1vo kdykoliv zm\u011bnit nebo doplnit ofici\u00e1ln\u00ed pravidla ve\u0159ejn\u00fdm ozn\u00e1men\u00edm.<\/span><\/li>\n<\/ol>\n<\/li>\n<\/ol>\n<\/li>\n<\/ol>\n<ul>\n<li aria-level=\"1\">\n<h3><b>\u00dazem\u00ed veden\u00ed akce<\/b><\/h3>\n<\/li>\n<\/ul>\n<ol>\n<li style=\"list-style-type: none;\">\n<ol>\n<li style=\"list-style-type: none;\">\n<ol>\n<li style=\"font-weight: 400;\" aria-level=\"2\"><span style=\"font-weight: 400;\">Akce je organizov\u00e1na a prob\u00edh\u00e1 na \u00fazem\u00ed \u010cesk\u00e9 republiky.<\/span><\/li>\n<\/ol>\n<\/li>\n<\/ol>\n<\/li>\n<\/ol>\n<ul>\n<li aria-level=\"1\">\n<h3><b>Pr\u00e1vo na \u00fa\u010dast<\/b><\/h3>\n<\/li>\n<\/ul>\n<ol>\n<li style=\"list-style-type: none;\">\n<ol>\n<li style=\"list-style-type: none;\">\n<ol>\n<li style=\"font-weight: 400;\" aria-level=\"2\"><span style=\"font-weight: 400;\">Akce se mohou z\u00fa\u010dastnit v\u0161echny osoby star\u0161\u00ed 18 let, kter\u00e9 maj\u00ed bydli\u0161t\u011b na \u00fazem\u00ed \u010cesk\u00e9 republiky.<\/span><\/li>\n<li style=\"font-weight: 400;\" aria-level=\"2\"><span style=\"font-weight: 400;\">Akce se nesm\u00ed z\u00fa\u010dastnit zam\u011bstnanci spole\u010dnosti PURMERUL s. r. o., v\u0161ichni partne\u0159i a agentury spojen\u00e9 s Akc\u00ed, jako\u017e i rodinn\u00ed p\u0159\u00edslu\u0161n\u00edci v\u0161ech v\u00fd\u0161e uveden\u00fdch osob.<\/span><\/li>\n<\/ol>\n<\/li>\n<\/ol>\n<\/li>\n<\/ol>\n<ul>\n<li aria-level=\"1\">\n<h3><b>Doba trv\u00e1n\u00ed akce<\/b><\/h3>\n<\/li>\n<\/ul>\n<ol>\n<li style=\"list-style-type: none;\">\n<ol>\n<li style=\"list-style-type: none;\">\n<ol>\n<li style=\"font-weight: 400;\" aria-level=\"2\"><span style=\"font-weight: 400;\">Akce plat\u00ed do vy\u010derp\u00e1n\u00ed z\u00e1sob.<\/span><\/li>\n<\/ol>\n<\/li>\n<\/ol>\n<\/li>\n<\/ol>\n<ul>\n<li aria-level=\"1\">\n<h3><b>Z\u00fa\u010dastn\u011bn\u00e9 produkty<\/b><\/h3>\n<\/li>\n<\/ul>\n<ol>\n<li style=\"list-style-type: none;\">\n<ol>\n<li style=\"list-style-type: none;\">\n<ol>\n<li style=\"font-weight: 400;\" aria-level=\"2\"><span style=\"font-weight: 400;\">Akce zahrnuje v\u0161echny produkty dostupn\u00e9 na <\/span><a href=\"http:\/\/www.cocosolis.com\/cz\/\"><span style=\"font-weight: 400;\">www.cocosolis.com\/cz\/<\/span><\/a><span style=\"font-weight: 400;\">.\u00a0<\/span><\/li>\n<\/ol>\n<\/li>\n<\/ol>\n<\/li>\n<\/ol>\n<ul>\n<li aria-level=\"1\">\n<h3><b>Popis akce a mechanismus \u00fa\u010dasti v akci<\/b><\/h3>\n<\/li>\n<\/ul>\n<ol>\n<li style=\"list-style-type: none;\">\n<ol>\n<li style=\"list-style-type: none;\">\n<ol>\n<li style=\"font-weight: 400;\" aria-level=\"2\"><span style=\"font-weight: 400;\">Promoce je platn\u00e1 pouze pro produkty z kategorie SKIN. Promoce poskytuje slevu 15 % p\u0159i n\u00e1kupu jednoho produktu, slevu 20 % p\u0159i n\u00e1kupu dvou produkt\u016f a slevu 30 % p\u0159i n\u00e1kupu t\u0159\u00ed nebo v\u00edce produkt\u016f z kategorie SKIN. Aby z\u00e1kazn\u00edk vyu\u017eil promo\u010dn\u00edch podm\u00ednek, mus\u00ed vybrat po\u017eadovan\u00e9 produkty a zadat promo k\u00f3d, aby z\u00edskal p\u0159\u00edslu\u0161nou slevu. P\u0159i zm\u011bn\u011b po\u010dtu produkt\u016f SKIN v ko\u0161\u00edku se procento slevy m\u011bn\u00ed podle popsan\u00fdch promo\u010dn\u00edch podm\u00ednek. P\u0159i p\u0159id\u00e1v\u00e1n\u00ed jednotliv\u00fdch produkt\u016f SKIN mus\u00ed z\u00e1kazn\u00edk zadat promo k\u00f3d, aby se sleva uplatnila. P\u0159i p\u0159id\u00e1v\u00e1n\u00ed promo bal\u00ed\u010dk\u016f se p\u0159\u00edslu\u0161n\u00e1 sleva aplikuje automaticky podle po\u010dtu produkt\u016f v bal\u00ed\u010dku. Nab\u00eddka je platn\u00e1 pouze na ofici\u00e1ln\u00edch str\u00e1nk\u00e1ch COCOSOLIS, do vy\u010derp\u00e1n\u00ed z\u00e1sob.<\/span><\/li>\n<li style=\"font-weight: 400;\" aria-level=\"2\"><span style=\"font-weight: 400;\">Chcete-li vyu\u017e\u00edt v\u00fdhody t\u00e9to akce, mohou \u00fa\u010dastn\u00edci krom\u011b str\u00e1nky <\/span><a href=\"https:\/\/cocosolis.com\/cz\/\"><span style=\"font-weight: 400;\">https:\/\/cocosolis.com\/cz\/<\/span><\/a><span style=\"font-weight: 400;\"> zadat tak\u00e9 objedn\u00e1vku n\u00e1sleduj\u00edc\u00edmi zp\u016fsoby:<\/span>\n<ol>\n<li style=\"font-weight: 400;\" aria-level=\"3\"><span style=\"font-weight: 400;\">zavol\u00e1n\u00edm na tel. + 420 2 2888 1959<\/span><\/li>\n<li style=\"font-weight: 400;\" aria-level=\"3\"><span style=\"font-weight: 400;\">zasl\u00e1n\u00edm osobn\u00ed zpr\u00e1vy na COCOSOLIS v Facebook: <\/span><a href=\"http:\/\/www.facebook.com\/cocosoliscz\"><span style=\"font-weight: 400;\">www.facebook.com\/cocosoliscz<\/span><\/a><span style=\"font-weight: 400;\">\u00a0<\/span><\/li>\n<li style=\"font-weight: 400;\" aria-level=\"3\"><span style=\"font-weight: 400;\">zasl\u00e1n\u00edm osobn\u00ed zpr\u00e1vy na COCOSOLIS v Instagram: <\/span><a href=\"http:\/\/www.instagram.com\/cocosolis.official\"><span style=\"font-weight: 400;\">www.instagram.com\/cocosolis.official<\/span><\/a><span style=\"font-weight: 400;\">\u00a0\u00a0<\/span><\/li>\n<\/ol>\n<\/li>\n<li style=\"font-weight: 400;\" aria-level=\"2\"><span style=\"font-weight: 400;\">Doru\u010dov\u00e1n\u00ed se prov\u00e1d\u00ed prost\u0159ednictv\u00edm kur\u00fdrn\u00ed spole\u010dnosti PPL na adresu uvedenou \u00da\u010dastn\u00edkem nebo do kur\u00fdrn\u00ed kancel\u00e1\u0159e vybran\u00e9 \u00da\u010dastn\u00edkem. Pokud u\u017eivatel neposkytne p\u0159\u00edstup a podm\u00ednky pro dod\u00e1n\u00ed zbo\u017e\u00ed na ur\u010den\u00e9 adrese ve stanoven\u00e9 lh\u016ft\u011b nebo pokud nep\u0159ijde do PPL ParcelShopu, aby zbo\u017e\u00ed obdr\u017eel v\u010das, je organiz\u00e1tor osvobozen od povinnosti splnit po\u017eadovanou dod\u00e1vku.<\/span><\/li>\n<li style=\"font-weight: 400;\" aria-level=\"2\"><span style=\"font-weight: 400;\">V\u0161echny ostatn\u00ed standardn\u00ed nab\u00eddky a a\u043a\u010dn\u00ed bal\u00ed\u010dky a \u0430\u043a\u010dn\u00ed k\u00f3dy NEJSOU platn\u00e9 b\u011bhem \u0430\u043a\u010dn\u00edho obdob\u00ed uveden\u00e9 v bod\u011b 5.<\/span><\/li>\n<\/ol>\n<\/li>\n<\/ol>\n<\/li>\n<\/ol>\n<ul>\n<li aria-level=\"1\">\n<h3><b>Spory a odpov\u011bdnost<\/b><\/h3>\n<\/li>\n<\/ul>\n<ol>\n<li style=\"list-style-type: none;\">\n<ol>\n<li style=\"list-style-type: none;\">\n<ol>\n<li style=\"font-weight: 400;\" aria-level=\"2\"><span style=\"font-weight: 400;\">Spory mezi Po\u0159adatelem a jeho \u00da\u010dastn\u00edky budou \u0159e\u0161eny vz\u00e1jemnou dohodou. Nedosa\u017een\u00ed takov\u00e9 dohody bude m\u00edt za n\u00e1sledek jej\u00ed p\u0159ed\u00e1n\u00ed k p\u0159\u00edslu\u0161n\u00e9mu soud\u016f v Bulharsk\u00e9 republice.<\/span><\/li>\n<li style=\"font-weight: 400;\" aria-level=\"2\"><span style=\"font-weight: 400;\">Po\u0159adatel nebude odpov\u011bdn\u00fd za poskytov\u00e1n\u00ed cen podan\u00fdch mimo term\u00edny a mno\u017estv\u00ed uveden\u00e1 v t\u011bchto pravidlech.\u00a0<\/span><\/li>\n<li style=\"font-weight: 400;\" aria-level=\"2\"><span style=\"font-weight: 400;\">Po\u0159adatel akce nen\u00ed odpov\u011bdn\u00fd, pokud \u00fa\u010dastn\u00edk uvedl neplatnou nebo neodpov\u00eddaj\u00edc\u00ed e-mailovou adresu nebo kontaktn\u00ed telefonn\u00ed \u010d\u00edslo.<\/span><\/li>\n<\/ol>\n<\/li>\n<\/ol>\n<\/li>\n<\/ol>\n<ul>\n<li aria-level=\"1\">\n<h3><b>V\u00fdm\u011bna a vr\u00e1cen\u00ed produkt\u016f<\/b><\/h3>\n<\/li>\n<\/ul>\n<ol>\n<li style=\"list-style-type: none;\">\n<ol>\n<li style=\"list-style-type: none;\">\n<ol>\n<li style=\"font-weight: 400;\" aria-level=\"2\"><span style=\"font-weight: 400;\">V souladu se z\u00e1konem na ochranu spot\u0159ebitele m\u00e1 \u00fa\u010dastn\u00edk pr\u00e1vo vr\u00e1tit zakoupen\u00e9 v\u00fdrobky bez jak\u00fdchkoli sankc\u00ed a bez ud\u00e1n\u00ed d\u016fvodu. Mus\u00edte pouze informovat COCOSOLIS.COM do \u010dtrn\u00e1cti (14) dn\u016f ode dne doru\u010den\u00ed z\u00e1silky.<\/span><\/li>\n<li style=\"font-weight: 400;\" aria-level=\"2\"><span style=\"font-weight: 400;\">Vr\u00e1cen\u00e9 zbo\u017e\u00ed mus\u00ed b\u00fdt zasl\u00e1ny zp\u011bt do COCOSOLIS do sedmi (7) dn\u016f ode dne, kdy byly pod\u00e1ny informace o rozhodnut\u00ed vr\u00e1tit zakoupen\u00e9 produkty.<\/span><\/li>\n<li style=\"font-weight: 400;\" aria-level=\"2\"><span style=\"font-weight: 400;\">Za ur\u010dit\u00fdch okolnost\u00ed je mo\u017en\u00e9 vym\u011bnit v\u00fdrobek za jin\u00fd.\u00a0<\/span><\/li>\n<li style=\"font-weight: 400;\" aria-level=\"2\"><span style=\"font-weight: 400;\">P\u0159e\u010dt\u011bte si pros\u00edm ve\u0161ker\u00e9 podm\u00ednky na\u0161ich z\u00e1sad pro vracen\u00ed a v\u00fdm\u011bnu zde: <\/span><a href=\"https:\/\/cocosolis.com\/cz\/return-policy\/\"><span style=\"font-weight: 400;\">https:\/\/cocosolis.com\/cz\/return-policy\/<\/span><\/a><span style=\"font-weight: 400;\">\u00a0\u00a0<\/span><\/li>\n<\/ol>\n<\/li>\n<\/ol>\n<\/li>\n<\/ol>\n<ul>\n<li aria-level=\"1\">\n<h3><b>Ukon\u010den\u00ed akce<\/b><\/h3>\n<\/li>\n<\/ul>\n<ol>\n<li style=\"list-style-type: none;\">\n<ol>\n<li style=\"list-style-type: none;\">\n<ol>\n<li style=\"font-weight: 400;\" aria-level=\"2\"><span style=\"font-weight: 400;\">Po\u0159adatel m\u00e1 nezadateln\u00e9 pr\u00e1vo akci ukon\u010dit a ozn\u00e1mit ji v souladu s bodem 2 t\u011bchto ofici\u00e1ln\u00edch pravidel, v p\u0159\u00edpad\u011b zneu\u017eit\u00ed, poru\u0161en\u00ed pravidel, v p\u0159\u00edpad\u011b vy\u0161\u0161\u00ed moci nebo z jin\u00fdch objektivn\u00edch d\u016fvod\u016f. V p\u0159\u00edpad\u011b zneu\u017e\u00edv\u00e1n\u00ed, pochyben\u00ed nebo poru\u0161en\u00ed ofici\u00e1ln\u00edch pravidel \u00fa\u010dastn\u00edkem m\u00e1 po\u0159adatel pr\u00e1vo diskvalifikovat ho. V t\u011bchto p\u0159\u00edpadech nen\u00ed \u00fa\u010dastn\u00edk\u016fm poskytnuta \u017e\u00e1dn\u00e1 n\u00e1hrada.<\/span><\/li>\n<\/ol>\n<\/li>\n<\/ol>\n<\/li>\n<\/ol>\n<ul>\n<li aria-level=\"1\">\n<h3><b>Ochrana osobn\u00edch \u00fadaj\u016f. Publicita\u00a0<\/b><\/h3>\n<\/li>\n<\/ul>\n<ol>\n<li style=\"list-style-type: none;\">\n<ol>\n<li style=\"list-style-type: none;\">\n<ol>\n<li style=\"font-weight: 400;\" aria-level=\"2\"><span style=\"font-weight: 400;\">P\u0159e\u010dt\u011bte si pros\u00edm pe\u010dliv\u011b na\u0161e z\u00e1sady ochrany osobn\u00edch \u00fadaj\u016f: <\/span><a href=\"https:\/\/cocosolis.com\/cz\/privacy-policy\/\"><span style=\"font-weight: 400;\">https:\/\/cocosolis.com\/cz\/privacy-policy\/<\/span><\/a><span style=\"font-weight: 400;\">\u00a0<\/span><\/li>\n<\/ol>\n<\/li>\n<\/ol>\n<\/li>\n<\/ol>\n<ul>\n<li aria-level=\"1\">\n<h3><b>Nejni\u017e\u0161\u00ed cena, za kterou se produkt prodal za posledn\u00edch 30 dn\u00ed.<\/b><\/h3>\n<\/li>\n<\/ul>\n<ol>\n<li style=\"list-style-type: none;\">\n<ol>\n<li style=\"font-weight: 400;\" aria-level=\"2\"><span style=\"font-weight: 400;\">Ur\u010duje se samostatn\u011b pro ka\u017edou propaga\u010dn\u00ed akci a znamen\u00e1 nejni\u017e\u0161\u00ed cenu, za kterou se produkt prod\u00e1val na webu v posledn\u00edch 30 dnech p\u0159ed aktu\u00e1ln\u00ed propaga\u010dn\u00ed akc\u00ed.<\/span><\/li>\n<li style=\"font-weight: 400;\" aria-level=\"2\"><span style=\"font-weight: 400;\">V\u00fdrobek, u kter\u00e9ho uv\u00e1d\u00edme tuto cenu, mohl b\u00fdt v p\u0159edchoz\u00edm obdob\u00ed zakoupen za ni\u017e\u0161\u00ed cenu, pokud z\u00e1kazn\u00edk pou\u017eil dal\u0161\u00ed poukaz\/ promok\u00f3d na individu\u00e1ln\u00ed slevu.<\/span><\/li>\n<li style=\"font-weight: 400;\" aria-level=\"2\"><span style=\"font-weight: 400;\">M\u016f\u017ee se li\u0161it od ceny, za kterou byl produkt prod\u00e1v\u00e1n bezprost\u0159edn\u011b p\u0159ed aktu\u00e1ln\u00ed akc\u00ed.<\/span><\/li>\n<li style=\"font-weight: 400;\" aria-level=\"2\"><span style=\"font-weight: 400;\">Vztahuje se pouze na cenu v\u00fdrobku na ofici\u00e1ln\u00edch internetov\u00fdch str\u00e1nk\u00e1ch spole\u010dnosti COCOSOLIS a nezohled\u0148uje ceny v jednotliv\u00fdch kamenn\u00fdch prodejn\u00e1ch, kde je v\u00fdrobek k dispozici.<\/span><\/li>\n<li style=\"font-weight: 400;\" aria-level=\"2\"><span style=\"font-weight: 400;\">Mezi \u201enejni\u017e\u0161\u00ed cenou\u201c stejn\u00e9ho produktu v r\u016fzn\u00fdch propaga\u010dn\u00edch akc\u00edch, m\u016f\u017ee b\u00fdt rozd\u00edl.<\/span><\/li>\n<li style=\"font-weight: 400;\" aria-level=\"2\"><span style=\"font-weight: 400;\">Akce na webov\u00fdch str\u00e1nk\u00e1ch a jejich podm\u00ednky se mohou li\u0161it od slev a akc\u00ed v kamenn\u00fdch prodejn\u00e1ch, kde jsou v\u00fdrobky COCOSOLIS k dispozici. P\u0159i objedn\u00e1v\u00e1n\u00ed na webov\u00fdch str\u00e1nk\u00e1ch plat\u00ed pouze podm\u00ednky vyhl\u00e1\u0161en\u00e9 na webov\u00fdch str\u00e1nk\u00e1ch a platn\u00e9 pro internetov\u00fd obchod.<\/span><\/li>\n<li style=\"font-weight: 400;\" aria-level=\"2\"><span style=\"font-weight: 400;\">U ak\u010dn\u00edch bal\u00ed\u010dk\u016f odpov\u00edd\u00e1 \u201eNejni\u017e\u0161\u00ed cena za posledn\u00edch 30 dn\u00ed\u201c b\u011b\u017en\u00e9 cen\u011b produkt\u016f zahrnut\u00fdch do ak\u010dn\u00edho bal\u00ed\u010dku.<\/span><\/li>\n<\/ol>\n<\/li>\n<\/ol>\n","protected":false},"excerpt":{"rendered":"<p>\u00dapln\u00e9 podm\u00ednky a pravidla akce \u201cSKIN promocode\u201d\u00a0\u00a0 Organiz\u00e1tor akce Organiz\u00e1tor akce \u201cSKIN promocode\u201d je spole\u010dnost PURMERUL s. r. o. se s\u00eddlem v Bulharsku, Plovdiv PS\u010c 4002, Lyuleburgas 22, poschod\u00ed 4, ap. 9, DI\u010c 201172065. Ofici\u00e1ln\u00ed pravidla \u00da\u010dastn\u00edci Akce jsou povinni dodr\u017eovat podm\u00ednek a pravidel popsan\u00fdch n\u00ed\u017ee, naz\u00fdvan\u00fdch Ofici\u00e1ln\u00ed pravidla. Ofici\u00e1ln\u00ed pravidla jsou zve\u0159ejn\u011bna p\u0159ed zah\u00e1jen\u00edm &hellip; <a href=\"https:\/\/cocosolis.com\/cz\/terms-of-use\/skin-campaign-2025\/\">Pokra\u010dov\u00e1n\u00ed<\/a><\/p>\n","protected":false},"author":1000000384,"featured_media":0,"parent":464,"menu_order":0,"comment_status":"closed","ping_status":"closed","template":"","meta":{"_acf_changed":false,"footnotes":""},"page_roles":[],"class_list":["post-1000096515","page","type-page","status-publish","hentry"],"acf":[],"_links":{"self":[{"href":"https:\/\/cocosolis.com\/cz\/wp-json\/wp\/v2\/pages\/1000096515","targetHints":{"allow":["GET"]}}],"collection":[{"href":"https:\/\/cocosolis.com\/cz\/wp-json\/wp\/v2\/pages"}],"about":[{"href":"https:\/\/cocosolis.com\/cz\/wp-json\/wp\/v2\/types\/page"}],"author":[{"embeddable":true,"href":"https:\/\/cocosolis.com\/cz\/wp-json\/wp\/v2\/users\/1000000384"}],"replies":[{"embeddable":true,"href":"https:\/\/cocosolis.com\/cz\/wp-json\/wp\/v2\/comments?post=1000096515"}],"version-history":[{"count":1,"href":"https:\/\/cocosolis.com\/cz\/wp-json\/wp\/v2\/pages\/1000096515\/revisions"}],"predecessor-version":[{"id":1000096516,"href":"https:\/\/cocosolis.com\/cz\/wp-json\/wp\/v2\/pages\/1000096515\/revisions\/1000096516"}],"up":[{"embeddable":true,"href":"https:\/\/cocosolis.com\/cz\/wp-json\/wp\/v2\/pages\/464"}],"wp:attachment":[{"href":"https:\/\/cocosolis.com\/cz\/wp-json\/wp\/v2\/media?parent=1000096515"}],"wp:term":[{"taxonomy":"page_roles","embeddable":true,"href":"https:\/\/cocosolis.com\/cz\/wp-json\/wp\/v2\/page_roles?post=1000096515"}],"curies":[{"name":"wp","href":"https:\/\/api.w.org\/{rel}","templated":true}]}}