{"id":1000061119,"date":"2024-11-19T17:05:51","date_gmt":"2024-11-19T16:05:51","guid":{"rendered":"https:\/\/cocosolis.com\/cz\/?page_id=1000061119"},"modified":"2024-11-20T14:48:37","modified_gmt":"2024-11-20T13:48:37","slug":"loyalty-terms","status":"publish","type":"page","link":"https:\/\/cocosolis.com\/cz\/terms-of-use\/loyalty-terms\/","title":{"rendered":"V\u011aRNOSTN\u00cd PROGRAM"},"content":{"rendered":"\n<h3 class=\"wp-block-heading\">V\u011aRNOSTN\u00cd PROGRAM<br><\/h3>\n\n\n\n<ol class=\"wp-block-list\">\n<li>Tyto podm\u00ednky se \u0159\u00edd\u00ed V\u011brnostn\u00edm programem COCOSOLIS, kter\u00fd zahrnuje sb\u00edr\u00e1n\u00ed bod\u016f V\u011brnostn\u00edho programu (&#8222;Body&#8220;) a p\u0159\u00edpadn\u00e9 odm\u011bny V\u011brnostn\u00edho programu.<\/li>\n\n\n\n<li>V\u011brnostn\u00ed program je ur\u010den pouze pro osobn\u00ed pou\u017eit\u00ed a slou\u017e\u00ed k odm\u011b\u0148ov\u00e1n\u00ed z\u00e1kazn\u00edk\u016f <a href=\"https:\/\/cocosolis.com\/cz\" data-type=\"link\" data-id=\"cocosolis.com\">www.cocosolis.com<\/a> odm\u011bnami a body na z\u00e1klad\u011b \u00fatrat a \u010dinnost\u00ed na webu a soci\u00e1ln\u00edch s\u00edt\u00edch. Za jak\u00e9koli transakce nebo \u010dinnosti na jin\u00fdch str\u00e1nk\u00e1ch se body nez\u00edsk\u00e1vaj\u00ed.<\/li>\n\n\n\n<li>V\u011brnostn\u00ed program je otev\u0159en v\u0161em z\u00e1kazn\u00edk\u016fm webu star\u0161\u00edm 18 let.<\/li>\n\n\n\n<li>Do v\u011brnostn\u00edho programu budete automaticky za\u0159azeni, kdy\u017e si vytvo\u0159\u00edte online \u00fa\u010det nebo se p\u0159ihl\u00e1s\u00edte do st\u00e1vaj\u00edc\u00edho online \u00fa\u010dtu na <a href=\"https:\/\/cocosolis.com\/cz\" data-type=\"link\" data-id=\"https:\/\/cocosolis.com\/cz\">www.cocosolis.com<\/a>. \u010clenov\u00e9 maj\u00ed n\u00e1rok pouze na jeden \u00fa\u010det v\u011brnostn\u00edho programu na <a href=\"https:\/\/cocosolis.com\/cz\" data-type=\"link\" data-id=\"https:\/\/cocosolis.com\/cz\">www.cocosolis.com<\/a>. Vyhrazujeme si pr\u00e1vo kdykoli odm\u00edtnout, slou\u010dit nebo zru\u0161it dal\u0161\u00ed \u00fa\u010dty a zru\u0161it body vydan\u00e9 k takov\u00fdm \u00fa\u010dt\u016fm bez odpov\u011bdnosti<\/li>\n\n\n\n<li>Body za\u010dnete z\u00edsk\u00e1vat, kdy\u017e se zapoj\u00edte do v\u011brnostn\u00edho programu.<\/li>\n\n\n\n<li>Body se ud\u011bluje a z\u016fst\u00e1vaj\u00ed majetkem spole\u010dnosti COCOSOLIS, kter\u00e1 m\u016f\u017ee kdykoli ukon\u010dit nebo zm\u011bnit fungov\u00e1n\u00ed v\u011brnostn\u00edho programu nebo prov\u00e9st zm\u011bny t\u011bchto podm\u00ednek a v p\u0159im\u011b\u0159en\u00e9 lh\u016ft\u011b v\u00e1s o t\u011bchto zm\u011bn\u00e1ch informuje. Z\u00edsk\u00e1n\u00ed bod\u016f se pova\u017euje za souhlas s upraven\u00fdmi podm\u00ednkami.<\/li>\n\n\n\n<li>Z v\u011brnostn\u00edho programu se m\u016f\u017eete kdykoli odhl\u00e1sit vymaz\u00e1n\u00edm sv\u00e9ho \u00fa\u010dtu na na\u0161ich webov\u00fdch str\u00e1nk\u00e1ch nebo zasl\u00e1n\u00edm e-mailu na adresu dpo@cocosolis.com.<\/li>\n<\/ol>\n\n\n\n<h3 class=\"wp-block-heading\">V\u011aRNOSTN\u00cd PROGRAM. Z\u00cdSK\u00c1V\u00c1N\u00cd BOD\u016e<\/h3>\n\n\n\n<ol start=\"8\" class=\"wp-block-list\">\n<li>Body z\u00edsk\u00e1te p\u0159i registraci na na\u0161ich webov\u00fdch str\u00e1nk\u00e1ch, za doporu\u010den\u00ed kamar\u00e1da, za zanech\u00e1n\u00ed recenze produktu, za sledov\u00e1n\u00ed na\u0161ich str\u00e1nek na soci\u00e1ln\u00edch s\u00edt\u00edch, za narozeniny a za n\u00e1kup produkt\u016f na webov\u00fdch str\u00e1nk\u00e1ch <a href=\"https:\/\/www.cocosolis.com\/cz\">www.cocosolis.com<\/a><\/li>\n\n\n\n<li>Podle dosa\u017een\u00e9 \u00farovn\u011b z\u00edsk\u00e1te jeden a\u017e dva body za ka\u017edou 1 K\u010d, kterou utrat\u00edte na <a href=\"https:\/\/www.cocosolis.com\/cz\" data-type=\"link\" data-id=\"https:\/\/www.cocosolis.com\/\">www.cocosolis.com<\/a><\/li>\n\n\n\n<li>Abyste mohli sb\u00edrat body za sv\u00e9 n\u00e1kupy a \u010dinnosti na str\u00e1nk\u00e1ch www.cocosolis.com, mus\u00edte b\u00fdt v dob\u011b n\u00e1kupu nebo jin\u00e9 \u010dinnosti p\u0159ihl\u00e1\u0161eni ke sv\u00e9mu \u00fa\u010dtu.<\/li>\n\n\n\n<li>Body budou na v\u00e1\u0161 \u00fa\u010det p\u0159ips\u00e1ny do 24 hodin po:\n<ol class=\"wp-block-list\">\n<li>a. doru\u010den\u00ed va\u0161eho n\u00e1kupu na <a href=\"https:\/\/www.cocosolis.com\/cz\">www.cocosolis.com<\/a><\/li>\n\n\n\n<li>b. dokon\u010den\u00ed n\u00e1kupu od jmenovan\u00e9ho kamar\u00e1da.<\/li>\n\n\n\n<li>c. zve\u0159ejn\u011bn\u00ed recenze online<\/li>\n<\/ol>\n<\/li>\n\n\n\n<li>Za v\u0161echny ostatn\u00ed \u010dinnosti, za kter\u00e9 z\u00edsk\u00e1v\u00e1te body, jsou v\u00e1m okam\u017eit\u011b p\u0159ips\u00e1ny na \u00fa\u010det.<\/li>\n\n\n\n<li>Pokud bylo vr\u00e1cen\u00ed pen\u011bz provedeno v souladu s pravidly pro vr\u00e1cen\u00ed zbo\u017e\u00ed, budou v\u00e1m z va\u0161eho \u00fa\u010dtu ode\u010dteny v\u0161echny body, kter\u00e9 jste za vr\u00e1cen\u00fd n\u00e1kup z\u00edskali.<\/li>\n\n\n\n<li>N\u011bkdy m\u016f\u017eeme nab\u00eddnout akce, p\u0159i kter\u00fdch m\u016f\u017eete z\u00edskat dal\u0161\u00ed body. Ka\u017ed\u00e1 takov\u00e1 akce se \u0159\u00edd\u00ed podm\u00ednkami stanoven\u00fdmi pro danou akci.<\/li>\n\n\n\n<li>COCOSOLIS m\u016f\u017ee stanovit omezen\u00ed na po\u010dtu bod\u016f \u00fa\u010dtovan\u00fdch za ak\u010dn\u00ed polo\u017eky, za kter\u00e9 jsou k dispozici dal\u0161\u00ed body. Jednotliv\u00e9 promo akce mohou m\u00edt odli\u0161n\u00e9 limity, jak je uvedeno v jejich podm\u00ednk\u00e1ch. Jak\u00e1koli \u00fa\u010dast na ak\u010dn\u00edch nab\u00eddk\u00e1ch nad r\u00e1mec toho, co lze objektivn\u011b pova\u017eovat za spot\u0159ebitelsk\u00e9 chov\u00e1n\u00ed nebo osobn\u00ed vyu\u017eit\u00ed, m\u016f\u017ee b\u00fdt pova\u017eov\u00e1na za zneu\u017eit\u00ed v\u011brnostn\u00edho programu.<\/li>\n\n\n\n<li>Stav bod\u016f si m\u016f\u017eete kdykoli zkontrolovat prost\u0159ednictv\u00edm sv\u00e9ho \u00fa\u010dtu na webu.<\/li>\n\n\n\n<li>Body nen\u00ed mo\u017en\u00e9 p\u0159ev\u00e1d\u011bt.<\/li>\n<\/ol>\n\n\n\n<h3 class=\"wp-block-heading\">V\u011aRNOSTN\u00cd PROGRAM. PLATNOST BOD\u016e<\/h3>\n\n\n\n<ol start=\"18\" class=\"wp-block-list\">\n<li>Platnost bod\u016f vypr\u0161\u00ed po 365 dnech ne\u010dinnosti ve V\u011brnostn\u00edm programu.<\/li>\n<\/ol>\n\n\n\n<h3 class=\"wp-block-heading\">V\u011aRNOSTN\u00cd PROGRAM. \u00daROVN\u011a<\/h3>\n\n\n\n<ol start=\"19\" class=\"wp-block-list\">\n<li>Bude v\u00e1m p\u0159id\u011blena \u00farove\u0148 (&#8220; \u00darove\u0148 &#8222;) na z\u00e1klad\u011b \u010d\u00e1stky utracen\u00e9 na na\u0161ich str\u00e1nk\u00e1ch.<\/li>\n\n\n\n<li>Z\u016fstanete na p\u0159\u00edslu\u0161n\u00e9 \u00farovni, dokud z\u016fstatek nasb\u00edran\u00fdch bod\u016f nebo utracen\u00e1 \u010d\u00e1stka nedos\u00e1hnou vy\u0161\u0161\u00ed hranice, co\u017e povede ke vstupu do nov\u00e9 \u00farovn\u011b.<\/li>\n\n\n\n<li>Va\u0161e \u00darove\u0148 je omezena na \u00farovn\u011b v\u00fddaj\u016f a \u010dinnost\u00ed na va\u0161em \u00fa\u010dtu. Jak\u00e9koli v\u00fddaje nebo aktivity mimo v\u00e1\u0161 \u00fa\u010det nep\u0159isp\u00edvaj\u00ed k dosa\u017een\u00ed vy\u0161\u0161\u00ed \u00farovn\u011b.<\/li>\n<\/ol>\n\n\n\n<h3 class=\"wp-block-heading\">V\u011aRNOSTN\u00cd PROGRAM. VY\u0158AZEN\u00cd, ZRU\u0160EN\u00cd A ODSTOUPEN\u00cd OD SMLOUVY<\/h3>\n\n\n\n<ol start=\"22\" class=\"wp-block-list\">\n<li>COCOSOLIS m\u016f\u017ee kdykoli odm\u00edtnout p\u0159id\u011blit Body, zru\u0161it Body (v jak\u00e9koliv form\u011b) a\/nebo vy\u0159adit \u010clena z V\u011brnostn\u00edho programu, pokud m\u00e1 d\u016fvodn\u00e9 podez\u0159en\u00ed, \u017ee:\n<ol class=\"wp-block-list\">\n<li>a. do\u0161lo ke zneu\u017eit\u00ed nebo pokusu o zneu\u017eit\u00ed v\u011brnostn\u00edho programu;<\/li>\n\n\n\n<li>b. do\u0161lo k poru\u0161en\u00ed nebo pokusu o poru\u0161en\u00ed t\u011bchto Podm\u00ednek;<\/li>\n\n\n\n<li>c. se v souvislosti s v\u011brnostn\u00edm programem dopustilo chov\u00e1n\u00ed, kter\u00e9 zahrnuje kr\u00e1de\u017e, p\u0159estupek, ur\u00e1\u017eliv\u00e9 nebo poni\u017euj\u00edc\u00ed chov\u00e1n\u00ed nebo poskytov\u00e1n\u00ed nepravdiv\u00fdch \u010di zav\u00e1d\u011bj\u00edc\u00edch informac\u00ed;<\/li>\n\n\n\n<li>e. \u010d\u00e1stka bod\u016f byla na\u00fa\u010dtov\u00e1na omylem.<\/li>\n<\/ol>\n<\/li>\n<\/ol>\n","protected":false},"excerpt":{"rendered":"<p>V\u011aRNOSTN\u00cd PROGRAM V\u011aRNOSTN\u00cd PROGRAM. Z\u00cdSK\u00c1V\u00c1N\u00cd BOD\u016e V\u011aRNOSTN\u00cd PROGRAM. PLATNOST BOD\u016e V\u011aRNOSTN\u00cd PROGRAM. \u00daROVN\u011a V\u011aRNOSTN\u00cd PROGRAM. VY\u0158AZEN\u00cd, ZRU\u0160EN\u00cd A ODSTOUPEN\u00cd OD SMLOUVY<\/p>\n","protected":false},"author":1000000384,"featured_media":0,"parent":464,"menu_order":0,"comment_status":"closed","ping_status":"closed","template":"","meta":{"_acf_changed":false,"footnotes":""},"page_roles":[],"class_list":["post-1000061119","page","type-page","status-publish","hentry"],"acf":[],"_links":{"self":[{"href":"https:\/\/cocosolis.com\/cz\/wp-json\/wp\/v2\/pages\/1000061119","targetHints":{"allow":["GET"]}}],"collection":[{"href":"https:\/\/cocosolis.com\/cz\/wp-json\/wp\/v2\/pages"}],"about":[{"href":"https:\/\/cocosolis.com\/cz\/wp-json\/wp\/v2\/types\/page"}],"author":[{"embeddable":true,"href":"https:\/\/cocosolis.com\/cz\/wp-json\/wp\/v2\/users\/1000000384"}],"replies":[{"embeddable":true,"href":"https:\/\/cocosolis.com\/cz\/wp-json\/wp\/v2\/comments?post=1000061119"}],"version-history":[{"count":2,"href":"https:\/\/cocosolis.com\/cz\/wp-json\/wp\/v2\/pages\/1000061119\/revisions"}],"predecessor-version":[{"id":1000061275,"href":"https:\/\/cocosolis.com\/cz\/wp-json\/wp\/v2\/pages\/1000061119\/revisions\/1000061275"}],"up":[{"embeddable":true,"href":"https:\/\/cocosolis.com\/cz\/wp-json\/wp\/v2\/pages\/464"}],"wp:attachment":[{"href":"https:\/\/cocosolis.com\/cz\/wp-json\/wp\/v2\/media?parent=1000061119"}],"wp:term":[{"taxonomy":"page_roles","embeddable":true,"href":"https:\/\/cocosolis.com\/cz\/wp-json\/wp\/v2\/page_roles?post=1000061119"}],"curies":[{"name":"wp","href":"https:\/\/api.w.org\/{rel}","templated":true}]}}